{"id":11284,"date":"2022-08-16T16:30:33","date_gmt":"2022-08-16T14:30:33","guid":{"rendered":"https:\/\/projects.atxeit.ch\/sveb\/kmu-studie\/"},"modified":"2025-06-02T15:37:18","modified_gmt":"2025-06-02T13:37:18","slug":"sondaggio-presso-le-pmi","status":"publish","type":"page","link":"https:\/\/alice.ch\/it\/ricerca\/attivita-di-ricerca\/sondaggio-presso-le-pmi\/","title":{"rendered":"Sondaggio presso le PMI"},"content":{"rendered":"\n<div class=\"wp-block-group is-style-reduced-width is-layout-flow wp-block-group-is-layout-flow\">\n<h1 class=\"wp-block-heading\">Studio &#8220;Importanza e implementazione della formazione continua nelle PMI&#8221;<\/h1>\n\n\n\n<article class=\"wp-block-group is-layout-flow wp-block-group-is-layout-flow\">\n<p class=\"is-style-lead\">Il ruolo della formazione continua in nelle piccole imprese non \u00e8 stato tuttavia finora studiato. In particolare, si conosce molto poco sulla formazione continua nelle aziende con meno di 10 collaboratori, che in merito a questo punto sono escluse dalle rilevazioni compiute dall&#8217;UST.<\/p>\n\n\n\n<p>Lo studio \u201cImportanza e implementazione della formazione continua nelle PMI\u201d si concentra sulle micro e piccole imprese con un massimo di 50 collaboratori e collaboratrici. Rappresentando circa il 98% di tutte le aziende, esse sono di importanza centrale nel sistema economico elvetico. Oltre a ci\u00f2, esse impiegano quasi la met\u00e0 del personale svizzero e rivestono grande importanza per la formazione continua. Con lo studio recentemente pubblicato, la FSEA ha raccolto alcune informazioni di fondo riguardo a questo argomento, contribuendo, cos\u00ec, a colmare una lacuna nella ricerca.<\/p>\n\n\n\n<h2 class=\"wp-block-heading\">La formazione continua \u00e8 importante per il successo aziendale<\/h2>\n\n\n\n<p>Lo studio si basa su un\u2019indagine quantitativa condotta su 386 PMI con un numero di collaboratori e collaboratrici compreso fra 2 e 50, nonch\u00e9 su 10 interviste qualitative con dirigenti di PMI. Lo studio mostra come molte PMI attribuiscano grande importanza alla formazione continua e che quasi il 90% la considera importante per il successo dell\u2019azienda. Oltre a ci\u00f2, la maggioranza vi dedica una voce del budget aziendale e la include nella propria strategia. Circa tre quarti delle PMI descrivono i propri collaboratori come motivati a svolgere attivit\u00e0 di formazione continua. Tuttavia, in pi\u00f9 della met\u00e0 delle PMI \u00e8 raro che essi partecipino effettivamente a corsi di formazione \u2013 e ci\u00f2 vale soprattutto per il personale poco qualificato.<\/p>\n\n\n\n<h2 class=\"wp-block-heading\">Un terzo delle imprese non riesce a soddisfare del tutto i propri fabbisogni formativi<\/h2>\n\n\n\n<p>I risultati indicano che in alcuni casi il fabbisogno di formazione continua nelle piccole imprese non viene soddisfatto. Un terzo di esse ritiene di essere impossibilitato a svolgere (pi\u00f9) programmi di formazione. Secondo i dirigenti intervistati, le ragioni di ci\u00f2 risiedono principalmente nella mancanza di risorse finanziarie o di tempo nonch\u00e9 nell\u2019impossibilit\u00e0 di trovare offerte formative adeguate. Inoltre, quasi la met\u00e0 delle PMI ritiene difficile valutare il proprio fabbisogno futuro di competenze \u2013 e poich\u00e9 la maggior parte delle aziende pianifica una formazione continua solo se riesce a vederne i benefici concreti, le attivit\u00e0 di formazione, proposte, non corrispondono sempre ai fabbisogni effettivi.<\/p>\n\n\n\n<h2 class=\"wp-block-heading\">Le attivit\u00e0 di formazione continua dipendono anche dal settore<\/h2>\n\n\n\n<p>Lo studio mostra anche che le attivit\u00e0 di formazione continua variano a seconda del settore in cui operano le diverse aziende. Le PMI del settore \u201cristorazione e commercio\u201d, in particolare, svolgono relativamente meno attivit\u00e0 di formazione continua e le ritengono meno importanti. Le piccole PMI con un massimo di tre collaboratori sono, in generale, meno propense a dare supporto sia in termini finanziari sia in termini di ore di lavoro messe a disposizione per la frequenza di corsi. A svolgere un ruolo importante \u00e8 anche la diversa struttura delle qualifiche delle PMI. Nel complesso, le analisi indicano che le PMI con un\u2019ampia percentuale di collaboratori poco qualificati sono meno interessate alla formazione continua rispetto alle altre PMI \u2013 ed \u00e8 meno probabile che dedichino alla formazione continua una voce del loro bilancio.<\/p>\n\n\n\n<h2 class=\"wp-block-heading\">Aggiornamento dello stato della ricerca<\/h2>\n\n\n\n<p>La FSEA ha svolto un lavoro pionieristico in questo campo gi\u00e0 nel 2005, pubblicando in collaborazione con il Prof. Philipp Gonon dell&#8217;Universit\u00e0 di Zurigo uno studio su larga scala intitolato \u00abKMU und die Rolle der Weiterbildung \u2013 eine empirische Studie zu Kooperationen und Strategien in der Schweiz\u00bb (PMI e il ruolo della formazione continua \u2013 uno studio empirico su cooperazioni e strategie in Svizzera)&nbsp;(Berna, 2005). Questo studio sar\u00e0 aggiornato a partire dal 2021\u20132023 e realizzato con una nuova prospettiva.<\/p>\n\n\n\n\t\n\t<div class=\"publication-item\">\n\t\t<div class=\"image\">\n\t\t\t<img decoding=\"async\" width=\"595\" height=\"841\" src=\"https:\/\/alice.ch\/app\/uploads\/2024\/04\/studio-pmi-2024-cover.jpg\" class=\"attachment-post-thumbnail size-post-thumbnail wp-post-image\" alt=\"\" srcset=\"https:\/\/alice.ch\/app\/uploads\/2024\/04\/studio-pmi-2024-cover.jpg 595w, https:\/\/alice.ch\/app\/uploads\/2024\/04\/studio-pmi-2024-cover-212x300.jpg 212w\" sizes=\"(max-width: 595px) 100vw, 595px\" \/>\t\t<\/div>\n\n\t\t<div class=\"content\">\n\t\t\t<h3>Importanza e implementazione della formazione continua nelle PMI<\/h3>\n\t\t\t<div class=\"description\"><p>La sintesi dei risultati si basa sullo studio \u00abBedeutung und Umsetzung von Weiterbildung\u00bb (\u00abImportanza e implementazione della formazione continua\u00bb), che \u00e8 stato pubblicato in tedesco. I risultati si basano su un\u2019indagine quantitativa condotta nella primavera del 2022 su 386 PMI con un numero di collaboratori compreso tra 2 e 50 nonch\u00e9 su 10 interviste qualitative a dirigenti di PMI condotte nell\u2019estate e nell\u2019autunno del 2023. Il sondaggio mostra l&#8217;importanza che le PMI attribuiscono alla formazione continua e il modo in cui la attuano.<\/p>\n<\/div>\n\n\t\t\t<div class=\"meta\">\n\t\t\t\t<ul>\n\t\t\t\t\t\t\t\t\t\t\t<li><strong>Prezzo:<\/strong> gratuito<\/li>\n\t\t\t\t\t\n\t\t\t\t\t\t\t\t\t\t\t<li><strong>Editore:<\/strong> FSEA<\/li>\n\t\t\t\t\t\n\t\t\t\t\t\t\t\t\t\t\t<li><strong>Autore:<\/strong> Marianne M\u00fcller, Sofie Gollob, Franziska Hedinger <\/li>\n\t\t\t\t\t\n\t\t\t\t\t\t\t\t\t\t\t<li><strong>Distribuzione:<\/strong> FSEA, 10 pagine<\/li>\n\t\t\t\t\t\n\t\t\t\t\t\n\t\t\t\t\t\n\t\t\t\t\t\t\t\t\t<\/ul>\n\n\t\t\t\t<ul class=\"actions\">\n\t\t\t\t\t\t\t\t\t\t\t<li><a class=\"button\" href=\"https:\/\/alice.ch\/it\/download-it\/?pub-id=59642\">Scaricare<\/a><\/li>\n\t\t\t\t\t\n\t\t\t\t\t\t\t\t\t<\/ul>\n\t\t\t<\/div>\n\t\t<\/div>\n\n\n\t<\/div>\n\n\n\t\n\n\n<h2 class=\"wp-block-heading\">Contatto<\/h2>\n\n\n\n<div class=\"wp-block-columns is-layout-flex wp-container-core-columns-is-layout-28f84493 wp-block-columns-is-layout-flex\">\n<div class=\"wp-block-column is-layout-flow wp-block-column-is-layout-flow\" style=\"flex-basis:50%\"><div class=\"contact-persons\">\n\n\t\t\t\t\t<div class=\"contact-person\">\n\t\t\t\t\tIrena Sgier<br \/>\t\t\t\t\tDirettrice supplente, Responsabile Ricerca, Sviluppo e Innovazione<br \/>\t\t\t\t\t<br \/>\n\t\t\t\t\t\t\t\t\t\t<a href=\"tel:+41 (0)44 319 71 59\">+41 (0)44 319 71 59<\/a><br \/>\t\t\t\t\t<a href=\"mailto:irena.sgier@alice.ch\">irena.sgier@alice.ch<\/a><br \/>\t\t\t\t\t<\/div>\n\t\t\t\t\t<\/div>\n<\/div>\n\n\n\n<div class=\"wp-block-column is-layout-flow wp-block-column-is-layout-flow\" style=\"flex-basis:50%\"><\/div>\n<\/div>\n<\/article>\n<\/div>\n","protected":false},"excerpt":{"rendered":"<p>Studio &#8220;Importanza e implementazione della formazione continua nelle PMI&#8221; Il ruolo della formazione continua in nelle piccole imprese non \u00e8 [&hellip;]<\/p>\n","protected":false},"author":2,"featured_media":20799,"parent":18342,"menu_order":327,"comment_status":"closed","ping_status":"closed","template":"","meta":{"_acf_changed":false,"inline_featured_image":false,"footnotes":""},"class_list":["post-11284","page","type-page","status-publish","has-post-thumbnail","hentry"],"acf":[],"yoast_head":"<!-- This site is optimized with the Yoast SEO plugin v27.3 - https:\/\/yoast.com\/product\/yoast-seo-wordpress\/ -->\n<title>Sondaggio presso le PMI - FSEA<\/title>\n<meta name=\"description\" content=\"L&#039;obiettivo dello studio sulle PMI \u00e8 quello di comprendere meglio ci\u00f2 che accade in termini di formazione continua nelle PMI svizzere.\" \/>\n<meta name=\"robots\" content=\"index, follow, max-snippet:-1, max-image-preview:large, max-video-preview:-1\" \/>\n<link rel=\"canonical\" href=\"https:\/\/alice.ch\/it\/ricerca\/attivita-di-ricerca\/sondaggio-presso-le-pmi\/\" \/>\n<meta property=\"og:locale\" content=\"it_IT\" \/>\n<meta property=\"og:type\" content=\"article\" \/>\n<meta property=\"og:title\" content=\"Sondaggio presso le PMI - FSEA\" \/>\n<meta property=\"og:description\" content=\"L&#039;obiettivo dello studio sulle PMI \u00e8 quello di comprendere meglio ci\u00f2 che accade in termini di formazione continua nelle PMI svizzere.\" \/>\n<meta property=\"og:url\" content=\"https:\/\/alice.ch\/it\/ricerca\/attivita-di-ricerca\/sondaggio-presso-le-pmi\/\" \/>\n<meta property=\"og:site_name\" content=\"SVEB\" \/>\n<meta property=\"article:modified_time\" content=\"2025-06-02T13:37:18+00:00\" \/>\n<meta name=\"twitter:card\" content=\"summary_large_image\" \/>\n<meta name=\"twitter:label1\" content=\"Tempo di lettura stimato\" \/>\n\t<meta name=\"twitter:data1\" content=\"2 minuti\" \/>\n<script type=\"application\/ld+json\" class=\"yoast-schema-graph\">{\"@context\":\"https:\\\/\\\/schema.org\",\"@graph\":[{\"@type\":\"WebPage\",\"@id\":\"https:\\\/\\\/alice.ch\\\/it\\\/ricerca\\\/attivita-di-ricerca\\\/sondaggio-presso-le-pmi\\\/\",\"url\":\"https:\\\/\\\/alice.ch\\\/it\\\/ricerca\\\/attivita-di-ricerca\\\/sondaggio-presso-le-pmi\\\/\",\"name\":\"Sondaggio presso le PMI - FSEA\",\"isPartOf\":{\"@id\":\"https:\\\/\\\/alice.ch\\\/it\\\/#website\"},\"primaryImageOfPage\":{\"@id\":\"https:\\\/\\\/alice.ch\\\/it\\\/ricerca\\\/attivita-di-ricerca\\\/sondaggio-presso-le-pmi\\\/#primaryimage\"},\"image\":{\"@id\":\"https:\\\/\\\/alice.ch\\\/it\\\/ricerca\\\/attivita-di-ricerca\\\/sondaggio-presso-le-pmi\\\/#primaryimage\"},\"thumbnailUrl\":\"https:\\\/\\\/alice.ch\\\/app\\\/uploads\\\/2022\\\/11\\\/default.jpg\",\"datePublished\":\"2022-08-16T14:30:33+00:00\",\"dateModified\":\"2025-06-02T13:37:18+00:00\",\"description\":\"L'obiettivo dello studio sulle PMI \u00e8 quello di comprendere meglio ci\u00f2 che accade in termini di formazione continua nelle PMI svizzere.\",\"breadcrumb\":{\"@id\":\"https:\\\/\\\/alice.ch\\\/it\\\/ricerca\\\/attivita-di-ricerca\\\/sondaggio-presso-le-pmi\\\/#breadcrumb\"},\"inLanguage\":\"it-IT\",\"potentialAction\":[{\"@type\":\"ReadAction\",\"target\":[\"https:\\\/\\\/alice.ch\\\/it\\\/ricerca\\\/attivita-di-ricerca\\\/sondaggio-presso-le-pmi\\\/\"]}]},{\"@type\":\"ImageObject\",\"inLanguage\":\"it-IT\",\"@id\":\"https:\\\/\\\/alice.ch\\\/it\\\/ricerca\\\/attivita-di-ricerca\\\/sondaggio-presso-le-pmi\\\/#primaryimage\",\"url\":\"https:\\\/\\\/alice.ch\\\/app\\\/uploads\\\/2022\\\/11\\\/default.jpg\",\"contentUrl\":\"https:\\\/\\\/alice.ch\\\/app\\\/uploads\\\/2022\\\/11\\\/default.jpg\",\"width\":1600,\"height\":900},{\"@type\":\"BreadcrumbList\",\"@id\":\"https:\\\/\\\/alice.ch\\\/it\\\/ricerca\\\/attivita-di-ricerca\\\/sondaggio-presso-le-pmi\\\/#breadcrumb\",\"itemListElement\":[{\"@type\":\"ListItem\",\"position\":1,\"name\":\"Pagina iniziale\",\"item\":\"https:\\\/\\\/alice.ch\\\/it\\\/\"},{\"@type\":\"ListItem\",\"position\":2,\"name\":\"Ricerca\",\"item\":\"https:\\\/\\\/alice.ch\\\/it\\\/ricerca\\\/\"},{\"@type\":\"ListItem\",\"position\":3,\"name\":\"Attivit\u00e0 di ricerca\",\"item\":\"https:\\\/\\\/alice.ch\\\/it\\\/ricerca\\\/attivita-di-ricerca\\\/\"},{\"@type\":\"ListItem\",\"position\":4,\"name\":\"Sondaggio presso le PMI\"}]},{\"@type\":\"WebSite\",\"@id\":\"https:\\\/\\\/alice.ch\\\/it\\\/#website\",\"url\":\"https:\\\/\\\/alice.ch\\\/it\\\/\",\"name\":\"alice.ch (Adult Learning Information Center) ist das Portal der Weiterbildung in der Schweiz.\",\"description\":\"Schweizerischer Verband f\u00fcr Weiterbildung\",\"publisher\":{\"@id\":\"https:\\\/\\\/alice.ch\\\/it\\\/#organization\"},\"potentialAction\":[{\"@type\":\"SearchAction\",\"target\":{\"@type\":\"EntryPoint\",\"urlTemplate\":\"https:\\\/\\\/alice.ch\\\/it\\\/?s={search_term_string}\"},\"query-input\":{\"@type\":\"PropertyValueSpecification\",\"valueRequired\":true,\"valueName\":\"search_term_string\"}}],\"inLanguage\":\"it-IT\"},{\"@type\":\"Organization\",\"@id\":\"https:\\\/\\\/alice.ch\\\/it\\\/#organization\",\"name\":\"FSEA Federazione svizzera per la formazione continua\",\"url\":\"https:\\\/\\\/alice.ch\\\/it\\\/\",\"logo\":{\"@type\":\"ImageObject\",\"inLanguage\":\"it-IT\",\"@id\":\"https:\\\/\\\/alice.ch\\\/it\\\/#\\\/schema\\\/logo\\\/image\\\/\",\"url\":\"https:\\\/\\\/alice.ch\\\/app\\\/uploads\\\/2022\\\/07\\\/logo-sveb.png\",\"contentUrl\":\"https:\\\/\\\/alice.ch\\\/app\\\/uploads\\\/2022\\\/07\\\/logo-sveb.png\",\"width\":145,\"height\":64,\"caption\":\"FSEA Federazione svizzera per la formazione continua\"},\"image\":{\"@id\":\"https:\\\/\\\/alice.ch\\\/it\\\/#\\\/schema\\\/logo\\\/image\\\/\"},\"sameAs\":[\"https:\\\/\\\/www.linkedin.com\\\/company\\\/schweizerischer-verband-fr-weiterbildung-sveb\\\/\"]}]}<\/script>\n<!-- \/ Yoast SEO plugin. -->","yoast_head_json":{"title":"Sondaggio presso le PMI - FSEA","description":"L'obiettivo dello studio sulle PMI \u00e8 quello di comprendere meglio ci\u00f2 che accade in termini di formazione continua nelle PMI svizzere.","robots":{"index":"index","follow":"follow","max-snippet":"max-snippet:-1","max-image-preview":"max-image-preview:large","max-video-preview":"max-video-preview:-1"},"canonical":"https:\/\/alice.ch\/it\/ricerca\/attivita-di-ricerca\/sondaggio-presso-le-pmi\/","og_locale":"it_IT","og_type":"article","og_title":"Sondaggio presso le PMI - FSEA","og_description":"L'obiettivo dello studio sulle PMI \u00e8 quello di comprendere meglio ci\u00f2 che accade in termini di formazione continua nelle PMI svizzere.","og_url":"https:\/\/alice.ch\/it\/ricerca\/attivita-di-ricerca\/sondaggio-presso-le-pmi\/","og_site_name":"SVEB","article_modified_time":"2025-06-02T13:37:18+00:00","twitter_card":"summary_large_image","twitter_misc":{"Tempo di lettura stimato":"2 minuti"},"schema":{"@context":"https:\/\/schema.org","@graph":[{"@type":"WebPage","@id":"https:\/\/alice.ch\/it\/ricerca\/attivita-di-ricerca\/sondaggio-presso-le-pmi\/","url":"https:\/\/alice.ch\/it\/ricerca\/attivita-di-ricerca\/sondaggio-presso-le-pmi\/","name":"Sondaggio presso le PMI - FSEA","isPartOf":{"@id":"https:\/\/alice.ch\/it\/#website"},"primaryImageOfPage":{"@id":"https:\/\/alice.ch\/it\/ricerca\/attivita-di-ricerca\/sondaggio-presso-le-pmi\/#primaryimage"},"image":{"@id":"https:\/\/alice.ch\/it\/ricerca\/attivita-di-ricerca\/sondaggio-presso-le-pmi\/#primaryimage"},"thumbnailUrl":"https:\/\/alice.ch\/app\/uploads\/2022\/11\/default.jpg","datePublished":"2022-08-16T14:30:33+00:00","dateModified":"2025-06-02T13:37:18+00:00","description":"L'obiettivo dello studio sulle PMI \u00e8 quello di comprendere meglio ci\u00f2 che accade in termini di formazione continua nelle PMI svizzere.","breadcrumb":{"@id":"https:\/\/alice.ch\/it\/ricerca\/attivita-di-ricerca\/sondaggio-presso-le-pmi\/#breadcrumb"},"inLanguage":"it-IT","potentialAction":[{"@type":"ReadAction","target":["https:\/\/alice.ch\/it\/ricerca\/attivita-di-ricerca\/sondaggio-presso-le-pmi\/"]}]},{"@type":"ImageObject","inLanguage":"it-IT","@id":"https:\/\/alice.ch\/it\/ricerca\/attivita-di-ricerca\/sondaggio-presso-le-pmi\/#primaryimage","url":"https:\/\/alice.ch\/app\/uploads\/2022\/11\/default.jpg","contentUrl":"https:\/\/alice.ch\/app\/uploads\/2022\/11\/default.jpg","width":1600,"height":900},{"@type":"BreadcrumbList","@id":"https:\/\/alice.ch\/it\/ricerca\/attivita-di-ricerca\/sondaggio-presso-le-pmi\/#breadcrumb","itemListElement":[{"@type":"ListItem","position":1,"name":"Pagina iniziale","item":"https:\/\/alice.ch\/it\/"},{"@type":"ListItem","position":2,"name":"Ricerca","item":"https:\/\/alice.ch\/it\/ricerca\/"},{"@type":"ListItem","position":3,"name":"Attivit\u00e0 di ricerca","item":"https:\/\/alice.ch\/it\/ricerca\/attivita-di-ricerca\/"},{"@type":"ListItem","position":4,"name":"Sondaggio presso le PMI"}]},{"@type":"WebSite","@id":"https:\/\/alice.ch\/it\/#website","url":"https:\/\/alice.ch\/it\/","name":"alice.ch (Adult Learning Information Center) ist das Portal der Weiterbildung in der Schweiz.","description":"Schweizerischer Verband f\u00fcr Weiterbildung","publisher":{"@id":"https:\/\/alice.ch\/it\/#organization"},"potentialAction":[{"@type":"SearchAction","target":{"@type":"EntryPoint","urlTemplate":"https:\/\/alice.ch\/it\/?s={search_term_string}"},"query-input":{"@type":"PropertyValueSpecification","valueRequired":true,"valueName":"search_term_string"}}],"inLanguage":"it-IT"},{"@type":"Organization","@id":"https:\/\/alice.ch\/it\/#organization","name":"FSEA Federazione svizzera per la formazione continua","url":"https:\/\/alice.ch\/it\/","logo":{"@type":"ImageObject","inLanguage":"it-IT","@id":"https:\/\/alice.ch\/it\/#\/schema\/logo\/image\/","url":"https:\/\/alice.ch\/app\/uploads\/2022\/07\/logo-sveb.png","contentUrl":"https:\/\/alice.ch\/app\/uploads\/2022\/07\/logo-sveb.png","width":145,"height":64,"caption":"FSEA Federazione svizzera per la formazione continua"},"image":{"@id":"https:\/\/alice.ch\/it\/#\/schema\/logo\/image\/"},"sameAs":["https:\/\/www.linkedin.com\/company\/schweizerischer-verband-fr-weiterbildung-sveb\/"]}]}},"_links":{"self":[{"href":"https:\/\/alice.ch\/it\/wp-json\/wp\/v2\/pages\/11284","targetHints":{"allow":["GET"]}}],"collection":[{"href":"https:\/\/alice.ch\/it\/wp-json\/wp\/v2\/pages"}],"about":[{"href":"https:\/\/alice.ch\/it\/wp-json\/wp\/v2\/types\/page"}],"author":[{"embeddable":true,"href":"https:\/\/alice.ch\/it\/wp-json\/wp\/v2\/users\/2"}],"replies":[{"embeddable":true,"href":"https:\/\/alice.ch\/it\/wp-json\/wp\/v2\/comments?post=11284"}],"version-history":[{"count":7,"href":"https:\/\/alice.ch\/it\/wp-json\/wp\/v2\/pages\/11284\/revisions"}],"predecessor-version":[{"id":68630,"href":"https:\/\/alice.ch\/it\/wp-json\/wp\/v2\/pages\/11284\/revisions\/68630"}],"up":[{"embeddable":true,"href":"https:\/\/alice.ch\/it\/wp-json\/wp\/v2\/pages\/18342"}],"wp:featuredmedia":[{"embeddable":true,"href":"https:\/\/alice.ch\/it\/wp-json\/wp\/v2\/media\/20799"}],"wp:attachment":[{"href":"https:\/\/alice.ch\/it\/wp-json\/wp\/v2\/media?parent=11284"}],"curies":[{"name":"wp","href":"https:\/\/api.w.org\/{rel}","templated":true}]}}