{"id":11294,"date":"2022-08-16T16:56:56","date_gmt":"2022-08-16T14:56:56","guid":{"rendered":"https:\/\/projects.atxeit.ch\/sveb\/zeitschrift-education-permante\/"},"modified":"2025-12-04T13:41:36","modified_gmt":"2025-12-04T12:41:36","slug":"rivista-specializzata-ep","status":"publish","type":"page","link":"https:\/\/alice.ch\/it\/attualita\/rivista-specializzata-ep\/","title":{"rendered":"Rivista specializzata EP"},"content":{"rendered":"\n<div class=\"wp-block-group is-style-reduced-width is-layout-constrained wp-block-group-is-layout-constrained\">\n<div class=\"wp-block-group is-style-default is-layout-constrained wp-block-group-is-layout-constrained\">\n<div class=\"wp-block-group is-style-default is-layout-flow wp-block-group-is-layout-flow\">\n<h1 class=\"wp-block-heading\">Education Permanente<\/h1>\n\n\n\n<p class=\"is-style-lead\">&#8220;Education Permanente&#8221;&nbsp;\u00e8 l&#8217;unica rivista specializzata di formazione continua della Svizzera. Ciascun numero \u00e8 incentrato su un tema di formazione continua, affrontato in diversi articoli scientifici e pratici. L&#8217;obiettivo della rivista \u00e8 promuovere il dialogo tra scienza e pratica.<\/p>\n\n\n\n<p>Oltre a ci\u00f2, EP verr\u00e0 pubblicata in versione cartacea e in versione online gratuita in tedesco e francese. Singoli contributi sono inoltre pubblicati online in italiano. Ogni articolo inviato \u00e8 sottoposto a una revisione qualitativa da parte della redazione.<\/p>\n<\/div>\n\n\n\n<h2 class=\"wp-block-heading\">Frequenza di pubblicazione e diffusione<\/h2>\n\n\n\n<p>EP viene pubblicata due volte all&#8217;anno (maggio e novembre) come rivista cartacea e come rivista online gratuita in tedesco e francese. Singoli contributi sono pubblicati online anche in italiano.<\/p>\n\n\n\n<div class=\"wp-block-buttons is-layout-flex wp-block-buttons-is-layout-flex\">\n<div class=\"wp-block-button is-style-outline is-style-outline--1\"><a class=\"wp-block-button__link wp-element-button\" href=\"https:\/\/www.ep-web.ch\/fr\/apercu\">Anteprima del prossimo numero<\/a><\/div>\n<\/div>\n\n\n\n<h3 class=\"wp-block-heading\">Edizione cartacea<\/h3>\n\n\n\n<p>L&#8217;edizione cartacea \u00e8 pubblicata in formato A5 e comprende circa 120 pagine. La tiratura \u00e8 di 1&#8217;200 copie per l&#8217;edizione tedesca e di 550 per quella francese. La rivista \u00e8 gratuita per i membri della FSEA e a pagamento per gli altri abbonati.<\/p>\n\n\n\n<p><strong>Abbonamento annuale (2 numeri)<\/strong><br>Svizzera: normale: 45 CHF; studenti: 35 CHF<br>All&#8217;estero: 50 CHF<\/p>\n\n\n\n<div class=\"wp-block-buttons is-layout-flex wp-block-buttons-is-layout-flex\">\n<div class=\"wp-block-button has-custom-width wp-block-button__width-50 is-style-outline is-style-outline--2\"><a class=\"wp-block-button__link wp-element-button\" href=\"mailto:marketing@alice.ch\">Aquistare un abbonamento annuale<\/a><\/div>\n<\/div>\n\n\n\n<h3 class=\"wp-block-heading\">Edizione online<\/h3>\n\n\n\n<p>L&#8217;edizione digitale di EP \u00e8 pubblicata sul sito web della <a href=\"https:\/\/alice.ch\" target=\"_blank\" rel=\"noreferrer noopener\">FSEA<\/a> con un proprio <a href=\"https:\/\/www.ep-web.ch\/it\/\">dominio<\/a> ed \u00e8 disponibile gratuitamente in Open Access. I singoli contributi possono essere letti online e scaricati in formato pdf.<\/p>\n<\/div>\n\n\n\n<div class=\"wp-block-group is-style-default is-layout-flow wp-block-group-is-layout-flow\">\n<div class=\"wp-block-buttons is-layout-flex wp-block-buttons-is-layout-flex\">\n<div class=\"wp-block-button has-custom-width wp-block-button__width-50 is-style-outline is-style-outline--3\"><a class=\"wp-block-button__link wp-element-button\" href=\"https:\/\/www.ep-web.ch\/fr\/archive\" target=\"_blank\" rel=\"noreferrer noopener\">Leggere EP in formato digitale<\/a><\/div>\n<\/div>\n\n\n\n<h2 class=\"wp-block-heading\">Numeri Education Permanente<\/h2>\n\n\n\n<p>Potete trovare i numeri di EP in versione online e PDF e scaricarli gratuitamente.<\/p>\n\n\n\n<div class=\"wp-block-buttons is-layout-flex wp-block-buttons-is-layout-flex\">\n<div class=\"wp-block-button has-custom-width wp-block-button__width-50 is-style-outline is-style-outline--4\"><a class=\"wp-block-button__link wp-element-button\" href=\"https:\/\/alice.ch\/it\/servizi\/pubblicazioni-e-prodotti\/archivi-education-permanente\/\">Edizioni EP<\/a><\/div>\n<\/div>\n\n\n\n<h2 class=\"wp-block-heading\">Redazione<\/h2>\n\n\n\n<div class=\"wp-block-columns is-layout-flex wp-container-core-columns-is-layout-28f84493 wp-block-columns-is-layout-flex\">\n<div class=\"wp-block-column is-layout-flow wp-block-column-is-layout-flow\" style=\"flex-basis:100%\">\n<p>Irena Sgier (FSEA, responsabile di redazione)<br>Lynette Weber (FSEA, redattrice)<br>Prof. Erik Haberzeth (Universit\u00e0 di Chemnitz)<br>Alexandre Lecoultre (FSEA)<\/p>\n\n\n\n<p>I redattori accolgono feedback e suggerimenti sulla rivista EP: <a href=\"mailto:ep@alice.ch\" target=\"_blank\" rel=\"noreferrer noopener\">ep@alice.ch<\/a>.<\/p>\n\n\n\n<h2 class=\"wp-block-heading\">Informazioni sul prodotto<\/h2>\n\n\n\n<div class=\"wp-block-buttons is-layout-flex wp-block-buttons-is-layout-flex\">\n<div class=\"wp-block-button has-custom-width wp-block-button__width-50 is-style-outline is-style-outline--5\"><a class=\"wp-block-button__link wp-element-button\" href=\"https:\/\/alice.ch\/it\/servizi\/pubblicita\/prenotazione-ep\/\">Prenotare annunci e inserti su EP<\/a><\/div>\n<\/div>\n\n\n\n<div class=\"wp-block-buttons is-layout-flex wp-block-buttons-is-layout-flex\">\n<div class=\"wp-block-button has-custom-width wp-block-button__width-50 is-style-outline is-style-outline--6\"><a class=\"wp-block-button__link wp-element-button\" href=\"https:\/\/alice.ch\/it\/servizi\/pubblicazioni-e-prodotti\/pubblicazioni\/\">Acquistare un singolo numero<\/a><\/div>\n<\/div>\n\n\n\n<h2 class=\"wp-block-heading\">Contatto abbonamenti\/annunci<\/h2>\n\n\n\n<div class=\"wp-block-columns is-layout-flex wp-container-core-columns-is-layout-28f84493 wp-block-columns-is-layout-flex\">\n<div class=\"wp-block-column is-layout-flow wp-block-column-is-layout-flow\" style=\"flex-basis:50%\"><div class=\"contact-persons\">\n\n\t\t\t\t\t<div class=\"contact-person\">\n\t\t\t\t\tSegretariato FSEA della Svizzera italiana<br \/>\t\t\t\t\t\t\t\t\t\t<br \/>\n\t\t\t\t\tVia Besso 84<br \/>\r\n6900 Lugano-Massagno<br \/>\t\t\t\t\t<a href=\"tel:+41 (0)91 950 84 16\">+41 (0)91 950 84 16<\/a><br \/>\t\t\t\t\t<a href=\"mailto:fseaticino@alice.ch\">fseaticino@alice.ch<\/a><br \/>\t\t\t\t\t<\/div>\n\t\t\t\t\t<\/div>\n<\/div>\n\n\n\n<div class=\"wp-block-column is-layout-flow wp-block-column-is-layout-flow\" style=\"flex-basis:50%\"><\/div>\n<\/div>\n<\/div>\n<\/div>\n<\/div>\n<\/div>\n","protected":false},"excerpt":{"rendered":"<p>Education Permanente &#8220;Education Permanente&#8221;&nbsp;\u00e8 l&#8217;unica rivista specializzata di formazione continua della Svizzera. Ciascun numero \u00e8 incentrato su un tema di [&hellip;]<\/p>\n","protected":false},"author":1,"featured_media":54256,"parent":17420,"menu_order":523,"comment_status":"closed","ping_status":"closed","template":"","meta":{"_acf_changed":false,"inline_featured_image":false,"footnotes":""},"class_list":["post-11294","page","type-page","status-publish","has-post-thumbnail","hentry"],"acf":[],"yoast_head":"<!-- This site is optimized with the Yoast SEO plugin v27.3 - https:\/\/yoast.com\/product\/yoast-seo-wordpress\/ -->\n<title>Rivista specializzata EP - FSEA<\/title>\n<meta name=\"description\" content=\"La rivista specializzata &quot;EP&quot; \u00e8 l&#039;unica rivista svizzera specializzata nella formazione degli adulti e nella formazione continua.\" \/>\n<meta name=\"robots\" content=\"index, follow, max-snippet:-1, max-image-preview:large, max-video-preview:-1\" \/>\n<link rel=\"canonical\" href=\"https:\/\/alice.ch\/it\/attualita\/rivista-specializzata-ep\/\" \/>\n<meta property=\"og:locale\" content=\"it_IT\" \/>\n<meta property=\"og:type\" content=\"article\" \/>\n<meta property=\"og:title\" content=\"Rivista specializzata EP - FSEA\" \/>\n<meta property=\"og:description\" content=\"La rivista specializzata &quot;EP&quot; \u00e8 l&#039;unica rivista svizzera specializzata nella formazione degli adulti e nella formazione continua.\" \/>\n<meta property=\"og:url\" content=\"https:\/\/alice.ch\/it\/attualita\/rivista-specializzata-ep\/\" \/>\n<meta property=\"og:site_name\" content=\"SVEB\" \/>\n<meta property=\"article:modified_time\" content=\"2025-12-04T12:41:36+00:00\" \/>\n<meta property=\"og:image\" content=\"https:\/\/alice.ch\/app\/uploads\/2023\/09\/ep-reihe.jpg\" \/>\n\t<meta property=\"og:image:width\" content=\"1200\" \/>\n\t<meta property=\"og:image:height\" content=\"627\" \/>\n\t<meta property=\"og:image:type\" content=\"image\/jpeg\" \/>\n<meta name=\"twitter:card\" content=\"summary_large_image\" \/>\n<meta name=\"twitter:label1\" content=\"Tempo di lettura stimato\" \/>\n\t<meta name=\"twitter:data1\" content=\"2 minuti\" \/>\n<script type=\"application\/ld+json\" class=\"yoast-schema-graph\">{\"@context\":\"https:\\\/\\\/schema.org\",\"@graph\":[{\"@type\":\"WebPage\",\"@id\":\"https:\\\/\\\/alice.ch\\\/it\\\/attualita\\\/rivista-specializzata-ep\\\/\",\"url\":\"https:\\\/\\\/alice.ch\\\/it\\\/attualita\\\/rivista-specializzata-ep\\\/\",\"name\":\"Rivista specializzata EP - FSEA\",\"isPartOf\":{\"@id\":\"https:\\\/\\\/alice.ch\\\/it\\\/#website\"},\"primaryImageOfPage\":{\"@id\":\"https:\\\/\\\/alice.ch\\\/it\\\/attualita\\\/rivista-specializzata-ep\\\/#primaryimage\"},\"image\":{\"@id\":\"https:\\\/\\\/alice.ch\\\/it\\\/attualita\\\/rivista-specializzata-ep\\\/#primaryimage\"},\"thumbnailUrl\":\"https:\\\/\\\/alice.ch\\\/app\\\/uploads\\\/2023\\\/09\\\/ep-reihe.jpg\",\"datePublished\":\"2022-08-16T14:56:56+00:00\",\"dateModified\":\"2025-12-04T12:41:36+00:00\",\"description\":\"La rivista specializzata \\\"EP\\\" \u00e8 l'unica rivista svizzera specializzata nella formazione degli adulti e nella formazione continua.\",\"breadcrumb\":{\"@id\":\"https:\\\/\\\/alice.ch\\\/it\\\/attualita\\\/rivista-specializzata-ep\\\/#breadcrumb\"},\"inLanguage\":\"it-IT\",\"potentialAction\":[{\"@type\":\"ReadAction\",\"target\":[\"https:\\\/\\\/alice.ch\\\/it\\\/attualita\\\/rivista-specializzata-ep\\\/\"]}]},{\"@type\":\"ImageObject\",\"inLanguage\":\"it-IT\",\"@id\":\"https:\\\/\\\/alice.ch\\\/it\\\/attualita\\\/rivista-specializzata-ep\\\/#primaryimage\",\"url\":\"https:\\\/\\\/alice.ch\\\/app\\\/uploads\\\/2023\\\/09\\\/ep-reihe.jpg\",\"contentUrl\":\"https:\\\/\\\/alice.ch\\\/app\\\/uploads\\\/2023\\\/09\\\/ep-reihe.jpg\",\"width\":1200,\"height\":627},{\"@type\":\"BreadcrumbList\",\"@id\":\"https:\\\/\\\/alice.ch\\\/it\\\/attualita\\\/rivista-specializzata-ep\\\/#breadcrumb\",\"itemListElement\":[{\"@type\":\"ListItem\",\"position\":1,\"name\":\"Pagina iniziale\",\"item\":\"https:\\\/\\\/alice.ch\\\/it\\\/\"},{\"@type\":\"ListItem\",\"position\":2,\"name\":\"Attualit\u00e0\",\"item\":\"https:\\\/\\\/alice.ch\\\/it\\\/attualita\\\/\"},{\"@type\":\"ListItem\",\"position\":3,\"name\":\"Rivista specializzata EP\"}]},{\"@type\":\"WebSite\",\"@id\":\"https:\\\/\\\/alice.ch\\\/it\\\/#website\",\"url\":\"https:\\\/\\\/alice.ch\\\/it\\\/\",\"name\":\"alice.ch (Adult Learning Information Center) ist das Portal der Weiterbildung in der Schweiz.\",\"description\":\"Schweizerischer Verband f\u00fcr Weiterbildung\",\"publisher\":{\"@id\":\"https:\\\/\\\/alice.ch\\\/it\\\/#organization\"},\"potentialAction\":[{\"@type\":\"SearchAction\",\"target\":{\"@type\":\"EntryPoint\",\"urlTemplate\":\"https:\\\/\\\/alice.ch\\\/it\\\/?s={search_term_string}\"},\"query-input\":{\"@type\":\"PropertyValueSpecification\",\"valueRequired\":true,\"valueName\":\"search_term_string\"}}],\"inLanguage\":\"it-IT\"},{\"@type\":\"Organization\",\"@id\":\"https:\\\/\\\/alice.ch\\\/it\\\/#organization\",\"name\":\"FSEA Federazione svizzera per la formazione continua\",\"url\":\"https:\\\/\\\/alice.ch\\\/it\\\/\",\"logo\":{\"@type\":\"ImageObject\",\"inLanguage\":\"it-IT\",\"@id\":\"https:\\\/\\\/alice.ch\\\/it\\\/#\\\/schema\\\/logo\\\/image\\\/\",\"url\":\"https:\\\/\\\/alice.ch\\\/app\\\/uploads\\\/2022\\\/07\\\/logo-sveb.png\",\"contentUrl\":\"https:\\\/\\\/alice.ch\\\/app\\\/uploads\\\/2022\\\/07\\\/logo-sveb.png\",\"width\":145,\"height\":64,\"caption\":\"FSEA Federazione svizzera per la formazione continua\"},\"image\":{\"@id\":\"https:\\\/\\\/alice.ch\\\/it\\\/#\\\/schema\\\/logo\\\/image\\\/\"},\"sameAs\":[\"https:\\\/\\\/www.linkedin.com\\\/company\\\/schweizerischer-verband-fr-weiterbildung-sveb\\\/\"]}]}<\/script>\n<!-- \/ Yoast SEO plugin. -->","yoast_head_json":{"title":"Rivista specializzata EP - FSEA","description":"La rivista specializzata \"EP\" \u00e8 l'unica rivista svizzera specializzata nella formazione degli adulti e nella formazione continua.","robots":{"index":"index","follow":"follow","max-snippet":"max-snippet:-1","max-image-preview":"max-image-preview:large","max-video-preview":"max-video-preview:-1"},"canonical":"https:\/\/alice.ch\/it\/attualita\/rivista-specializzata-ep\/","og_locale":"it_IT","og_type":"article","og_title":"Rivista specializzata EP - FSEA","og_description":"La rivista specializzata \"EP\" \u00e8 l'unica rivista svizzera specializzata nella formazione degli adulti e nella formazione continua.","og_url":"https:\/\/alice.ch\/it\/attualita\/rivista-specializzata-ep\/","og_site_name":"SVEB","article_modified_time":"2025-12-04T12:41:36+00:00","og_image":[{"width":1200,"height":627,"url":"https:\/\/alice.ch\/app\/uploads\/2023\/09\/ep-reihe.jpg","type":"image\/jpeg"}],"twitter_card":"summary_large_image","twitter_misc":{"Tempo di lettura stimato":"2 minuti"},"schema":{"@context":"https:\/\/schema.org","@graph":[{"@type":"WebPage","@id":"https:\/\/alice.ch\/it\/attualita\/rivista-specializzata-ep\/","url":"https:\/\/alice.ch\/it\/attualita\/rivista-specializzata-ep\/","name":"Rivista specializzata EP - FSEA","isPartOf":{"@id":"https:\/\/alice.ch\/it\/#website"},"primaryImageOfPage":{"@id":"https:\/\/alice.ch\/it\/attualita\/rivista-specializzata-ep\/#primaryimage"},"image":{"@id":"https:\/\/alice.ch\/it\/attualita\/rivista-specializzata-ep\/#primaryimage"},"thumbnailUrl":"https:\/\/alice.ch\/app\/uploads\/2023\/09\/ep-reihe.jpg","datePublished":"2022-08-16T14:56:56+00:00","dateModified":"2025-12-04T12:41:36+00:00","description":"La rivista specializzata \"EP\" \u00e8 l'unica rivista svizzera specializzata nella formazione degli adulti e nella formazione continua.","breadcrumb":{"@id":"https:\/\/alice.ch\/it\/attualita\/rivista-specializzata-ep\/#breadcrumb"},"inLanguage":"it-IT","potentialAction":[{"@type":"ReadAction","target":["https:\/\/alice.ch\/it\/attualita\/rivista-specializzata-ep\/"]}]},{"@type":"ImageObject","inLanguage":"it-IT","@id":"https:\/\/alice.ch\/it\/attualita\/rivista-specializzata-ep\/#primaryimage","url":"https:\/\/alice.ch\/app\/uploads\/2023\/09\/ep-reihe.jpg","contentUrl":"https:\/\/alice.ch\/app\/uploads\/2023\/09\/ep-reihe.jpg","width":1200,"height":627},{"@type":"BreadcrumbList","@id":"https:\/\/alice.ch\/it\/attualita\/rivista-specializzata-ep\/#breadcrumb","itemListElement":[{"@type":"ListItem","position":1,"name":"Pagina iniziale","item":"https:\/\/alice.ch\/it\/"},{"@type":"ListItem","position":2,"name":"Attualit\u00e0","item":"https:\/\/alice.ch\/it\/attualita\/"},{"@type":"ListItem","position":3,"name":"Rivista specializzata EP"}]},{"@type":"WebSite","@id":"https:\/\/alice.ch\/it\/#website","url":"https:\/\/alice.ch\/it\/","name":"alice.ch (Adult Learning Information Center) ist das Portal der Weiterbildung in der Schweiz.","description":"Schweizerischer Verband f\u00fcr Weiterbildung","publisher":{"@id":"https:\/\/alice.ch\/it\/#organization"},"potentialAction":[{"@type":"SearchAction","target":{"@type":"EntryPoint","urlTemplate":"https:\/\/alice.ch\/it\/?s={search_term_string}"},"query-input":{"@type":"PropertyValueSpecification","valueRequired":true,"valueName":"search_term_string"}}],"inLanguage":"it-IT"},{"@type":"Organization","@id":"https:\/\/alice.ch\/it\/#organization","name":"FSEA Federazione svizzera per la formazione continua","url":"https:\/\/alice.ch\/it\/","logo":{"@type":"ImageObject","inLanguage":"it-IT","@id":"https:\/\/alice.ch\/it\/#\/schema\/logo\/image\/","url":"https:\/\/alice.ch\/app\/uploads\/2022\/07\/logo-sveb.png","contentUrl":"https:\/\/alice.ch\/app\/uploads\/2022\/07\/logo-sveb.png","width":145,"height":64,"caption":"FSEA Federazione svizzera per la formazione continua"},"image":{"@id":"https:\/\/alice.ch\/it\/#\/schema\/logo\/image\/"},"sameAs":["https:\/\/www.linkedin.com\/company\/schweizerischer-verband-fr-weiterbildung-sveb\/"]}]}},"_links":{"self":[{"href":"https:\/\/alice.ch\/it\/wp-json\/wp\/v2\/pages\/11294","targetHints":{"allow":["GET"]}}],"collection":[{"href":"https:\/\/alice.ch\/it\/wp-json\/wp\/v2\/pages"}],"about":[{"href":"https:\/\/alice.ch\/it\/wp-json\/wp\/v2\/types\/page"}],"author":[{"embeddable":true,"href":"https:\/\/alice.ch\/it\/wp-json\/wp\/v2\/users\/1"}],"replies":[{"embeddable":true,"href":"https:\/\/alice.ch\/it\/wp-json\/wp\/v2\/comments?post=11294"}],"version-history":[{"count":50,"href":"https:\/\/alice.ch\/it\/wp-json\/wp\/v2\/pages\/11294\/revisions"}],"predecessor-version":[{"id":72450,"href":"https:\/\/alice.ch\/it\/wp-json\/wp\/v2\/pages\/11294\/revisions\/72450"}],"up":[{"embeddable":true,"href":"https:\/\/alice.ch\/it\/wp-json\/wp\/v2\/pages\/17420"}],"wp:featuredmedia":[{"embeddable":true,"href":"https:\/\/alice.ch\/it\/wp-json\/wp\/v2\/media\/54256"}],"wp:attachment":[{"href":"https:\/\/alice.ch\/it\/wp-json\/wp\/v2\/media?parent=11294"}],"curies":[{"name":"wp","href":"https:\/\/api.w.org\/{rel}","templated":true}]}}