{"id":11309,"date":"2022-10-12T12:14:34","date_gmt":"2022-10-12T10:14:34","guid":{"rendered":"https:\/\/projects.atxeit.ch\/sveb\/publikationen-und-produkte\/bildungspass\/"},"modified":"2024-01-24T14:53:30","modified_gmt":"2024-01-24T13:53:30","slug":"libretto-di-formazione","status":"publish","type":"page","link":"https:\/\/alice.ch\/it\/servizi\/pubblicazioni-e-prodotti\/libretto-di-formazione\/","title":{"rendered":"Libretto di formazione"},"content":{"rendered":"\n<div class=\"wp-block-group is-style-reduced-width is-layout-flow wp-block-group-is-layout-flow\">\n<h1 class=\"wp-block-heading\">Mostri cosa sa fare grazie al libretto di formazione<\/h1>\n\n\n\n<p class=\"is-style-lead\">Il libretto di formazione attesta il vostro percorso di formazione continua. D\u00e0 una descrizione delle competenze e qualifiche acquisite.<\/p>\n\n\n\n<div class=\"wp-block-columns is-layout-flex wp-container-core-columns-is-layout-28f84493 wp-block-columns-is-layout-flex\">\n<div class=\"wp-block-column is-layout-flow wp-block-column-is-layout-flow\" style=\"flex-basis:33.33%\">\n<figure class=\"wp-block-image size-full\"><img decoding=\"async\" width=\"426\" height=\"600\" src=\"https:\/\/alice.ch\/app\/uploads\/2022\/10\/Bildungspass-SVEB.jpeg\" alt=\"\" class=\"wp-image-3235\" srcset=\"https:\/\/alice.ch\/app\/uploads\/2022\/10\/Bildungspass-SVEB.jpeg 426w, https:\/\/alice.ch\/app\/uploads\/2022\/10\/Bildungspass-SVEB-213x300.jpeg 213w\" sizes=\"(max-width: 426px) 100vw, 426px\" \/><\/figure>\n<\/div>\n\n\n\n<div class=\"wp-block-column is-layout-flow wp-block-column-is-layout-flow\" style=\"flex-basis:66.66%\">\n<p>Potete scrivere le seguenti attivit\u00e0 e farle attestare dalle istituzioni erogatrici:<\/p>\n\n\n\n<ul class=\"wp-block-list\">\n<li>Formazioni, corsi, moduli (elementi dei corsi) e titoli;<\/li>\n\n\n\n<li>Stages, volontariato;<\/li>\n\n\n\n<li>Formazioni continua interne, workshop o formazioni autonome;<\/li>\n\n\n\n<li>Soggiorni all\u2019estero per l\u2019apprendimento e la formazione.<\/li>\n<\/ul>\n\n\n\n<p>Le istituzioni erogatrici confermano la partecipazione alle formazioni continue con un timbro e la firma. In questo modo, grazie al libretto di formazione, collaboratori e aziende hanno la possibilit\u00e0 di avere una panoramica sullo sviluppo individuale e sulle attivit\u00e0 di formazione continua.<\/p>\n\n\n\n<p>Il libretto di formazione \u00e8 personale e pu\u00f2 essere adottato in tutti gli istituti di formazione e aziende nazionali e all\u2019estero.<\/p>\n<\/div>\n<\/div>\n\n\n\n<div class=\"wp-block-group is-style-run-to-edge has-primary-background-color has-background is-layout-flow wp-block-group-is-layout-flow\">\n<p class=\"has-large-font-size\"><strong>Libretto di formazione per aziende e enti di formazione continua<\/strong><\/p>\n\n\n\n<p class=\"is-style-lead has-background-color has-text-color has-medium-font-size\">Per i datori di lavoro e gli enti di formazione esiste la possibilit\u00e0 di far stampare il libretto di formazione con il proprio logo. Ci&nbsp;contatti&nbsp;per richiedere un\u2019offerta.<\/p>\n<\/div>\n\n\n\n<p><\/p>\n\n\n\n<p>A proposito: il libretto di formazione si presta molto bene come giveaway o regalo per i clienti.<\/p>\n\n\n\n<h2 class=\"wp-block-heading\">Tiratura e lingue<\/h2>\n\n\n\n<p>Nel 1978, la FSEA ha pubblicato per la prima volta un &#8220;libretto didattico&#8221; per consentire ai partecipanti di registrare i corsi frequentati in forma compatta. Da allora, circa un milione di opuscoli educativi sono stati venduti in tutto il paese.<br><br>Il libretto rosso \u00e8 conosciuto in tutta la Svizzera ed \u00e8 apprezzato da tutti gli enti di formazione continua di formazione. \u00c8 edito in tre lingue (D\/F\/I) in questo modo pu\u00f2 essere utilizzato senza problemi anche in caso di mobilit\u00e0 regionali.<\/p>\n\n\n\n<h2 class=\"wp-block-heading\">Prezzi e sconti<\/h2>\n\n\n\n<p>Il libretto di formazione costa 6.\u2013 CHF al pezzo. Per grandi ordini ci sono interessanti sconti. <\/p>\n\n\n\n<figure class=\"wp-block-table\"><table><tbody><tr><td><strong>Formato<\/strong><\/td><td><strong>A6<\/strong><\/td><\/tr><tr><td><strong>Contenuto<\/strong><\/td><td>36 pagine<\/td><\/tr><tr><td><strong>Prezzo<\/strong><br>(IVA 7.7% incl., escluse spese di spedizione)<\/td><td>Prezzo unitario: Fr. 6.00<br>da 20 es.: Fr. 5.40<br>da&nbsp;100 es.: Fr. 4.80<br>da&nbsp;500 es.: Fr. 4.20<br>da 1000 es.: Fr. 3.60<\/td><\/tr><\/tbody><\/table><\/figure>\n\n\n\n<h2 class=\"wp-block-heading\">Ordine<\/h2>\n\n\n\n<div class=\"wp-block-contact-form-7-contact-form-selector\">\n<div class=\"wpcf7 no-js\" id=\"wpcf7-f41135-o1\" lang=\"de-DE\" dir=\"ltr\" data-wpcf7-id=\"41135\">\n<div class=\"screen-reader-response\"><p role=\"status\" aria-live=\"polite\" aria-atomic=\"true\"><\/p> <ul><\/ul><\/div>\n<form action=\"\/it\/wp-json\/wp\/v2\/pages\/11309#wpcf7-f41135-o1\" method=\"post\" class=\"wpcf7-form init\" aria-label=\"Kontaktformular\" novalidate=\"novalidate\" data-status=\"init\">\n<fieldset class=\"hidden-fields-container\"><input type=\"hidden\" name=\"_wpcf7\" value=\"41135\" \/><input type=\"hidden\" name=\"_wpcf7_version\" value=\"6.1.5\" \/><input type=\"hidden\" name=\"_wpcf7_locale\" value=\"de_DE\" \/><input type=\"hidden\" name=\"_wpcf7_unit_tag\" value=\"wpcf7-f41135-o1\" \/><input type=\"hidden\" name=\"_wpcf7_container_post\" value=\"0\" \/><input type=\"hidden\" name=\"_wpcf7_posted_data_hash\" value=\"\" \/>\n<\/fieldset>\n\n<p><label>Quantit\u00e0*<br \/>\n<span class=\"wpcf7-form-control-wrap\" data-name=\"Anzahl\"><input size=\"40\" maxlength=\"400\" class=\"wpcf7-form-control wpcf7-text wpcf7-validates-as-required\" aria-required=\"true\" aria-invalid=\"false\" placeholder=\"1\" value=\"\" type=\"text\" name=\"Anzahl\" \/><\/span><br \/>\n<\/label><br \/>\n<label>Organizzazione<br \/>\n<span class=\"wpcf7-form-control-wrap\" data-name=\"your-organisation\"><input size=\"40\" maxlength=\"400\" class=\"wpcf7-form-control wpcf7-text\" aria-invalid=\"false\" placeholder=\"Organizzazione\" value=\"\" type=\"text\" name=\"your-organisation\" \/><\/span><\/label><br \/>\n<label>Saluto*<br \/>\n<span class=\"wpcf7-form-control-wrap\" data-name=\"salutation\"><input size=\"40\" maxlength=\"400\" class=\"wpcf7-form-control wpcf7-text wpcf7-validates-as-required\" aria-required=\"true\" aria-invalid=\"false\" placeholder=\"Signora\" value=\"\" type=\"text\" name=\"salutation\" \/><\/span><br \/>\n<\/label><label>Nome*<br \/>\n<span class=\"wpcf7-form-control-wrap\" data-name=\"your-forename\"><input size=\"40\" maxlength=\"400\" class=\"wpcf7-form-control wpcf7-text wpcf7-validates-as-required\" aria-required=\"true\" aria-invalid=\"false\" placeholder=\"Petra\" value=\"\" type=\"text\" name=\"your-forename\" \/><\/span><\/label><br \/>\n<label>Cognome*<br \/>\n<span class=\"wpcf7-form-control-wrap\" data-name=\"your-name\"><input size=\"40\" maxlength=\"400\" class=\"wpcf7-form-control wpcf7-text wpcf7-validates-as-required\" aria-required=\"true\" aria-invalid=\"false\" placeholder=\"Muster\" value=\"\" type=\"text\" name=\"your-name\" \/><\/span><\/label><br \/>\n<label>Via et numero civico*<br \/>\n<span class=\"wpcf7-form-control-wrap\" data-name=\"Strasse\"><input size=\"40\" maxlength=\"400\" class=\"wpcf7-form-control wpcf7-text wpcf7-validates-as-required\" aria-required=\"true\" aria-invalid=\"false\" placeholder=\"Via Besso 86\" value=\"\" type=\"text\" name=\"Strasse\" \/><\/span><\/label><br \/>\n<label>CAP, luogo*<br \/>\n<span class=\"wpcf7-form-control-wrap\" data-name=\"PLZ\"><input size=\"40\" maxlength=\"400\" class=\"wpcf7-form-control wpcf7-text wpcf7-validates-as-required\" aria-required=\"true\" aria-invalid=\"false\" placeholder=\"6900 Lugano\" value=\"\" type=\"text\" name=\"PLZ\" \/><\/span><\/label><br \/>\n<label>Numero di telefono*<br \/>\n<span class=\"wpcf7-form-control-wrap\" data-name=\"tel-203\"><input size=\"40\" maxlength=\"400\" class=\"wpcf7-form-control wpcf7-tel wpcf7-validates-as-required wpcf7-text wpcf7-validates-as-tel\" aria-required=\"true\" aria-invalid=\"false\" placeholder=\"+41 (0)91 950 84 16\" value=\"\" type=\"tel\" name=\"tel-203\" \/><\/span><\/label><br \/>\n<label>Indirizzo e-mail*<br \/>\n<span class=\"wpcf7-form-control-wrap\" data-name=\"your-email\"><input size=\"40\" maxlength=\"400\" class=\"wpcf7-form-control wpcf7-email wpcf7-validates-as-required wpcf7-text wpcf7-validates-as-email\" aria-required=\"true\" aria-invalid=\"false\" placeholder=\"petra.muster@alice.ch\" value=\"\" type=\"email\" name=\"your-email\" \/><\/span> <\/label><br \/>\n<label>Destinatario della fattura*<\/label><br \/>\n<span class=\"wpcf7-form-control-wrap\" data-name=\"radio-219\"><span class=\"wpcf7-form-control wpcf7-radio\"><span class=\"wpcf7-list-item first\"><label><input type=\"radio\" name=\"radio-219\" value=\"Fattura all&#039;indirizzo sopra indicato\" checked=\"checked\" \/><span class=\"wpcf7-list-item-label\">Fattura all&#039;indirizzo sopra indicato<\/span><\/label><\/span><span class=\"wpcf7-list-item last\"><label><input type=\"radio\" name=\"radio-219\" value=\"Fattura al seguente indirizzo\" \/><span class=\"wpcf7-list-item-label\">Fattura al seguente indirizzo<\/span><\/label><\/span><\/span><\/span>\n<\/p>\n<p><label>Indirizzo di fatturazione<br \/>\n<span class=\"wpcf7-form-control-wrap\" data-name=\"Rechnungsadresse\"><input size=\"40\" maxlength=\"400\" class=\"wpcf7-form-control wpcf7-text\" aria-invalid=\"false\" placeholder=\"\" value=\"\" type=\"text\" name=\"Rechnungsadresse\" \/><\/span><\/label><br \/>\n<label>Il suo commento (optional)<br \/>\n<span class=\"wpcf7-form-control-wrap\" data-name=\"your-message\"><textarea cols=\"40\" rows=\"10\" maxlength=\"2000\" class=\"wpcf7-form-control wpcf7-textarea\" aria-invalid=\"false\" placeholder=\"Il suo commento\" name=\"your-message\"><\/textarea><\/span> <\/label><br \/>\n<span class=\"wpcf7-form-control-wrap\" data-name=\"checkbox-911\"><span class=\"wpcf7-form-control wpcf7-checkbox\"><span class=\"wpcf7-list-item first last\"><label><input type=\"checkbox\" name=\"checkbox-911[]\" value=\"Sono un\/a socio\/a della FSEA.\" \/><span class=\"wpcf7-list-item-label\">Sono un\/a socio\/a della FSEA.<\/span><\/label><\/span><\/span><\/span>\n<\/p>\n<p><span id=\"wpcf7-69ef86c7565d1-wrapper\" class=\"wpcf7-form-control-wrap honeypot-945-wrap\" style=\"display:none !important; visibility:hidden !important;\"><label for=\"wpcf7-69ef86c7565d1-field\" class=\"hp-message\">Bitte lasse dieses Feld leer.<\/label><input id=\"wpcf7-69ef86c7565d1-field\"  class=\"wpcf7-form-control wpcf7-text\" type=\"text\" name=\"honeypot-945\" value=\"\" size=\"40\" tabindex=\"-1\" autocomplete=\"new-password\" \/><\/span>\n<\/p>\n<p><input class=\"wpcf7-form-control wpcf7-submit has-spinner\" type=\"submit\" value=\"Ordinare\" \/><br \/>\n*Campi obbligatori\n<\/p><div class=\"cf7-cookie-message\" style=\"margin-top:1em;color:#000;\">Per poter inviare il modulo \u00e8 necessario accettare i cookies.<\/div><div class=\"wpcf7-response-output\" aria-hidden=\"true\"><\/div>\n<\/form>\n<\/div>\n<\/div>\n\n\n\n<h2 class=\"wp-block-heading\">Contatto<\/h2>\n\n\n\n<div class=\"wp-block-columns is-layout-flex wp-container-core-columns-is-layout-28f84493 wp-block-columns-is-layout-flex\">\n<div class=\"wp-block-column is-layout-flow wp-block-column-is-layout-flow\" style=\"flex-basis:50%\"><div class=\"contact-persons\">\n\n\t\t\t\t\t<div class=\"contact-person\">\n\t\t\t\t\tMichelle Mathys<br \/>\t\t\t\t\tResponsabile del settore marketing<br \/>\t\t\t\t\t<br \/>\n\t\t\t\t\t\t\t\t\t\t<a href=\"tel:+41 (0)44 319 71 55\">+41 (0)44 319 71 55<\/a><br \/>\t\t\t\t\t<a href=\"mailto:michelle.mathys@alice.ch\">michelle.mathys@alice.ch<\/a><br \/>\t\t\t\t\t<\/div>\n\t\t\t\t\t<\/div>\n<\/div>\n\n\n\n<div class=\"wp-block-column is-layout-flow wp-block-column-is-layout-flow\" style=\"flex-basis:50%\"><\/div>\n<\/div>\n<\/div>\n","protected":false},"excerpt":{"rendered":"<p>Mostri cosa sa fare grazie al libretto di formazione Il libretto di formazione attesta il vostro percorso di formazione continua. [&hellip;]<\/p>\n","protected":false},"author":4,"featured_media":20799,"parent":11300,"menu_order":197,"comment_status":"closed","ping_status":"closed","template":"","meta":{"_acf_changed":false,"inline_featured_image":false,"footnotes":""},"class_list":["post-11309","page","type-page","status-publish","has-post-thumbnail","hentry"],"acf":[],"yoast_head":"<!-- This site is optimized with the Yoast SEO plugin v27.3 - https:\/\/yoast.com\/product\/yoast-seo-wordpress\/ -->\n<title>Libretto di formazione - FSEA<\/title>\n<meta name=\"description\" content=\"Il libretto di formazione \u00e8 la prova della vostra formazione continua. Fornisce una panoramica delle competenze e delle qualifiche acquisite.\" \/>\n<meta name=\"robots\" content=\"index, follow, max-snippet:-1, max-image-preview:large, max-video-preview:-1\" \/>\n<link rel=\"canonical\" href=\"https:\/\/alice.ch\/it\/servizi\/pubblicazioni-e-prodotti\/libretto-di-formazione\/\" \/>\n<meta property=\"og:locale\" content=\"it_IT\" \/>\n<meta property=\"og:type\" content=\"article\" \/>\n<meta property=\"og:title\" content=\"Libretto di formazione - FSEA\" \/>\n<meta property=\"og:description\" content=\"Il libretto di formazione \u00e8 la prova della vostra formazione continua. Fornisce una panoramica delle competenze e delle qualifiche acquisite.\" \/>\n<meta property=\"og:url\" content=\"https:\/\/alice.ch\/it\/servizi\/pubblicazioni-e-prodotti\/libretto-di-formazione\/\" \/>\n<meta property=\"og:site_name\" content=\"SVEB\" \/>\n<meta property=\"article:modified_time\" content=\"2024-01-24T13:53:30+00:00\" \/>\n<meta property=\"og:image\" content=\"https:\/\/alice.ch\/app\/uploads\/2022\/10\/Bildungspass-SVEB.jpeg\" \/>\n<meta name=\"twitter:card\" content=\"summary_large_image\" \/>\n<meta name=\"twitter:label1\" content=\"Tempo di lettura stimato\" \/>\n\t<meta name=\"twitter:data1\" content=\"2 minuti\" \/>\n<script type=\"application\/ld+json\" class=\"yoast-schema-graph\">{\"@context\":\"https:\\\/\\\/schema.org\",\"@graph\":[{\"@type\":\"WebPage\",\"@id\":\"https:\\\/\\\/alice.ch\\\/it\\\/servizi\\\/pubblicazioni-e-prodotti\\\/libretto-di-formazione\\\/\",\"url\":\"https:\\\/\\\/alice.ch\\\/it\\\/servizi\\\/pubblicazioni-e-prodotti\\\/libretto-di-formazione\\\/\",\"name\":\"Libretto di formazione - FSEA\",\"isPartOf\":{\"@id\":\"https:\\\/\\\/alice.ch\\\/it\\\/#website\"},\"primaryImageOfPage\":{\"@id\":\"https:\\\/\\\/alice.ch\\\/it\\\/servizi\\\/pubblicazioni-e-prodotti\\\/libretto-di-formazione\\\/#primaryimage\"},\"image\":{\"@id\":\"https:\\\/\\\/alice.ch\\\/it\\\/servizi\\\/pubblicazioni-e-prodotti\\\/libretto-di-formazione\\\/#primaryimage\"},\"thumbnailUrl\":\"https:\\\/\\\/alice.ch\\\/app\\\/uploads\\\/2022\\\/11\\\/default.jpg\",\"datePublished\":\"2022-10-12T10:14:34+00:00\",\"dateModified\":\"2024-01-24T13:53:30+00:00\",\"description\":\"Il libretto di formazione \u00e8 la prova della vostra formazione continua. Fornisce una panoramica delle competenze e delle qualifiche acquisite.\",\"breadcrumb\":{\"@id\":\"https:\\\/\\\/alice.ch\\\/it\\\/servizi\\\/pubblicazioni-e-prodotti\\\/libretto-di-formazione\\\/#breadcrumb\"},\"inLanguage\":\"it-IT\",\"potentialAction\":[{\"@type\":\"ReadAction\",\"target\":[\"https:\\\/\\\/alice.ch\\\/it\\\/servizi\\\/pubblicazioni-e-prodotti\\\/libretto-di-formazione\\\/\"]}]},{\"@type\":\"ImageObject\",\"inLanguage\":\"it-IT\",\"@id\":\"https:\\\/\\\/alice.ch\\\/it\\\/servizi\\\/pubblicazioni-e-prodotti\\\/libretto-di-formazione\\\/#primaryimage\",\"url\":\"https:\\\/\\\/alice.ch\\\/app\\\/uploads\\\/2022\\\/11\\\/default.jpg\",\"contentUrl\":\"https:\\\/\\\/alice.ch\\\/app\\\/uploads\\\/2022\\\/11\\\/default.jpg\",\"width\":1600,\"height\":900},{\"@type\":\"BreadcrumbList\",\"@id\":\"https:\\\/\\\/alice.ch\\\/it\\\/servizi\\\/pubblicazioni-e-prodotti\\\/libretto-di-formazione\\\/#breadcrumb\",\"itemListElement\":[{\"@type\":\"ListItem\",\"position\":1,\"name\":\"Pagina iniziale\",\"item\":\"https:\\\/\\\/alice.ch\\\/it\\\/\"},{\"@type\":\"ListItem\",\"position\":2,\"name\":\"Servizi\",\"item\":\"https:\\\/\\\/alice.ch\\\/it\\\/servizi\\\/\"},{\"@type\":\"ListItem\",\"position\":3,\"name\":\"Pubblicazioni e prodotti\",\"item\":\"https:\\\/\\\/alice.ch\\\/it\\\/servizi\\\/pubblicazioni-e-prodotti\\\/\"},{\"@type\":\"ListItem\",\"position\":4,\"name\":\"Libretto di formazione\"}]},{\"@type\":\"WebSite\",\"@id\":\"https:\\\/\\\/alice.ch\\\/it\\\/#website\",\"url\":\"https:\\\/\\\/alice.ch\\\/it\\\/\",\"name\":\"alice.ch (Adult Learning Information Center) ist das Portal der Weiterbildung in der Schweiz.\",\"description\":\"Schweizerischer Verband f\u00fcr Weiterbildung\",\"publisher\":{\"@id\":\"https:\\\/\\\/alice.ch\\\/it\\\/#organization\"},\"potentialAction\":[{\"@type\":\"SearchAction\",\"target\":{\"@type\":\"EntryPoint\",\"urlTemplate\":\"https:\\\/\\\/alice.ch\\\/it\\\/?s={search_term_string}\"},\"query-input\":{\"@type\":\"PropertyValueSpecification\",\"valueRequired\":true,\"valueName\":\"search_term_string\"}}],\"inLanguage\":\"it-IT\"},{\"@type\":\"Organization\",\"@id\":\"https:\\\/\\\/alice.ch\\\/it\\\/#organization\",\"name\":\"FSEA Federazione svizzera per la formazione continua\",\"url\":\"https:\\\/\\\/alice.ch\\\/it\\\/\",\"logo\":{\"@type\":\"ImageObject\",\"inLanguage\":\"it-IT\",\"@id\":\"https:\\\/\\\/alice.ch\\\/it\\\/#\\\/schema\\\/logo\\\/image\\\/\",\"url\":\"https:\\\/\\\/alice.ch\\\/app\\\/uploads\\\/2022\\\/07\\\/logo-sveb.png\",\"contentUrl\":\"https:\\\/\\\/alice.ch\\\/app\\\/uploads\\\/2022\\\/07\\\/logo-sveb.png\",\"width\":145,\"height\":64,\"caption\":\"FSEA Federazione svizzera per la formazione continua\"},\"image\":{\"@id\":\"https:\\\/\\\/alice.ch\\\/it\\\/#\\\/schema\\\/logo\\\/image\\\/\"},\"sameAs\":[\"https:\\\/\\\/www.linkedin.com\\\/company\\\/schweizerischer-verband-fr-weiterbildung-sveb\\\/\"]}]}<\/script>\n<!-- \/ Yoast SEO plugin. -->","yoast_head_json":{"title":"Libretto di formazione - FSEA","description":"Il libretto di formazione \u00e8 la prova della vostra formazione continua. Fornisce una panoramica delle competenze e delle qualifiche acquisite.","robots":{"index":"index","follow":"follow","max-snippet":"max-snippet:-1","max-image-preview":"max-image-preview:large","max-video-preview":"max-video-preview:-1"},"canonical":"https:\/\/alice.ch\/it\/servizi\/pubblicazioni-e-prodotti\/libretto-di-formazione\/","og_locale":"it_IT","og_type":"article","og_title":"Libretto di formazione - FSEA","og_description":"Il libretto di formazione \u00e8 la prova della vostra formazione continua. Fornisce una panoramica delle competenze e delle qualifiche acquisite.","og_url":"https:\/\/alice.ch\/it\/servizi\/pubblicazioni-e-prodotti\/libretto-di-formazione\/","og_site_name":"SVEB","article_modified_time":"2024-01-24T13:53:30+00:00","og_image":[{"url":"https:\/\/alice.ch\/app\/uploads\/2022\/10\/Bildungspass-SVEB.jpeg","type":"","width":"","height":""}],"twitter_card":"summary_large_image","twitter_misc":{"Tempo di lettura stimato":"2 minuti"},"schema":{"@context":"https:\/\/schema.org","@graph":[{"@type":"WebPage","@id":"https:\/\/alice.ch\/it\/servizi\/pubblicazioni-e-prodotti\/libretto-di-formazione\/","url":"https:\/\/alice.ch\/it\/servizi\/pubblicazioni-e-prodotti\/libretto-di-formazione\/","name":"Libretto di formazione - FSEA","isPartOf":{"@id":"https:\/\/alice.ch\/it\/#website"},"primaryImageOfPage":{"@id":"https:\/\/alice.ch\/it\/servizi\/pubblicazioni-e-prodotti\/libretto-di-formazione\/#primaryimage"},"image":{"@id":"https:\/\/alice.ch\/it\/servizi\/pubblicazioni-e-prodotti\/libretto-di-formazione\/#primaryimage"},"thumbnailUrl":"https:\/\/alice.ch\/app\/uploads\/2022\/11\/default.jpg","datePublished":"2022-10-12T10:14:34+00:00","dateModified":"2024-01-24T13:53:30+00:00","description":"Il libretto di formazione \u00e8 la prova della vostra formazione continua. Fornisce una panoramica delle competenze e delle qualifiche acquisite.","breadcrumb":{"@id":"https:\/\/alice.ch\/it\/servizi\/pubblicazioni-e-prodotti\/libretto-di-formazione\/#breadcrumb"},"inLanguage":"it-IT","potentialAction":[{"@type":"ReadAction","target":["https:\/\/alice.ch\/it\/servizi\/pubblicazioni-e-prodotti\/libretto-di-formazione\/"]}]},{"@type":"ImageObject","inLanguage":"it-IT","@id":"https:\/\/alice.ch\/it\/servizi\/pubblicazioni-e-prodotti\/libretto-di-formazione\/#primaryimage","url":"https:\/\/alice.ch\/app\/uploads\/2022\/11\/default.jpg","contentUrl":"https:\/\/alice.ch\/app\/uploads\/2022\/11\/default.jpg","width":1600,"height":900},{"@type":"BreadcrumbList","@id":"https:\/\/alice.ch\/it\/servizi\/pubblicazioni-e-prodotti\/libretto-di-formazione\/#breadcrumb","itemListElement":[{"@type":"ListItem","position":1,"name":"Pagina iniziale","item":"https:\/\/alice.ch\/it\/"},{"@type":"ListItem","position":2,"name":"Servizi","item":"https:\/\/alice.ch\/it\/servizi\/"},{"@type":"ListItem","position":3,"name":"Pubblicazioni e prodotti","item":"https:\/\/alice.ch\/it\/servizi\/pubblicazioni-e-prodotti\/"},{"@type":"ListItem","position":4,"name":"Libretto di formazione"}]},{"@type":"WebSite","@id":"https:\/\/alice.ch\/it\/#website","url":"https:\/\/alice.ch\/it\/","name":"alice.ch (Adult Learning Information Center) ist das Portal der Weiterbildung in der Schweiz.","description":"Schweizerischer Verband f\u00fcr Weiterbildung","publisher":{"@id":"https:\/\/alice.ch\/it\/#organization"},"potentialAction":[{"@type":"SearchAction","target":{"@type":"EntryPoint","urlTemplate":"https:\/\/alice.ch\/it\/?s={search_term_string}"},"query-input":{"@type":"PropertyValueSpecification","valueRequired":true,"valueName":"search_term_string"}}],"inLanguage":"it-IT"},{"@type":"Organization","@id":"https:\/\/alice.ch\/it\/#organization","name":"FSEA Federazione svizzera per la formazione continua","url":"https:\/\/alice.ch\/it\/","logo":{"@type":"ImageObject","inLanguage":"it-IT","@id":"https:\/\/alice.ch\/it\/#\/schema\/logo\/image\/","url":"https:\/\/alice.ch\/app\/uploads\/2022\/07\/logo-sveb.png","contentUrl":"https:\/\/alice.ch\/app\/uploads\/2022\/07\/logo-sveb.png","width":145,"height":64,"caption":"FSEA Federazione svizzera per la formazione continua"},"image":{"@id":"https:\/\/alice.ch\/it\/#\/schema\/logo\/image\/"},"sameAs":["https:\/\/www.linkedin.com\/company\/schweizerischer-verband-fr-weiterbildung-sveb\/"]}]}},"_links":{"self":[{"href":"https:\/\/alice.ch\/it\/wp-json\/wp\/v2\/pages\/11309","targetHints":{"allow":["GET"]}}],"collection":[{"href":"https:\/\/alice.ch\/it\/wp-json\/wp\/v2\/pages"}],"about":[{"href":"https:\/\/alice.ch\/it\/wp-json\/wp\/v2\/types\/page"}],"author":[{"embeddable":true,"href":"https:\/\/alice.ch\/it\/wp-json\/wp\/v2\/users\/4"}],"replies":[{"embeddable":true,"href":"https:\/\/alice.ch\/it\/wp-json\/wp\/v2\/comments?post=11309"}],"version-history":[{"count":21,"href":"https:\/\/alice.ch\/it\/wp-json\/wp\/v2\/pages\/11309\/revisions"}],"predecessor-version":[{"id":57344,"href":"https:\/\/alice.ch\/it\/wp-json\/wp\/v2\/pages\/11309\/revisions\/57344"}],"up":[{"embeddable":true,"href":"https:\/\/alice.ch\/it\/wp-json\/wp\/v2\/pages\/11300"}],"wp:featuredmedia":[{"embeddable":true,"href":"https:\/\/alice.ch\/it\/wp-json\/wp\/v2\/media\/20799"}],"wp:attachment":[{"href":"https:\/\/alice.ch\/it\/wp-json\/wp\/v2\/media?parent=11309"}],"curies":[{"name":"wp","href":"https:\/\/api.w.org\/{rel}","templated":true}]}}