{"id":11311,"date":"2022-08-16T16:56:19","date_gmt":"2022-08-16T14:56:19","guid":{"rendered":"https:\/\/projects.atxeit.ch\/sveb\/kursportal-weiterbildung-swiss\/"},"modified":"2023-12-08T11:38:57","modified_gmt":"2023-12-08T10:38:57","slug":"cercare-una-formazione-continua","status":"publish","type":"page","link":"https:\/\/alice.ch\/it\/servizi\/cercare-una-formazione-continua\/","title":{"rendered":"Cercare una formazione continua"},"content":{"rendered":"\n<div class=\"wp-block-group is-style-reduced-width is-layout-flow wp-block-group-is-layout-flow\">\n<h1 class=\"wp-block-heading\">Confrontare i corsi su formazionecontinua.swiss<\/h1>\n\n\n\n<p>formazionecontinua.swiss&nbsp;\u00e8 l&#8217;unica banca dati della Svizzera in cui chi \u00e8 alla ricerca di un&#8217;offerta formativa pu\u00f2 immediatamente e facilmente confrontare i diversi corsi disponibili. Si tratta di una funzione che aspira a portare chiarezza nella giungla della formazione continua: grazie a formazionecontinua.swiss \u00e8 infatti possibile confrontare non solamente prezzi e date iniziali, ma anche informazioni su contenuti e obiettivi dei corsi, nonch\u00e9 sugli eventuali certificati rilasciati. Le offerte risultano cos\u00ec facilmente confrontabili e la scelta della giusta formazione risulta facilitata. L&#8217;offerta comprende oltre 35&#8217;000 corsi fra offerte per il tempo libero e per la carriera.<\/p>\n\n\n\n<div class=\"wp-block-buttons is-layout-flex wp-block-buttons-is-layout-flex\">\n<div class=\"wp-block-button has-custom-width wp-block-button__width-50 is-style-outline is-style-outline--1\"><a class=\"wp-block-button__link wp-element-button\" href=\"https:\/\/www.formazionecontinua.swiss\/?content=Kurspublikation&amp;=it\" target=\"_blank\" rel=\"noreferrer noopener\">Pubblicare un corso<\/a><\/div>\n<\/div>\n\n\n\n<h2 class=\"wp-block-heading\">Maggiore qualit\u00e0 informativa delle presentazioni dei corsi<\/h2>\n\n\n\n<p>Il diffondersi di sempre pi\u00f9 motori di ricerca e piattaforme online non ha affatto reso pi\u00f9 semplice la ricerca della giusta formazione continua. Non soltanto resta difficile confrontare le varie offerte, ma spesso le presentazioni online non contengono le informazioni veramente rilevanti per la scelta di un corso. Per questo la FSEA, in collaborazione con esperti in formazione continua, ha individuato una serie di criteri di qualit\u00e0 che le presentazioni devono soddisfare in modo da risultare chiare e realmente informative.<\/p>\n\n\n\n<div class=\"wp-block-columns is-layout-flex wp-container-core-columns-is-layout-28f84493 wp-block-columns-is-layout-flex\">\n<div class=\"wp-block-column is-layout-flow wp-block-column-is-layout-flow\" style=\"flex-basis:50%\">\n<div class=\"wp-block-file\"><a id=\"wp-block-file--media-55047da4-5e21-4de7-b775-22e9233e6a83\" href=\"https:\/\/alice.ch\/app\/uploads\/2022\/11\/Criteri_di_trasparenza_per_la_pubblicazione_dei_corsi_Transparente_Kursausschreibung_I_01.pdf\" target=\"_blank\" rel=\"noreferrer noopener\">Criteri di trasparenza per le presentazioni dei corsi<br \/>PDF &#8211; 64 KB<\/a><\/div>\n<\/div>\n\n\n\n<div class=\"wp-block-column is-layout-flow wp-block-column-is-layout-flow\" style=\"flex-basis:50%\"><\/div>\n<\/div>\n\n\n\n<h2 class=\"wp-block-heading\">Contatto<\/h2>\n\n\n\n<div class=\"wp-block-columns is-layout-flex wp-container-core-columns-is-layout-28f84493 wp-block-columns-is-layout-flex\">\n<div class=\"wp-block-column is-layout-flow wp-block-column-is-layout-flow\" style=\"flex-basis:50%\"><div class=\"contact-persons\">\n\n\t\t\t\t\t<div class=\"contact-person\">\n\t\t\t\t\tFSEA Federazione svizzera per la formazione continua<br \/>\t\t\t\t\tSegretariato nazionale<br \/>\t\t\t\t\t<br \/>\n\t\t\t\t\tHardstrasse 235<br \/>\r\n8005 Zurigo<br \/>\t\t\t\t\t<a href=\"tel:+41 (0)44 319 71 71\">+41 (0)44 319 71 71<\/a><br \/>\t\t\t\t\t<a href=\"mailto:info@alice.ch\">info@alice.ch<\/a><br \/>\t\t\t\t\t<\/div>\n\t\t\t\t\t<\/div>\n<\/div>\n\n\n\n<div class=\"wp-block-column is-layout-flow wp-block-column-is-layout-flow\" style=\"flex-basis:50%\"><\/div>\n<\/div>\n<\/div>\n","protected":false},"excerpt":{"rendered":"<p>Confrontare i corsi su formazionecontinua.swiss formazionecontinua.swiss&nbsp;\u00e8 l&#8217;unica banca dati della Svizzera in cui chi \u00e8 alla ricerca di un&#8217;offerta formativa [&hellip;]<\/p>\n","protected":false},"author":2,"featured_media":20799,"parent":17423,"menu_order":126,"comment_status":"closed","ping_status":"closed","template":"","meta":{"_acf_changed":false,"inline_featured_image":false,"footnotes":""},"class_list":["post-11311","page","type-page","status-publish","has-post-thumbnail","hentry"],"acf":[],"yoast_head":"<!-- This site is optimized with the Yoast SEO plugin v27.3 - https:\/\/yoast.com\/product\/yoast-seo-wordpress\/ -->\n<title>Cercare una formazione continua - FSEA<\/title>\n<meta name=\"description\" content=\"Pubblicate le vostre offerte di formazione continua su continuingeducation.swiss, la banca dati dove potete confrontare le offerte.\" \/>\n<meta name=\"robots\" content=\"index, follow, max-snippet:-1, max-image-preview:large, max-video-preview:-1\" \/>\n<link rel=\"canonical\" href=\"https:\/\/alice.ch\/it\/servizi\/cercare-una-formazione-continua\/\" \/>\n<meta property=\"og:locale\" content=\"it_IT\" \/>\n<meta property=\"og:type\" content=\"article\" \/>\n<meta property=\"og:title\" content=\"Cercare una formazione continua - FSEA\" \/>\n<meta property=\"og:description\" content=\"Pubblicate le vostre offerte di formazione continua su continuingeducation.swiss, la banca dati dove potete confrontare le offerte.\" \/>\n<meta property=\"og:url\" content=\"https:\/\/alice.ch\/it\/servizi\/cercare-una-formazione-continua\/\" \/>\n<meta property=\"og:site_name\" content=\"SVEB\" \/>\n<meta property=\"article:modified_time\" content=\"2023-12-08T10:38:57+00:00\" \/>\n<meta name=\"twitter:card\" content=\"summary_large_image\" \/>\n<meta name=\"twitter:label1\" content=\"Tempo di lettura stimato\" \/>\n\t<meta name=\"twitter:data1\" content=\"2 minuti\" \/>\n<script type=\"application\/ld+json\" class=\"yoast-schema-graph\">{\"@context\":\"https:\\\/\\\/schema.org\",\"@graph\":[{\"@type\":\"WebPage\",\"@id\":\"https:\\\/\\\/alice.ch\\\/it\\\/servizi\\\/cercare-una-formazione-continua\\\/\",\"url\":\"https:\\\/\\\/alice.ch\\\/it\\\/servizi\\\/cercare-una-formazione-continua\\\/\",\"name\":\"Cercare una formazione continua - FSEA\",\"isPartOf\":{\"@id\":\"https:\\\/\\\/alice.ch\\\/it\\\/#website\"},\"primaryImageOfPage\":{\"@id\":\"https:\\\/\\\/alice.ch\\\/it\\\/servizi\\\/cercare-una-formazione-continua\\\/#primaryimage\"},\"image\":{\"@id\":\"https:\\\/\\\/alice.ch\\\/it\\\/servizi\\\/cercare-una-formazione-continua\\\/#primaryimage\"},\"thumbnailUrl\":\"https:\\\/\\\/alice.ch\\\/app\\\/uploads\\\/2022\\\/11\\\/default.jpg\",\"datePublished\":\"2022-08-16T14:56:19+00:00\",\"dateModified\":\"2023-12-08T10:38:57+00:00\",\"description\":\"Pubblicate le vostre offerte di formazione continua su continuingeducation.swiss, la banca dati dove potete confrontare le offerte.\",\"breadcrumb\":{\"@id\":\"https:\\\/\\\/alice.ch\\\/it\\\/servizi\\\/cercare-una-formazione-continua\\\/#breadcrumb\"},\"inLanguage\":\"it-IT\",\"potentialAction\":[{\"@type\":\"ReadAction\",\"target\":[\"https:\\\/\\\/alice.ch\\\/it\\\/servizi\\\/cercare-una-formazione-continua\\\/\"]}]},{\"@type\":\"ImageObject\",\"inLanguage\":\"it-IT\",\"@id\":\"https:\\\/\\\/alice.ch\\\/it\\\/servizi\\\/cercare-una-formazione-continua\\\/#primaryimage\",\"url\":\"https:\\\/\\\/alice.ch\\\/app\\\/uploads\\\/2022\\\/11\\\/default.jpg\",\"contentUrl\":\"https:\\\/\\\/alice.ch\\\/app\\\/uploads\\\/2022\\\/11\\\/default.jpg\",\"width\":1600,\"height\":900},{\"@type\":\"BreadcrumbList\",\"@id\":\"https:\\\/\\\/alice.ch\\\/it\\\/servizi\\\/cercare-una-formazione-continua\\\/#breadcrumb\",\"itemListElement\":[{\"@type\":\"ListItem\",\"position\":1,\"name\":\"Pagina iniziale\",\"item\":\"https:\\\/\\\/alice.ch\\\/it\\\/\"},{\"@type\":\"ListItem\",\"position\":2,\"name\":\"Servizi\",\"item\":\"https:\\\/\\\/alice.ch\\\/it\\\/servizi\\\/\"},{\"@type\":\"ListItem\",\"position\":3,\"name\":\"Cercare una formazione continua\"}]},{\"@type\":\"WebSite\",\"@id\":\"https:\\\/\\\/alice.ch\\\/it\\\/#website\",\"url\":\"https:\\\/\\\/alice.ch\\\/it\\\/\",\"name\":\"alice.ch (Adult Learning Information Center) ist das Portal der Weiterbildung in der Schweiz.\",\"description\":\"Schweizerischer Verband f\u00fcr Weiterbildung\",\"publisher\":{\"@id\":\"https:\\\/\\\/alice.ch\\\/it\\\/#organization\"},\"potentialAction\":[{\"@type\":\"SearchAction\",\"target\":{\"@type\":\"EntryPoint\",\"urlTemplate\":\"https:\\\/\\\/alice.ch\\\/it\\\/?s={search_term_string}\"},\"query-input\":{\"@type\":\"PropertyValueSpecification\",\"valueRequired\":true,\"valueName\":\"search_term_string\"}}],\"inLanguage\":\"it-IT\"},{\"@type\":\"Organization\",\"@id\":\"https:\\\/\\\/alice.ch\\\/it\\\/#organization\",\"name\":\"FSEA Federazione svizzera per la formazione continua\",\"url\":\"https:\\\/\\\/alice.ch\\\/it\\\/\",\"logo\":{\"@type\":\"ImageObject\",\"inLanguage\":\"it-IT\",\"@id\":\"https:\\\/\\\/alice.ch\\\/it\\\/#\\\/schema\\\/logo\\\/image\\\/\",\"url\":\"https:\\\/\\\/alice.ch\\\/app\\\/uploads\\\/2022\\\/07\\\/logo-sveb.png\",\"contentUrl\":\"https:\\\/\\\/alice.ch\\\/app\\\/uploads\\\/2022\\\/07\\\/logo-sveb.png\",\"width\":145,\"height\":64,\"caption\":\"FSEA Federazione svizzera per la formazione continua\"},\"image\":{\"@id\":\"https:\\\/\\\/alice.ch\\\/it\\\/#\\\/schema\\\/logo\\\/image\\\/\"},\"sameAs\":[\"https:\\\/\\\/www.linkedin.com\\\/company\\\/schweizerischer-verband-fr-weiterbildung-sveb\\\/\"]}]}<\/script>\n<!-- \/ Yoast SEO plugin. -->","yoast_head_json":{"title":"Cercare una formazione continua - FSEA","description":"Pubblicate le vostre offerte di formazione continua su continuingeducation.swiss, la banca dati dove potete confrontare le offerte.","robots":{"index":"index","follow":"follow","max-snippet":"max-snippet:-1","max-image-preview":"max-image-preview:large","max-video-preview":"max-video-preview:-1"},"canonical":"https:\/\/alice.ch\/it\/servizi\/cercare-una-formazione-continua\/","og_locale":"it_IT","og_type":"article","og_title":"Cercare una formazione continua - FSEA","og_description":"Pubblicate le vostre offerte di formazione continua su continuingeducation.swiss, la banca dati dove potete confrontare le offerte.","og_url":"https:\/\/alice.ch\/it\/servizi\/cercare-una-formazione-continua\/","og_site_name":"SVEB","article_modified_time":"2023-12-08T10:38:57+00:00","twitter_card":"summary_large_image","twitter_misc":{"Tempo di lettura stimato":"2 minuti"},"schema":{"@context":"https:\/\/schema.org","@graph":[{"@type":"WebPage","@id":"https:\/\/alice.ch\/it\/servizi\/cercare-una-formazione-continua\/","url":"https:\/\/alice.ch\/it\/servizi\/cercare-una-formazione-continua\/","name":"Cercare una formazione continua - FSEA","isPartOf":{"@id":"https:\/\/alice.ch\/it\/#website"},"primaryImageOfPage":{"@id":"https:\/\/alice.ch\/it\/servizi\/cercare-una-formazione-continua\/#primaryimage"},"image":{"@id":"https:\/\/alice.ch\/it\/servizi\/cercare-una-formazione-continua\/#primaryimage"},"thumbnailUrl":"https:\/\/alice.ch\/app\/uploads\/2022\/11\/default.jpg","datePublished":"2022-08-16T14:56:19+00:00","dateModified":"2023-12-08T10:38:57+00:00","description":"Pubblicate le vostre offerte di formazione continua su continuingeducation.swiss, la banca dati dove potete confrontare le offerte.","breadcrumb":{"@id":"https:\/\/alice.ch\/it\/servizi\/cercare-una-formazione-continua\/#breadcrumb"},"inLanguage":"it-IT","potentialAction":[{"@type":"ReadAction","target":["https:\/\/alice.ch\/it\/servizi\/cercare-una-formazione-continua\/"]}]},{"@type":"ImageObject","inLanguage":"it-IT","@id":"https:\/\/alice.ch\/it\/servizi\/cercare-una-formazione-continua\/#primaryimage","url":"https:\/\/alice.ch\/app\/uploads\/2022\/11\/default.jpg","contentUrl":"https:\/\/alice.ch\/app\/uploads\/2022\/11\/default.jpg","width":1600,"height":900},{"@type":"BreadcrumbList","@id":"https:\/\/alice.ch\/it\/servizi\/cercare-una-formazione-continua\/#breadcrumb","itemListElement":[{"@type":"ListItem","position":1,"name":"Pagina iniziale","item":"https:\/\/alice.ch\/it\/"},{"@type":"ListItem","position":2,"name":"Servizi","item":"https:\/\/alice.ch\/it\/servizi\/"},{"@type":"ListItem","position":3,"name":"Cercare una formazione continua"}]},{"@type":"WebSite","@id":"https:\/\/alice.ch\/it\/#website","url":"https:\/\/alice.ch\/it\/","name":"alice.ch (Adult Learning Information Center) ist das Portal der Weiterbildung in der Schweiz.","description":"Schweizerischer Verband f\u00fcr Weiterbildung","publisher":{"@id":"https:\/\/alice.ch\/it\/#organization"},"potentialAction":[{"@type":"SearchAction","target":{"@type":"EntryPoint","urlTemplate":"https:\/\/alice.ch\/it\/?s={search_term_string}"},"query-input":{"@type":"PropertyValueSpecification","valueRequired":true,"valueName":"search_term_string"}}],"inLanguage":"it-IT"},{"@type":"Organization","@id":"https:\/\/alice.ch\/it\/#organization","name":"FSEA Federazione svizzera per la formazione continua","url":"https:\/\/alice.ch\/it\/","logo":{"@type":"ImageObject","inLanguage":"it-IT","@id":"https:\/\/alice.ch\/it\/#\/schema\/logo\/image\/","url":"https:\/\/alice.ch\/app\/uploads\/2022\/07\/logo-sveb.png","contentUrl":"https:\/\/alice.ch\/app\/uploads\/2022\/07\/logo-sveb.png","width":145,"height":64,"caption":"FSEA Federazione svizzera per la formazione continua"},"image":{"@id":"https:\/\/alice.ch\/it\/#\/schema\/logo\/image\/"},"sameAs":["https:\/\/www.linkedin.com\/company\/schweizerischer-verband-fr-weiterbildung-sveb\/"]}]}},"_links":{"self":[{"href":"https:\/\/alice.ch\/it\/wp-json\/wp\/v2\/pages\/11311","targetHints":{"allow":["GET"]}}],"collection":[{"href":"https:\/\/alice.ch\/it\/wp-json\/wp\/v2\/pages"}],"about":[{"href":"https:\/\/alice.ch\/it\/wp-json\/wp\/v2\/types\/page"}],"author":[{"embeddable":true,"href":"https:\/\/alice.ch\/it\/wp-json\/wp\/v2\/users\/2"}],"replies":[{"embeddable":true,"href":"https:\/\/alice.ch\/it\/wp-json\/wp\/v2\/comments?post=11311"}],"version-history":[{"count":7,"href":"https:\/\/alice.ch\/it\/wp-json\/wp\/v2\/pages\/11311\/revisions"}],"predecessor-version":[{"id":52553,"href":"https:\/\/alice.ch\/it\/wp-json\/wp\/v2\/pages\/11311\/revisions\/52553"}],"up":[{"embeddable":true,"href":"https:\/\/alice.ch\/it\/wp-json\/wp\/v2\/pages\/17423"}],"wp:featuredmedia":[{"embeddable":true,"href":"https:\/\/alice.ch\/it\/wp-json\/wp\/v2\/media\/20799"}],"wp:attachment":[{"href":"https:\/\/alice.ch\/it\/wp-json\/wp\/v2\/media?parent=11311"}],"curies":[{"name":"wp","href":"https:\/\/api.w.org\/{rel}","templated":true}]}}