{"id":11317,"date":"2022-08-16T16:59:26","date_gmt":"2022-08-16T14:59:26","guid":{"rendered":"https:\/\/projects.atxeit.ch\/sveb\/gutscheinprojekte-des-sveb\/kanton-freiburg\/"},"modified":"2023-12-11T09:03:11","modified_gmt":"2023-12-11T08:03:11","slug":"canton-friburgo","status":"publish","type":"page","link":"https:\/\/alice.ch\/it\/servizi\/progetti-di-buoni-fsea\/canton-friburgo\/","title":{"rendered":"Canton Friburgo"},"content":{"rendered":"\n<div class=\"wp-block-group is-style-reduced-width is-layout-flow wp-block-group-is-layout-flow\">\n<h1 class=\"wp-block-heading\">Progetto buoni di formazione del Canton Friburgo<\/h1>\n\n\n\n<h2 class=\"wp-block-heading\">Buoni per la formazione continua per le persone con scarse competenze di base<\/h2>\n\n\n\n<p>Nel Canton Friburgo, le persone con scarse competenze di base possono scaricare online il loro buono di formazione continua e riscattarlo presso un ente di formazione. Il processo \u00e8 semplice e a bassa soglia. Qualsiasi persona disposta a compilare un\u2019autodichiarazione online e che soddisfi i criteri del progetto pu\u00f2 ottenere il buono.<\/p>\n\n\n\n<h3 class=\"wp-block-heading\">Descrizione del progetto<\/h3>\n\n\n\n<p>Il progetto pilota \u00e8 una cooperazione tra la&nbsp;<a href=\"https:\/\/www.leggere-scrivere-svizzera.ch\/index.cfm\" target=\"_blank\" rel=\"noreferrer noopener\">Federazione svizzera Leggere e Scrivere<\/a>&nbsp;e la FSEA. Come il Canton Lucerna, che da due anni sta realizzando con successo un progetto simile, anche il Canton Friburgo mira ad aiutare le persone a migliorare le proprie competenze in ambito di lettura, scrittura, matematica e utilizzo del computer attraverso l\u2019assegnazione di buoni per corsi di competenze di base. Un buono ha un valore di 500 CHF e ogni persona pu\u00f2 beneficiare di un buono per anno solare.<\/p>\n\n\n\n<h3 class=\"wp-block-heading\">Trattamento del buono<\/h3>\n\n\n\n<p>I buoni possono essere scaricati e stampati dal sito&nbsp;<a href=\"https:\/\/www.simplement-mieux.ch\/kanton_freiburg_einstieg.cfm\" target=\"_blank\" rel=\"noreferrer noopener\">meglio-adesso<\/a>&nbsp;(attualmente solo in tedesco). Il sito web elenca anche tutte le offerte di corsi per i quali il buono \u00e8 valido. Dell&#8217;amministrazione dei buoni si occupa la FSEA: rimborsa agli enti di formazione il valore del buono e fattura mensilmente al Canton Friburgo gli importi dei buoni convalidati.<\/p>\n\n\n\n<h3 class=\"wp-block-heading\">Pubblico target<\/h3>\n\n\n\n<p>In linea di principio, il progetto si rivolge alle persone con scarse competenze di base. Questo include persone senza qualifiche professionali o, per esempio, settori con i salari pi\u00f9 bassi e con carenze nell\u2019uso delle moderne tecnologie digitali, ma anche adulti con un background migratorio.<\/p>\n\n\n\n<p>I partecipanti possono essere persone:<\/p>\n\n\n\n<ul class=\"wp-block-list\">\n<li>occupabili tra i 18 e i 65 anni,<\/li>\n\n\n\n<li>in grado di comunicare in tedesco (livello A2 o superiore),<\/li>\n\n\n\n<li>residenti nel Canton Friburgo,<\/li>\n\n\n\n<li>che non sono nella formazione secondaria superiore (apprendistato, misure di transizione).<\/li>\n<\/ul>\n\n\n\n<h3 class=\"wp-block-heading\">Partner<\/h3>\n\n\n\n<p>Il progetto \u00e8 stato sviluppato dal Canton Friburgo in collaborazione con la&nbsp;<a href=\"https:\/\/alice.ch\/it\/fsea\/\">Federazione svizzera per la formazione continua (FSEA)<\/a>&nbsp;e la&nbsp;<a href=\"https:\/\/www.leggere-scrivere-svizzera.ch\/index.cfm\" target=\"_blank\" rel=\"noreferrer noopener\">Federazione svizzera Leggere e Scrivere<\/a>, anche usando le sinergie derivanti dalla campagna nazionale&nbsp;<a href=\"https:\/\/www.meglio-adesso.ch\/index.cfm\" target=\"_blank\" rel=\"noreferrer noopener\">&#8220;Semplicemente meglio&#8230;! Leggere. Scrivere. Calcolare. Computer&#8221;<\/a>.<\/p>\n\n\n\n<h3 class=\"wp-block-heading\">Basi<\/h3>\n\n\n\n<p>Secondo le stime, ci sono circa 41\u2019000 adulti nel Canton Friburgo che hanno scarse competenze di base. Il Canton Friburgo li aiuta attraverso l\u2019assegnazione di buoni di formazione.<\/p>\n\n\n\n<h3 class=\"wp-block-heading\">Inizio del progetto<\/h3>\n\n\n\n<p>Il Canton Friburgo emette buoni per i corsi nell\u2019ambito delle competenze di base da marzo 2022. L&#8217;obiettivo \u00e8 quello di migliorare l&#8217;occupabilit\u00e0 del gruppo target. Con occupabilit\u00e0 si intende la capacit\u00e0 di (re)integrarsi e di stare al passo con il mercato del lavoro che cambia.<\/p>\n\n\n\n<h2 class=\"wp-block-heading\">Contatto<\/h2>\n\n\n\n<div class=\"wp-block-columns is-layout-flex wp-container-core-columns-is-layout-28f84493 wp-block-columns-is-layout-flex\">\n<div class=\"wp-block-column is-layout-flow wp-block-column-is-layout-flow\" style=\"flex-basis:50%\"><div class=\"contact-persons\">\n\n\t\t\t\t\t<div class=\"contact-person\">\n\t\t\t\t\tBirte Theiler<br \/>\t\t\t\t\tResponsabile del settore buoni di formazione<br \/>\t\t\t\t\t<br \/>\n\t\t\t\t\t\t\t\t\t\t<a href=\"tel:+41 (0)44 319 71 57\">+41 (0)44 319 71 57<\/a><br \/>\t\t\t\t\t<a href=\"mailto:birte.theiler@alice.ch\">birte.theiler@alice.ch<\/a><br \/>\t\t\t\t\t<\/div>\n\t\t\t\t\t<\/div>\n<\/div>\n\n\n\n<div class=\"wp-block-column is-layout-flow wp-block-column-is-layout-flow\" style=\"flex-basis:50%\"><\/div>\n<\/div>\n<\/div>\n","protected":false},"excerpt":{"rendered":"<p>Progetto buoni di formazione del Canton Friburgo Buoni per la formazione continua per le persone con scarse competenze di base [&hellip;]<\/p>\n","protected":false},"author":4,"featured_media":20799,"parent":11313,"menu_order":148,"comment_status":"closed","ping_status":"closed","template":"","meta":{"_acf_changed":false,"inline_featured_image":false,"footnotes":""},"class_list":["post-11317","page","type-page","status-publish","has-post-thumbnail","hentry"],"acf":[],"yoast_head":"<!-- This site is optimized with the Yoast SEO plugin v27.3 - https:\/\/yoast.com\/product\/yoast-seo-wordpress\/ -->\n<title>Canton Friburgo - FSEA<\/title>\n<meta name=\"description\" content=\"Chi pu\u00f2 ottenere i voucher di formazione continua nel Cantone di Friburgo, dove si possono ottenere e qual \u00e8 il contesto del progetto.\" \/>\n<meta name=\"robots\" content=\"index, follow, max-snippet:-1, max-image-preview:large, max-video-preview:-1\" \/>\n<link rel=\"canonical\" href=\"https:\/\/alice.ch\/it\/servizi\/progetti-di-buoni-fsea\/canton-friburgo\/\" \/>\n<meta property=\"og:locale\" content=\"it_IT\" \/>\n<meta property=\"og:type\" content=\"article\" \/>\n<meta property=\"og:title\" content=\"Canton Friburgo - FSEA\" \/>\n<meta property=\"og:description\" content=\"Chi pu\u00f2 ottenere i voucher di formazione continua nel Cantone di Friburgo, dove si possono ottenere e qual \u00e8 il contesto del progetto.\" \/>\n<meta property=\"og:url\" content=\"https:\/\/alice.ch\/it\/servizi\/progetti-di-buoni-fsea\/canton-friburgo\/\" \/>\n<meta property=\"og:site_name\" content=\"SVEB\" \/>\n<meta property=\"article:modified_time\" content=\"2023-12-11T08:03:11+00:00\" \/>\n<meta name=\"twitter:card\" content=\"summary_large_image\" \/>\n<meta name=\"twitter:label1\" content=\"Tempo di lettura stimato\" \/>\n\t<meta name=\"twitter:data1\" content=\"3 minuti\" \/>\n<script type=\"application\/ld+json\" class=\"yoast-schema-graph\">{\"@context\":\"https:\\\/\\\/schema.org\",\"@graph\":[{\"@type\":\"WebPage\",\"@id\":\"https:\\\/\\\/alice.ch\\\/it\\\/servizi\\\/progetti-di-buoni-fsea\\\/canton-friburgo\\\/\",\"url\":\"https:\\\/\\\/alice.ch\\\/it\\\/servizi\\\/progetti-di-buoni-fsea\\\/canton-friburgo\\\/\",\"name\":\"Canton Friburgo - FSEA\",\"isPartOf\":{\"@id\":\"https:\\\/\\\/alice.ch\\\/it\\\/#website\"},\"primaryImageOfPage\":{\"@id\":\"https:\\\/\\\/alice.ch\\\/it\\\/servizi\\\/progetti-di-buoni-fsea\\\/canton-friburgo\\\/#primaryimage\"},\"image\":{\"@id\":\"https:\\\/\\\/alice.ch\\\/it\\\/servizi\\\/progetti-di-buoni-fsea\\\/canton-friburgo\\\/#primaryimage\"},\"thumbnailUrl\":\"https:\\\/\\\/alice.ch\\\/app\\\/uploads\\\/2022\\\/11\\\/default.jpg\",\"datePublished\":\"2022-08-16T14:59:26+00:00\",\"dateModified\":\"2023-12-11T08:03:11+00:00\",\"description\":\"Chi pu\u00f2 ottenere i voucher di formazione continua nel Cantone di Friburgo, dove si possono ottenere e qual \u00e8 il contesto del progetto.\",\"breadcrumb\":{\"@id\":\"https:\\\/\\\/alice.ch\\\/it\\\/servizi\\\/progetti-di-buoni-fsea\\\/canton-friburgo\\\/#breadcrumb\"},\"inLanguage\":\"it-IT\",\"potentialAction\":[{\"@type\":\"ReadAction\",\"target\":[\"https:\\\/\\\/alice.ch\\\/it\\\/servizi\\\/progetti-di-buoni-fsea\\\/canton-friburgo\\\/\"]}]},{\"@type\":\"ImageObject\",\"inLanguage\":\"it-IT\",\"@id\":\"https:\\\/\\\/alice.ch\\\/it\\\/servizi\\\/progetti-di-buoni-fsea\\\/canton-friburgo\\\/#primaryimage\",\"url\":\"https:\\\/\\\/alice.ch\\\/app\\\/uploads\\\/2022\\\/11\\\/default.jpg\",\"contentUrl\":\"https:\\\/\\\/alice.ch\\\/app\\\/uploads\\\/2022\\\/11\\\/default.jpg\",\"width\":1600,\"height\":900},{\"@type\":\"BreadcrumbList\",\"@id\":\"https:\\\/\\\/alice.ch\\\/it\\\/servizi\\\/progetti-di-buoni-fsea\\\/canton-friburgo\\\/#breadcrumb\",\"itemListElement\":[{\"@type\":\"ListItem\",\"position\":1,\"name\":\"Pagina iniziale\",\"item\":\"https:\\\/\\\/alice.ch\\\/it\\\/\"},{\"@type\":\"ListItem\",\"position\":2,\"name\":\"Servizi\",\"item\":\"https:\\\/\\\/alice.ch\\\/it\\\/servizi\\\/\"},{\"@type\":\"ListItem\",\"position\":3,\"name\":\"Progetti di buoni FSEA\",\"item\":\"https:\\\/\\\/alice.ch\\\/it\\\/servizi\\\/progetti-di-buoni-fsea\\\/\"},{\"@type\":\"ListItem\",\"position\":4,\"name\":\"Canton Friburgo\"}]},{\"@type\":\"WebSite\",\"@id\":\"https:\\\/\\\/alice.ch\\\/it\\\/#website\",\"url\":\"https:\\\/\\\/alice.ch\\\/it\\\/\",\"name\":\"alice.ch (Adult Learning Information Center) ist das Portal der Weiterbildung in der Schweiz.\",\"description\":\"Schweizerischer Verband f\u00fcr Weiterbildung\",\"publisher\":{\"@id\":\"https:\\\/\\\/alice.ch\\\/it\\\/#organization\"},\"potentialAction\":[{\"@type\":\"SearchAction\",\"target\":{\"@type\":\"EntryPoint\",\"urlTemplate\":\"https:\\\/\\\/alice.ch\\\/it\\\/?s={search_term_string}\"},\"query-input\":{\"@type\":\"PropertyValueSpecification\",\"valueRequired\":true,\"valueName\":\"search_term_string\"}}],\"inLanguage\":\"it-IT\"},{\"@type\":\"Organization\",\"@id\":\"https:\\\/\\\/alice.ch\\\/it\\\/#organization\",\"name\":\"FSEA Federazione svizzera per la formazione continua\",\"url\":\"https:\\\/\\\/alice.ch\\\/it\\\/\",\"logo\":{\"@type\":\"ImageObject\",\"inLanguage\":\"it-IT\",\"@id\":\"https:\\\/\\\/alice.ch\\\/it\\\/#\\\/schema\\\/logo\\\/image\\\/\",\"url\":\"https:\\\/\\\/alice.ch\\\/app\\\/uploads\\\/2022\\\/07\\\/logo-sveb.png\",\"contentUrl\":\"https:\\\/\\\/alice.ch\\\/app\\\/uploads\\\/2022\\\/07\\\/logo-sveb.png\",\"width\":145,\"height\":64,\"caption\":\"FSEA Federazione svizzera per la formazione continua\"},\"image\":{\"@id\":\"https:\\\/\\\/alice.ch\\\/it\\\/#\\\/schema\\\/logo\\\/image\\\/\"},\"sameAs\":[\"https:\\\/\\\/www.linkedin.com\\\/company\\\/schweizerischer-verband-fr-weiterbildung-sveb\\\/\"]}]}<\/script>\n<!-- \/ Yoast SEO plugin. -->","yoast_head_json":{"title":"Canton Friburgo - FSEA","description":"Chi pu\u00f2 ottenere i voucher di formazione continua nel Cantone di Friburgo, dove si possono ottenere e qual \u00e8 il contesto del progetto.","robots":{"index":"index","follow":"follow","max-snippet":"max-snippet:-1","max-image-preview":"max-image-preview:large","max-video-preview":"max-video-preview:-1"},"canonical":"https:\/\/alice.ch\/it\/servizi\/progetti-di-buoni-fsea\/canton-friburgo\/","og_locale":"it_IT","og_type":"article","og_title":"Canton Friburgo - FSEA","og_description":"Chi pu\u00f2 ottenere i voucher di formazione continua nel Cantone di Friburgo, dove si possono ottenere e qual \u00e8 il contesto del progetto.","og_url":"https:\/\/alice.ch\/it\/servizi\/progetti-di-buoni-fsea\/canton-friburgo\/","og_site_name":"SVEB","article_modified_time":"2023-12-11T08:03:11+00:00","twitter_card":"summary_large_image","twitter_misc":{"Tempo di lettura stimato":"3 minuti"},"schema":{"@context":"https:\/\/schema.org","@graph":[{"@type":"WebPage","@id":"https:\/\/alice.ch\/it\/servizi\/progetti-di-buoni-fsea\/canton-friburgo\/","url":"https:\/\/alice.ch\/it\/servizi\/progetti-di-buoni-fsea\/canton-friburgo\/","name":"Canton Friburgo - FSEA","isPartOf":{"@id":"https:\/\/alice.ch\/it\/#website"},"primaryImageOfPage":{"@id":"https:\/\/alice.ch\/it\/servizi\/progetti-di-buoni-fsea\/canton-friburgo\/#primaryimage"},"image":{"@id":"https:\/\/alice.ch\/it\/servizi\/progetti-di-buoni-fsea\/canton-friburgo\/#primaryimage"},"thumbnailUrl":"https:\/\/alice.ch\/app\/uploads\/2022\/11\/default.jpg","datePublished":"2022-08-16T14:59:26+00:00","dateModified":"2023-12-11T08:03:11+00:00","description":"Chi pu\u00f2 ottenere i voucher di formazione continua nel Cantone di Friburgo, dove si possono ottenere e qual \u00e8 il contesto del progetto.","breadcrumb":{"@id":"https:\/\/alice.ch\/it\/servizi\/progetti-di-buoni-fsea\/canton-friburgo\/#breadcrumb"},"inLanguage":"it-IT","potentialAction":[{"@type":"ReadAction","target":["https:\/\/alice.ch\/it\/servizi\/progetti-di-buoni-fsea\/canton-friburgo\/"]}]},{"@type":"ImageObject","inLanguage":"it-IT","@id":"https:\/\/alice.ch\/it\/servizi\/progetti-di-buoni-fsea\/canton-friburgo\/#primaryimage","url":"https:\/\/alice.ch\/app\/uploads\/2022\/11\/default.jpg","contentUrl":"https:\/\/alice.ch\/app\/uploads\/2022\/11\/default.jpg","width":1600,"height":900},{"@type":"BreadcrumbList","@id":"https:\/\/alice.ch\/it\/servizi\/progetti-di-buoni-fsea\/canton-friburgo\/#breadcrumb","itemListElement":[{"@type":"ListItem","position":1,"name":"Pagina iniziale","item":"https:\/\/alice.ch\/it\/"},{"@type":"ListItem","position":2,"name":"Servizi","item":"https:\/\/alice.ch\/it\/servizi\/"},{"@type":"ListItem","position":3,"name":"Progetti di buoni FSEA","item":"https:\/\/alice.ch\/it\/servizi\/progetti-di-buoni-fsea\/"},{"@type":"ListItem","position":4,"name":"Canton Friburgo"}]},{"@type":"WebSite","@id":"https:\/\/alice.ch\/it\/#website","url":"https:\/\/alice.ch\/it\/","name":"alice.ch (Adult Learning Information Center) ist das Portal der Weiterbildung in der Schweiz.","description":"Schweizerischer Verband f\u00fcr Weiterbildung","publisher":{"@id":"https:\/\/alice.ch\/it\/#organization"},"potentialAction":[{"@type":"SearchAction","target":{"@type":"EntryPoint","urlTemplate":"https:\/\/alice.ch\/it\/?s={search_term_string}"},"query-input":{"@type":"PropertyValueSpecification","valueRequired":true,"valueName":"search_term_string"}}],"inLanguage":"it-IT"},{"@type":"Organization","@id":"https:\/\/alice.ch\/it\/#organization","name":"FSEA Federazione svizzera per la formazione continua","url":"https:\/\/alice.ch\/it\/","logo":{"@type":"ImageObject","inLanguage":"it-IT","@id":"https:\/\/alice.ch\/it\/#\/schema\/logo\/image\/","url":"https:\/\/alice.ch\/app\/uploads\/2022\/07\/logo-sveb.png","contentUrl":"https:\/\/alice.ch\/app\/uploads\/2022\/07\/logo-sveb.png","width":145,"height":64,"caption":"FSEA Federazione svizzera per la formazione continua"},"image":{"@id":"https:\/\/alice.ch\/it\/#\/schema\/logo\/image\/"},"sameAs":["https:\/\/www.linkedin.com\/company\/schweizerischer-verband-fr-weiterbildung-sveb\/"]}]}},"_links":{"self":[{"href":"https:\/\/alice.ch\/it\/wp-json\/wp\/v2\/pages\/11317","targetHints":{"allow":["GET"]}}],"collection":[{"href":"https:\/\/alice.ch\/it\/wp-json\/wp\/v2\/pages"}],"about":[{"href":"https:\/\/alice.ch\/it\/wp-json\/wp\/v2\/types\/page"}],"author":[{"embeddable":true,"href":"https:\/\/alice.ch\/it\/wp-json\/wp\/v2\/users\/4"}],"replies":[{"embeddable":true,"href":"https:\/\/alice.ch\/it\/wp-json\/wp\/v2\/comments?post=11317"}],"version-history":[{"count":4,"href":"https:\/\/alice.ch\/it\/wp-json\/wp\/v2\/pages\/11317\/revisions"}],"predecessor-version":[{"id":56687,"href":"https:\/\/alice.ch\/it\/wp-json\/wp\/v2\/pages\/11317\/revisions\/56687"}],"up":[{"embeddable":true,"href":"https:\/\/alice.ch\/it\/wp-json\/wp\/v2\/pages\/11313"}],"wp:featuredmedia":[{"embeddable":true,"href":"https:\/\/alice.ch\/it\/wp-json\/wp\/v2\/media\/20799"}],"wp:attachment":[{"href":"https:\/\/alice.ch\/it\/wp-json\/wp\/v2\/media?parent=11317"}],"curies":[{"name":"wp","href":"https:\/\/api.w.org\/{rel}","templated":true}]}}