{"id":11387,"date":"2022-08-16T16:23:05","date_gmt":"2022-08-16T14:23:05","guid":{"rendered":"https:\/\/projects.atxeit.ch\/sveb\/geschaeftsstellen-standorte\/"},"modified":"2023-12-11T16:54:26","modified_gmt":"2023-12-11T15:54:26","slug":"segretariati","status":"publish","type":"page","link":"https:\/\/alice.ch\/it\/fsea-it\/segretariati\/","title":{"rendered":"Segretariati"},"content":{"rendered":"\n<div class=\"wp-block-group is-style-reduced-width is-layout-flow wp-block-group-is-layout-flow\">\n<h1 class=\"wp-block-heading\">Rappresentati nelle tre regioni linguistiche<\/h1>\n\n\n\n<p class=\"is-style-lead\">Come associazione mantello della formazione continua svizzera le nostre sedi sono presenti in tutte e tre le regioni linguistiche.<\/p>\n\n\n\n<p>Il segretariato nazionale ha sede a Zurigo, il segretariato regionale della romandia a Losanna e il segretariato della Svizzera italiana a Lugano.<\/p>\n\n\n\n<h2 class=\"wp-block-heading\">Segretariato nazionale<\/h2>\n\n\n\n<p>Il segretariato generale di Zurigo si occupa di rappresentare gli interessi e le questioni della politica della formazione come pure la professionalizzazione della formazione. Siamo anche segretariati nazionali della formazione per formatrici\/formatori di adulti e di eduQua.&nbsp;<\/p>\n\n\n\n<p>Circa 25 collaboratori e collaboratrici gestiscono progetti nazionali e internazionali, sviluppano reti diverse e gestiscono servizi rivolti al pubblico. Sviluppano concetti, studi o progetti innovativi per la promozione della formazione continua. Il segretariato nazionale tratta tutti gli argomenti legati alla formazione continua; la professionalizzazione, la qualit\u00e0 e le competenze di base sono per\u00f2 temi centrali. Inoltre, lavorano sullo sviluppo della formazione continua e la sua professionalizzazione a livello nazionale e internazionale. Pubblicano i risultati delle ricerche.&nbsp;<\/p>\n\n\n\n<h2 class=\"wp-block-heading\">FSEA Romanda<\/h2>\n\n\n\n<p>La Svizzera romanda ha un segretariato regionale della FSEA che si occupa degli stessi temi trattati dal segretariato nazionale. La FSEA romanda \u00e8 attiva anche a livello regionale, e tra i punti di forza del segretariato regionale di lingua francese ci sono le reti di contatti. Negli ultimi anni sono state instaurate due reti regionali che coinvolgono gli attori principali della formazione continua della Svizzera occidentale. La prima coinvolge i formatori&nbsp;e la seconda gli esperti nell\u2019ambito delle competenze di base. Attualmente in costruzione \u00e8 invece la rete di attori che si occupano dello sviluppo della qualit\u00e0.&nbsp;<\/p>\n\n\n\n<h2 class=\"wp-block-heading\">FSEA Ticino e Conferenza della Svizzera italiana per la formazione continua degli adulti<\/h2>\n\n\n\n<p>Fino al 2000, la FSEA non era presente con una sua antenna nella regione svizzera di lingua italiana. Nel gennaio 2000, appoggiandosi al Segretariato della Conferenza della Svizzera italiana per la formazione degli adulti (CFC), la FSEA ha aperto un suo segretariato a sud delle Alpi. Dal 2001, con accettazione dell&#8217;assemblea dei soci CFC, il comitato direttivo della CFC ha pure assunto la funzione di Commissione regionale di lingua italiana della Federazione svizzera per la formazione continua (FSEA).<\/p>\n\n\n\n<p>La Conferenza della Svizzera italiana per la formazione continua degli adulti (CFC) \u00e8 l&#8217;associazione mantello della formazione continua degli adulti nella Svizzera italiana. La CFC \u00e8 un luogo di coordinamento e di scambio d&#8217;informazioni per tutte le esperte e tutti gli esperti e responsabili della formazione continua degli adulti. Le sue attivit\u00e0 sono sostenute dalla Divisione della formazione professionale del Canton Ticino (DFP).<\/p>\n\n\n\n<div class=\"wp-block-columns is-layout-flex wp-container-core-columns-is-layout-28f84493 wp-block-columns-is-layout-flex\">\n<div class=\"wp-block-column is-layout-flow wp-block-column-is-layout-flow\">\n<div class=\"wp-block-buttons is-layout-flex wp-block-buttons-is-layout-flex\">\n<div class=\"wp-block-button has-custom-width wp-block-button__width-100 is-style-outline is-style-outline--1\"><a class=\"wp-block-button__link wp-element-button\" href=\"http:\/\/www.conferenzacfc.ch\/\" target=\"_blank\" rel=\"noreferrer noopener\">www.conferenzacfc.ch<\/a><\/div>\n<\/div>\n<\/div>\n\n\n\n<div class=\"wp-block-column is-layout-flow wp-block-column-is-layout-flow\"><\/div>\n<\/div>\n\n\n\n<h2 class=\"wp-block-heading\">Luoghi<\/h2>\n\n\n\n<h3 class=\"wp-block-heading\">Nationale Gesch\u00e4ftsstelle Z\u00fcrich<\/h3>\n\n\n\n<p>SVEB<br>Schweizerischer Verband f\u00fcr Weiterbildung<br>Hardstrasse 235<br>8005 Z\u00fcrich<\/p>\n\n\n\n<p>+41 (0)44 319 71 71<br><a href=\"mailto:info@alice.ch\" target=\"_blank\" rel=\"noreferrer noopener\">info@alice.ch<\/a><br><\/p>\n\n\n\n<h3 class=\"wp-block-heading\">Secr\u00e9tariat romand<\/h3>\n\n\n\n<p>FSEA<br>F\u00e9d\u00e9ration suisse pour la formation continue<br>Rue de Gen\u00e8ve 88<br>1004 Lausanne<\/p>\n\n\n\n<p>+41 (0)22 994 20 10<br><a href=\"mailto:fsea@alice.ch\" target=\"_blank\" rel=\"noreferrer noopener\">fsea@alice.ch<\/a><br><\/p>\n\n\n\n<h3 class=\"wp-block-heading\">Segretariato della Svizzera italiana<\/h3>\n\n\n\n<p>FSEA<br>Federazione svizzera per la formazione continua<br>Via Besso 84<br>6900 Lugano-Massagno<br><br>+41 (0)91 950 84 16<br><a href=\"mailto:fseaticino@alice.ch\" target=\"_blank\" rel=\"noreferrer noopener\">fseaticino@alice.ch<\/a><\/p>\n\n\n\n<h2 class=\"wp-block-heading\">Contatto<\/h2>\n\n\n\n<div class=\"wp-block-columns is-layout-flex wp-container-core-columns-is-layout-28f84493 wp-block-columns-is-layout-flex\">\n<div class=\"wp-block-column is-layout-flow wp-block-column-is-layout-flow\" style=\"flex-basis:50%\"><div class=\"contact-persons\">\n\n\t\t\t\t\t<div class=\"contact-person\">\n\t\t\t\t\tSegretariato FSEA della Svizzera italiana<br \/>\t\t\t\t\t\t\t\t\t\t<br \/>\n\t\t\t\t\tVia Besso 84<br \/>\r\n6900 Lugano-Massagno<br \/>\t\t\t\t\t<a href=\"tel:+41 (0)91 950 84 16\">+41 (0)91 950 84 16<\/a><br \/>\t\t\t\t\t<a href=\"mailto:fseaticino@alice.ch\">fseaticino@alice.ch<\/a><br \/>\t\t\t\t\t<\/div>\n\t\t\t\t\t<\/div>\n<\/div>\n\n\n\n<div class=\"wp-block-column is-layout-flow wp-block-column-is-layout-flow\" style=\"flex-basis:50%\"><\/div>\n<\/div>\n<\/div>\n","protected":false},"excerpt":{"rendered":"<p>Rappresentati nelle tre regioni linguistiche Come associazione mantello della formazione continua svizzera le nostre sedi sono presenti in tutte e [&hellip;]<\/p>\n","protected":false},"author":1,"featured_media":20799,"parent":17427,"menu_order":547,"comment_status":"closed","ping_status":"closed","template":"","meta":{"_acf_changed":false,"inline_featured_image":false,"footnotes":""},"class_list":["post-11387","page","type-page","status-publish","has-post-thumbnail","hentry"],"acf":[],"yoast_head":"<!-- This site is optimized with the Yoast SEO plugin v27.3 - https:\/\/yoast.com\/product\/yoast-seo-wordpress\/ -->\n<title>Segretariati - FSEA<\/title>\n<meta name=\"description\" content=\"In qualit\u00e0 di organizzazione ombrello per la formazione continua, la FSEA \u00e8 rappresentata in tutte e tre le regioni linguistiche.\" \/>\n<meta name=\"robots\" content=\"index, follow, max-snippet:-1, max-image-preview:large, max-video-preview:-1\" \/>\n<link rel=\"canonical\" href=\"https:\/\/alice.ch\/it\/fsea-it\/segretariati\/\" \/>\n<meta property=\"og:locale\" content=\"it_IT\" \/>\n<meta property=\"og:type\" content=\"article\" \/>\n<meta property=\"og:title\" content=\"Segretariati - FSEA\" \/>\n<meta property=\"og:description\" content=\"In qualit\u00e0 di organizzazione ombrello per la formazione continua, la FSEA \u00e8 rappresentata in tutte e tre le regioni linguistiche.\" \/>\n<meta property=\"og:url\" content=\"https:\/\/alice.ch\/it\/fsea-it\/segretariati\/\" \/>\n<meta property=\"og:site_name\" content=\"SVEB\" \/>\n<meta property=\"article:modified_time\" content=\"2023-12-11T15:54:26+00:00\" \/>\n<meta name=\"twitter:card\" content=\"summary_large_image\" \/>\n<meta name=\"twitter:label1\" content=\"Tempo di lettura stimato\" \/>\n\t<meta name=\"twitter:data1\" content=\"3 minuti\" \/>\n<script type=\"application\/ld+json\" class=\"yoast-schema-graph\">{\"@context\":\"https:\\\/\\\/schema.org\",\"@graph\":[{\"@type\":\"WebPage\",\"@id\":\"https:\\\/\\\/alice.ch\\\/it\\\/fsea-it\\\/segretariati\\\/\",\"url\":\"https:\\\/\\\/alice.ch\\\/it\\\/fsea-it\\\/segretariati\\\/\",\"name\":\"Segretariati - FSEA\",\"isPartOf\":{\"@id\":\"https:\\\/\\\/alice.ch\\\/it\\\/#website\"},\"primaryImageOfPage\":{\"@id\":\"https:\\\/\\\/alice.ch\\\/it\\\/fsea-it\\\/segretariati\\\/#primaryimage\"},\"image\":{\"@id\":\"https:\\\/\\\/alice.ch\\\/it\\\/fsea-it\\\/segretariati\\\/#primaryimage\"},\"thumbnailUrl\":\"https:\\\/\\\/alice.ch\\\/app\\\/uploads\\\/2022\\\/11\\\/default.jpg\",\"datePublished\":\"2022-08-16T14:23:05+00:00\",\"dateModified\":\"2023-12-11T15:54:26+00:00\",\"description\":\"In qualit\u00e0 di organizzazione ombrello per la formazione continua, la FSEA \u00e8 rappresentata in tutte e tre le regioni linguistiche.\",\"breadcrumb\":{\"@id\":\"https:\\\/\\\/alice.ch\\\/it\\\/fsea-it\\\/segretariati\\\/#breadcrumb\"},\"inLanguage\":\"it-IT\",\"potentialAction\":[{\"@type\":\"ReadAction\",\"target\":[\"https:\\\/\\\/alice.ch\\\/it\\\/fsea-it\\\/segretariati\\\/\"]}]},{\"@type\":\"ImageObject\",\"inLanguage\":\"it-IT\",\"@id\":\"https:\\\/\\\/alice.ch\\\/it\\\/fsea-it\\\/segretariati\\\/#primaryimage\",\"url\":\"https:\\\/\\\/alice.ch\\\/app\\\/uploads\\\/2022\\\/11\\\/default.jpg\",\"contentUrl\":\"https:\\\/\\\/alice.ch\\\/app\\\/uploads\\\/2022\\\/11\\\/default.jpg\",\"width\":1600,\"height\":900},{\"@type\":\"BreadcrumbList\",\"@id\":\"https:\\\/\\\/alice.ch\\\/it\\\/fsea-it\\\/segretariati\\\/#breadcrumb\",\"itemListElement\":[{\"@type\":\"ListItem\",\"position\":1,\"name\":\"Pagina iniziale\",\"item\":\"https:\\\/\\\/alice.ch\\\/it\\\/\"},{\"@type\":\"ListItem\",\"position\":2,\"name\":\"FSEA\",\"item\":\"https:\\\/\\\/alice.ch\\\/it\\\/fsea-it\\\/\"},{\"@type\":\"ListItem\",\"position\":3,\"name\":\"Segretariati\"}]},{\"@type\":\"WebSite\",\"@id\":\"https:\\\/\\\/alice.ch\\\/it\\\/#website\",\"url\":\"https:\\\/\\\/alice.ch\\\/it\\\/\",\"name\":\"alice.ch (Adult Learning Information Center) ist das Portal der Weiterbildung in der Schweiz.\",\"description\":\"Schweizerischer Verband f\u00fcr Weiterbildung\",\"publisher\":{\"@id\":\"https:\\\/\\\/alice.ch\\\/it\\\/#organization\"},\"potentialAction\":[{\"@type\":\"SearchAction\",\"target\":{\"@type\":\"EntryPoint\",\"urlTemplate\":\"https:\\\/\\\/alice.ch\\\/it\\\/?s={search_term_string}\"},\"query-input\":{\"@type\":\"PropertyValueSpecification\",\"valueRequired\":true,\"valueName\":\"search_term_string\"}}],\"inLanguage\":\"it-IT\"},{\"@type\":\"Organization\",\"@id\":\"https:\\\/\\\/alice.ch\\\/it\\\/#organization\",\"name\":\"FSEA Federazione svizzera per la formazione continua\",\"url\":\"https:\\\/\\\/alice.ch\\\/it\\\/\",\"logo\":{\"@type\":\"ImageObject\",\"inLanguage\":\"it-IT\",\"@id\":\"https:\\\/\\\/alice.ch\\\/it\\\/#\\\/schema\\\/logo\\\/image\\\/\",\"url\":\"https:\\\/\\\/alice.ch\\\/app\\\/uploads\\\/2022\\\/07\\\/logo-sveb.png\",\"contentUrl\":\"https:\\\/\\\/alice.ch\\\/app\\\/uploads\\\/2022\\\/07\\\/logo-sveb.png\",\"width\":145,\"height\":64,\"caption\":\"FSEA Federazione svizzera per la formazione continua\"},\"image\":{\"@id\":\"https:\\\/\\\/alice.ch\\\/it\\\/#\\\/schema\\\/logo\\\/image\\\/\"},\"sameAs\":[\"https:\\\/\\\/www.linkedin.com\\\/company\\\/schweizerischer-verband-fr-weiterbildung-sveb\\\/\"]}]}<\/script>\n<!-- \/ Yoast SEO plugin. -->","yoast_head_json":{"title":"Segretariati - FSEA","description":"In qualit\u00e0 di organizzazione ombrello per la formazione continua, la FSEA \u00e8 rappresentata in tutte e tre le regioni linguistiche.","robots":{"index":"index","follow":"follow","max-snippet":"max-snippet:-1","max-image-preview":"max-image-preview:large","max-video-preview":"max-video-preview:-1"},"canonical":"https:\/\/alice.ch\/it\/fsea-it\/segretariati\/","og_locale":"it_IT","og_type":"article","og_title":"Segretariati - FSEA","og_description":"In qualit\u00e0 di organizzazione ombrello per la formazione continua, la FSEA \u00e8 rappresentata in tutte e tre le regioni linguistiche.","og_url":"https:\/\/alice.ch\/it\/fsea-it\/segretariati\/","og_site_name":"SVEB","article_modified_time":"2023-12-11T15:54:26+00:00","twitter_card":"summary_large_image","twitter_misc":{"Tempo di lettura stimato":"3 minuti"},"schema":{"@context":"https:\/\/schema.org","@graph":[{"@type":"WebPage","@id":"https:\/\/alice.ch\/it\/fsea-it\/segretariati\/","url":"https:\/\/alice.ch\/it\/fsea-it\/segretariati\/","name":"Segretariati - FSEA","isPartOf":{"@id":"https:\/\/alice.ch\/it\/#website"},"primaryImageOfPage":{"@id":"https:\/\/alice.ch\/it\/fsea-it\/segretariati\/#primaryimage"},"image":{"@id":"https:\/\/alice.ch\/it\/fsea-it\/segretariati\/#primaryimage"},"thumbnailUrl":"https:\/\/alice.ch\/app\/uploads\/2022\/11\/default.jpg","datePublished":"2022-08-16T14:23:05+00:00","dateModified":"2023-12-11T15:54:26+00:00","description":"In qualit\u00e0 di organizzazione ombrello per la formazione continua, la FSEA \u00e8 rappresentata in tutte e tre le regioni linguistiche.","breadcrumb":{"@id":"https:\/\/alice.ch\/it\/fsea-it\/segretariati\/#breadcrumb"},"inLanguage":"it-IT","potentialAction":[{"@type":"ReadAction","target":["https:\/\/alice.ch\/it\/fsea-it\/segretariati\/"]}]},{"@type":"ImageObject","inLanguage":"it-IT","@id":"https:\/\/alice.ch\/it\/fsea-it\/segretariati\/#primaryimage","url":"https:\/\/alice.ch\/app\/uploads\/2022\/11\/default.jpg","contentUrl":"https:\/\/alice.ch\/app\/uploads\/2022\/11\/default.jpg","width":1600,"height":900},{"@type":"BreadcrumbList","@id":"https:\/\/alice.ch\/it\/fsea-it\/segretariati\/#breadcrumb","itemListElement":[{"@type":"ListItem","position":1,"name":"Pagina iniziale","item":"https:\/\/alice.ch\/it\/"},{"@type":"ListItem","position":2,"name":"FSEA","item":"https:\/\/alice.ch\/it\/fsea-it\/"},{"@type":"ListItem","position":3,"name":"Segretariati"}]},{"@type":"WebSite","@id":"https:\/\/alice.ch\/it\/#website","url":"https:\/\/alice.ch\/it\/","name":"alice.ch (Adult Learning Information Center) ist das Portal der Weiterbildung in der Schweiz.","description":"Schweizerischer Verband f\u00fcr Weiterbildung","publisher":{"@id":"https:\/\/alice.ch\/it\/#organization"},"potentialAction":[{"@type":"SearchAction","target":{"@type":"EntryPoint","urlTemplate":"https:\/\/alice.ch\/it\/?s={search_term_string}"},"query-input":{"@type":"PropertyValueSpecification","valueRequired":true,"valueName":"search_term_string"}}],"inLanguage":"it-IT"},{"@type":"Organization","@id":"https:\/\/alice.ch\/it\/#organization","name":"FSEA Federazione svizzera per la formazione continua","url":"https:\/\/alice.ch\/it\/","logo":{"@type":"ImageObject","inLanguage":"it-IT","@id":"https:\/\/alice.ch\/it\/#\/schema\/logo\/image\/","url":"https:\/\/alice.ch\/app\/uploads\/2022\/07\/logo-sveb.png","contentUrl":"https:\/\/alice.ch\/app\/uploads\/2022\/07\/logo-sveb.png","width":145,"height":64,"caption":"FSEA Federazione svizzera per la formazione continua"},"image":{"@id":"https:\/\/alice.ch\/it\/#\/schema\/logo\/image\/"},"sameAs":["https:\/\/www.linkedin.com\/company\/schweizerischer-verband-fr-weiterbildung-sveb\/"]}]}},"_links":{"self":[{"href":"https:\/\/alice.ch\/it\/wp-json\/wp\/v2\/pages\/11387","targetHints":{"allow":["GET"]}}],"collection":[{"href":"https:\/\/alice.ch\/it\/wp-json\/wp\/v2\/pages"}],"about":[{"href":"https:\/\/alice.ch\/it\/wp-json\/wp\/v2\/types\/page"}],"author":[{"embeddable":true,"href":"https:\/\/alice.ch\/it\/wp-json\/wp\/v2\/users\/1"}],"replies":[{"embeddable":true,"href":"https:\/\/alice.ch\/it\/wp-json\/wp\/v2\/comments?post=11387"}],"version-history":[{"count":14,"href":"https:\/\/alice.ch\/it\/wp-json\/wp\/v2\/pages\/11387\/revisions"}],"predecessor-version":[{"id":56753,"href":"https:\/\/alice.ch\/it\/wp-json\/wp\/v2\/pages\/11387\/revisions\/56753"}],"up":[{"embeddable":true,"href":"https:\/\/alice.ch\/it\/wp-json\/wp\/v2\/pages\/17427"}],"wp:featuredmedia":[{"embeddable":true,"href":"https:\/\/alice.ch\/it\/wp-json\/wp\/v2\/media\/20799"}],"wp:attachment":[{"href":"https:\/\/alice.ch\/it\/wp-json\/wp\/v2\/media?parent=11387"}],"curies":[{"name":"wp","href":"https:\/\/api.w.org\/{rel}","templated":true}]}}