{"id":11401,"date":"2022-08-16T16:25:58","date_gmt":"2022-08-16T14:25:58","guid":{"rendered":"https:\/\/projects.atxeit.ch\/sveb\/mitgliedschaft\/"},"modified":"2025-01-09T19:00:25","modified_gmt":"2025-01-09T18:00:25","slug":"affiliazione","status":"publish","type":"page","link":"https:\/\/alice.ch\/it\/fsea-it\/affiliazione\/","title":{"rendered":"Affiliazione"},"content":{"rendered":"\n<div class=\"wp-block-group is-style-reduced-width is-layout-flow wp-block-group-is-layout-flow\">\n<h1 class=\"wp-block-heading\">Diventi parte della pi\u00f9 grande rete di formazione continua in Svizzera!&nbsp;<\/h1>\n\n\n\n<p class=\"is-style-lead\">Quale associazione mantello nazionale, ci impegniamo dal 1951 per gli interessi della formazione continua in Svizzera. Rappresentiamo gli interessi dei nostri associati a livello politico, sociale e professionale.<\/p>\n\n\n\n<p class=\"is-style-default\">I nostri 750 soci sono enti erogatori di formazione sia privati sia pubblici, associazioni, dipartimenti di formazione continua interni ad aziende e singole persone \u2013 in tutte e tre le regioni linguistiche. Sono uniti dall\u2019intenzione di impegnarsi per un sistema di formazione continua efficace e sostenibile in Svizzera. L\u2019adesione alla FSEA non comporta per\u00f2 un controllo della qualit\u00e0.<\/p>\n\n\n\n<div class=\"wp-block-buttons is-layout-flex wp-block-buttons-is-layout-flex\">\n<div class=\"wp-block-button is-style-fill\"><a class=\"wp-block-button__link has-background-color has-primary-background-color has-text-color has-background wp-element-button\" href=\"https:\/\/alice.ch\/it\/fsea-it\/affiliazione\/affiliazione-alla-fsea\/\"><strong>Affiliazione alla FSEA<\/strong><\/a><\/div>\n<\/div>\n\n\n\n<h2 class=\"wp-block-heading\">Cosa facciamo per i nostri soci:<\/h2>\n\n\n\n<div class=\"wp-block-media-text alignwide is-stacked-on-mobile is-vertically-aligned-top\" style=\"grid-template-columns:15% auto\"><figure class=\"wp-block-media-text__media\"><img decoding=\"async\" src=\"https:\/\/alice.ch\/app\/uploads\/2022\/11\/icon-newsroom.png\" alt=\"\" class=\"wp-image-6802 size-full\"\/><\/figure><div class=\"wp-block-media-text__content\">\n<h3 class=\"wp-block-heading\">Rappresentiamo gli interessi<\/h3>\n\n\n\n<p>a livello politico, economico e professionale.<\/p>\n\n\n\n<ul class=\"wp-block-list\">\n<li>Ci impegniamo nella&nbsp;<a href=\"https:\/\/alice.ch\/it\/fsea-it\/politica-della-formazione\/\">politica della formazione continua<\/a>, prendiamo regolarmente posizione, difendiamo il settore e i suoi attori e un sistema di formazione continua forte e sostenibile.<\/li>\n\n\n\n<li>In qualit\u00e0 di OML (organizzazione del mondo del lavoro) per la formazione continua siamo l\u2019interlocutore principale della Confederazione e dei Cantoni in tutti i processi nazionali riguardanti la formazione continua.&nbsp;<\/li>\n\n\n\n<li>La FSEA si impegna affinch\u00e9 i principi politici che costituiscono la LFCo siano inseriti nelle varie leggi speciali e che la Confederazione e i Cantoni sfruttino appieno le possibilit\u00e0 di finanziamento di cui dispongono sulla base della&nbsp;<a href=\"https:\/\/www.fedlex.admin.ch\/eli\/cc\/2016\/132\/it\">LFCo (Legge federale sulla formazione continua)<\/a><\/li>\n\n\n\n<li>L&#8217;impegno della FSEA e dei suoi soci \u00e8 necessario anche in ambiti e per problemantiche che non sono coperte dalla LFCo, in modo che l&#8217;apprendimento permanente diventi qualcosa di naturale per tutti gli adulti.<\/li>\n\n\n\n<li>La FSEA si impegna a promuovere le&nbsp;<a href=\"https:\/\/alice.ch\/it\/temi\/competenze-di-base\/\">competenze di base<\/a>&nbsp;degli adulti. Sviluppa concetti e prospettive per gli ambiti dell&#8217;occupabilit\u00e0, degli over 50, dell&#8217;integrazione e della&nbsp;<a href=\"https:\/\/weiterbildung-in-kmu.ch\/it\/\">formazione continua nelle PMI<\/a>.<\/li>\n\n\n\n<li>Promuoviamo la garanzia della qualit\u00e0 nella formazione continua. La formazione dei formatori (sistema modulare FFA) \u00e8 il pilastro portante nel settore della&nbsp;<a href=\"https:\/\/alice.ch\/it\/professionalizzazione\/\">professionalizzazione<\/a>. La garanzia di qualit\u00e0 comprende il label&nbsp;<a href=\"https:\/\/alice.ch\/it\/qualita\/il-label-di-qualita-eduqua\/\">eduQua<\/a> e diversi progetti.<\/li>\n<\/ul>\n<\/div><\/div>\n\n\n\n<div class=\"wp-block-media-text alignwide is-stacked-on-mobile is-vertically-aligned-top\" style=\"grid-template-columns:15% auto\"><figure class=\"wp-block-media-text__media\"><img decoding=\"async\" width=\"124\" height=\"162\" src=\"https:\/\/alice.ch\/app\/uploads\/2022\/11\/icon-informieren.jpg\" alt=\"\" class=\"wp-image-7223 size-full\"\/><\/figure><div class=\"wp-block-media-text__content\">\n<h3 class=\"wp-block-heading\">Facciamo ricerca e informiamo<\/h3>\n\n\n\n<p>sugli sviluppi attuali e sui temi della formazione continua.<\/p>\n\n\n\n<ul class=\"wp-block-list\">\n<li>Il nostro sito&nbsp;<a href=\"http:\/\/www.alice.ch\/it\/\">www.alice.ch<\/a>&nbsp;\u00e8 una piattaforma di informazione e documentazione sui temi attuali della formazione continua in tre lingue.<\/li>\n\n\n\n<li>11 volte all\u2019anno inviamo la nostra&nbsp;<a href=\"https:\/\/alice.ch\/it\/attualita\/newsletter\/\">newsletter<\/a>&nbsp;a oltre 8000 indirizzi.<\/li>\n\n\n\n<li>Nel&nbsp;<a href=\"https:\/\/thinktank-transit.ch\/en\/\">think tank TRANSIT<\/a>&nbsp;esploriamo il futuro della formazione continua in un quadro interdisciplinare.<\/li>\n\n\n\n<li>Ogni anno pubblichiamo&nbsp;<a href=\"https:\/\/alice.ch\/it\/servizi\/pubblicazioni-e-prodotti\/studi\/\">studi<\/a>&nbsp;e altre&nbsp;<a href=\"https:\/\/alice.ch\/it\/servizi\/pubblicazioni-e-prodotti\/\">pubblicazioni<\/a>.<\/li>\n\n\n\n<li>Nella rivista specializzata &#8220;<a href=\"https:\/\/www.ep-web.ch\/it\/\">Education Permanente<\/a>&#8221; approfondiamo i temi della formazione continua. La rivista viene pubblicata due volte l&#8217;anno in formato cartaceo e online.<\/li>\n\n\n\n<li>In numerosi&nbsp;<a href=\"https:\/\/alice.ch\/it\/ricerca\/progetti\/\">progetti<\/a>&nbsp;nazionali ed europei sviluppiamo i principi di base della formazione continua e ne gestiamo l\u2019implementazione.<\/li>\n<\/ul>\n<\/div><\/div>\n\n\n\n<div class=\"wp-block-media-text alignwide is-stacked-on-mobile is-vertically-aligned-top\" style=\"grid-template-columns:15% auto\"><figure class=\"wp-block-media-text__media\"><img decoding=\"async\" width=\"800\" height=\"521\" src=\"https:\/\/alice.ch\/app\/uploads\/2022\/10\/icons-events.png\" alt=\"\" class=\"wp-image-5946 size-full\" srcset=\"https:\/\/alice.ch\/app\/uploads\/2022\/10\/icons-events.png 800w, https:\/\/alice.ch\/app\/uploads\/2022\/10\/icons-events-300x195.png 300w, https:\/\/alice.ch\/app\/uploads\/2022\/10\/icons-events-768x500.png 768w\" sizes=\"(max-width: 800px) 100vw, 800px\" \/><\/figure><div class=\"wp-block-media-text__content\">\n<h3 class=\"wp-block-heading\">Facciamo rete&nbsp;<\/h3>\n\n\n\n<p>con altri affiliati e con attori del mondo politico, economico e scientifico. Offriamo diverse piattaforme per la cooperazione e lo scambio.<\/p>\n\n\n\n<ul class=\"wp-block-list\">\n<li>Ogni anno organizziamo circa&nbsp;<a href=\"https:\/\/alice.ch\/it\/attualita\/eventi\/\">25 conferenze specialistiche, workshop e conferenze sulla politica della formazione<\/a>in tutte e tre le parti del Paese.<\/li>\n\n\n\n<li>Mettiamo in rete tutti gli attori importanti per il settore della formazione continua e offriamo&nbsp;<a href=\"https:\/\/alice.ch\/it\/ricerca\/networking-e-scambio\/\">opportunit\u00e0 di networking<\/a>&nbsp;a livello regionale, nazionale e internazionale con eventi online e in presenza.<\/li>\n\n\n\n<li>L&#8217;associazione \u00e8 attiva in numerosi&nbsp;<a href=\"https:\/\/alice.ch\/it\/temi\/formazione-continua-internazionale\/\">progetti di sensibilizzazione nazionali e internazionali.<\/a><\/li>\n\n\n\n<li>Nel complesso, offriamo diverse piattaforme per la cooperazione e lo scambio.<\/li>\n<\/ul>\n<\/div><\/div>\n\n\n\n<ul class=\"wp-block-list\">\n<div class=\"wp-block-media-text alignwide is-stacked-on-mobile is-vertically-aligned-top\" style=\"grid-template-columns:15% auto\"><figure class=\"wp-block-media-text__media\"><img decoding=\"async\" width=\"980\" height=\"634\" src=\"https:\/\/alice.ch\/app\/uploads\/2022\/10\/icon-tools.png\" alt=\"\" class=\"wp-image-5915 size-full\" srcset=\"https:\/\/alice.ch\/app\/uploads\/2022\/10\/icon-tools.png 980w, https:\/\/alice.ch\/app\/uploads\/2022\/10\/icon-tools-300x194.png 300w, https:\/\/alice.ch\/app\/uploads\/2022\/10\/icon-tools-768x497.png 768w\" sizes=\"(max-width: 980px) 100vw, 980px\" \/><\/figure><div class=\"wp-block-media-text__content\">\n<h3 class=\"wp-block-heading\">Offriamo servizi<\/h3>\n\n\n\n<p>Nell\u2019ambito della formazione continua.<\/p>\n\n\n\n<ul class=\"wp-block-list\">\n<li>Il nostro portale alisearch \u00e8 la pi\u00f9 grande banca dati di corsi in Svizzera ed \u00e8 disponibile su&nbsp;<a href=\"https:\/\/www.formazionecontinua.swiss\/\">www.formazionecontinua.swiss<\/a>.<\/li>\n\n\n\n<li>Sosteniamo i partner&nbsp;<a href=\"https:\/\/alice.ch\/it\/servizi\/progetti-di-buoni-fsea\/\">nell&#8217;implementazione di progetti di finanziamento con buoni di formazione<\/a>. I buoni di formazione sono uno strumento di finanziamento orientato alla domanda che pu\u00f2 essere utilizzato in modo flessibile.<\/li>\n\n\n\n<li>Sul sito web&nbsp;<a href=\"https:\/\/weiterbildung-in-kmu.ch\/it\/\">Formazione continua nelle PMI<\/a>, mostriamo alle piccole e medie imprese come possono implementare i programmi di formazione continua e di cosa devono tenere conto.<\/li>\n\n\n\n<li>Sviluppiamo&nbsp;<a href=\"https:\/\/alice.ch\/it\/servizi\/pubblicazioni-e-prodotti\/strumenti-pratici\/\">strumenti e ausili pratici<\/a>&nbsp;che possono aiutare le organizzazioni di formazione continua nelle decisioni strategiche o nella vita quotidiana.<\/li>\n<\/ul>\n<\/div><\/div>\n<\/ul>\n\n\n\n<h3 class=\"wp-block-heading\">Altri vantaggi dell\u2019affiliazione<\/h3>\n\n\n\n<ul class=\"wp-block-list\">\n<li>Sconti del 20\u201350% sulla partecipazione agli&nbsp;<a href=\"https:\/\/alice.ch\/it\/attualita\/eventi\/\">eventi FSEA<\/a><\/li>\n\n\n\n<li>Abbonamento gratuito alla&nbsp;<a href=\"https:\/\/alice.ch\/it\/attualita\/rivista-specializzata-ep\/\">rivista specializzata &#8220;Education Permanente<\/a>&#8220;<\/li>\n\n\n\n<li>Sconto del 20%\u201350% sulle&nbsp;<a href=\"https:\/\/alice.ch\/it\/servizi\/pubblicazioni-e-prodotti\/\">pubblicazioni FSEA<\/a><\/li>\n\n\n\n<li>Sconto del 20% sulla sua&nbsp;<a href=\"https:\/\/alice.ch\/it\/servizi\/pubblicita\/\">pubblicit\u00e0 sui nostri canali online e offline<\/a><\/li>\n\n\n\n<li>Sconto del 20% sull\u2019inserzione dei suoi corsi sul portale&nbsp;<a href=\"https:\/\/www.formazionecontinua.swiss\/?content=Kurspublikation&amp;=it\">formazionecontinua.swiss<\/a><\/li>\n<\/ul>\n\n\n\n<div class=\"wp-block-buttons is-layout-flex wp-block-buttons-is-layout-flex\">\n<div class=\"wp-block-button is-style-fill\"><a class=\"wp-block-button__link has-background-color has-primary-background-color has-text-color has-background wp-element-button\" href=\"https:\/\/alice.ch\/it\/fsea-it\/affiliazione\/affiliazione-alla-fsea\/\"><strong>Affiliazione alla FSEA<\/strong><\/a><\/div>\n<\/div>\n\n\n\n<h2 class=\"wp-block-heading\">Ulteriori informazioni<\/h2>\n\n\n\n<div class=\"wp-block-columns is-layout-flex wp-container-core-columns-is-layout-28f84493 wp-block-columns-is-layout-flex\">\n<div class=\"wp-block-column is-layout-flow wp-block-column-is-layout-flow\" style=\"flex-basis:100%\">\n<div class=\"wp-block-columns is-layout-flex wp-container-core-columns-is-layout-28f84493 wp-block-columns-is-layout-flex\">\n<div class=\"wp-block-column is-layout-flow wp-block-column-is-layout-flow\" style=\"flex-basis:50%\">\n<div class=\"wp-block-file\"><a id=\"wp-block-file--media-acaacdb9-7e24-4235-8ad4-e50596bad44f\" href=\"https:\/\/alice.ch\/app\/uploads\/2025\/01\/fsea-statuts-2024.pdf\" target=\"_blank\" rel=\"noreferrer noopener\">Statuti della FSEA (in francese)<br \/>PDF &#8211; 84 KB<\/a><a href=\"https:\/\/alice.ch\/app\/uploads\/2025\/01\/fsea-statuts-2024.pdf\" class=\"wp-block-file__button wp-element-button\" download aria-describedby=\"wp-block-file--media-acaacdb9-7e24-4235-8ad4-e50596bad44f\">Herunterladen<br \/>PDF &#8211; 84 KB<\/a><\/div>\n<\/div>\n\n\n\n<div class=\"wp-block-column is-layout-flow wp-block-column-is-layout-flow\" style=\"flex-basis:50%\"><\/div>\n<\/div>\n<\/div>\n<\/div>\n\n\n\n<div class=\"wp-block-columns is-layout-flex wp-container-core-columns-is-layout-28f84493 wp-block-columns-is-layout-flex\">\n<div class=\"wp-block-column is-layout-flow wp-block-column-is-layout-flow\">\n<div class=\"wp-block-buttons is-layout-flex wp-block-buttons-is-layout-flex\">\n<div class=\"wp-block-button has-custom-width wp-block-button__width-100 is-style-outline is-style-outline--1\"><a class=\"wp-block-button__link wp-element-button\" href=\"https:\/\/alice.ch\/it\/fsea-it\/strategia\/\">Strategia<\/a><\/div>\n\n\n\n<div class=\"wp-block-button has-custom-width wp-block-button__width-100 is-style-outline is-style-outline--2\"><a class=\"wp-block-button__link wp-element-button\" href=\"https:\/\/alice.ch\/it\/fsea-it\/informazioni-sulla-fsea\/organi\/\">Organi FSEA<\/a><\/div>\n\n\n\n<div class=\"wp-block-button has-custom-width wp-block-button__width-100 is-style-outline is-style-outline--3\"><a class=\"wp-block-button__link wp-element-button\" href=\"https:\/\/alice.ch\/it\/fsea-it\/informazioni-sulla-fsea\/organi\/\">Rapporto annuale e Assemblea dei delegati<\/a><\/div>\n<\/div>\n<\/div>\n\n\n\n<div class=\"wp-block-column is-layout-flow wp-block-column-is-layout-flow\">\n<div class=\"wp-block-buttons is-layout-flex wp-block-buttons-is-layout-flex\"><\/div>\n<\/div>\n<\/div>\n\n\n\n<h2 class=\"wp-block-heading\">Contatto<\/h2>\n\n\n\n<div class=\"wp-block-columns is-layout-flex wp-container-core-columns-is-layout-28f84493 wp-block-columns-is-layout-flex\">\n<div class=\"wp-block-column is-layout-flow wp-block-column-is-layout-flow\" style=\"flex-basis:50%\"><div class=\"contact-persons\">\n\n\t\t\t\t\t<div class=\"contact-person\">\n\t\t\t\t\tSimone Rizzi<br \/>\t\t\t\t\tResponsabile segretariato regionale, Membro della direzione FSEA<br \/>\t\t\t\t\t<br \/>\n\t\t\t\t\t\t\t\t\t\t<a href=\"tel:+41 (0)91 950 84 16\">+41 (0)91 950 84 16<\/a><br \/>\t\t\t\t\t<a href=\"mailto:simone.rizzi@alice.ch\">simone.rizzi@alice.ch<\/a><br \/>\t\t\t\t\t<\/div>\n\t\t\t\t\t<\/div>\n<\/div>\n\n\n\n<div class=\"wp-block-column is-layout-flow wp-block-column-is-layout-flow\" style=\"flex-basis:50%\"><\/div>\n<\/div>\n<\/div>\n","protected":false},"excerpt":{"rendered":"<p>Diventi parte della pi\u00f9 grande rete di formazione continua in Svizzera!&nbsp; Quale associazione mantello nazionale, ci impegniamo dal 1951 per [&hellip;]<\/p>\n","protected":false},"author":4,"featured_media":20799,"parent":17427,"menu_order":452,"comment_status":"closed","ping_status":"closed","template":"","meta":{"_acf_changed":false,"inline_featured_image":false,"footnotes":""},"class_list":["post-11401","page","type-page","status-publish","has-post-thumbnail","hentry"],"acf":[],"yoast_head":"<!-- This site is optimized with the Yoast SEO plugin v27.3 - https:\/\/yoast.com\/product\/yoast-seo-wordpress\/ -->\n<title>Affiliazione - FSEA<\/title>\n<meta name=\"description\" content=\"I membri della FSEA beneficiano di networking, sconti, eventi e studi nel campo della formazione continua in Svizzera.\" \/>\n<meta name=\"robots\" content=\"index, follow, max-snippet:-1, max-image-preview:large, max-video-preview:-1\" \/>\n<link rel=\"canonical\" href=\"https:\/\/alice.ch\/it\/fsea-it\/affiliazione\/\" \/>\n<meta property=\"og:locale\" content=\"it_IT\" \/>\n<meta property=\"og:type\" content=\"article\" \/>\n<meta property=\"og:title\" content=\"Affiliazione - FSEA\" \/>\n<meta property=\"og:description\" content=\"I membri della FSEA beneficiano di networking, sconti, eventi e studi nel campo della formazione continua in Svizzera.\" \/>\n<meta property=\"og:url\" content=\"https:\/\/alice.ch\/it\/fsea-it\/affiliazione\/\" \/>\n<meta property=\"og:site_name\" content=\"SVEB\" \/>\n<meta property=\"article:modified_time\" content=\"2025-01-09T18:00:25+00:00\" \/>\n<meta name=\"twitter:card\" content=\"summary_large_image\" \/>\n<meta name=\"twitter:label1\" content=\"Tempo di lettura stimato\" \/>\n\t<meta name=\"twitter:data1\" content=\"2 minuti\" \/>\n<script type=\"application\/ld+json\" class=\"yoast-schema-graph\">{\"@context\":\"https:\\\/\\\/schema.org\",\"@graph\":[{\"@type\":\"WebPage\",\"@id\":\"https:\\\/\\\/alice.ch\\\/it\\\/fsea-it\\\/affiliazione\\\/\",\"url\":\"https:\\\/\\\/alice.ch\\\/it\\\/fsea-it\\\/affiliazione\\\/\",\"name\":\"Affiliazione - FSEA\",\"isPartOf\":{\"@id\":\"https:\\\/\\\/alice.ch\\\/it\\\/#website\"},\"primaryImageOfPage\":{\"@id\":\"https:\\\/\\\/alice.ch\\\/it\\\/fsea-it\\\/affiliazione\\\/#primaryimage\"},\"image\":{\"@id\":\"https:\\\/\\\/alice.ch\\\/it\\\/fsea-it\\\/affiliazione\\\/#primaryimage\"},\"thumbnailUrl\":\"https:\\\/\\\/alice.ch\\\/app\\\/uploads\\\/2022\\\/11\\\/default.jpg\",\"datePublished\":\"2022-08-16T14:25:58+00:00\",\"dateModified\":\"2025-01-09T18:00:25+00:00\",\"description\":\"I membri della FSEA beneficiano di networking, sconti, eventi e studi nel campo della formazione continua in Svizzera.\",\"breadcrumb\":{\"@id\":\"https:\\\/\\\/alice.ch\\\/it\\\/fsea-it\\\/affiliazione\\\/#breadcrumb\"},\"inLanguage\":\"it-IT\",\"potentialAction\":[{\"@type\":\"ReadAction\",\"target\":[\"https:\\\/\\\/alice.ch\\\/it\\\/fsea-it\\\/affiliazione\\\/\"]}]},{\"@type\":\"ImageObject\",\"inLanguage\":\"it-IT\",\"@id\":\"https:\\\/\\\/alice.ch\\\/it\\\/fsea-it\\\/affiliazione\\\/#primaryimage\",\"url\":\"https:\\\/\\\/alice.ch\\\/app\\\/uploads\\\/2022\\\/11\\\/default.jpg\",\"contentUrl\":\"https:\\\/\\\/alice.ch\\\/app\\\/uploads\\\/2022\\\/11\\\/default.jpg\",\"width\":1600,\"height\":900},{\"@type\":\"BreadcrumbList\",\"@id\":\"https:\\\/\\\/alice.ch\\\/it\\\/fsea-it\\\/affiliazione\\\/#breadcrumb\",\"itemListElement\":[{\"@type\":\"ListItem\",\"position\":1,\"name\":\"Pagina iniziale\",\"item\":\"https:\\\/\\\/alice.ch\\\/it\\\/\"},{\"@type\":\"ListItem\",\"position\":2,\"name\":\"FSEA\",\"item\":\"https:\\\/\\\/alice.ch\\\/it\\\/fsea-it\\\/\"},{\"@type\":\"ListItem\",\"position\":3,\"name\":\"Affiliazione\"}]},{\"@type\":\"WebSite\",\"@id\":\"https:\\\/\\\/alice.ch\\\/it\\\/#website\",\"url\":\"https:\\\/\\\/alice.ch\\\/it\\\/\",\"name\":\"alice.ch (Adult Learning Information Center) ist das Portal der Weiterbildung in der Schweiz.\",\"description\":\"Schweizerischer Verband f\u00fcr Weiterbildung\",\"publisher\":{\"@id\":\"https:\\\/\\\/alice.ch\\\/it\\\/#organization\"},\"potentialAction\":[{\"@type\":\"SearchAction\",\"target\":{\"@type\":\"EntryPoint\",\"urlTemplate\":\"https:\\\/\\\/alice.ch\\\/it\\\/?s={search_term_string}\"},\"query-input\":{\"@type\":\"PropertyValueSpecification\",\"valueRequired\":true,\"valueName\":\"search_term_string\"}}],\"inLanguage\":\"it-IT\"},{\"@type\":\"Organization\",\"@id\":\"https:\\\/\\\/alice.ch\\\/it\\\/#organization\",\"name\":\"FSEA Federazione svizzera per la formazione continua\",\"url\":\"https:\\\/\\\/alice.ch\\\/it\\\/\",\"logo\":{\"@type\":\"ImageObject\",\"inLanguage\":\"it-IT\",\"@id\":\"https:\\\/\\\/alice.ch\\\/it\\\/#\\\/schema\\\/logo\\\/image\\\/\",\"url\":\"https:\\\/\\\/alice.ch\\\/app\\\/uploads\\\/2022\\\/07\\\/logo-sveb.png\",\"contentUrl\":\"https:\\\/\\\/alice.ch\\\/app\\\/uploads\\\/2022\\\/07\\\/logo-sveb.png\",\"width\":145,\"height\":64,\"caption\":\"FSEA Federazione svizzera per la formazione continua\"},\"image\":{\"@id\":\"https:\\\/\\\/alice.ch\\\/it\\\/#\\\/schema\\\/logo\\\/image\\\/\"},\"sameAs\":[\"https:\\\/\\\/www.linkedin.com\\\/company\\\/schweizerischer-verband-fr-weiterbildung-sveb\\\/\"]}]}<\/script>\n<!-- \/ Yoast SEO plugin. -->","yoast_head_json":{"title":"Affiliazione - FSEA","description":"I membri della FSEA beneficiano di networking, sconti, eventi e studi nel campo della formazione continua in Svizzera.","robots":{"index":"index","follow":"follow","max-snippet":"max-snippet:-1","max-image-preview":"max-image-preview:large","max-video-preview":"max-video-preview:-1"},"canonical":"https:\/\/alice.ch\/it\/fsea-it\/affiliazione\/","og_locale":"it_IT","og_type":"article","og_title":"Affiliazione - FSEA","og_description":"I membri della FSEA beneficiano di networking, sconti, eventi e studi nel campo della formazione continua in Svizzera.","og_url":"https:\/\/alice.ch\/it\/fsea-it\/affiliazione\/","og_site_name":"SVEB","article_modified_time":"2025-01-09T18:00:25+00:00","twitter_card":"summary_large_image","twitter_misc":{"Tempo di lettura stimato":"2 minuti"},"schema":{"@context":"https:\/\/schema.org","@graph":[{"@type":"WebPage","@id":"https:\/\/alice.ch\/it\/fsea-it\/affiliazione\/","url":"https:\/\/alice.ch\/it\/fsea-it\/affiliazione\/","name":"Affiliazione - FSEA","isPartOf":{"@id":"https:\/\/alice.ch\/it\/#website"},"primaryImageOfPage":{"@id":"https:\/\/alice.ch\/it\/fsea-it\/affiliazione\/#primaryimage"},"image":{"@id":"https:\/\/alice.ch\/it\/fsea-it\/affiliazione\/#primaryimage"},"thumbnailUrl":"https:\/\/alice.ch\/app\/uploads\/2022\/11\/default.jpg","datePublished":"2022-08-16T14:25:58+00:00","dateModified":"2025-01-09T18:00:25+00:00","description":"I membri della FSEA beneficiano di networking, sconti, eventi e studi nel campo della formazione continua in Svizzera.","breadcrumb":{"@id":"https:\/\/alice.ch\/it\/fsea-it\/affiliazione\/#breadcrumb"},"inLanguage":"it-IT","potentialAction":[{"@type":"ReadAction","target":["https:\/\/alice.ch\/it\/fsea-it\/affiliazione\/"]}]},{"@type":"ImageObject","inLanguage":"it-IT","@id":"https:\/\/alice.ch\/it\/fsea-it\/affiliazione\/#primaryimage","url":"https:\/\/alice.ch\/app\/uploads\/2022\/11\/default.jpg","contentUrl":"https:\/\/alice.ch\/app\/uploads\/2022\/11\/default.jpg","width":1600,"height":900},{"@type":"BreadcrumbList","@id":"https:\/\/alice.ch\/it\/fsea-it\/affiliazione\/#breadcrumb","itemListElement":[{"@type":"ListItem","position":1,"name":"Pagina iniziale","item":"https:\/\/alice.ch\/it\/"},{"@type":"ListItem","position":2,"name":"FSEA","item":"https:\/\/alice.ch\/it\/fsea-it\/"},{"@type":"ListItem","position":3,"name":"Affiliazione"}]},{"@type":"WebSite","@id":"https:\/\/alice.ch\/it\/#website","url":"https:\/\/alice.ch\/it\/","name":"alice.ch (Adult Learning Information Center) ist das Portal der Weiterbildung in der Schweiz.","description":"Schweizerischer Verband f\u00fcr Weiterbildung","publisher":{"@id":"https:\/\/alice.ch\/it\/#organization"},"potentialAction":[{"@type":"SearchAction","target":{"@type":"EntryPoint","urlTemplate":"https:\/\/alice.ch\/it\/?s={search_term_string}"},"query-input":{"@type":"PropertyValueSpecification","valueRequired":true,"valueName":"search_term_string"}}],"inLanguage":"it-IT"},{"@type":"Organization","@id":"https:\/\/alice.ch\/it\/#organization","name":"FSEA Federazione svizzera per la formazione continua","url":"https:\/\/alice.ch\/it\/","logo":{"@type":"ImageObject","inLanguage":"it-IT","@id":"https:\/\/alice.ch\/it\/#\/schema\/logo\/image\/","url":"https:\/\/alice.ch\/app\/uploads\/2022\/07\/logo-sveb.png","contentUrl":"https:\/\/alice.ch\/app\/uploads\/2022\/07\/logo-sveb.png","width":145,"height":64,"caption":"FSEA Federazione svizzera per la formazione continua"},"image":{"@id":"https:\/\/alice.ch\/it\/#\/schema\/logo\/image\/"},"sameAs":["https:\/\/www.linkedin.com\/company\/schweizerischer-verband-fr-weiterbildung-sveb\/"]}]}},"_links":{"self":[{"href":"https:\/\/alice.ch\/it\/wp-json\/wp\/v2\/pages\/11401","targetHints":{"allow":["GET"]}}],"collection":[{"href":"https:\/\/alice.ch\/it\/wp-json\/wp\/v2\/pages"}],"about":[{"href":"https:\/\/alice.ch\/it\/wp-json\/wp\/v2\/types\/page"}],"author":[{"embeddable":true,"href":"https:\/\/alice.ch\/it\/wp-json\/wp\/v2\/users\/4"}],"replies":[{"embeddable":true,"href":"https:\/\/alice.ch\/it\/wp-json\/wp\/v2\/comments?post=11401"}],"version-history":[{"count":35,"href":"https:\/\/alice.ch\/it\/wp-json\/wp\/v2\/pages\/11401\/revisions"}],"predecessor-version":[{"id":65340,"href":"https:\/\/alice.ch\/it\/wp-json\/wp\/v2\/pages\/11401\/revisions\/65340"}],"up":[{"embeddable":true,"href":"https:\/\/alice.ch\/it\/wp-json\/wp\/v2\/pages\/17427"}],"wp:featuredmedia":[{"embeddable":true,"href":"https:\/\/alice.ch\/it\/wp-json\/wp\/v2\/media\/20799"}],"wp:attachment":[{"href":"https:\/\/alice.ch\/it\/wp-json\/wp\/v2\/media?parent=11401"}],"curies":[{"name":"wp","href":"https:\/\/api.w.org\/{rel}","templated":true}]}}