{"id":11410,"date":"2022-08-16T16:26:22","date_gmt":"2022-08-16T14:26:22","guid":{"rendered":"https:\/\/projects.atxeit.ch\/sveb\/strategie\/"},"modified":"2025-11-05T09:46:25","modified_gmt":"2025-11-05T08:46:25","slug":"strategia","status":"publish","type":"page","link":"https:\/\/alice.ch\/it\/fsea-it\/strategia\/","title":{"rendered":"Strategia"},"content":{"rendered":"\n<div class=\"wp-block-group is-style-reduced-width is-layout-flow wp-block-group-is-layout-flow\">\n<h1 class=\"wp-block-heading\">Strategia FSEA 2025\u20132028<\/h1>\n\n\n\n<p>La presente strategia \u00e8 stata approvata dall&#8217;Assemblea dei delegati dell&#8217;8 maggio 2025. Nel maggio 2028, l&#8217;Assemblea dei delegati approver\u00e0 una nuova strategia quadriennale.<\/p>\n\n\n\n<h2 class=\"wp-block-heading\">Obiettivi prioritari<\/h2>\n\n\n\n<p>Nei prossimi quattro anni, il lavoro della FSEA si orienter\u00e0 ai seguenti obiettivi prioritari:<\/p>\n\n\n\n<ol start=\"1\" class=\"wp-block-list\">\n<li>Sostenere il settore della formazione continua in questa fase di rapidi cambiamenti.<\/li>\n\n\n\n<li>Contribuire a rendere il sistema di formazione continua accessibile a tutti, innovativo e flessibile, di alta qualit\u00e0, ben informato, interconnesso e coordinato.<\/li>\n\n\n\n<li>Impedire l\u2019implementazione delle misure di risparmio della Confederazione nel settore della formazione continua.<\/li>\n\n\n\n<li>Diversificare le fonti di finanziamento della FSEA.<\/li>\n<\/ol>\n\n\n\n<h3 class=\"wp-block-heading\">Temi prioritari (una selezione)<\/h3>\n\n\n\n<p>Fino al 2028 ci concentreremo sui seguenti temi, che sono centrali in base agli sviluppi attuali nel settore della formazione continua:<\/p>\n\n\n\n<ul class=\"wp-block-list\">\n<li><strong>Tendenze e loro impatto sulla formazione continua<\/strong>: trasformazione digitale (compresa l&#8217;intelligenza artificiale), trasformazione verde, carenza di personale qualificato, migrazione, sviluppo demografico, flessibilizzazione del mercato del lavoro e dei progetti di vita.<\/li>\n\n\n\n<li><strong>Sfide nel sistema di formazione continua<\/strong>: accesso alla formazione continua, pari opportunit\u00e0, disparit\u00e0 nella formazione continua, povert\u00e0, integrazione, cambiamento delle esigenze di apprendimento degli adulti e ulteriore sviluppo dell&#8217;offerta di formazione continua, riconoscimento e valore della formazione continua.<\/li>\n<\/ul>\n\n\n\n<h3 class=\"wp-block-heading\">Obiettivi prioritari per ogni campo d&#8217;azione (una selezione)<\/h3>\n\n\n\n<p>Nei quattro campi d&#8217;azione perseguiamo i seguenti obiettivi:<\/p>\n\n\n\n<ul class=\"wp-block-list\">\n<li><strong>Politica della formazione continua<\/strong>: impedire le misure di risparmio della Confederazione nel settore della formazione continua, sviluppare ulteriormente la legge sulla formazione continua, istituire un gruppo di lavoro nazionale sulla formazione continua ed elaborare una strategia nazionale in materia, promuovere la partecipazione alla formazione continua.<\/li>\n\n\n\n<li><strong>Sviluppo e innovazione<\/strong>: creazione, ampliamento e messa a disposizione sistematica di conoscenze specialistiche sui temi prioritari, messa a disposizione periodica di dati e indicatori affidabili sullo sviluppo del mercato e del sistema della formazione continua, attuazione di progetti di sviluppo orientati alla pratica e innovativi, sviluppo di prospettive future per la formazione continua, creazione di reti e partecipazione al dibattito transnazionale.<\/li>\n\n\n\n<li><strong>Professionalizzazione e qualit\u00e0<\/strong>: implementazione del nuovo sistema modulare FFA e della norma eduQua:2021, preparazione delle prossime revisioni del sistema modulare e della norma di qualit\u00e0, promozione della trasparenza nelle condizioni di assunzione nella formazione continua, professionalizzazione del settore delle competenze di base.<\/li>\n\n\n\n<li><strong>Servizio e coordinamento<\/strong>: messa a disposizione e raccolta di informazioni complete e accessibili al pubblico sulla formazione continua, aumento della partecipazione alla formazione continua, in particolare da parte di adulti poco qualificati, diversificazione delle fonti di finanziamento per il lavoro della FSEA.<\/li>\n<\/ul>\n\n\n\n<div class=\"wp-block-group is-style-run-to-edge has-primary-background-color has-background is-layout-flow wp-block-group-is-layout-flow\">\n<h2 class=\"wp-block-heading\">Visione<\/h2>\n\n\n\n<p class=\"is-style-lead has-background-color has-text-color\">Ci impegniamo per sostenere un sistema di formazione continua forte, innovativo, professionale e per tutti e che risponda ai bisogni degli adulti come pure a quelli della societ\u00e0, dell\u2019economia e della politica.<\/p>\n<\/div>\n\n\n\n<h2 class=\"wp-block-heading\">Il nostro ruolo<\/h2>\n\n\n\n<p>La FSEA \u00e8 l\u2019associazione mantello della formazione continua in Svizzera. La FSEA:<\/p>\n\n\n\n<ul class=\"wp-block-list\">\n<li>Difende gli interessi degli enti erogatori e dei partecipanti alla formazione continua nella politica, nell\u2019economia e nella societ\u00e0.<\/li>\n\n\n\n<li>Mette in rete gli attori della formazione continua.<\/li>\n\n\n\n<li>Promuove la garanzia della qualit\u00e0 nella formazione continua.<\/li>\n\n\n\n<li>S\u2019impegna per garantire le pari opportunit\u00e0 di accesso alla formazione continua.<\/li>\n\n\n\n<li>Contribuisce a creare un sistema di formazione continua forte e orientato al futuro.<\/li>\n\n\n\n<li>\u00c8 attiva nelle tre regioni linguistiche.<\/li>\n<\/ul>\n\n\n\n<h2 class=\"wp-block-heading\">I nostri punti di forza<\/h2>\n\n\n\n<h3 class=\"wp-block-heading\">Competenza<\/h3>\n\n\n\n<p>I segretariati e i gruppi della FSEA possiedono eccellenti competenze specifiche. Per la realizzazione delle attivit\u00e0 collaboriamo intensamente con i nostri associati e i nostri partner nazionali e internazionali. Miriamo ad ottenere un\u2019ottima qualit\u00e0 nel lavoro svolto, nei nostri prodotti e nei servizi come pure nella collaborazione con i gruppi di interesse. Quando identifichiamo dei bisogni di sviluppo, mettiamo in atto rapidamente misure atte al miglioramento della qualit\u00e0.<\/p>\n\n\n\n<h3 class=\"wp-block-heading\">La rete<\/h3>\n\n\n\n<p>La rete di contatti e collaborazione \u00e8 alla base di tutte le nostre attivit\u00e0. Mettiamo in comunicazione tutti gli attori principali della formazione continua e offriamo la possibilit\u00e0 di confronto a livello regionale, nazionale e internazionale. Promuoviamo e favoriamo la creazione di nuove reti organizzando delle piattaforme di scambio e invitando tutti i gruppi di interesse a parteciparvi.<\/p>\n\n\n\n<h3 class=\"wp-block-heading\">Innovazione<\/h3>\n\n\n\n<p>Lavoriamo con una visione futuristica, disponiamo di grande flessibilit\u00e0 e siamo pronti a considerare i cambiamenti sociali ed economici come delle sfide da accettare. Nei nostri progetti integriamo elementi innovativi per il sistema di formazione continua e condizioni quadro.<\/p>\n\n\n\n<h3 class=\"wp-block-heading\">Pensiero e atteggiamento imprenditoriale<\/h3>\n\n\n\n<p>Gestiamo le nostre risorse con rigore. Tutte le nostre attivit\u00e0 sono gestite con&nbsp;<strong>un\u2019efficiente organizzazione<\/strong>. I prodotti e i servizi sono concepiti in funzione dei clienti. I loro bisogni come pure quelli dei gruppi d\u2019interesse sono valutati regolarmente ed elaborati nelle nostre offerte.&nbsp;<\/p>\n\n\n\n<h2 class=\"wp-block-heading\">Ritratto in PDF<\/h2>\n\n\n\n<div class=\"wp-block-columns is-layout-flex wp-container-core-columns-is-layout-28f84493 wp-block-columns-is-layout-flex\">\n<div class=\"wp-block-column is-layout-flow wp-block-column-is-layout-flow\">\n<div class=\"wp-block-file\"><a id=\"wp-block-file--media-f14f455d-fad5-418e-81d3-641181091a9d\" href=\"https:\/\/alice.ch\/app\/uploads\/2022\/11\/Ritratto-FSEA-2018.pdf\" target=\"_blank\" rel=\"noreferrer noopener\">Ritratto FSEA<br \/>PDF &#8211; 198 KB<\/a><\/div>\n<\/div>\n\n\n\n<div class=\"wp-block-column is-layout-flow wp-block-column-is-layout-flow\"><\/div>\n<\/div>\n\n\n\n<h2 class=\"wp-block-heading\">Potrebbe interessarle<\/h2>\n\n\n\n<div class=\"wp-block-columns is-layout-flex wp-container-core-columns-is-layout-28f84493 wp-block-columns-is-layout-flex\">\n<div class=\"wp-block-column is-layout-flow wp-block-column-is-layout-flow\">\n<div class=\"wp-block-buttons is-layout-flex wp-block-buttons-is-layout-flex\">\n<div class=\"wp-block-button has-custom-width wp-block-button__width-100 is-style-outline is-style-outline--1\"><a class=\"wp-block-button__link wp-element-button\" href=\"https:\/\/alice.ch\/it\/strategia\/principi-politici\/\">Principi politici<\/a><\/div>\n\n\n\n<div class=\"wp-block-button has-custom-width wp-block-button__width-100 is-style-outline is-style-outline--2\"><a class=\"wp-block-button__link wp-element-button\" href=\"https:\/\/alice.ch\/it\/politica-della-formazione\/\">Politica della formazione<\/a><\/div>\n<\/div>\n<\/div>\n\n\n\n<div class=\"wp-block-column is-layout-flow wp-block-column-is-layout-flow\">\n<div class=\"wp-block-buttons is-layout-flex wp-block-buttons-is-layout-flex\">\n<div class=\"wp-block-button has-custom-width wp-block-button__width-100 is-style-outline is-style-outline--3\"><a class=\"wp-block-button__link wp-element-button\" href=\"https:\/\/alice.ch\/it\/strategia\/programma-attivita\/\">Programma attivit\u00e0<\/a><\/div>\n\n\n\n<div class=\"wp-block-button has-custom-width wp-block-button__width-100 is-style-outline is-style-outline--4\"><a class=\"wp-block-button__link wp-element-button\" href=\"https:\/\/alice.ch\/it\/sistema-di-formazione-continua\/\">Sistema di formazione continua<\/a><\/div>\n<\/div>\n<\/div>\n<\/div>\n\n\n\n<h2 class=\"wp-block-heading\">Contatto<\/h2>\n\n\n\n<div class=\"wp-block-columns is-layout-flex wp-container-core-columns-is-layout-28f84493 wp-block-columns-is-layout-flex\">\n<div class=\"wp-block-column is-layout-flow wp-block-column-is-layout-flow\" style=\"flex-basis:50%\"><div class=\"contact-persons\">\n\n\t\t\t\t\t<div class=\"contact-person\">\n\t\t\t\t\tSimone Rizzi<br \/>\t\t\t\t\tResponsabile segretariato regionale, Membro della direzione FSEA<br \/>\t\t\t\t\t<br \/>\n\t\t\t\t\t\t\t\t\t\t<a href=\"tel:+41 (0)91 950 84 16\">+41 (0)91 950 84 16<\/a><br \/>\t\t\t\t\t<a href=\"mailto:simone.rizzi@alice.ch\">simone.rizzi@alice.ch<\/a><br \/>\t\t\t\t\t<\/div>\n\t\t\t\t\t<\/div>\n<\/div>\n\n\n\n<div class=\"wp-block-column is-layout-flow wp-block-column-is-layout-flow\" style=\"flex-basis:50%\"><\/div>\n<\/div>\n<\/div>\n","protected":false},"excerpt":{"rendered":"<p>Strategia FSEA 2025\u20132028 La presente strategia \u00e8 stata approvata dall&#8217;Assemblea dei delegati dell&#8217;8 maggio 2025. Nel maggio 2028, l&#8217;Assemblea dei [&hellip;]<\/p>\n","protected":false},"author":4,"featured_media":20799,"parent":17427,"menu_order":608,"comment_status":"closed","ping_status":"closed","template":"","meta":{"_acf_changed":false,"inline_featured_image":false,"footnotes":""},"class_list":["post-11410","page","type-page","status-publish","has-post-thumbnail","hentry"],"acf":[],"yoast_head":"<!-- This site is optimized with the Yoast SEO plugin v27.3 - https:\/\/yoast.com\/product\/yoast-seo-wordpress\/ -->\n<title>Strategia - FSEA<\/title>\n<meta name=\"description\" content=\"La FSEA sostiene il settore della formazione continua e contribuisce allo sviluppo del sistema di formazione continua.\" \/>\n<meta name=\"robots\" content=\"index, follow, max-snippet:-1, max-image-preview:large, max-video-preview:-1\" \/>\n<link rel=\"canonical\" href=\"https:\/\/alice.ch\/it\/fsea-it\/strategia\/\" \/>\n<meta property=\"og:locale\" content=\"it_IT\" \/>\n<meta property=\"og:type\" content=\"article\" \/>\n<meta property=\"og:title\" content=\"Strategia - FSEA\" \/>\n<meta property=\"og:description\" content=\"La FSEA sostiene il settore della formazione continua e contribuisce allo sviluppo del sistema di formazione continua.\" \/>\n<meta property=\"og:url\" content=\"https:\/\/alice.ch\/it\/fsea-it\/strategia\/\" \/>\n<meta property=\"og:site_name\" content=\"SVEB\" \/>\n<meta property=\"article:modified_time\" content=\"2025-11-05T08:46:25+00:00\" \/>\n<meta name=\"twitter:card\" content=\"summary_large_image\" \/>\n<meta name=\"twitter:label1\" content=\"Tempo di lettura stimato\" \/>\n\t<meta name=\"twitter:data1\" content=\"4 minuti\" \/>\n<script type=\"application\/ld+json\" class=\"yoast-schema-graph\">{\"@context\":\"https:\\\/\\\/schema.org\",\"@graph\":[{\"@type\":\"WebPage\",\"@id\":\"https:\\\/\\\/alice.ch\\\/it\\\/fsea-it\\\/strategia\\\/\",\"url\":\"https:\\\/\\\/alice.ch\\\/it\\\/fsea-it\\\/strategia\\\/\",\"name\":\"Strategia - FSEA\",\"isPartOf\":{\"@id\":\"https:\\\/\\\/alice.ch\\\/it\\\/#website\"},\"primaryImageOfPage\":{\"@id\":\"https:\\\/\\\/alice.ch\\\/it\\\/fsea-it\\\/strategia\\\/#primaryimage\"},\"image\":{\"@id\":\"https:\\\/\\\/alice.ch\\\/it\\\/fsea-it\\\/strategia\\\/#primaryimage\"},\"thumbnailUrl\":\"https:\\\/\\\/alice.ch\\\/app\\\/uploads\\\/2022\\\/11\\\/default.jpg\",\"datePublished\":\"2022-08-16T14:26:22+00:00\",\"dateModified\":\"2025-11-05T08:46:25+00:00\",\"description\":\"La FSEA sostiene il settore della formazione continua e contribuisce allo sviluppo del sistema di formazione continua.\",\"breadcrumb\":{\"@id\":\"https:\\\/\\\/alice.ch\\\/it\\\/fsea-it\\\/strategia\\\/#breadcrumb\"},\"inLanguage\":\"it-IT\",\"potentialAction\":[{\"@type\":\"ReadAction\",\"target\":[\"https:\\\/\\\/alice.ch\\\/it\\\/fsea-it\\\/strategia\\\/\"]}]},{\"@type\":\"ImageObject\",\"inLanguage\":\"it-IT\",\"@id\":\"https:\\\/\\\/alice.ch\\\/it\\\/fsea-it\\\/strategia\\\/#primaryimage\",\"url\":\"https:\\\/\\\/alice.ch\\\/app\\\/uploads\\\/2022\\\/11\\\/default.jpg\",\"contentUrl\":\"https:\\\/\\\/alice.ch\\\/app\\\/uploads\\\/2022\\\/11\\\/default.jpg\",\"width\":1600,\"height\":900},{\"@type\":\"BreadcrumbList\",\"@id\":\"https:\\\/\\\/alice.ch\\\/it\\\/fsea-it\\\/strategia\\\/#breadcrumb\",\"itemListElement\":[{\"@type\":\"ListItem\",\"position\":1,\"name\":\"Pagina iniziale\",\"item\":\"https:\\\/\\\/alice.ch\\\/it\\\/\"},{\"@type\":\"ListItem\",\"position\":2,\"name\":\"FSEA\",\"item\":\"https:\\\/\\\/alice.ch\\\/it\\\/fsea-it\\\/\"},{\"@type\":\"ListItem\",\"position\":3,\"name\":\"Strategia\"}]},{\"@type\":\"WebSite\",\"@id\":\"https:\\\/\\\/alice.ch\\\/it\\\/#website\",\"url\":\"https:\\\/\\\/alice.ch\\\/it\\\/\",\"name\":\"alice.ch (Adult Learning Information Center) ist das Portal der Weiterbildung in der Schweiz.\",\"description\":\"Schweizerischer Verband f\u00fcr Weiterbildung\",\"publisher\":{\"@id\":\"https:\\\/\\\/alice.ch\\\/it\\\/#organization\"},\"potentialAction\":[{\"@type\":\"SearchAction\",\"target\":{\"@type\":\"EntryPoint\",\"urlTemplate\":\"https:\\\/\\\/alice.ch\\\/it\\\/?s={search_term_string}\"},\"query-input\":{\"@type\":\"PropertyValueSpecification\",\"valueRequired\":true,\"valueName\":\"search_term_string\"}}],\"inLanguage\":\"it-IT\"},{\"@type\":\"Organization\",\"@id\":\"https:\\\/\\\/alice.ch\\\/it\\\/#organization\",\"name\":\"FSEA Federazione svizzera per la formazione continua\",\"url\":\"https:\\\/\\\/alice.ch\\\/it\\\/\",\"logo\":{\"@type\":\"ImageObject\",\"inLanguage\":\"it-IT\",\"@id\":\"https:\\\/\\\/alice.ch\\\/it\\\/#\\\/schema\\\/logo\\\/image\\\/\",\"url\":\"https:\\\/\\\/alice.ch\\\/app\\\/uploads\\\/2022\\\/07\\\/logo-sveb.png\",\"contentUrl\":\"https:\\\/\\\/alice.ch\\\/app\\\/uploads\\\/2022\\\/07\\\/logo-sveb.png\",\"width\":145,\"height\":64,\"caption\":\"FSEA Federazione svizzera per la formazione continua\"},\"image\":{\"@id\":\"https:\\\/\\\/alice.ch\\\/it\\\/#\\\/schema\\\/logo\\\/image\\\/\"},\"sameAs\":[\"https:\\\/\\\/www.linkedin.com\\\/company\\\/schweizerischer-verband-fr-weiterbildung-sveb\\\/\"]}]}<\/script>\n<!-- \/ Yoast SEO plugin. -->","yoast_head_json":{"title":"Strategia - FSEA","description":"La FSEA sostiene il settore della formazione continua e contribuisce allo sviluppo del sistema di formazione continua.","robots":{"index":"index","follow":"follow","max-snippet":"max-snippet:-1","max-image-preview":"max-image-preview:large","max-video-preview":"max-video-preview:-1"},"canonical":"https:\/\/alice.ch\/it\/fsea-it\/strategia\/","og_locale":"it_IT","og_type":"article","og_title":"Strategia - FSEA","og_description":"La FSEA sostiene il settore della formazione continua e contribuisce allo sviluppo del sistema di formazione continua.","og_url":"https:\/\/alice.ch\/it\/fsea-it\/strategia\/","og_site_name":"SVEB","article_modified_time":"2025-11-05T08:46:25+00:00","twitter_card":"summary_large_image","twitter_misc":{"Tempo di lettura stimato":"4 minuti"},"schema":{"@context":"https:\/\/schema.org","@graph":[{"@type":"WebPage","@id":"https:\/\/alice.ch\/it\/fsea-it\/strategia\/","url":"https:\/\/alice.ch\/it\/fsea-it\/strategia\/","name":"Strategia - FSEA","isPartOf":{"@id":"https:\/\/alice.ch\/it\/#website"},"primaryImageOfPage":{"@id":"https:\/\/alice.ch\/it\/fsea-it\/strategia\/#primaryimage"},"image":{"@id":"https:\/\/alice.ch\/it\/fsea-it\/strategia\/#primaryimage"},"thumbnailUrl":"https:\/\/alice.ch\/app\/uploads\/2022\/11\/default.jpg","datePublished":"2022-08-16T14:26:22+00:00","dateModified":"2025-11-05T08:46:25+00:00","description":"La FSEA sostiene il settore della formazione continua e contribuisce allo sviluppo del sistema di formazione continua.","breadcrumb":{"@id":"https:\/\/alice.ch\/it\/fsea-it\/strategia\/#breadcrumb"},"inLanguage":"it-IT","potentialAction":[{"@type":"ReadAction","target":["https:\/\/alice.ch\/it\/fsea-it\/strategia\/"]}]},{"@type":"ImageObject","inLanguage":"it-IT","@id":"https:\/\/alice.ch\/it\/fsea-it\/strategia\/#primaryimage","url":"https:\/\/alice.ch\/app\/uploads\/2022\/11\/default.jpg","contentUrl":"https:\/\/alice.ch\/app\/uploads\/2022\/11\/default.jpg","width":1600,"height":900},{"@type":"BreadcrumbList","@id":"https:\/\/alice.ch\/it\/fsea-it\/strategia\/#breadcrumb","itemListElement":[{"@type":"ListItem","position":1,"name":"Pagina iniziale","item":"https:\/\/alice.ch\/it\/"},{"@type":"ListItem","position":2,"name":"FSEA","item":"https:\/\/alice.ch\/it\/fsea-it\/"},{"@type":"ListItem","position":3,"name":"Strategia"}]},{"@type":"WebSite","@id":"https:\/\/alice.ch\/it\/#website","url":"https:\/\/alice.ch\/it\/","name":"alice.ch (Adult Learning Information Center) ist das Portal der Weiterbildung in der Schweiz.","description":"Schweizerischer Verband f\u00fcr Weiterbildung","publisher":{"@id":"https:\/\/alice.ch\/it\/#organization"},"potentialAction":[{"@type":"SearchAction","target":{"@type":"EntryPoint","urlTemplate":"https:\/\/alice.ch\/it\/?s={search_term_string}"},"query-input":{"@type":"PropertyValueSpecification","valueRequired":true,"valueName":"search_term_string"}}],"inLanguage":"it-IT"},{"@type":"Organization","@id":"https:\/\/alice.ch\/it\/#organization","name":"FSEA Federazione svizzera per la formazione continua","url":"https:\/\/alice.ch\/it\/","logo":{"@type":"ImageObject","inLanguage":"it-IT","@id":"https:\/\/alice.ch\/it\/#\/schema\/logo\/image\/","url":"https:\/\/alice.ch\/app\/uploads\/2022\/07\/logo-sveb.png","contentUrl":"https:\/\/alice.ch\/app\/uploads\/2022\/07\/logo-sveb.png","width":145,"height":64,"caption":"FSEA Federazione svizzera per la formazione continua"},"image":{"@id":"https:\/\/alice.ch\/it\/#\/schema\/logo\/image\/"},"sameAs":["https:\/\/www.linkedin.com\/company\/schweizerischer-verband-fr-weiterbildung-sveb\/"]}]}},"_links":{"self":[{"href":"https:\/\/alice.ch\/it\/wp-json\/wp\/v2\/pages\/11410","targetHints":{"allow":["GET"]}}],"collection":[{"href":"https:\/\/alice.ch\/it\/wp-json\/wp\/v2\/pages"}],"about":[{"href":"https:\/\/alice.ch\/it\/wp-json\/wp\/v2\/types\/page"}],"author":[{"embeddable":true,"href":"https:\/\/alice.ch\/it\/wp-json\/wp\/v2\/users\/4"}],"replies":[{"embeddable":true,"href":"https:\/\/alice.ch\/it\/wp-json\/wp\/v2\/comments?post=11410"}],"version-history":[{"count":15,"href":"https:\/\/alice.ch\/it\/wp-json\/wp\/v2\/pages\/11410\/revisions"}],"predecessor-version":[{"id":71745,"href":"https:\/\/alice.ch\/it\/wp-json\/wp\/v2\/pages\/11410\/revisions\/71745"}],"up":[{"embeddable":true,"href":"https:\/\/alice.ch\/it\/wp-json\/wp\/v2\/pages\/17427"}],"wp:featuredmedia":[{"embeddable":true,"href":"https:\/\/alice.ch\/it\/wp-json\/wp\/v2\/media\/20799"}],"wp:attachment":[{"href":"https:\/\/alice.ch\/it\/wp-json\/wp\/v2\/media?parent=11410"}],"curies":[{"name":"wp","href":"https:\/\/api.w.org\/{rel}","templated":true}]}}