{"id":11415,"date":"2022-09-08T12:24:42","date_gmt":"2022-09-08T10:24:42","guid":{"rendered":"https:\/\/projects.atxeit.ch\/sveb\/strategie\/taetigkeitsprogramm\/"},"modified":"2023-12-12T08:56:55","modified_gmt":"2023-12-12T07:56:55","slug":"programma-attivita","status":"publish","type":"page","link":"https:\/\/alice.ch\/it\/fsea-it\/strategia\/programma-attivita\/","title":{"rendered":"Programma attivit\u00e0"},"content":{"rendered":"\n<div class=\"wp-block-group is-style-reduced-width is-layout-constrained wp-block-group-is-layout-constrained\">\n<h1 class=\"wp-block-heading\">Ci impegniamo su pi\u00f9 fronti<\/h1>\n\n\n\n<div class=\"wp-block-group is-style-default is-layout-flow wp-block-group-is-layout-flow\">\n<p class=\"is-style-lead\">Ci impegniamo per un sistema di formazione continua forte e sostenibile. Come associazione di categoria ci facciamo carico delle preoccupazione dei nostri affiliati. Con il nostro lavoro su progetti nazionali e internazionali promuoviamo la professionalit\u00e0 e la qualit\u00e0 delle offerte.<\/p>\n\n\n\n<h2 class=\"wp-block-heading\">Programma attivit\u00e0 FSEA<\/h2>\n\n\n\n<ol class=\"wp-block-list\">\n<li><strong>Rappresentare gli interessi degli affiliati nella politica delle formazione<\/strong><br>Appartengono alla \u201cPolitica della formazione\u201d le attivit\u00e0 che migliorano le condizioni quadro della formazione continua. Come organizzazione del mondo del lavoro la FSEA si impegna attivamente nello sviluppo della politica della formazione e prende posizione su questioni di attualit\u00e0.<br><\/li>\n\n\n\n<li><strong>Promozione della professionalizzazione e della qualit\u00e0 nella formazione continua<\/strong><br>La formazione per formatori di adulti (sistema modulare FFA) \u00e8 un pilastro della professionalizzazione. Per la sicurezza della qualit\u00e0 ci sono il label eduQua e i lavori su progetti.<br><\/li>\n\n\n\n<li><strong>Sensibilizzazione alla formazione continua e lungo tutto il corso della vita<\/strong><br>La Federazione \u00e8 attiva in numerosi progetti nazionali e internazionali di sensibilizzazione.<br><\/li>\n\n\n\n<li><strong>Messa in rete degli attori della formazione continua<\/strong><br>La FSEA organizza piattaforme di networking per i propri soci, costruisce reti nazionali e internazionali ed unisce partner degli ambiti della formazione, della politica e dell&#8217;economia.<br><strong><\/strong><\/li>\n\n\n\n<li><strong>Promozione delle pari opportunit\u00e0 nella formazione continua<\/strong><br>La FSEA si occupa della promozione delle competenze di base degli adulti. Sviluppa i principi fondamentali e le prospettive nell&#8217;ambito del mercato del lavoro, degli over 50, dell&#8217;integrazione e della formazione continua nelle PMI.<br><strong><\/strong><\/li>\n\n\n\n<li><strong>Comunicazione ed eventi<\/strong><br>Attraverso la copertura mediatica e l&#8217;informazione attraverso canali idonei la percezione della formazione continua \u00e8 rafforzata. La FSEA, inoltre, \u00e8 presente alle manifestazioni organizzate nell&#8217;ambito della formazione continua.<br><\/li>\n\n\n\n<li><strong>Marketing e servizi<\/strong><br>Di questo ambito fanno parte i numerosi servizi per i soci, l&#8217;amministrazione della FSEA come pure il marketing e la vendita dei prodotti FSEA.<\/li>\n<\/ol>\n\n\n\n<h2 class=\"wp-block-heading\">Contatto<\/h2>\n\n\n\n<div class=\"wp-block-columns is-layout-flex wp-container-core-columns-is-layout-28f84493 wp-block-columns-is-layout-flex\">\n<div class=\"wp-block-column is-layout-flow wp-block-column-is-layout-flow\" style=\"flex-basis:50%\"><div class=\"contact-persons\">\n\n\t\t\t\t\t<div class=\"contact-person\">\n\t\t\t\t\tSimone Rizzi<br \/>\t\t\t\t\tResponsabile segretariato regionale, Membro della direzione FSEA<br \/>\t\t\t\t\t<br \/>\n\t\t\t\t\t\t\t\t\t\t<a href=\"tel:+41 (0)91 950 84 16\">+41 (0)91 950 84 16<\/a><br \/>\t\t\t\t\t<a href=\"mailto:simone.rizzi@alice.ch\">simone.rizzi@alice.ch<\/a><br \/>\t\t\t\t\t<\/div>\n\t\t\t\t\t<\/div>\n<\/div>\n\n\n\n<div class=\"wp-block-column is-layout-flow wp-block-column-is-layout-flow\" style=\"flex-basis:50%\"><\/div>\n<\/div>\n<\/div>\n<\/div>\n","protected":false},"excerpt":{"rendered":"<p>Ci impegniamo su pi\u00f9 fronti Ci impegniamo per un sistema di formazione continua forte e sostenibile. Come associazione di categoria [&hellip;]<\/p>\n","protected":false},"author":4,"featured_media":20799,"parent":11410,"menu_order":512,"comment_status":"closed","ping_status":"closed","template":"","meta":{"_acf_changed":false,"inline_featured_image":false,"footnotes":""},"class_list":["post-11415","page","type-page","status-publish","has-post-thumbnail","hentry"],"acf":[],"yoast_head":"<!-- This site is optimized with the Yoast SEO plugin v27.3 - https:\/\/yoast.com\/product\/yoast-seo-wordpress\/ -->\n<title>Programma attivit\u00e0 - FSEA<\/title>\n<meta name=\"description\" content=\"Attraverso le sue attivit\u00e0 di federazione professionale, la FSEA promuove la professionalit\u00e0 e la qualit\u00e0 nel campo della formazione continua.\" \/>\n<meta name=\"robots\" content=\"index, follow, max-snippet:-1, max-image-preview:large, max-video-preview:-1\" \/>\n<link rel=\"canonical\" href=\"https:\/\/alice.ch\/it\/fsea-it\/strategia\/programma-attivita\/\" \/>\n<meta property=\"og:locale\" content=\"it_IT\" \/>\n<meta property=\"og:type\" content=\"article\" \/>\n<meta property=\"og:title\" content=\"Programma attivit\u00e0 - FSEA\" \/>\n<meta property=\"og:description\" content=\"Attraverso le sue attivit\u00e0 di federazione professionale, la FSEA promuove la professionalit\u00e0 e la qualit\u00e0 nel campo della formazione continua.\" \/>\n<meta property=\"og:url\" content=\"https:\/\/alice.ch\/it\/fsea-it\/strategia\/programma-attivita\/\" \/>\n<meta property=\"og:site_name\" content=\"SVEB\" \/>\n<meta property=\"article:modified_time\" content=\"2023-12-12T07:56:55+00:00\" \/>\n<meta name=\"twitter:card\" content=\"summary_large_image\" \/>\n<meta name=\"twitter:label1\" content=\"Tempo di lettura stimato\" \/>\n\t<meta name=\"twitter:data1\" content=\"2 minuti\" \/>\n<script type=\"application\/ld+json\" class=\"yoast-schema-graph\">{\"@context\":\"https:\\\/\\\/schema.org\",\"@graph\":[{\"@type\":\"WebPage\",\"@id\":\"https:\\\/\\\/alice.ch\\\/it\\\/fsea-it\\\/strategia\\\/programma-attivita\\\/\",\"url\":\"https:\\\/\\\/alice.ch\\\/it\\\/fsea-it\\\/strategia\\\/programma-attivita\\\/\",\"name\":\"Programma attivit\u00e0 - FSEA\",\"isPartOf\":{\"@id\":\"https:\\\/\\\/alice.ch\\\/it\\\/#website\"},\"primaryImageOfPage\":{\"@id\":\"https:\\\/\\\/alice.ch\\\/it\\\/fsea-it\\\/strategia\\\/programma-attivita\\\/#primaryimage\"},\"image\":{\"@id\":\"https:\\\/\\\/alice.ch\\\/it\\\/fsea-it\\\/strategia\\\/programma-attivita\\\/#primaryimage\"},\"thumbnailUrl\":\"https:\\\/\\\/alice.ch\\\/app\\\/uploads\\\/2022\\\/11\\\/default.jpg\",\"datePublished\":\"2022-09-08T10:24:42+00:00\",\"dateModified\":\"2023-12-12T07:56:55+00:00\",\"description\":\"Attraverso le sue attivit\u00e0 di federazione professionale, la FSEA promuove la professionalit\u00e0 e la qualit\u00e0 nel campo della formazione continua.\",\"breadcrumb\":{\"@id\":\"https:\\\/\\\/alice.ch\\\/it\\\/fsea-it\\\/strategia\\\/programma-attivita\\\/#breadcrumb\"},\"inLanguage\":\"it-IT\",\"potentialAction\":[{\"@type\":\"ReadAction\",\"target\":[\"https:\\\/\\\/alice.ch\\\/it\\\/fsea-it\\\/strategia\\\/programma-attivita\\\/\"]}]},{\"@type\":\"ImageObject\",\"inLanguage\":\"it-IT\",\"@id\":\"https:\\\/\\\/alice.ch\\\/it\\\/fsea-it\\\/strategia\\\/programma-attivita\\\/#primaryimage\",\"url\":\"https:\\\/\\\/alice.ch\\\/app\\\/uploads\\\/2022\\\/11\\\/default.jpg\",\"contentUrl\":\"https:\\\/\\\/alice.ch\\\/app\\\/uploads\\\/2022\\\/11\\\/default.jpg\",\"width\":1600,\"height\":900},{\"@type\":\"BreadcrumbList\",\"@id\":\"https:\\\/\\\/alice.ch\\\/it\\\/fsea-it\\\/strategia\\\/programma-attivita\\\/#breadcrumb\",\"itemListElement\":[{\"@type\":\"ListItem\",\"position\":1,\"name\":\"Pagina iniziale\",\"item\":\"https:\\\/\\\/alice.ch\\\/it\\\/\"},{\"@type\":\"ListItem\",\"position\":2,\"name\":\"FSEA\",\"item\":\"https:\\\/\\\/alice.ch\\\/it\\\/fsea-it\\\/\"},{\"@type\":\"ListItem\",\"position\":3,\"name\":\"Strategia\",\"item\":\"https:\\\/\\\/alice.ch\\\/it\\\/fsea-it\\\/strategia\\\/\"},{\"@type\":\"ListItem\",\"position\":4,\"name\":\"Programma attivit\u00e0\"}]},{\"@type\":\"WebSite\",\"@id\":\"https:\\\/\\\/alice.ch\\\/it\\\/#website\",\"url\":\"https:\\\/\\\/alice.ch\\\/it\\\/\",\"name\":\"alice.ch (Adult Learning Information Center) ist das Portal der Weiterbildung in der Schweiz.\",\"description\":\"Schweizerischer Verband f\u00fcr Weiterbildung\",\"publisher\":{\"@id\":\"https:\\\/\\\/alice.ch\\\/it\\\/#organization\"},\"potentialAction\":[{\"@type\":\"SearchAction\",\"target\":{\"@type\":\"EntryPoint\",\"urlTemplate\":\"https:\\\/\\\/alice.ch\\\/it\\\/?s={search_term_string}\"},\"query-input\":{\"@type\":\"PropertyValueSpecification\",\"valueRequired\":true,\"valueName\":\"search_term_string\"}}],\"inLanguage\":\"it-IT\"},{\"@type\":\"Organization\",\"@id\":\"https:\\\/\\\/alice.ch\\\/it\\\/#organization\",\"name\":\"FSEA Federazione svizzera per la formazione continua\",\"url\":\"https:\\\/\\\/alice.ch\\\/it\\\/\",\"logo\":{\"@type\":\"ImageObject\",\"inLanguage\":\"it-IT\",\"@id\":\"https:\\\/\\\/alice.ch\\\/it\\\/#\\\/schema\\\/logo\\\/image\\\/\",\"url\":\"https:\\\/\\\/alice.ch\\\/app\\\/uploads\\\/2022\\\/07\\\/logo-sveb.png\",\"contentUrl\":\"https:\\\/\\\/alice.ch\\\/app\\\/uploads\\\/2022\\\/07\\\/logo-sveb.png\",\"width\":145,\"height\":64,\"caption\":\"FSEA Federazione svizzera per la formazione continua\"},\"image\":{\"@id\":\"https:\\\/\\\/alice.ch\\\/it\\\/#\\\/schema\\\/logo\\\/image\\\/\"},\"sameAs\":[\"https:\\\/\\\/www.linkedin.com\\\/company\\\/schweizerischer-verband-fr-weiterbildung-sveb\\\/\"]}]}<\/script>\n<!-- \/ Yoast SEO plugin. -->","yoast_head_json":{"title":"Programma attivit\u00e0 - FSEA","description":"Attraverso le sue attivit\u00e0 di federazione professionale, la FSEA promuove la professionalit\u00e0 e la qualit\u00e0 nel campo della formazione continua.","robots":{"index":"index","follow":"follow","max-snippet":"max-snippet:-1","max-image-preview":"max-image-preview:large","max-video-preview":"max-video-preview:-1"},"canonical":"https:\/\/alice.ch\/it\/fsea-it\/strategia\/programma-attivita\/","og_locale":"it_IT","og_type":"article","og_title":"Programma attivit\u00e0 - FSEA","og_description":"Attraverso le sue attivit\u00e0 di federazione professionale, la FSEA promuove la professionalit\u00e0 e la qualit\u00e0 nel campo della formazione continua.","og_url":"https:\/\/alice.ch\/it\/fsea-it\/strategia\/programma-attivita\/","og_site_name":"SVEB","article_modified_time":"2023-12-12T07:56:55+00:00","twitter_card":"summary_large_image","twitter_misc":{"Tempo di lettura stimato":"2 minuti"},"schema":{"@context":"https:\/\/schema.org","@graph":[{"@type":"WebPage","@id":"https:\/\/alice.ch\/it\/fsea-it\/strategia\/programma-attivita\/","url":"https:\/\/alice.ch\/it\/fsea-it\/strategia\/programma-attivita\/","name":"Programma attivit\u00e0 - FSEA","isPartOf":{"@id":"https:\/\/alice.ch\/it\/#website"},"primaryImageOfPage":{"@id":"https:\/\/alice.ch\/it\/fsea-it\/strategia\/programma-attivita\/#primaryimage"},"image":{"@id":"https:\/\/alice.ch\/it\/fsea-it\/strategia\/programma-attivita\/#primaryimage"},"thumbnailUrl":"https:\/\/alice.ch\/app\/uploads\/2022\/11\/default.jpg","datePublished":"2022-09-08T10:24:42+00:00","dateModified":"2023-12-12T07:56:55+00:00","description":"Attraverso le sue attivit\u00e0 di federazione professionale, la FSEA promuove la professionalit\u00e0 e la qualit\u00e0 nel campo della formazione continua.","breadcrumb":{"@id":"https:\/\/alice.ch\/it\/fsea-it\/strategia\/programma-attivita\/#breadcrumb"},"inLanguage":"it-IT","potentialAction":[{"@type":"ReadAction","target":["https:\/\/alice.ch\/it\/fsea-it\/strategia\/programma-attivita\/"]}]},{"@type":"ImageObject","inLanguage":"it-IT","@id":"https:\/\/alice.ch\/it\/fsea-it\/strategia\/programma-attivita\/#primaryimage","url":"https:\/\/alice.ch\/app\/uploads\/2022\/11\/default.jpg","contentUrl":"https:\/\/alice.ch\/app\/uploads\/2022\/11\/default.jpg","width":1600,"height":900},{"@type":"BreadcrumbList","@id":"https:\/\/alice.ch\/it\/fsea-it\/strategia\/programma-attivita\/#breadcrumb","itemListElement":[{"@type":"ListItem","position":1,"name":"Pagina iniziale","item":"https:\/\/alice.ch\/it\/"},{"@type":"ListItem","position":2,"name":"FSEA","item":"https:\/\/alice.ch\/it\/fsea-it\/"},{"@type":"ListItem","position":3,"name":"Strategia","item":"https:\/\/alice.ch\/it\/fsea-it\/strategia\/"},{"@type":"ListItem","position":4,"name":"Programma attivit\u00e0"}]},{"@type":"WebSite","@id":"https:\/\/alice.ch\/it\/#website","url":"https:\/\/alice.ch\/it\/","name":"alice.ch (Adult Learning Information Center) ist das Portal der Weiterbildung in der Schweiz.","description":"Schweizerischer Verband f\u00fcr Weiterbildung","publisher":{"@id":"https:\/\/alice.ch\/it\/#organization"},"potentialAction":[{"@type":"SearchAction","target":{"@type":"EntryPoint","urlTemplate":"https:\/\/alice.ch\/it\/?s={search_term_string}"},"query-input":{"@type":"PropertyValueSpecification","valueRequired":true,"valueName":"search_term_string"}}],"inLanguage":"it-IT"},{"@type":"Organization","@id":"https:\/\/alice.ch\/it\/#organization","name":"FSEA Federazione svizzera per la formazione continua","url":"https:\/\/alice.ch\/it\/","logo":{"@type":"ImageObject","inLanguage":"it-IT","@id":"https:\/\/alice.ch\/it\/#\/schema\/logo\/image\/","url":"https:\/\/alice.ch\/app\/uploads\/2022\/07\/logo-sveb.png","contentUrl":"https:\/\/alice.ch\/app\/uploads\/2022\/07\/logo-sveb.png","width":145,"height":64,"caption":"FSEA Federazione svizzera per la formazione continua"},"image":{"@id":"https:\/\/alice.ch\/it\/#\/schema\/logo\/image\/"},"sameAs":["https:\/\/www.linkedin.com\/company\/schweizerischer-verband-fr-weiterbildung-sveb\/"]}]}},"_links":{"self":[{"href":"https:\/\/alice.ch\/it\/wp-json\/wp\/v2\/pages\/11415","targetHints":{"allow":["GET"]}}],"collection":[{"href":"https:\/\/alice.ch\/it\/wp-json\/wp\/v2\/pages"}],"about":[{"href":"https:\/\/alice.ch\/it\/wp-json\/wp\/v2\/types\/page"}],"author":[{"embeddable":true,"href":"https:\/\/alice.ch\/it\/wp-json\/wp\/v2\/users\/4"}],"replies":[{"embeddable":true,"href":"https:\/\/alice.ch\/it\/wp-json\/wp\/v2\/comments?post=11415"}],"version-history":[{"count":9,"href":"https:\/\/alice.ch\/it\/wp-json\/wp\/v2\/pages\/11415\/revisions"}],"predecessor-version":[{"id":50548,"href":"https:\/\/alice.ch\/it\/wp-json\/wp\/v2\/pages\/11415\/revisions\/50548"}],"up":[{"embeddable":true,"href":"https:\/\/alice.ch\/it\/wp-json\/wp\/v2\/pages\/11410"}],"wp:featuredmedia":[{"embeddable":true,"href":"https:\/\/alice.ch\/it\/wp-json\/wp\/v2\/media\/20799"}],"wp:attachment":[{"href":"https:\/\/alice.ch\/it\/wp-json\/wp\/v2\/media?parent=11415"}],"curies":[{"name":"wp","href":"https:\/\/api.w.org\/{rel}","templated":true}]}}