{"id":13055,"date":"2022-11-10T11:02:42","date_gmt":"2022-11-10T10:02:42","guid":{"rendered":"https:\/\/projects.atxeit.ch\/sveb\/competenze-di-base\/promuovere-in-modo-innovativo\/webinarreihe\/"},"modified":"2023-05-08T17:58:36","modified_gmt":"2023-05-08T15:58:36","slug":"ciclo-webinar-apprendimento-mobile","status":"publish","type":"page","link":"https:\/\/alice.ch\/it\/temi\/competenze-di-base\/promuovere-in-modo-innovativo\/ciclo-webinar-apprendimento-mobile\/","title":{"rendered":"Ciclo Webinar: apprendimento mobile"},"content":{"rendered":"\n<div class=\"wp-block-group is-style-reduced-width is-layout-flow wp-block-group-is-layout-flow\">\n<h1 class=\"wp-block-heading\">Ciclo Webinar: apprendimento mobile<\/h1>\n\n\n\n<p class=\"is-style-lead\">In questa pagina troverete tutte le risorse per i tre webinar sull&#8217;apprendimento mobile di entrambe le implementazioni (primavera e autunno 2020).<\/p>\n\n\n\n<div class=\"wp-block-group is-style-run-to-edge has-primary-background-color has-background is-layout-flow wp-block-group-is-layout-flow\">\n<p class=\"is-style-lead has-background-color has-text-color\">L&#8217;apprendimento &#8220;mobile&#8221; come complemento all&#8217;insegnamento in aula della lingua nel quadro della promozione delle competenze di base nel campo dell&#8217;integrazione.<\/p>\n<\/div>\n\n\n\n<p><\/p>\n\n\n\n<p>Nel mese di settembre 2020 si \u00e8 tenuto anche in Ticino il ciclo di webinar sull\u2019apprendimento \u201cmobile\u201d per formatori e formatrici che insegnano l\u2019italiano nel quadro della promozione delle competenze di base nel campo dell&#8217;integrazione. Il ciclo prevedeva tre webinar tematici il cui intento era quello di fornire strumenti per la realizzazione di sequenze formative che adottano le potenzialit\u00e0 del mobile learning per facilitare l\u2019apprendimento di pubblici poco alfabetizzati che provengono dall\u2019ambito dell\u2019integrazione.<\/p>\n\n\n\n<p>I temi trattati sono stati i seguenti:<\/p>\n\n\n\n<ul class=\"wp-block-list\">\n<li>Webinar 1 \u2013 Basi tecnologiche<\/li>\n\n\n\n<li>Webinar 2 \u2013 Ripensare le sequenze didattiche per l\u2019apprendimento &#8220;mobile&#8221;<\/li>\n\n\n\n<li>Webinar 3 \u2013 Metodologia e comunicazione<\/li>\n<\/ul>\n\n\n\n<p>Di seguito riportiamo i documenti, le informazioni e le videoregistrazioni dei tre webinar.<\/p>\n\n\n\n<h2 class=\"wp-block-heading\">Webinar 1 \u2013 Basi tecnologiche<\/h2>\n\n\n\n<p>Partendo dalle tendenze nell\u2019apprendimento digitale passando per l\u2019aula in casa, il primo webinar illustra alcuni strumenti di collaborazione e di gestione delle risorse web che possono essere adottate nelle attivit\u00e0 formative. Presenta altres\u00ec alcune app e alcune possibilit\u00e0 date dalla gamification.<\/p>\n\n\n\n<div class=\"wp-block-columns is-layout-flex wp-container-core-columns-is-layout-28f84493 wp-block-columns-is-layout-flex\">\n<div class=\"wp-block-column is-layout-flow wp-block-column-is-layout-flow\" style=\"flex-basis:50%\">\n<div class=\"wp-block-file\"><a id=\"wp-block-file--media-81470fe6-17c3-4920-a90d-bf0c92b5246e\" href=\"https:\/\/alice.ch\/app\/uploads\/2022\/11\/m-L_Wb1-Presentazione_CH-I.pdf\" target=\"_blank\" rel=\"noreferrer noopener\">Slides del webinar<br \/>PDF &#8211; 13 MB<\/a><a href=\"https:\/\/alice.ch\/app\/uploads\/2022\/11\/m-L_Wb1-Presentazione_CH-I.pdf\" class=\"wp-block-file__button wp-element-button\" download aria-describedby=\"wp-block-file--media-81470fe6-17c3-4920-a90d-bf0c92b5246e\">Herunterladen<br \/>PDF &#8211; 13 MB<\/a><\/div>\n<\/div>\n\n\n\n<div class=\"wp-block-column is-layout-flow wp-block-column-is-layout-flow\" style=\"flex-basis:50%\"><\/div>\n<\/div>\n\n\n\n<p><a href=\"https:\/\/padlet.com\/integraedutech\/tx9g7a3q9fdoc5h4\" target=\"_blank\" rel=\"noreferrer noopener\">Padlet: Strumenti digitali per l&#8217;insegnamento a distanza<\/a><\/p>\n\n\n\n<div class=\"wp-block-columns is-layout-flex wp-container-core-columns-is-layout-28f84493 wp-block-columns-is-layout-flex\">\n<div class=\"wp-block-column is-layout-flow wp-block-column-is-layout-flow\">\n<figure class=\"wp-block-embed is-type-video is-provider-youtube wp-block-embed-youtube wp-embed-aspect-16-9 wp-has-aspect-ratio\"><div class=\"wp-block-embed__wrapper\">\n<iframe title=\"Apprendimento mobile \u2013 Webinar 1: Basi tecnologiche\" width=\"500\" height=\"281\" src=\"https:\/\/www.youtube.com\/embed\/o3_H68Ja9mo?feature=oembed\" frameborder=\"0\" allow=\"accelerometer; autoplay; clipboard-write; encrypted-media; gyroscope; picture-in-picture; web-share\" referrerpolicy=\"strict-origin-when-cross-origin\" allowfullscreen><\/iframe>\n<\/div><\/figure>\n<\/div>\n\n\n\n<div class=\"wp-block-column is-layout-flow wp-block-column-is-layout-flow\"><\/div>\n<\/div>\n\n\n\n<h2 class=\"wp-block-heading\">Webinar 2 \u2013 Ripensare le sequenze didattiche per l\u2019apprendimento \u00abmobile\u00bb<\/h2>\n\n\n\n<p>Il secondo webinar si concentra sulla didattica e sulla progettazione di sequenze formative che adottano gli strumenti digitali. Nel corso di questo webinar le persone partecipanti, suddivise in gruppi, dopo gli imput teorici, hanno avuto modo di scambiare le proprie esperienze e i priori punti di vista attraverso delle bacheche digitali. Modalit\u00e0 questa che ha permesso loro di sperimentare in prima persona quanto appreso nei due webinar.<\/p>\n\n\n\n<div class=\"wp-block-columns is-layout-flex wp-container-core-columns-is-layout-28f84493 wp-block-columns-is-layout-flex\">\n<div class=\"wp-block-column is-layout-flow wp-block-column-is-layout-flow\">\n<div class=\"wp-block-file\"><a id=\"wp-block-file--media-d8387247-08ad-4ed5-ac2a-f85eaa4aeb2a\" href=\"https:\/\/alice.ch\/app\/uploads\/2022\/11\/m-L_Wb2-Presentazione_CH-I.pdf\" target=\"_blank\" rel=\"noreferrer noopener\">Slides del webinar<br \/>PDF &#8211; 1 MB<\/a><a href=\"https:\/\/alice.ch\/app\/uploads\/2022\/11\/m-L_Wb2-Presentazione_CH-I.pdf\" class=\"wp-block-file__button wp-element-button\" download aria-describedby=\"wp-block-file--media-d8387247-08ad-4ed5-ac2a-f85eaa4aeb2a\">Herunterladen<br \/>PDF &#8211; 1 MB<\/a><\/div>\n<\/div>\n\n\n\n<div class=\"wp-block-column is-layout-flow wp-block-column-is-layout-flow\"><\/div>\n<\/div>\n\n\n\n<div class=\"wp-block-columns is-layout-flex wp-container-core-columns-is-layout-28f84493 wp-block-columns-is-layout-flex\">\n<div class=\"wp-block-column is-layout-flow wp-block-column-is-layout-flow\">\n<figure class=\"wp-block-embed is-type-video is-provider-youtube wp-block-embed-youtube wp-embed-aspect-16-9 wp-has-aspect-ratio\"><div class=\"wp-block-embed__wrapper\">\n<iframe title=\"Apprendimento mobile \u2013 Webinar 2: Ripensare le sequenze didattiche per l\u2019apprendimento \u00abmobile\u00bb\" width=\"500\" height=\"281\" src=\"https:\/\/www.youtube.com\/embed\/5bHPhzRoWJg?feature=oembed\" frameborder=\"0\" allow=\"accelerometer; autoplay; clipboard-write; encrypted-media; gyroscope; picture-in-picture; web-share\" referrerpolicy=\"strict-origin-when-cross-origin\" allowfullscreen><\/iframe>\n<\/div><\/figure>\n<\/div>\n\n\n\n<div class=\"wp-block-column is-layout-flow wp-block-column-is-layout-flow\"><\/div>\n<\/div>\n\n\n\n<h2 class=\"wp-block-heading\">Webinar 3 \u2013 Metodologia e comunicazione<\/h2>\n\n\n\n<p>Nel corso del terzo webinar l\u2019accento \u00e8 stato posto sulle modalit\u00e0 di comunicazione digitale con una riflessione sui vantaggi e sugli svantaggi della comunicazione sincrona e asincrona. In particolare, l\u2019accento \u00e8 stato posto sulle diverse modalit\u00e0 che pu\u00f2 assumere la comunicazione asincrona (asincrono autonomo, asincrono assistito, asincrono strutturato). Un approfondimento \u00e8 stato fatto anche in merito ai codici e ai segni della comunicazione e come questi incidono sulla progettazione di sequenze didattiche con strumenti digitali.<\/p>\n\n\n\n<div class=\"wp-block-columns is-layout-flex wp-container-core-columns-is-layout-28f84493 wp-block-columns-is-layout-flex\">\n<div class=\"wp-block-column is-layout-flow wp-block-column-is-layout-flow\">\n<div class=\"wp-block-file\"><a id=\"wp-block-file--media-20c912df-0c3a-476d-ba09-3d4a02bb93cf\" href=\"https:\/\/alice.ch\/app\/uploads\/2022\/11\/m-L_Wb3-Presentazione_CH-I.pdf\" target=\"_blank\" rel=\"noreferrer noopener\">Slides del webinar<br \/>PDF &#8211; 3 MB<\/a><a href=\"https:\/\/alice.ch\/app\/uploads\/2022\/11\/m-L_Wb3-Presentazione_CH-I.pdf\" class=\"wp-block-file__button wp-element-button\" download aria-describedby=\"wp-block-file--media-20c912df-0c3a-476d-ba09-3d4a02bb93cf\">Herunterladen<br \/>PDF &#8211; 3 MB<\/a><\/div>\n<\/div>\n\n\n\n<div class=\"wp-block-column is-layout-flow wp-block-column-is-layout-flow\"><\/div>\n<\/div>\n\n\n\n<div class=\"wp-block-columns is-layout-flex wp-container-core-columns-is-layout-28f84493 wp-block-columns-is-layout-flex\">\n<div class=\"wp-block-column is-layout-flow wp-block-column-is-layout-flow\">\n<figure class=\"wp-block-embed is-type-video is-provider-youtube wp-block-embed-youtube wp-embed-aspect-16-9 wp-has-aspect-ratio\"><div class=\"wp-block-embed__wrapper\">\n<iframe title=\"Apprendimento mobile \u2013 Webinar 3: Metodologia e comunicazione\" width=\"500\" height=\"281\" src=\"https:\/\/www.youtube.com\/embed\/8a6WGyzZXYU?feature=oembed\" frameborder=\"0\" allow=\"accelerometer; autoplay; clipboard-write; encrypted-media; gyroscope; picture-in-picture; web-share\" referrerpolicy=\"strict-origin-when-cross-origin\" allowfullscreen><\/iframe>\n<\/div><figcaption class=\"wp-element-caption\"><br><\/figcaption><\/figure>\n<\/div>\n\n\n\n<div class=\"wp-block-column is-layout-flow wp-block-column-is-layout-flow\"><\/div>\n<\/div>\n\n\n\n<p>&nbsp;Copyright:&nbsp;<a href=\"https:\/\/creativecommons.org\/licenses\/by-sa\/4.0\/deed.de\" target=\"_blank\" rel=\"noreferrer noopener\">CC BY-SA 4.0<\/a><\/p>\n\n\n\n<h2 class=\"wp-block-heading\">Contatto<\/h2>\n\n\n\n<div class=\"wp-block-columns is-layout-flex wp-container-core-columns-is-layout-28f84493 wp-block-columns-is-layout-flex\">\n<div class=\"wp-block-column is-layout-flow wp-block-column-is-layout-flow\" style=\"flex-basis:50%\"><div class=\"contact-persons\">\n\n\t\t\t\t\t<div class=\"contact-person\">\n\t\t\t\t\tSimone Rizzi<br \/>\t\t\t\t\tResponsabile segretariato regionale, Membro della direzione FSEA<br \/>\t\t\t\t\t<br \/>\n\t\t\t\t\t\t\t\t\t\t<a href=\"tel:+41 (0)91 950 84 16\">+41 (0)91 950 84 16<\/a><br \/>\t\t\t\t\t<a href=\"mailto:simone.rizzi@alice.ch\">simone.rizzi@alice.ch<\/a><br \/>\t\t\t\t\t<\/div>\n\t\t\t\t\t<\/div>\n<\/div>\n\n\n\n<div class=\"wp-block-column is-layout-flow wp-block-column-is-layout-flow\" style=\"flex-basis:50%\"><\/div>\n<\/div>\n<\/div>\n","protected":false},"excerpt":{"rendered":"<p>Ciclo Webinar: apprendimento mobile In questa pagina troverete tutte le risorse per i tre webinar sull&#8217;apprendimento mobile di entrambe le [&hellip;]<\/p>\n","protected":false},"author":2,"featured_media":20799,"parent":11021,"menu_order":76,"comment_status":"closed","ping_status":"closed","template":"","meta":{"_acf_changed":false,"inline_featured_image":false,"footnotes":""},"class_list":["post-13055","page","type-page","status-publish","has-post-thumbnail","hentry"],"acf":[],"yoast_head":"<!-- This site is optimized with the Yoast SEO plugin v27.3 - https:\/\/yoast.com\/product\/yoast-seo-wordpress\/ -->\n<title>Ciclo Webinar: apprendimento mobile - FSEA<\/title>\n<meta name=\"robots\" content=\"index, follow, max-snippet:-1, max-image-preview:large, max-video-preview:-1\" \/>\n<link rel=\"canonical\" href=\"https:\/\/alice.ch\/it\/temi\/competenze-di-base\/promuovere-in-modo-innovativo\/ciclo-webinar-apprendimento-mobile\/\" \/>\n<meta property=\"og:locale\" content=\"it_IT\" \/>\n<meta property=\"og:type\" content=\"article\" \/>\n<meta property=\"og:title\" content=\"Ciclo Webinar: apprendimento mobile - FSEA\" \/>\n<meta property=\"og:description\" content=\"Ciclo Webinar: apprendimento mobile In questa pagina troverete tutte le risorse per i tre webinar sull&#8217;apprendimento mobile di entrambe le [&hellip;]\" \/>\n<meta property=\"og:url\" content=\"https:\/\/alice.ch\/it\/temi\/competenze-di-base\/promuovere-in-modo-innovativo\/ciclo-webinar-apprendimento-mobile\/\" \/>\n<meta property=\"og:site_name\" content=\"SVEB\" \/>\n<meta property=\"article:modified_time\" content=\"2023-05-08T15:58:36+00:00\" \/>\n<meta name=\"twitter:card\" content=\"summary_large_image\" \/>\n<meta name=\"twitter:label1\" content=\"Tempo di lettura stimato\" \/>\n\t<meta name=\"twitter:data1\" content=\"3 minuti\" \/>\n<script type=\"application\/ld+json\" class=\"yoast-schema-graph\">{\"@context\":\"https:\\\/\\\/schema.org\",\"@graph\":[{\"@type\":\"WebPage\",\"@id\":\"https:\\\/\\\/alice.ch\\\/it\\\/temi\\\/competenze-di-base\\\/promuovere-in-modo-innovativo\\\/ciclo-webinar-apprendimento-mobile\\\/\",\"url\":\"https:\\\/\\\/alice.ch\\\/it\\\/temi\\\/competenze-di-base\\\/promuovere-in-modo-innovativo\\\/ciclo-webinar-apprendimento-mobile\\\/\",\"name\":\"Ciclo Webinar: apprendimento mobile - FSEA\",\"isPartOf\":{\"@id\":\"https:\\\/\\\/alice.ch\\\/it\\\/#website\"},\"primaryImageOfPage\":{\"@id\":\"https:\\\/\\\/alice.ch\\\/it\\\/temi\\\/competenze-di-base\\\/promuovere-in-modo-innovativo\\\/ciclo-webinar-apprendimento-mobile\\\/#primaryimage\"},\"image\":{\"@id\":\"https:\\\/\\\/alice.ch\\\/it\\\/temi\\\/competenze-di-base\\\/promuovere-in-modo-innovativo\\\/ciclo-webinar-apprendimento-mobile\\\/#primaryimage\"},\"thumbnailUrl\":\"https:\\\/\\\/alice.ch\\\/app\\\/uploads\\\/2022\\\/11\\\/default.jpg\",\"datePublished\":\"2022-11-10T10:02:42+00:00\",\"dateModified\":\"2023-05-08T15:58:36+00:00\",\"breadcrumb\":{\"@id\":\"https:\\\/\\\/alice.ch\\\/it\\\/temi\\\/competenze-di-base\\\/promuovere-in-modo-innovativo\\\/ciclo-webinar-apprendimento-mobile\\\/#breadcrumb\"},\"inLanguage\":\"it-IT\",\"potentialAction\":[{\"@type\":\"ReadAction\",\"target\":[\"https:\\\/\\\/alice.ch\\\/it\\\/temi\\\/competenze-di-base\\\/promuovere-in-modo-innovativo\\\/ciclo-webinar-apprendimento-mobile\\\/\"]}]},{\"@type\":\"ImageObject\",\"inLanguage\":\"it-IT\",\"@id\":\"https:\\\/\\\/alice.ch\\\/it\\\/temi\\\/competenze-di-base\\\/promuovere-in-modo-innovativo\\\/ciclo-webinar-apprendimento-mobile\\\/#primaryimage\",\"url\":\"https:\\\/\\\/alice.ch\\\/app\\\/uploads\\\/2022\\\/11\\\/default.jpg\",\"contentUrl\":\"https:\\\/\\\/alice.ch\\\/app\\\/uploads\\\/2022\\\/11\\\/default.jpg\",\"width\":1600,\"height\":900},{\"@type\":\"BreadcrumbList\",\"@id\":\"https:\\\/\\\/alice.ch\\\/it\\\/temi\\\/competenze-di-base\\\/promuovere-in-modo-innovativo\\\/ciclo-webinar-apprendimento-mobile\\\/#breadcrumb\",\"itemListElement\":[{\"@type\":\"ListItem\",\"position\":1,\"name\":\"Pagina iniziale\",\"item\":\"https:\\\/\\\/alice.ch\\\/it\\\/\"},{\"@type\":\"ListItem\",\"position\":2,\"name\":\"Temi\",\"item\":\"https:\\\/\\\/alice.ch\\\/it\\\/temi\\\/\"},{\"@type\":\"ListItem\",\"position\":3,\"name\":\"Competenze di base\",\"item\":\"https:\\\/\\\/alice.ch\\\/it\\\/temi\\\/competenze-di-base\\\/\"},{\"@type\":\"ListItem\",\"position\":4,\"name\":\"Promuovere in modo innovativo\",\"item\":\"https:\\\/\\\/alice.ch\\\/it\\\/temi\\\/competenze-di-base\\\/promuovere-in-modo-innovativo\\\/\"},{\"@type\":\"ListItem\",\"position\":5,\"name\":\"Ciclo Webinar: apprendimento mobile\"}]},{\"@type\":\"WebSite\",\"@id\":\"https:\\\/\\\/alice.ch\\\/it\\\/#website\",\"url\":\"https:\\\/\\\/alice.ch\\\/it\\\/\",\"name\":\"alice.ch (Adult Learning Information Center) ist das Portal der Weiterbildung in der Schweiz.\",\"description\":\"Schweizerischer Verband f\u00fcr Weiterbildung\",\"publisher\":{\"@id\":\"https:\\\/\\\/alice.ch\\\/it\\\/#organization\"},\"potentialAction\":[{\"@type\":\"SearchAction\",\"target\":{\"@type\":\"EntryPoint\",\"urlTemplate\":\"https:\\\/\\\/alice.ch\\\/it\\\/?s={search_term_string}\"},\"query-input\":{\"@type\":\"PropertyValueSpecification\",\"valueRequired\":true,\"valueName\":\"search_term_string\"}}],\"inLanguage\":\"it-IT\"},{\"@type\":\"Organization\",\"@id\":\"https:\\\/\\\/alice.ch\\\/it\\\/#organization\",\"name\":\"FSEA Federazione svizzera per la formazione continua\",\"url\":\"https:\\\/\\\/alice.ch\\\/it\\\/\",\"logo\":{\"@type\":\"ImageObject\",\"inLanguage\":\"it-IT\",\"@id\":\"https:\\\/\\\/alice.ch\\\/it\\\/#\\\/schema\\\/logo\\\/image\\\/\",\"url\":\"https:\\\/\\\/alice.ch\\\/app\\\/uploads\\\/2022\\\/07\\\/logo-sveb.png\",\"contentUrl\":\"https:\\\/\\\/alice.ch\\\/app\\\/uploads\\\/2022\\\/07\\\/logo-sveb.png\",\"width\":145,\"height\":64,\"caption\":\"FSEA Federazione svizzera per la formazione continua\"},\"image\":{\"@id\":\"https:\\\/\\\/alice.ch\\\/it\\\/#\\\/schema\\\/logo\\\/image\\\/\"},\"sameAs\":[\"https:\\\/\\\/www.linkedin.com\\\/company\\\/schweizerischer-verband-fr-weiterbildung-sveb\\\/\"]}]}<\/script>\n<!-- \/ Yoast SEO plugin. -->","yoast_head_json":{"title":"Ciclo Webinar: apprendimento mobile - FSEA","robots":{"index":"index","follow":"follow","max-snippet":"max-snippet:-1","max-image-preview":"max-image-preview:large","max-video-preview":"max-video-preview:-1"},"canonical":"https:\/\/alice.ch\/it\/temi\/competenze-di-base\/promuovere-in-modo-innovativo\/ciclo-webinar-apprendimento-mobile\/","og_locale":"it_IT","og_type":"article","og_title":"Ciclo Webinar: apprendimento mobile - FSEA","og_description":"Ciclo Webinar: apprendimento mobile In questa pagina troverete tutte le risorse per i tre webinar sull&#8217;apprendimento mobile di entrambe le [&hellip;]","og_url":"https:\/\/alice.ch\/it\/temi\/competenze-di-base\/promuovere-in-modo-innovativo\/ciclo-webinar-apprendimento-mobile\/","og_site_name":"SVEB","article_modified_time":"2023-05-08T15:58:36+00:00","twitter_card":"summary_large_image","twitter_misc":{"Tempo di lettura stimato":"3 minuti"},"schema":{"@context":"https:\/\/schema.org","@graph":[{"@type":"WebPage","@id":"https:\/\/alice.ch\/it\/temi\/competenze-di-base\/promuovere-in-modo-innovativo\/ciclo-webinar-apprendimento-mobile\/","url":"https:\/\/alice.ch\/it\/temi\/competenze-di-base\/promuovere-in-modo-innovativo\/ciclo-webinar-apprendimento-mobile\/","name":"Ciclo Webinar: apprendimento mobile - FSEA","isPartOf":{"@id":"https:\/\/alice.ch\/it\/#website"},"primaryImageOfPage":{"@id":"https:\/\/alice.ch\/it\/temi\/competenze-di-base\/promuovere-in-modo-innovativo\/ciclo-webinar-apprendimento-mobile\/#primaryimage"},"image":{"@id":"https:\/\/alice.ch\/it\/temi\/competenze-di-base\/promuovere-in-modo-innovativo\/ciclo-webinar-apprendimento-mobile\/#primaryimage"},"thumbnailUrl":"https:\/\/alice.ch\/app\/uploads\/2022\/11\/default.jpg","datePublished":"2022-11-10T10:02:42+00:00","dateModified":"2023-05-08T15:58:36+00:00","breadcrumb":{"@id":"https:\/\/alice.ch\/it\/temi\/competenze-di-base\/promuovere-in-modo-innovativo\/ciclo-webinar-apprendimento-mobile\/#breadcrumb"},"inLanguage":"it-IT","potentialAction":[{"@type":"ReadAction","target":["https:\/\/alice.ch\/it\/temi\/competenze-di-base\/promuovere-in-modo-innovativo\/ciclo-webinar-apprendimento-mobile\/"]}]},{"@type":"ImageObject","inLanguage":"it-IT","@id":"https:\/\/alice.ch\/it\/temi\/competenze-di-base\/promuovere-in-modo-innovativo\/ciclo-webinar-apprendimento-mobile\/#primaryimage","url":"https:\/\/alice.ch\/app\/uploads\/2022\/11\/default.jpg","contentUrl":"https:\/\/alice.ch\/app\/uploads\/2022\/11\/default.jpg","width":1600,"height":900},{"@type":"BreadcrumbList","@id":"https:\/\/alice.ch\/it\/temi\/competenze-di-base\/promuovere-in-modo-innovativo\/ciclo-webinar-apprendimento-mobile\/#breadcrumb","itemListElement":[{"@type":"ListItem","position":1,"name":"Pagina iniziale","item":"https:\/\/alice.ch\/it\/"},{"@type":"ListItem","position":2,"name":"Temi","item":"https:\/\/alice.ch\/it\/temi\/"},{"@type":"ListItem","position":3,"name":"Competenze di base","item":"https:\/\/alice.ch\/it\/temi\/competenze-di-base\/"},{"@type":"ListItem","position":4,"name":"Promuovere in modo innovativo","item":"https:\/\/alice.ch\/it\/temi\/competenze-di-base\/promuovere-in-modo-innovativo\/"},{"@type":"ListItem","position":5,"name":"Ciclo Webinar: apprendimento mobile"}]},{"@type":"WebSite","@id":"https:\/\/alice.ch\/it\/#website","url":"https:\/\/alice.ch\/it\/","name":"alice.ch (Adult Learning Information Center) ist das Portal der Weiterbildung in der Schweiz.","description":"Schweizerischer Verband f\u00fcr Weiterbildung","publisher":{"@id":"https:\/\/alice.ch\/it\/#organization"},"potentialAction":[{"@type":"SearchAction","target":{"@type":"EntryPoint","urlTemplate":"https:\/\/alice.ch\/it\/?s={search_term_string}"},"query-input":{"@type":"PropertyValueSpecification","valueRequired":true,"valueName":"search_term_string"}}],"inLanguage":"it-IT"},{"@type":"Organization","@id":"https:\/\/alice.ch\/it\/#organization","name":"FSEA Federazione svizzera per la formazione continua","url":"https:\/\/alice.ch\/it\/","logo":{"@type":"ImageObject","inLanguage":"it-IT","@id":"https:\/\/alice.ch\/it\/#\/schema\/logo\/image\/","url":"https:\/\/alice.ch\/app\/uploads\/2022\/07\/logo-sveb.png","contentUrl":"https:\/\/alice.ch\/app\/uploads\/2022\/07\/logo-sveb.png","width":145,"height":64,"caption":"FSEA Federazione svizzera per la formazione continua"},"image":{"@id":"https:\/\/alice.ch\/it\/#\/schema\/logo\/image\/"},"sameAs":["https:\/\/www.linkedin.com\/company\/schweizerischer-verband-fr-weiterbildung-sveb\/"]}]}},"_links":{"self":[{"href":"https:\/\/alice.ch\/it\/wp-json\/wp\/v2\/pages\/13055","targetHints":{"allow":["GET"]}}],"collection":[{"href":"https:\/\/alice.ch\/it\/wp-json\/wp\/v2\/pages"}],"about":[{"href":"https:\/\/alice.ch\/it\/wp-json\/wp\/v2\/types\/page"}],"author":[{"embeddable":true,"href":"https:\/\/alice.ch\/it\/wp-json\/wp\/v2\/users\/2"}],"replies":[{"embeddable":true,"href":"https:\/\/alice.ch\/it\/wp-json\/wp\/v2\/comments?post=13055"}],"version-history":[{"count":13,"href":"https:\/\/alice.ch\/it\/wp-json\/wp\/v2\/pages\/13055\/revisions"}],"predecessor-version":[{"id":50239,"href":"https:\/\/alice.ch\/it\/wp-json\/wp\/v2\/pages\/13055\/revisions\/50239"}],"up":[{"embeddable":true,"href":"https:\/\/alice.ch\/it\/wp-json\/wp\/v2\/pages\/11021"}],"wp:featuredmedia":[{"embeddable":true,"href":"https:\/\/alice.ch\/it\/wp-json\/wp\/v2\/media\/20799"}],"wp:attachment":[{"href":"https:\/\/alice.ch\/it\/wp-json\/wp\/v2\/media?parent=13055"}],"curies":[{"name":"wp","href":"https:\/\/api.w.org\/{rel}","templated":true}]}}