{"id":13488,"date":"2022-08-16T16:24:57","date_gmt":"2022-08-16T14:24:57","guid":{"rendered":"https:\/\/projects.atxeit.ch\/sveb\/fsea\/geschichte\/"},"modified":"2023-12-12T10:31:32","modified_gmt":"2023-12-12T09:31:32","slug":"pietre-miliari","status":"publish","type":"page","link":"https:\/\/alice.ch\/it\/fsea-it\/informazioni-sulla-fsea\/pietre-miliari\/","title":{"rendered":"Pietre miliari"},"content":{"rendered":"\n<div class=\"wp-block-group is-style-reduced-width is-layout-flow wp-block-group-is-layout-flow\">\n<h1 class=\"wp-block-heading\">Pietre miliari<\/h1>\n\n\n\n<p class=\"is-style-lead\">Dal 1951 la FSEA promuove con successo gli interessi della formazione continua in Svizzera. Di seguito sono riportati i momenti fondamentali della sua storia.<\/p>\n\n\n\n<p><strong>2022:<\/strong>&nbsp;dopo 53 anni, la sede nazionale di Zurigo si trasferisce dalla Oerlikonerstrasse 38 alla pi\u00f9 centrale Hardstrasse 235; introduzione di <a href=\"https:\/\/alice.ch\/it\/qualita\/il-label-di-qualita-eduqua\/la-norma-eduqua2021\/\">eduQua:2021<\/a><\/p>\n\n\n\n<p><strong>2021:<\/strong>&nbsp;adozione della nuova&nbsp;<a href=\"https:\/\/alice.ch\/it\/fsea-it\/strategia\/\">strategia 2021\u20132024<\/a>&nbsp;e nuovo mandato di prestazioni con la SEFRI<\/p>\n\n\n\n<p><strong>2020:<\/strong>&nbsp;revisione di&nbsp;<a href=\"https:\/\/alice.ch\/it\/qualita\/il-label-di-qualita-eduqua\/\">eduQua<\/a>&nbsp;e&nbsp;<a href=\"https:\/\/alice.ch\/it\/professionalizzazione\/formare-adulti-come-professione\/\">FFA<\/a>; positiva attivit\u00e0 di lobby per il rafforzamento della formazione continua nel&nbsp;<a href=\"https:\/\/www.sbfi.admin.ch\/sbfi\/fr\/home\/services\/publications\/base-de-donnees-des-publications\/s-n-2019-1\/s-n-2019-1f.html\" target=\"_blank\" rel=\"noreferrer noopener\">Messaggio ERI 21\u201324<\/a><\/p>\n\n\n\n<p><strong>2019:<\/strong>&nbsp;la Commissione romanda viene sostituita dal nuovo&nbsp;<a href=\"https:\/\/alice.ch\/it\/fsea-it\/informazioni-sulla-fsea\/organi\/forum-romando\/\">Forum romando<\/a>; la segreteria della FSEA romanda si trasferisce da Nyon a Losanna; <a href=\"https:\/\/alice.ch\/it\/fsea-it\/politica-della-formazione\/assistenza-sociale\/\">offensiva per le persone in assistenza<\/a>; inizio delle attivit\u00e0 del Gruppo di accompagnamento politico<\/p>\n\n\n\n<p><strong>2018:<\/strong>&nbsp;\u00e8 assegnato il 50.000-esimo&nbsp;Certificato FSEA di formatore\/formatrice di adulti; il&nbsp;<a href=\"https:\/\/alice.ch\/it\/professionalizzazione\/il-sistema-modulare-ffa\/\">sistema modulare FFA<\/a>&nbsp;viene ampliato con il certificato &#8220;Sostenere processi d\u2019apprendimento con la tecnologia digitale&#8221;; la Confederazione lancia il programma di promozione della formazione continua &#8220;<a href=\"https:\/\/www.meglio-adesso.ch\/betriebe.cfm\" target=\"_blank\" rel=\"noreferrer noopener\">Semplicemente meglio! \u2026 al lavoro<\/a>&#8220;, fra l&#8217;altro sulla base dei <a href=\"https:\/\/alice.ch\/it\/temi\/competenze-di-base\/go-upskilling-sul-posto-di-lavoro\/il-modello-go\/\">progetti GO<\/a> della FSEA<\/p>\n\n\n\n<p><strong>2017:<\/strong>&nbsp;introduzione della&nbsp;<a href=\"https:\/\/alice.ch\/it\/fsea-it\/politica-della-formazione\/legge-sulla-formazione-continua\/\">Legge federale sulla formazione continua<\/a> (LFCo); introduzione del mandato di prestazioni con le organizzazioni della formazione continua, inclusa la FSEA; inizio della attivit\u00e0 di&nbsp;<a href=\"https:\/\/alice.ch\/it\/ricerca\/think-tank-transit\/\">TRANSIT \u2013 Think Tank per la formazione continua<\/a><\/p>\n\n\n\n<p><strong>2016:<\/strong>&nbsp;\u00e8 assegnato il 10.000-esimo <a href=\"https:\/\/alice.ch\/it\/professionalizzazione\/attestato-professionale-federale-di-formatrice-formatore\/\">Attestato professionale federale di formatore\/formatrice<\/a>; ultima edizione del Festival della formazione; Bernhard Gr\u00e4miger sostituisce Andr\u00e9 Schl\u00e4fli alla direzione della FSEA (terzo direttore dopo 48 anni), Irena Sgier \u00e8 nominata direttrice supplente<\/p>\n\n\n\n<p><strong>2013:<\/strong>&nbsp;revisione&nbsp;<a href=\"https:\/\/alice.ch\/it\/qualita\/il-label-di-qualita-eduqua\/\">eduQua<\/a><\/p>\n\n\n\n<p><strong>2012:<\/strong>&nbsp;fondazione della&nbsp;<a href=\"https:\/\/alice.ch\/it\/temi\/competenze-di-base\/promuovere-in-modo-innovativo\/ci-competenze-di-base\/\">CI competenze di base<\/a><\/p>\n\n\n\n<p><strong>2010:<\/strong>&nbsp;i&nbsp;<a href=\"https:\/\/alice.ch\/fr\/fsea-fr\/membres\/\">soci <\/a><a href=\"https:\/\/alice.ch\/it\/fsea-it\/affiliazione\/\">FSEA<\/a>&nbsp;raggiungono il numero record di 573<\/p>\n\n\n\n<p><strong>2009:<\/strong>&nbsp;la FSEA pubblica la propria bozza per una legge sulla formazione continua (bozza Reichenau); il Festival della formazione diventa da triennale ad annuale; inizio delle sviluppo del&nbsp;<a href=\"https:\/\/alice.ch\/it\/temi\/competenze-di-base\/go-upskilling-sul-posto-di-lavoro\/il-modello-go\/\">Modello GO<\/a>&nbsp;(<a href=\"https:\/\/alice.ch\/it\/temi\/competenze-di-base\/go-upskilling-sul-posto-di-lavoro\/\">Upskilling sul posto di lavoro<\/a>)<\/p>\n\n\n\n<p><strong>2007:<\/strong>&nbsp;riorganizzazione della FSEA, il numero di collaboratori passa da 7 a 20 (<a href=\"https:\/\/alice.ch\/it\/fsea-it\/informazioni-sulla-fsea\/team\/\">team FSEA<\/a>); riorganizzazione del sistema di <a href=\"https:\/\/alice.ch\/it\/professionalizzazione\/formare-adulti-come-professione\/\">formazione per formatori\/formatrici<\/a> (<a href=\"https:\/\/alice.ch\/it\/professionalizzazione\/il-sistema-modulare-ffa\/\">sistema modulare FFA<\/a>); il segretariato FFA si trasferisce presso la FSEA; la FSEA ottiene la certificazione &#8220;<a href=\"https:\/\/www.investorsinpeople.com\/\" target=\"_blank\" rel=\"noreferrer noopener\">Investor in People<\/a>&#8220;<\/p>\n\n\n\n<p><strong>2005:<\/strong>&nbsp;sono assegnati il 10.000-esimo Certificato FSEA e il 2.500-esimo&nbsp;<a href=\"https:\/\/alice.ch\/it\/professionalizzazione\/attestato-professionale-federale-di-formatrice-formatore\/\">Attestato professionale federale di formatore\/formatrice<\/a><\/p>\n\n\n\n<p><strong>2004:<\/strong>&nbsp;inizio delle attivit\u00e0 del segretariato ModuQua<\/p>\n\n\n\n<p><strong>2001:<\/strong>&nbsp;la denominazione tedesca Schweizerische Vereinigung f\u00fcr Erwachsenenbildung SVEB viene modificata in Schweizerischer Verband f\u00fcr Weiterbildung SVEB<\/p>\n\n\n\n<p><strong>2000:&nbsp;<\/strong>a Lugano viene aperto il&nbsp;<a href=\"https:\/\/alice.ch\/it\/fsea-it\/segretariati\/\">Segretariato della Svizzera italiana<\/a>; viene aperto il&nbsp;<a href=\"https:\/\/alice.ch\/it\/qualita\/il-label-di-qualita-eduqua\/\">Segretariato eduQua<\/a><\/p>\n\n\n\n<p><strong>1999:<\/strong>&nbsp;dopo 29 anni e 18 cicli di corsi, la FSEA cede il corso per formatori al Berner Seminar f\u00fcr Erwachsenenbildung (Seminario di Berna per l&#8217;educazione degli adulti). Il corso FSEA nella Svizzera francese sar\u00e0 interrotto nel 2020.<\/p>\n\n\n\n<p><strong>1998:<\/strong>&nbsp;inaugurazione del sito web&nbsp;<a href=\"https:\/\/alice.ch\/it\/\" target=\"_blank\" rel=\"noreferrer noopener\">www.alice.ch<\/a>&nbsp;<\/p>\n\n\n\n<p><strong>1997:<\/strong>&nbsp;l&#8217;assemblea dei delegati approva la prima formulazione dei&nbsp;principi politici della FSEA<\/p>\n\n\n\n<p><strong>1996:<\/strong>&nbsp;integrazione della biblioteca della FSEA nel Pestalozzianum di Zurigo; primo festival della formazione; assegnazione del primo Certificato FSEA<\/p>\n\n\n\n<p><strong>1995<\/strong>: primi progetti dell&#8217;Ufficio federale dell\u2019educazione e della scienza assegnati alla FSEA; attuazione della procedura di certificazione FSEA, in seguito a cui vengono certificati i primi corsi<\/p>\n\n\n\n<p><strong>1992:<\/strong>&nbsp;primi progetti dell&#8217;Ufficio federale della formazione professionale e della tecnologia (UFFT) assegnati alla FSEA<\/p>\n\n\n\n<p><strong>1991:<\/strong>&nbsp;ristrutturazione della FSEA, il numero di soci istituzionali sale da ca. 30 a oltre 90; la FSEA organizza il congresso &#8220;Formazione degli adulti nell&#8217;Europa del futuro&#8221; a San Gallo<\/p>\n\n\n\n<p><strong>1990:<\/strong>&nbsp;l&#8217;assemblea dei delegati approva il piano di sviluppo per gli anni 90<\/p>\n\n\n\n<p><strong>1988:<\/strong>&nbsp;i contributi d\u2019esercizio in precedenza versati da Pro Helvetia vengono ora versati alla FSEA dall&#8217;Ufficio federale della cultura (UFC); la <a href=\"https:\/\/www.edk.ch\/it?set_language=it\" target=\"_blank\" rel=\"noreferrer noopener\">Conferenza svizzera dei direttori cantonali della pubblica educazione<\/a> (CDPE) aumenta i propri contributi alla FSEA<\/p>\n\n\n\n<p><strong>1985:<\/strong>&nbsp;creazione di una commissione redazionale per la rivista&nbsp;<a href=\"https:\/\/www.ep-web.ch\/it\/\" target=\"_blank\" rel=\"noreferrer noopener\">Education Permanente<\/a>&nbsp;(EP).<\/p>\n\n\n\n<p><strong>1977:&nbsp;<\/strong>viene introdotto per la prima volta il&nbsp;<a href=\"https:\/\/alice.ch\/it\/servizi\/pubblicazioni-e-prodotti\/libretto-di-formazione\/\">libretto di formazione;<\/a> elaborazione di un concetto per lo sviluppo dell&#8217;educazione degli adulti in Svizzera&nbsp;<\/p>\n\n\n\n<p><strong>1976:<\/strong>&nbsp;accettazione dei primi undici membri associati; prima uscita del bollettino FSEA (cinque numeri all&#8217;anno); prima &#8220;Journ\u00e9e Annuelle de l\u2019Education permanente&#8221; (JADEP) nella Svizzera romanda (congresso aperto al pubblico)<\/p>\n\n\n\n<p><strong>1974:<\/strong>&nbsp;pubblicazione delle &#8220;proposte per leggi di promozione dell&#8217;educazione degli adulti&#8221;<\/p>\n\n\n\n<p><strong>1972:<\/strong>&nbsp;la sezione romanda inizia la serie delle proprie &#8220;Journ\u00e9es r\u00e9gionales&#8221;<\/p>\n\n\n\n<p><strong>1971:<\/strong>&nbsp;primo contributo d&#8217;esercizio da parte della&nbsp;<a href=\"https:\/\/www.edk.ch\/it?set_language=it\" target=\"_blank\" rel=\"noreferrer noopener\">Conferenza svizzera dei direttori cantonali della pubblica educazione<\/a> (CDPE)<\/p>\n\n\n\n<p><strong>1970:&nbsp;<\/strong>primo ciclo di corsi biennale; primo documento politico di base della FSEA &#8220;S\u00ec alla riforma della formazione \u2013 ma anche per gli adulti&#8221;<\/p>\n\n\n\n<p><strong>1969:<\/strong>&nbsp;trasferimento della sede nazionale nella Oerlikonerstrasse 38, Zurigo<\/p>\n\n\n\n<p><strong>1968:<\/strong>&nbsp;fondazione della biblioteca della FSEA<\/p>\n\n\n\n<p><strong>1967:<\/strong>&nbsp;primi contributi da parte di Pro Helvetia; adesione all&#8217;Ufficio europeo per l&#8217;Educazione per Adulti, oggi&nbsp;<a href=\"https:\/\/eaea.org\/\" target=\"_blank\" rel=\"noreferrer noopener\">Associazione Europea per l&#8217;Educazione per Adulti (EAEA)<\/a>; numero zero della rivista&nbsp;<a href=\"https:\/\/alice.ch\/it\/restare-informati\/rivista-specializzata-ep\/\">Education Permanente (EP)<\/a>, l&#8217;unica rivista svizzera dedicata alla formazione continua<\/p>\n\n\n\n<p><strong>1966:<\/strong>&nbsp;apertura della sede nei locali della MGB-KOST nella Beckenhofstrasse 6; finanziamento del primo anno di esercizio da parte di Coop Svizzera e della cooperativa delle comunit\u00e0 Migros; fondazione della sezione romanda a Losanna<\/p>\n\n\n\n<p><strong>1955:<\/strong>&nbsp;pubblicazione del primo libro &#8220;Erwachsenenbildung in der Schweiz&#8221; (presentazione dei soci FSEA)<\/p>\n\n\n\n<p><strong>1951:<\/strong>&nbsp;otto membri fondatori si riuniscono 31 marzo presso il ristorante Strauhof di Zurigo per dare vita alla FSEA<\/p>\n\n\n\n<h2 class=\"wp-block-heading\">Contatto<\/h2>\n\n\n\n<div class=\"wp-block-columns is-layout-flex wp-container-core-columns-is-layout-28f84493 wp-block-columns-is-layout-flex\">\n<div class=\"wp-block-column is-layout-flow wp-block-column-is-layout-flow\" style=\"flex-basis:50%\"><div class=\"contact-persons\">\n\n\t\t\t\t\t<div class=\"contact-person\">\n\t\t\t\t\tSimone Rizzi<br \/>\t\t\t\t\tResponsabile segretariato regionale, Membro della direzione FSEA<br \/>\t\t\t\t\t<br \/>\n\t\t\t\t\t\t\t\t\t\t<a href=\"tel:+41 (0)91 950 84 16\">+41 (0)91 950 84 16<\/a><br \/>\t\t\t\t\t<a href=\"mailto:simone.rizzi@alice.ch\">simone.rizzi@alice.ch<\/a><br \/>\t\t\t\t\t<\/div>\n\t\t\t\t\t<\/div>\n<\/div>\n\n\n\n<div class=\"wp-block-column is-layout-flow wp-block-column-is-layout-flow\" style=\"flex-basis:50%\"><\/div>\n<\/div>\n\n\n\n<p><\/p>\n<\/div>\n","protected":false},"excerpt":{"rendered":"<p>Pietre miliari Dal 1951 la FSEA promuove con successo gli interessi della formazione continua in Svizzera. Di seguito sono riportati [&hellip;]<\/p>\n","protected":false},"author":1,"featured_media":20799,"parent":11389,"menu_order":575,"comment_status":"closed","ping_status":"closed","template":"","meta":{"_acf_changed":false,"inline_featured_image":false,"footnotes":""},"class_list":["post-13488","page","type-page","status-publish","has-post-thumbnail","hentry"],"acf":[],"yoast_head":"<!-- This site is optimized with the Yoast SEO plugin v27.3 - https:\/\/yoast.com\/product\/yoast-seo-wordpress\/ -->\n<title>Pietre miliari - FSEA<\/title>\n<meta name=\"description\" content=\"La FSEA \u00e8 stata fondata a Zurigo nel 1951 con il nome di &quot;F\u00e9d\u00e9ration suisse pour l&#039;\u00e9ducation des adultes&quot;.\" \/>\n<meta name=\"robots\" content=\"index, follow, max-snippet:-1, max-image-preview:large, max-video-preview:-1\" \/>\n<link rel=\"canonical\" href=\"https:\/\/alice.ch\/it\/fsea-it\/informazioni-sulla-fsea\/pietre-miliari\/\" \/>\n<meta property=\"og:locale\" content=\"it_IT\" \/>\n<meta property=\"og:type\" content=\"article\" \/>\n<meta property=\"og:title\" content=\"Pietre miliari - FSEA\" \/>\n<meta property=\"og:description\" content=\"La FSEA \u00e8 stata fondata a Zurigo nel 1951 con il nome di &quot;F\u00e9d\u00e9ration suisse pour l&#039;\u00e9ducation des adultes&quot;.\" \/>\n<meta property=\"og:url\" content=\"https:\/\/alice.ch\/it\/fsea-it\/informazioni-sulla-fsea\/pietre-miliari\/\" \/>\n<meta property=\"og:site_name\" content=\"SVEB\" \/>\n<meta property=\"article:modified_time\" content=\"2023-12-12T09:31:32+00:00\" \/>\n<meta name=\"twitter:card\" content=\"summary_large_image\" \/>\n<meta name=\"twitter:label1\" content=\"Tempo di lettura stimato\" \/>\n\t<meta name=\"twitter:data1\" content=\"5 minuti\" \/>\n<script type=\"application\/ld+json\" class=\"yoast-schema-graph\">{\"@context\":\"https:\\\/\\\/schema.org\",\"@graph\":[{\"@type\":\"WebPage\",\"@id\":\"https:\\\/\\\/alice.ch\\\/it\\\/fsea-it\\\/informazioni-sulla-fsea\\\/pietre-miliari\\\/\",\"url\":\"https:\\\/\\\/alice.ch\\\/it\\\/fsea-it\\\/informazioni-sulla-fsea\\\/pietre-miliari\\\/\",\"name\":\"Pietre miliari - FSEA\",\"isPartOf\":{\"@id\":\"https:\\\/\\\/alice.ch\\\/it\\\/#website\"},\"primaryImageOfPage\":{\"@id\":\"https:\\\/\\\/alice.ch\\\/it\\\/fsea-it\\\/informazioni-sulla-fsea\\\/pietre-miliari\\\/#primaryimage\"},\"image\":{\"@id\":\"https:\\\/\\\/alice.ch\\\/it\\\/fsea-it\\\/informazioni-sulla-fsea\\\/pietre-miliari\\\/#primaryimage\"},\"thumbnailUrl\":\"https:\\\/\\\/alice.ch\\\/app\\\/uploads\\\/2022\\\/11\\\/default.jpg\",\"datePublished\":\"2022-08-16T14:24:57+00:00\",\"dateModified\":\"2023-12-12T09:31:32+00:00\",\"description\":\"La FSEA \u00e8 stata fondata a Zurigo nel 1951 con il nome di \\\"F\u00e9d\u00e9ration suisse pour l'\u00e9ducation des adultes\\\".\",\"breadcrumb\":{\"@id\":\"https:\\\/\\\/alice.ch\\\/it\\\/fsea-it\\\/informazioni-sulla-fsea\\\/pietre-miliari\\\/#breadcrumb\"},\"inLanguage\":\"it-IT\",\"potentialAction\":[{\"@type\":\"ReadAction\",\"target\":[\"https:\\\/\\\/alice.ch\\\/it\\\/fsea-it\\\/informazioni-sulla-fsea\\\/pietre-miliari\\\/\"]}]},{\"@type\":\"ImageObject\",\"inLanguage\":\"it-IT\",\"@id\":\"https:\\\/\\\/alice.ch\\\/it\\\/fsea-it\\\/informazioni-sulla-fsea\\\/pietre-miliari\\\/#primaryimage\",\"url\":\"https:\\\/\\\/alice.ch\\\/app\\\/uploads\\\/2022\\\/11\\\/default.jpg\",\"contentUrl\":\"https:\\\/\\\/alice.ch\\\/app\\\/uploads\\\/2022\\\/11\\\/default.jpg\",\"width\":1600,\"height\":900},{\"@type\":\"BreadcrumbList\",\"@id\":\"https:\\\/\\\/alice.ch\\\/it\\\/fsea-it\\\/informazioni-sulla-fsea\\\/pietre-miliari\\\/#breadcrumb\",\"itemListElement\":[{\"@type\":\"ListItem\",\"position\":1,\"name\":\"Pagina iniziale\",\"item\":\"https:\\\/\\\/alice.ch\\\/it\\\/\"},{\"@type\":\"ListItem\",\"position\":2,\"name\":\"FSEA\",\"item\":\"https:\\\/\\\/alice.ch\\\/it\\\/fsea-it\\\/\"},{\"@type\":\"ListItem\",\"position\":3,\"name\":\"Informazioni sulla FSEA\",\"item\":\"https:\\\/\\\/alice.ch\\\/it\\\/fsea-it\\\/informazioni-sulla-fsea\\\/\"},{\"@type\":\"ListItem\",\"position\":4,\"name\":\"Pietre miliari\"}]},{\"@type\":\"WebSite\",\"@id\":\"https:\\\/\\\/alice.ch\\\/it\\\/#website\",\"url\":\"https:\\\/\\\/alice.ch\\\/it\\\/\",\"name\":\"alice.ch (Adult Learning Information Center) ist das Portal der Weiterbildung in der Schweiz.\",\"description\":\"Schweizerischer Verband f\u00fcr Weiterbildung\",\"publisher\":{\"@id\":\"https:\\\/\\\/alice.ch\\\/it\\\/#organization\"},\"potentialAction\":[{\"@type\":\"SearchAction\",\"target\":{\"@type\":\"EntryPoint\",\"urlTemplate\":\"https:\\\/\\\/alice.ch\\\/it\\\/?s={search_term_string}\"},\"query-input\":{\"@type\":\"PropertyValueSpecification\",\"valueRequired\":true,\"valueName\":\"search_term_string\"}}],\"inLanguage\":\"it-IT\"},{\"@type\":\"Organization\",\"@id\":\"https:\\\/\\\/alice.ch\\\/it\\\/#organization\",\"name\":\"FSEA Federazione svizzera per la formazione continua\",\"url\":\"https:\\\/\\\/alice.ch\\\/it\\\/\",\"logo\":{\"@type\":\"ImageObject\",\"inLanguage\":\"it-IT\",\"@id\":\"https:\\\/\\\/alice.ch\\\/it\\\/#\\\/schema\\\/logo\\\/image\\\/\",\"url\":\"https:\\\/\\\/alice.ch\\\/app\\\/uploads\\\/2022\\\/07\\\/logo-sveb.png\",\"contentUrl\":\"https:\\\/\\\/alice.ch\\\/app\\\/uploads\\\/2022\\\/07\\\/logo-sveb.png\",\"width\":145,\"height\":64,\"caption\":\"FSEA Federazione svizzera per la formazione continua\"},\"image\":{\"@id\":\"https:\\\/\\\/alice.ch\\\/it\\\/#\\\/schema\\\/logo\\\/image\\\/\"},\"sameAs\":[\"https:\\\/\\\/www.linkedin.com\\\/company\\\/schweizerischer-verband-fr-weiterbildung-sveb\\\/\"]}]}<\/script>\n<!-- \/ Yoast SEO plugin. -->","yoast_head_json":{"title":"Pietre miliari - FSEA","description":"La FSEA \u00e8 stata fondata a Zurigo nel 1951 con il nome di \"F\u00e9d\u00e9ration suisse pour l'\u00e9ducation des adultes\".","robots":{"index":"index","follow":"follow","max-snippet":"max-snippet:-1","max-image-preview":"max-image-preview:large","max-video-preview":"max-video-preview:-1"},"canonical":"https:\/\/alice.ch\/it\/fsea-it\/informazioni-sulla-fsea\/pietre-miliari\/","og_locale":"it_IT","og_type":"article","og_title":"Pietre miliari - FSEA","og_description":"La FSEA \u00e8 stata fondata a Zurigo nel 1951 con il nome di \"F\u00e9d\u00e9ration suisse pour l'\u00e9ducation des adultes\".","og_url":"https:\/\/alice.ch\/it\/fsea-it\/informazioni-sulla-fsea\/pietre-miliari\/","og_site_name":"SVEB","article_modified_time":"2023-12-12T09:31:32+00:00","twitter_card":"summary_large_image","twitter_misc":{"Tempo di lettura stimato":"5 minuti"},"schema":{"@context":"https:\/\/schema.org","@graph":[{"@type":"WebPage","@id":"https:\/\/alice.ch\/it\/fsea-it\/informazioni-sulla-fsea\/pietre-miliari\/","url":"https:\/\/alice.ch\/it\/fsea-it\/informazioni-sulla-fsea\/pietre-miliari\/","name":"Pietre miliari - FSEA","isPartOf":{"@id":"https:\/\/alice.ch\/it\/#website"},"primaryImageOfPage":{"@id":"https:\/\/alice.ch\/it\/fsea-it\/informazioni-sulla-fsea\/pietre-miliari\/#primaryimage"},"image":{"@id":"https:\/\/alice.ch\/it\/fsea-it\/informazioni-sulla-fsea\/pietre-miliari\/#primaryimage"},"thumbnailUrl":"https:\/\/alice.ch\/app\/uploads\/2022\/11\/default.jpg","datePublished":"2022-08-16T14:24:57+00:00","dateModified":"2023-12-12T09:31:32+00:00","description":"La FSEA \u00e8 stata fondata a Zurigo nel 1951 con il nome di \"F\u00e9d\u00e9ration suisse pour l'\u00e9ducation des adultes\".","breadcrumb":{"@id":"https:\/\/alice.ch\/it\/fsea-it\/informazioni-sulla-fsea\/pietre-miliari\/#breadcrumb"},"inLanguage":"it-IT","potentialAction":[{"@type":"ReadAction","target":["https:\/\/alice.ch\/it\/fsea-it\/informazioni-sulla-fsea\/pietre-miliari\/"]}]},{"@type":"ImageObject","inLanguage":"it-IT","@id":"https:\/\/alice.ch\/it\/fsea-it\/informazioni-sulla-fsea\/pietre-miliari\/#primaryimage","url":"https:\/\/alice.ch\/app\/uploads\/2022\/11\/default.jpg","contentUrl":"https:\/\/alice.ch\/app\/uploads\/2022\/11\/default.jpg","width":1600,"height":900},{"@type":"BreadcrumbList","@id":"https:\/\/alice.ch\/it\/fsea-it\/informazioni-sulla-fsea\/pietre-miliari\/#breadcrumb","itemListElement":[{"@type":"ListItem","position":1,"name":"Pagina iniziale","item":"https:\/\/alice.ch\/it\/"},{"@type":"ListItem","position":2,"name":"FSEA","item":"https:\/\/alice.ch\/it\/fsea-it\/"},{"@type":"ListItem","position":3,"name":"Informazioni sulla FSEA","item":"https:\/\/alice.ch\/it\/fsea-it\/informazioni-sulla-fsea\/"},{"@type":"ListItem","position":4,"name":"Pietre miliari"}]},{"@type":"WebSite","@id":"https:\/\/alice.ch\/it\/#website","url":"https:\/\/alice.ch\/it\/","name":"alice.ch (Adult Learning Information Center) ist das Portal der Weiterbildung in der Schweiz.","description":"Schweizerischer Verband f\u00fcr Weiterbildung","publisher":{"@id":"https:\/\/alice.ch\/it\/#organization"},"potentialAction":[{"@type":"SearchAction","target":{"@type":"EntryPoint","urlTemplate":"https:\/\/alice.ch\/it\/?s={search_term_string}"},"query-input":{"@type":"PropertyValueSpecification","valueRequired":true,"valueName":"search_term_string"}}],"inLanguage":"it-IT"},{"@type":"Organization","@id":"https:\/\/alice.ch\/it\/#organization","name":"FSEA Federazione svizzera per la formazione continua","url":"https:\/\/alice.ch\/it\/","logo":{"@type":"ImageObject","inLanguage":"it-IT","@id":"https:\/\/alice.ch\/it\/#\/schema\/logo\/image\/","url":"https:\/\/alice.ch\/app\/uploads\/2022\/07\/logo-sveb.png","contentUrl":"https:\/\/alice.ch\/app\/uploads\/2022\/07\/logo-sveb.png","width":145,"height":64,"caption":"FSEA Federazione svizzera per la formazione continua"},"image":{"@id":"https:\/\/alice.ch\/it\/#\/schema\/logo\/image\/"},"sameAs":["https:\/\/www.linkedin.com\/company\/schweizerischer-verband-fr-weiterbildung-sveb\/"]}]}},"_links":{"self":[{"href":"https:\/\/alice.ch\/it\/wp-json\/wp\/v2\/pages\/13488","targetHints":{"allow":["GET"]}}],"collection":[{"href":"https:\/\/alice.ch\/it\/wp-json\/wp\/v2\/pages"}],"about":[{"href":"https:\/\/alice.ch\/it\/wp-json\/wp\/v2\/types\/page"}],"author":[{"embeddable":true,"href":"https:\/\/alice.ch\/it\/wp-json\/wp\/v2\/users\/1"}],"replies":[{"embeddable":true,"href":"https:\/\/alice.ch\/it\/wp-json\/wp\/v2\/comments?post=13488"}],"version-history":[{"count":36,"href":"https:\/\/alice.ch\/it\/wp-json\/wp\/v2\/pages\/13488\/revisions"}],"predecessor-version":[{"id":56765,"href":"https:\/\/alice.ch\/it\/wp-json\/wp\/v2\/pages\/13488\/revisions\/56765"}],"up":[{"embeddable":true,"href":"https:\/\/alice.ch\/it\/wp-json\/wp\/v2\/pages\/11389"}],"wp:featuredmedia":[{"embeddable":true,"href":"https:\/\/alice.ch\/it\/wp-json\/wp\/v2\/media\/20799"}],"wp:attachment":[{"href":"https:\/\/alice.ch\/it\/wp-json\/wp\/v2\/media?parent=13488"}],"curies":[{"name":"wp","href":"https:\/\/api.w.org\/{rel}","templated":true}]}}