{"id":17407,"date":"2022-07-11T11:05:26","date_gmt":"2022-07-11T09:05:26","guid":{"rendered":"https:\/\/projects.atxeit.ch\/sveb\/qualitaet\/"},"modified":"2023-12-11T14:14:39","modified_gmt":"2023-12-11T13:14:39","slug":"qualita","status":"publish","type":"page","link":"https:\/\/alice.ch\/it\/qualita\/","title":{"rendered":"Qualit\u00e0"},"content":{"rendered":"\n<div class=\"wp-block-group is-style-reduced-width is-layout-flow wp-block-group-is-layout-flow\">\n<h1 class=\"wp-block-heading\">Label di qualit\u00e0 eduQua e promozione della qualit\u00e0 nella formazione continua<\/h1>\n\n\n\n<p class=\"is-style-lead\">In Svizzera, nel 2021, circa il 45% delle persone di et\u00e0 superiore ai 16 anni, con vissuti molto diversi, ha frequentato dei corsi di formazione continua. Il mercato della formazione continua comprende una grande variet\u00e0 d\u2019istituti, offerte di formazione continua e formati d\u2019apprendimento in tutti i settori.&nbsp;<\/p>\n\n\n\n<p>Affinch\u00e9 la formazione continua possa svolgersi con successo, la qualit\u00e0 degli istituti e delle offerte di formazione continua gioca un ruolo centrale per tutte le parti interessate. La Legge federale sulla formazione continua del 2017 ha sancito, anche a livello legislativo, l&#8217;importanza della garanzia e dello sviluppo della qualit\u00e0.&nbsp;<\/p>\n\n\n\n<p>La FSEA promuove la qualit\u00e0 nella formazione continua a due importanti livelli:&nbsp;<\/p>\n\n\n\n<ul class=\"wp-block-list\">\n<li>Dal 2018 la FSEA \u00e8 l&#8217;unico detentore del label di qualit\u00e0 eduQua, il label per gli istituti di formazione continua.<\/li>\n\n\n\n<li>La federazione si occupa di temi attuali e organizza regolarmente degli eventi a livello nazionale per promuovere la qualit\u00e0 nella formazione continua.&nbsp;<\/li>\n<\/ul>\n\n\n\n<div class=\"wp-block-media-text alignwide is-stacked-on-mobile is-style-icon-text\"><figure class=\"wp-block-media-text__media\"><a href=\"https:\/\/alice.ch\/it\/il-label-di-qualita-eduqua\/\"><img decoding=\"async\" width=\"350\" height=\"382\" src=\"https:\/\/alice.ch\/app\/uploads\/2022\/10\/icon_eduqua-revision-m-blau-1.png\" alt=\"\" class=\"wp-image-6090 size-full\" srcset=\"https:\/\/alice.ch\/app\/uploads\/2022\/10\/icon_eduqua-revision-m-blau-1.png 350w, https:\/\/alice.ch\/app\/uploads\/2022\/10\/icon_eduqua-revision-m-blau-1-275x300.png 275w\" sizes=\"(max-width: 350px) 100vw, 350px\" \/><\/a><\/figure><div class=\"wp-block-media-text__content\">\n<h2 class=\"wp-block-heading\"><a href=\"https:\/\/alice.ch\/it\/il-label-di-qualita-eduqua\/\">eduQua &#8211; il label di qualit\u00e0 della formazione continua<\/a><\/h2>\n\n\n\n<p>Per oltre 1100 enti, il label di qualit\u00e0 eduQua costituisce il fondamento per la garanzia e lo sviluppo della qualit\u00e0. L&#8217;attuale norma eduQua:2021 \u00e8 orientata agli istituti di formazione continua e alle loro offerte in tutti i settori della formazione continua. Tramite la certificazione eduQua, gli istituti dimostrano, a tutte le parti interessate, di soddisfare i requisiti di qualit\u00e0 fondamentali in materia di direzione, offerte di formazione continua e processi d\u2019apprendimento e di migliorare costantemente il livello qualitativo. La FSEA gestisce il segretariato eduQua e provvede al perfezionamento periodico del label.&nbsp;<\/p>\n<\/div><\/div>\n\n\n\n<hr class=\"wp-block-separator has-alpha-channel-opacity is-style-wide\" \/>\n\n\n\n<div class=\"wp-block-media-text alignwide is-stacked-on-mobile is-style-icon-text\"><figure class=\"wp-block-media-text__media\"><a href=\"https:\/\/alice.ch\/it\/qualitaet-in-der-weiterbildung\/\"><img decoding=\"async\" width=\"250\" height=\"236\" src=\"https:\/\/alice.ch\/app\/uploads\/2022\/10\/icon-eduqua-pdca-kreis.png\" alt=\"\" class=\"wp-image-6094 size-full\" \/><\/a><\/figure><div class=\"wp-block-media-text__content\">\n<h2 class=\"wp-block-heading\"><a href=\"https:\/\/alice.ch\/it\/qualitaet-in-der-weiterbildung\/\">Promozione della qualit\u00e0 nella formazione continua<\/a><\/h2>\n\n\n\n<p>Al fine di promuovere la qualit\u00e0 nella formazione continua, la FSEA prende l&#8217;iniziativa, sviluppa attivit\u00e0 e documenta importanti aspetti qualitativi con il supporto della Segreteria di Stato per la formazione, la ricerca e l&#8217;innovazione (SEFRI). Il sito web della FSEA fornisce informazioni di base sulla garanzia e lo sviluppo della qualit\u00e0, nonch\u00e9 sui label di qualit\u00e0 e sulle norme rilevanti. Il dipartimento Qualit\u00e0 nella formazione continua, in collaborazione con le organizzazioni partner, analizza i temi d\u2019attualit\u00e0 e organizza workshop tematici e convegni nazionali in materia di qualit\u00e0 in collaborazione con esperte e esperti del settore e del mondo accademico. La FSEA sostiene gli sforzi per la qualit\u00e0 fatti dagli istituti e promuove il dibattito pubblico in materia di sviluppo della qualit\u00e0 nella formazione continua.&nbsp;<\/p>\n<\/div><\/div>\n\n\n\n<h2 class=\"wp-block-heading\">Contatto<\/h2>\n\n\n\n<div class=\"wp-block-columns is-layout-flex wp-container-core-columns-is-layout-28f84493 wp-block-columns-is-layout-flex\">\n<div class=\"wp-block-column is-layout-flow wp-block-column-is-layout-flow\" style=\"flex-basis:50%\"><div class=\"contact-persons\">\n\n\t\t\t\t\t<div class=\"contact-person\">\n\t\t\t\t\tSegretariato regionale eduQua<br \/>\t\t\t\t\t\t\t\t\t\t<br \/>\n\t\t\t\t\tvia Besso 84<br \/>\r\n6900 Lugano-Massagno<br \/>\t\t\t\t\t<a href=\"tel:+41 (0)91 950 84 16\">+41 (0)91 950 84 16<\/a><br \/>\t\t\t\t\t<a href=\"mailto:fseaticino@alice.ch\">fseaticino@alice.ch<\/a><br \/>\t\t\t\t\t<\/div>\n\t\t\t\t\t<\/div>\n<\/div>\n\n\n\n<div class=\"wp-block-column is-layout-flow wp-block-column-is-layout-flow\" style=\"flex-basis:50%\"><\/div>\n<\/div>\n<\/div>\n","protected":false},"excerpt":{"rendered":"<p>Label di qualit\u00e0 eduQua e promozione della qualit\u00e0 nella formazione continua In Svizzera, nel 2021, circa il 45% delle persone [&hellip;]<\/p>\n","protected":false},"author":4,"featured_media":20799,"parent":0,"menu_order":232,"comment_status":"closed","ping_status":"closed","template":"","meta":{"_acf_changed":false,"inline_featured_image":false,"footnotes":""},"class_list":["post-17407","page","type-page","status-publish","has-post-thumbnail","hentry"],"acf":[],"yoast_head":"<!-- This site is optimized with the Yoast SEO plugin v27.3 - https:\/\/yoast.com\/product\/yoast-seo-wordpress\/ -->\n<title>Qualit\u00e0 - FSEA<\/title>\n<meta name=\"description\" content=\"La FSEA promuove la qualit\u00e0 nella formazione continua come organizzazione responsabile del marchio di qualit\u00e0 eduQua.\" \/>\n<meta name=\"robots\" content=\"index, follow, max-snippet:-1, max-image-preview:large, max-video-preview:-1\" \/>\n<link rel=\"canonical\" href=\"https:\/\/alice.ch\/it\/qualita\/\" \/>\n<meta property=\"og:locale\" content=\"it_IT\" \/>\n<meta property=\"og:type\" content=\"article\" \/>\n<meta property=\"og:title\" content=\"Qualit\u00e0 - FSEA\" \/>\n<meta property=\"og:description\" content=\"La FSEA promuove la qualit\u00e0 nella formazione continua come organizzazione responsabile del marchio di qualit\u00e0 eduQua.\" \/>\n<meta property=\"og:url\" content=\"https:\/\/alice.ch\/it\/qualita\/\" \/>\n<meta property=\"og:site_name\" content=\"SVEB\" \/>\n<meta property=\"article:modified_time\" content=\"2023-12-11T13:14:39+00:00\" \/>\n<meta property=\"og:image\" content=\"https:\/\/alice.ch\/app\/uploads\/2022\/10\/icon_eduqua-revision-m-blau-1.png\" \/>\n<meta name=\"twitter:card\" content=\"summary_large_image\" \/>\n<meta name=\"twitter:label1\" content=\"Tempo di lettura stimato\" \/>\n\t<meta name=\"twitter:data1\" content=\"3 minuti\" \/>\n<script type=\"application\/ld+json\" class=\"yoast-schema-graph\">{\"@context\":\"https:\\\/\\\/schema.org\",\"@graph\":[{\"@type\":\"WebPage\",\"@id\":\"https:\\\/\\\/alice.ch\\\/it\\\/qualita\\\/\",\"url\":\"https:\\\/\\\/alice.ch\\\/it\\\/qualita\\\/\",\"name\":\"Qualit\u00e0 - FSEA\",\"isPartOf\":{\"@id\":\"https:\\\/\\\/alice.ch\\\/it\\\/#website\"},\"primaryImageOfPage\":{\"@id\":\"https:\\\/\\\/alice.ch\\\/it\\\/qualita\\\/#primaryimage\"},\"image\":{\"@id\":\"https:\\\/\\\/alice.ch\\\/it\\\/qualita\\\/#primaryimage\"},\"thumbnailUrl\":\"https:\\\/\\\/alice.ch\\\/app\\\/uploads\\\/2022\\\/11\\\/default.jpg\",\"datePublished\":\"2022-07-11T09:05:26+00:00\",\"dateModified\":\"2023-12-11T13:14:39+00:00\",\"description\":\"La FSEA promuove la qualit\u00e0 nella formazione continua come organizzazione responsabile del marchio di qualit\u00e0 eduQua.\",\"breadcrumb\":{\"@id\":\"https:\\\/\\\/alice.ch\\\/it\\\/qualita\\\/#breadcrumb\"},\"inLanguage\":\"it-IT\",\"potentialAction\":[{\"@type\":\"ReadAction\",\"target\":[\"https:\\\/\\\/alice.ch\\\/it\\\/qualita\\\/\"]}]},{\"@type\":\"ImageObject\",\"inLanguage\":\"it-IT\",\"@id\":\"https:\\\/\\\/alice.ch\\\/it\\\/qualita\\\/#primaryimage\",\"url\":\"https:\\\/\\\/alice.ch\\\/app\\\/uploads\\\/2022\\\/11\\\/default.jpg\",\"contentUrl\":\"https:\\\/\\\/alice.ch\\\/app\\\/uploads\\\/2022\\\/11\\\/default.jpg\",\"width\":1600,\"height\":900},{\"@type\":\"BreadcrumbList\",\"@id\":\"https:\\\/\\\/alice.ch\\\/it\\\/qualita\\\/#breadcrumb\",\"itemListElement\":[{\"@type\":\"ListItem\",\"position\":1,\"name\":\"Pagina iniziale\",\"item\":\"https:\\\/\\\/alice.ch\\\/it\\\/\"},{\"@type\":\"ListItem\",\"position\":2,\"name\":\"Qualit\u00e0\"}]},{\"@type\":\"WebSite\",\"@id\":\"https:\\\/\\\/alice.ch\\\/it\\\/#website\",\"url\":\"https:\\\/\\\/alice.ch\\\/it\\\/\",\"name\":\"alice.ch (Adult Learning Information Center) ist das Portal der Weiterbildung in der Schweiz.\",\"description\":\"Schweizerischer Verband f\u00fcr Weiterbildung\",\"publisher\":{\"@id\":\"https:\\\/\\\/alice.ch\\\/it\\\/#organization\"},\"potentialAction\":[{\"@type\":\"SearchAction\",\"target\":{\"@type\":\"EntryPoint\",\"urlTemplate\":\"https:\\\/\\\/alice.ch\\\/it\\\/?s={search_term_string}\"},\"query-input\":{\"@type\":\"PropertyValueSpecification\",\"valueRequired\":true,\"valueName\":\"search_term_string\"}}],\"inLanguage\":\"it-IT\"},{\"@type\":\"Organization\",\"@id\":\"https:\\\/\\\/alice.ch\\\/it\\\/#organization\",\"name\":\"FSEA Federazione svizzera per la formazione continua\",\"url\":\"https:\\\/\\\/alice.ch\\\/it\\\/\",\"logo\":{\"@type\":\"ImageObject\",\"inLanguage\":\"it-IT\",\"@id\":\"https:\\\/\\\/alice.ch\\\/it\\\/#\\\/schema\\\/logo\\\/image\\\/\",\"url\":\"https:\\\/\\\/alice.ch\\\/app\\\/uploads\\\/2022\\\/07\\\/logo-sveb.png\",\"contentUrl\":\"https:\\\/\\\/alice.ch\\\/app\\\/uploads\\\/2022\\\/07\\\/logo-sveb.png\",\"width\":145,\"height\":64,\"caption\":\"FSEA Federazione svizzera per la formazione continua\"},\"image\":{\"@id\":\"https:\\\/\\\/alice.ch\\\/it\\\/#\\\/schema\\\/logo\\\/image\\\/\"},\"sameAs\":[\"https:\\\/\\\/www.linkedin.com\\\/company\\\/schweizerischer-verband-fr-weiterbildung-sveb\\\/\"]}]}<\/script>\n<!-- \/ Yoast SEO plugin. -->","yoast_head_json":{"title":"Qualit\u00e0 - FSEA","description":"La FSEA promuove la qualit\u00e0 nella formazione continua come organizzazione responsabile del marchio di qualit\u00e0 eduQua.","robots":{"index":"index","follow":"follow","max-snippet":"max-snippet:-1","max-image-preview":"max-image-preview:large","max-video-preview":"max-video-preview:-1"},"canonical":"https:\/\/alice.ch\/it\/qualita\/","og_locale":"it_IT","og_type":"article","og_title":"Qualit\u00e0 - FSEA","og_description":"La FSEA promuove la qualit\u00e0 nella formazione continua come organizzazione responsabile del marchio di qualit\u00e0 eduQua.","og_url":"https:\/\/alice.ch\/it\/qualita\/","og_site_name":"SVEB","article_modified_time":"2023-12-11T13:14:39+00:00","og_image":[{"url":"https:\/\/alice.ch\/app\/uploads\/2022\/10\/icon_eduqua-revision-m-blau-1.png","type":"","width":"","height":""}],"twitter_card":"summary_large_image","twitter_misc":{"Tempo di lettura stimato":"3 minuti"},"schema":{"@context":"https:\/\/schema.org","@graph":[{"@type":"WebPage","@id":"https:\/\/alice.ch\/it\/qualita\/","url":"https:\/\/alice.ch\/it\/qualita\/","name":"Qualit\u00e0 - FSEA","isPartOf":{"@id":"https:\/\/alice.ch\/it\/#website"},"primaryImageOfPage":{"@id":"https:\/\/alice.ch\/it\/qualita\/#primaryimage"},"image":{"@id":"https:\/\/alice.ch\/it\/qualita\/#primaryimage"},"thumbnailUrl":"https:\/\/alice.ch\/app\/uploads\/2022\/11\/default.jpg","datePublished":"2022-07-11T09:05:26+00:00","dateModified":"2023-12-11T13:14:39+00:00","description":"La FSEA promuove la qualit\u00e0 nella formazione continua come organizzazione responsabile del marchio di qualit\u00e0 eduQua.","breadcrumb":{"@id":"https:\/\/alice.ch\/it\/qualita\/#breadcrumb"},"inLanguage":"it-IT","potentialAction":[{"@type":"ReadAction","target":["https:\/\/alice.ch\/it\/qualita\/"]}]},{"@type":"ImageObject","inLanguage":"it-IT","@id":"https:\/\/alice.ch\/it\/qualita\/#primaryimage","url":"https:\/\/alice.ch\/app\/uploads\/2022\/11\/default.jpg","contentUrl":"https:\/\/alice.ch\/app\/uploads\/2022\/11\/default.jpg","width":1600,"height":900},{"@type":"BreadcrumbList","@id":"https:\/\/alice.ch\/it\/qualita\/#breadcrumb","itemListElement":[{"@type":"ListItem","position":1,"name":"Pagina iniziale","item":"https:\/\/alice.ch\/it\/"},{"@type":"ListItem","position":2,"name":"Qualit\u00e0"}]},{"@type":"WebSite","@id":"https:\/\/alice.ch\/it\/#website","url":"https:\/\/alice.ch\/it\/","name":"alice.ch (Adult Learning Information Center) ist das Portal der Weiterbildung in der Schweiz.","description":"Schweizerischer Verband f\u00fcr Weiterbildung","publisher":{"@id":"https:\/\/alice.ch\/it\/#organization"},"potentialAction":[{"@type":"SearchAction","target":{"@type":"EntryPoint","urlTemplate":"https:\/\/alice.ch\/it\/?s={search_term_string}"},"query-input":{"@type":"PropertyValueSpecification","valueRequired":true,"valueName":"search_term_string"}}],"inLanguage":"it-IT"},{"@type":"Organization","@id":"https:\/\/alice.ch\/it\/#organization","name":"FSEA Federazione svizzera per la formazione continua","url":"https:\/\/alice.ch\/it\/","logo":{"@type":"ImageObject","inLanguage":"it-IT","@id":"https:\/\/alice.ch\/it\/#\/schema\/logo\/image\/","url":"https:\/\/alice.ch\/app\/uploads\/2022\/07\/logo-sveb.png","contentUrl":"https:\/\/alice.ch\/app\/uploads\/2022\/07\/logo-sveb.png","width":145,"height":64,"caption":"FSEA Federazione svizzera per la formazione continua"},"image":{"@id":"https:\/\/alice.ch\/it\/#\/schema\/logo\/image\/"},"sameAs":["https:\/\/www.linkedin.com\/company\/schweizerischer-verband-fr-weiterbildung-sveb\/"]}]}},"_links":{"self":[{"href":"https:\/\/alice.ch\/it\/wp-json\/wp\/v2\/pages\/17407","targetHints":{"allow":["GET"]}}],"collection":[{"href":"https:\/\/alice.ch\/it\/wp-json\/wp\/v2\/pages"}],"about":[{"href":"https:\/\/alice.ch\/it\/wp-json\/wp\/v2\/types\/page"}],"author":[{"embeddable":true,"href":"https:\/\/alice.ch\/it\/wp-json\/wp\/v2\/users\/4"}],"replies":[{"embeddable":true,"href":"https:\/\/alice.ch\/it\/wp-json\/wp\/v2\/comments?post=17407"}],"version-history":[{"count":8,"href":"https:\/\/alice.ch\/it\/wp-json\/wp\/v2\/pages\/17407\/revisions"}],"predecessor-version":[{"id":56728,"href":"https:\/\/alice.ch\/it\/wp-json\/wp\/v2\/pages\/17407\/revisions\/56728"}],"wp:featuredmedia":[{"embeddable":true,"href":"https:\/\/alice.ch\/it\/wp-json\/wp\/v2\/media\/20799"}],"wp:attachment":[{"href":"https:\/\/alice.ch\/it\/wp-json\/wp\/v2\/media?parent=17407"}],"curies":[{"name":"wp","href":"https:\/\/api.w.org\/{rel}","templated":true}]}}