{"id":17423,"date":"2022-07-11T11:05:45","date_gmt":"2022-07-11T09:05:45","guid":{"rendered":"https:\/\/projects.atxeit.ch\/sveb\/dienstleistungen\/"},"modified":"2023-12-08T11:37:08","modified_gmt":"2023-12-08T10:37:08","slug":"servizi","status":"publish","type":"page","link":"https:\/\/alice.ch\/it\/servizi\/","title":{"rendered":"Servizi"},"content":{"rendered":"\n<div class=\"wp-block-group is-style-reduced-width is-layout-flow wp-block-group-is-layout-flow\">\n<h1 class=\"wp-block-heading\">Vantaggi concreti per gli operatori della formazione continua<\/h1>\n\n\n\n<p class=\"is-style-lead\">La FSEA offre un\u2019ampia gamma di servizi ai propri soci nonch\u00e9 in generale a chi opera nel settore della formazione continua. Fra questi rientrano strumenti per la strutturazione delle offerte di corsi all\u2019interno di aziende, la certificazione con il label di qualit\u00e0 eduQua e la banca dati di corsi formazionecontinua.swiss. Oltre a ci\u00f2 mettiamo a disposizione conoscenze pratiche e nuovi risultati di ricerca.<\/p>\n\n\n\n<div class=\"wp-block-media-text alignwide is-stacked-on-mobile is-style-icon-text\"><figure class=\"wp-block-media-text__media\"><a href=\"https:\/\/alice.ch\/it\/servizi\/pubblicazioni-e-prodotti\/\"><img decoding=\"async\" width=\"679\" height=\"570\" src=\"https:\/\/alice.ch\/app\/uploads\/2022\/10\/icon-einkauf.png\" alt=\"\" class=\"wp-image-5880 size-medium\" srcset=\"https:\/\/alice.ch\/app\/uploads\/2022\/10\/icon-einkauf.png 679w, https:\/\/alice.ch\/app\/uploads\/2022\/10\/icon-einkauf-300x252.png 300w\" sizes=\"(max-width: 679px) 100vw, 679px\" \/><\/a><\/figure><div class=\"wp-block-media-text__content\">\n<h2 class=\"wp-block-heading\"><a href=\"https:\/\/alice.ch\/it\/servizi\/pubblicazioni-e-prodotti\/\">Pubblicazioni e prodotti<\/a><\/h2>\n\n\n\n<p>Pubblichiamo regolarmente pubblicazioni e studi sulle competenze di base, sulla professionalizzazione e la formazione continua in azienda.<\/p>\n<\/div><\/div>\n\n\n\n<hr class=\"wp-block-separator has-alpha-channel-opacity is-style-wide\" \/>\n\n\n\n<div class=\"wp-block-media-text alignwide is-stacked-on-mobile is-style-icon-text\"><figure class=\"wp-block-media-text__media\"><a href=\"https:\/\/alice.ch\/it\/servizi\/cercare-una-formazione-continua\/\"><img decoding=\"async\" width=\"300\" height=\"203\" src=\"https:\/\/alice.ch\/app\/uploads\/2022\/10\/icon-elearning-300x203.png\" alt=\"\" class=\"wp-image-4492 size-medium\" srcset=\"https:\/\/alice.ch\/app\/uploads\/2022\/10\/icon-elearning-300x203.png 300w, https:\/\/alice.ch\/app\/uploads\/2022\/10\/icon-elearning.png 648w\" sizes=\"(max-width: 300px) 100vw, 300px\" \/><\/a><\/figure><div class=\"wp-block-media-text__content\">\n<h2 class=\"wp-block-heading\"><a href=\"https:\/\/alice.ch\/it\/servizi\/cercare-una-formazione-continua\/\">Portale dei corsi formazionecontinua.swiss<\/a><\/h2>\n\n\n\n<p><a href=\"https:\/\/www.formazionecontinua.swiss\/\" target=\"_blank\" rel=\"noreferrer noopener\">formazionecontinua.swiss<\/a>&nbsp;\u00e8 l&#8217;unica banca dati della Svizzera in cui chi \u00e8 alla ricerca di un&#8217;offerta formativa pu\u00f2 immediatamente e facilmente confrontare i diversi corsi disponibili. L&#8217;offerta comprende oltre 35&#8217;000 corsi fra offerte per il tempo libero e per la carriera.<\/p>\n<\/div><\/div>\n\n\n\n<hr class=\"wp-block-separator has-alpha-channel-opacity is-style-wide\" \/>\n\n\n\n<div class=\"wp-block-media-text alignwide is-stacked-on-mobile is-style-icon-text\"><figure class=\"wp-block-media-text__media\"><a href=\"https:\/\/alice.ch\/it\/servizi\/progetti-di-buoni-fsea\/\"><img decoding=\"async\" width=\"800\" height=\"930\" src=\"https:\/\/alice.ch\/app\/uploads\/2022\/10\/icon-grundkompetenzen-2.png\" alt=\"\" class=\"wp-image-6065 size-full\" srcset=\"https:\/\/alice.ch\/app\/uploads\/2022\/10\/icon-grundkompetenzen-2.png 800w, https:\/\/alice.ch\/app\/uploads\/2022\/10\/icon-grundkompetenzen-2-258x300.png 258w, https:\/\/alice.ch\/app\/uploads\/2022\/10\/icon-grundkompetenzen-2-768x893.png 768w\" sizes=\"(max-width: 800px) 100vw, 800px\" \/><\/a><\/figure><div class=\"wp-block-media-text__content\">\n<h2 class=\"wp-block-heading\"><a href=\"https:\/\/alice.ch\/it\/servizi\/progetti-di-buoni-fsea\/\">Progetto buoni di formazione FSEA<\/a><\/h2>\n\n\n\n<p>I buoni sono utilizzati come strumento di finanziamento in un&#8217;ampia variet\u00e0 di contesti. Attualmente in Svizzera esistono diversi progetti che si basano sui buoni per la formazione continua. La FSEA mette a disposizione il suo sistema di buoni per l&#8217;implementazione.<\/p>\n<\/div><\/div>\n\n\n\n<hr class=\"wp-block-separator has-alpha-channel-opacity is-style-wide\" \/>\n\n\n\n<div class=\"wp-block-media-text alignwide is-stacked-on-mobile is-style-icon-text\"><figure class=\"wp-block-media-text__media\"><a href=\"https:\/\/alice.ch\/it\/servizi\/borsa-del-lavoro\/\"><img decoding=\"async\" width=\"731\" height=\"502\" src=\"https:\/\/alice.ch\/app\/uploads\/2022\/10\/icon-tools.png\" alt=\"\" class=\"wp-image-5912 size-full\" srcset=\"https:\/\/alice.ch\/app\/uploads\/2022\/10\/icon-tools.png 731w, https:\/\/alice.ch\/app\/uploads\/2022\/10\/icon-tools-300x206.png 300w\" sizes=\"(max-width: 731px) 100vw, 731px\" \/><\/a><\/figure><div class=\"wp-block-media-text__content\">\n<h2 class=\"wp-block-heading\"><a href=\"https:\/\/alice.ch\/it\/servizi\/borsa-del-lavoro\/\">La borsa del lavoro nella formazione continua<\/a><\/h2>\n\n\n\n<p>La borsa del lavoro della FSEA offre la panoramica pi\u00f9 completa delle offerte di lavoro nel settore dell&#8217;istruzione in Svizzera: istruttori di corsi, formatori professionali, specialisti dell&#8217;istruzione, docenti \u2013 oltre 100 offerte di lavoro nel settore della formazione in Svizzera.<\/p>\n<\/div><\/div>\n\n\n\n<hr class=\"wp-block-separator has-alpha-channel-opacity is-style-wide\" \/>\n\n\n\n<div class=\"wp-block-media-text alignwide is-stacked-on-mobile is-style-icon-text\"><figure class=\"wp-block-media-text__media\"><a href=\"https:\/\/alice.ch\/it\/servizi\/pubblicita\/\"><img decoding=\"async\" width=\"550\" height=\"500\" src=\"https:\/\/alice.ch\/app\/uploads\/2022\/10\/icon-werbung.png\" alt=\"\" class=\"wp-image-5976 size-full\" srcset=\"https:\/\/alice.ch\/app\/uploads\/2022\/10\/icon-werbung.png 550w, https:\/\/alice.ch\/app\/uploads\/2022\/10\/icon-werbung-300x273.png 300w\" sizes=\"(max-width: 550px) 100vw, 550px\" \/><\/a><\/figure><div class=\"wp-block-media-text__content\">\n<h2 class=\"wp-block-heading\"><a href=\"https:\/\/alice.ch\/it\/servizi\/pubblicita\/\">Pubblicit\u00e0<\/a><\/h2>\n\n\n\n<p>Utilizzi i nostri molteplici canali e formati online e offline per raggiungere, grazie alla pubblicit\u00e0, il suo pubblico di riferimento.<\/p>\n<\/div><\/div>\n\n\n\n<h2 class=\"wp-block-heading\">Contatto<\/h2>\n\n\n\n<div class=\"wp-block-columns is-layout-flex wp-container-core-columns-is-layout-28f84493 wp-block-columns-is-layout-flex\">\n<div class=\"wp-block-column is-layout-flow wp-block-column-is-layout-flow\" style=\"flex-basis:50%\"><div class=\"contact-persons\">\n\n\t\t\t\t\t<div class=\"contact-person\">\n\t\t\t\t\tMichelle Mathys<br \/>\t\t\t\t\tResponsabile del settore marketing<br \/>\t\t\t\t\t<br \/>\n\t\t\t\t\t\t\t\t\t\t<a href=\"tel:+41 (0)44 319 71 55\">+41 (0)44 319 71 55<\/a><br \/>\t\t\t\t\t<a href=\"mailto:michelle.mathys@alice.ch\">michelle.mathys@alice.ch<\/a><br \/>\t\t\t\t\t<\/div>\n\t\t\t\t\t<\/div>\n<\/div>\n\n\n\n<div class=\"wp-block-column is-layout-flow wp-block-column-is-layout-flow\" style=\"flex-basis:50%\"><\/div>\n<\/div>\n<\/div>\n","protected":false},"excerpt":{"rendered":"<p>Vantaggi concreti per gli operatori della formazione continua La FSEA offre un\u2019ampia gamma di servizi ai propri soci nonch\u00e9 in [&hellip;]<\/p>\n","protected":false},"author":2,"featured_media":20799,"parent":0,"menu_order":238,"comment_status":"closed","ping_status":"closed","template":"","meta":{"_acf_changed":false,"inline_featured_image":false,"footnotes":""},"class_list":["post-17423","page","type-page","status-publish","has-post-thumbnail","hentry"],"acf":[],"yoast_head":"<!-- This site is optimized with the Yoast SEO plugin v27.3 - https:\/\/yoast.com\/product\/yoast-seo-wordpress\/ -->\n<title>Servizi - FSEA<\/title>\n<meta name=\"description\" content=\"La SVEB offre ai soci e a coloro che si occupano di formazione continua vari servizi, conoscenze pratiche aggiornate e risultati di ricerca.\" \/>\n<meta name=\"robots\" content=\"index, follow, max-snippet:-1, max-image-preview:large, max-video-preview:-1\" \/>\n<link rel=\"canonical\" href=\"https:\/\/alice.ch\/it\/servizi\/\" \/>\n<meta property=\"og:locale\" content=\"it_IT\" \/>\n<meta property=\"og:type\" content=\"article\" \/>\n<meta property=\"og:title\" content=\"Servizi - FSEA\" \/>\n<meta property=\"og:description\" content=\"La SVEB offre ai soci e a coloro che si occupano di formazione continua vari servizi, conoscenze pratiche aggiornate e risultati di ricerca.\" \/>\n<meta property=\"og:url\" content=\"https:\/\/alice.ch\/it\/servizi\/\" \/>\n<meta property=\"og:site_name\" content=\"SVEB\" \/>\n<meta property=\"article:modified_time\" content=\"2023-12-08T10:37:08+00:00\" \/>\n<meta property=\"og:image\" content=\"https:\/\/alice.ch\/app\/uploads\/2022\/10\/icon-einkauf.png\" \/>\n<meta name=\"twitter:card\" content=\"summary_large_image\" \/>\n<meta name=\"twitter:label1\" content=\"Tempo di lettura stimato\" \/>\n\t<meta name=\"twitter:data1\" content=\"3 minuti\" \/>\n<script type=\"application\/ld+json\" class=\"yoast-schema-graph\">{\"@context\":\"https:\\\/\\\/schema.org\",\"@graph\":[{\"@type\":\"WebPage\",\"@id\":\"https:\\\/\\\/alice.ch\\\/it\\\/servizi\\\/\",\"url\":\"https:\\\/\\\/alice.ch\\\/it\\\/servizi\\\/\",\"name\":\"Servizi - FSEA\",\"isPartOf\":{\"@id\":\"https:\\\/\\\/alice.ch\\\/it\\\/#website\"},\"primaryImageOfPage\":{\"@id\":\"https:\\\/\\\/alice.ch\\\/it\\\/servizi\\\/#primaryimage\"},\"image\":{\"@id\":\"https:\\\/\\\/alice.ch\\\/it\\\/servizi\\\/#primaryimage\"},\"thumbnailUrl\":\"https:\\\/\\\/alice.ch\\\/app\\\/uploads\\\/2022\\\/11\\\/default.jpg\",\"datePublished\":\"2022-07-11T09:05:45+00:00\",\"dateModified\":\"2023-12-08T10:37:08+00:00\",\"description\":\"La SVEB offre ai soci e a coloro che si occupano di formazione continua vari servizi, conoscenze pratiche aggiornate e risultati di ricerca.\",\"breadcrumb\":{\"@id\":\"https:\\\/\\\/alice.ch\\\/it\\\/servizi\\\/#breadcrumb\"},\"inLanguage\":\"it-IT\",\"potentialAction\":[{\"@type\":\"ReadAction\",\"target\":[\"https:\\\/\\\/alice.ch\\\/it\\\/servizi\\\/\"]}]},{\"@type\":\"ImageObject\",\"inLanguage\":\"it-IT\",\"@id\":\"https:\\\/\\\/alice.ch\\\/it\\\/servizi\\\/#primaryimage\",\"url\":\"https:\\\/\\\/alice.ch\\\/app\\\/uploads\\\/2022\\\/11\\\/default.jpg\",\"contentUrl\":\"https:\\\/\\\/alice.ch\\\/app\\\/uploads\\\/2022\\\/11\\\/default.jpg\",\"width\":1600,\"height\":900},{\"@type\":\"BreadcrumbList\",\"@id\":\"https:\\\/\\\/alice.ch\\\/it\\\/servizi\\\/#breadcrumb\",\"itemListElement\":[{\"@type\":\"ListItem\",\"position\":1,\"name\":\"Pagina iniziale\",\"item\":\"https:\\\/\\\/alice.ch\\\/it\\\/\"},{\"@type\":\"ListItem\",\"position\":2,\"name\":\"Servizi\"}]},{\"@type\":\"WebSite\",\"@id\":\"https:\\\/\\\/alice.ch\\\/it\\\/#website\",\"url\":\"https:\\\/\\\/alice.ch\\\/it\\\/\",\"name\":\"alice.ch (Adult Learning Information Center) ist das Portal der Weiterbildung in der Schweiz.\",\"description\":\"Schweizerischer Verband f\u00fcr Weiterbildung\",\"publisher\":{\"@id\":\"https:\\\/\\\/alice.ch\\\/it\\\/#organization\"},\"potentialAction\":[{\"@type\":\"SearchAction\",\"target\":{\"@type\":\"EntryPoint\",\"urlTemplate\":\"https:\\\/\\\/alice.ch\\\/it\\\/?s={search_term_string}\"},\"query-input\":{\"@type\":\"PropertyValueSpecification\",\"valueRequired\":true,\"valueName\":\"search_term_string\"}}],\"inLanguage\":\"it-IT\"},{\"@type\":\"Organization\",\"@id\":\"https:\\\/\\\/alice.ch\\\/it\\\/#organization\",\"name\":\"FSEA Federazione svizzera per la formazione continua\",\"url\":\"https:\\\/\\\/alice.ch\\\/it\\\/\",\"logo\":{\"@type\":\"ImageObject\",\"inLanguage\":\"it-IT\",\"@id\":\"https:\\\/\\\/alice.ch\\\/it\\\/#\\\/schema\\\/logo\\\/image\\\/\",\"url\":\"https:\\\/\\\/alice.ch\\\/app\\\/uploads\\\/2022\\\/07\\\/logo-sveb.png\",\"contentUrl\":\"https:\\\/\\\/alice.ch\\\/app\\\/uploads\\\/2022\\\/07\\\/logo-sveb.png\",\"width\":145,\"height\":64,\"caption\":\"FSEA Federazione svizzera per la formazione continua\"},\"image\":{\"@id\":\"https:\\\/\\\/alice.ch\\\/it\\\/#\\\/schema\\\/logo\\\/image\\\/\"},\"sameAs\":[\"https:\\\/\\\/www.linkedin.com\\\/company\\\/schweizerischer-verband-fr-weiterbildung-sveb\\\/\"]}]}<\/script>\n<!-- \/ Yoast SEO plugin. -->","yoast_head_json":{"title":"Servizi - FSEA","description":"La SVEB offre ai soci e a coloro che si occupano di formazione continua vari servizi, conoscenze pratiche aggiornate e risultati di ricerca.","robots":{"index":"index","follow":"follow","max-snippet":"max-snippet:-1","max-image-preview":"max-image-preview:large","max-video-preview":"max-video-preview:-1"},"canonical":"https:\/\/alice.ch\/it\/servizi\/","og_locale":"it_IT","og_type":"article","og_title":"Servizi - FSEA","og_description":"La SVEB offre ai soci e a coloro che si occupano di formazione continua vari servizi, conoscenze pratiche aggiornate e risultati di ricerca.","og_url":"https:\/\/alice.ch\/it\/servizi\/","og_site_name":"SVEB","article_modified_time":"2023-12-08T10:37:08+00:00","og_image":[{"url":"https:\/\/alice.ch\/app\/uploads\/2022\/10\/icon-einkauf.png","type":"","width":"","height":""}],"twitter_card":"summary_large_image","twitter_misc":{"Tempo di lettura stimato":"3 minuti"},"schema":{"@context":"https:\/\/schema.org","@graph":[{"@type":"WebPage","@id":"https:\/\/alice.ch\/it\/servizi\/","url":"https:\/\/alice.ch\/it\/servizi\/","name":"Servizi - FSEA","isPartOf":{"@id":"https:\/\/alice.ch\/it\/#website"},"primaryImageOfPage":{"@id":"https:\/\/alice.ch\/it\/servizi\/#primaryimage"},"image":{"@id":"https:\/\/alice.ch\/it\/servizi\/#primaryimage"},"thumbnailUrl":"https:\/\/alice.ch\/app\/uploads\/2022\/11\/default.jpg","datePublished":"2022-07-11T09:05:45+00:00","dateModified":"2023-12-08T10:37:08+00:00","description":"La SVEB offre ai soci e a coloro che si occupano di formazione continua vari servizi, conoscenze pratiche aggiornate e risultati di ricerca.","breadcrumb":{"@id":"https:\/\/alice.ch\/it\/servizi\/#breadcrumb"},"inLanguage":"it-IT","potentialAction":[{"@type":"ReadAction","target":["https:\/\/alice.ch\/it\/servizi\/"]}]},{"@type":"ImageObject","inLanguage":"it-IT","@id":"https:\/\/alice.ch\/it\/servizi\/#primaryimage","url":"https:\/\/alice.ch\/app\/uploads\/2022\/11\/default.jpg","contentUrl":"https:\/\/alice.ch\/app\/uploads\/2022\/11\/default.jpg","width":1600,"height":900},{"@type":"BreadcrumbList","@id":"https:\/\/alice.ch\/it\/servizi\/#breadcrumb","itemListElement":[{"@type":"ListItem","position":1,"name":"Pagina iniziale","item":"https:\/\/alice.ch\/it\/"},{"@type":"ListItem","position":2,"name":"Servizi"}]},{"@type":"WebSite","@id":"https:\/\/alice.ch\/it\/#website","url":"https:\/\/alice.ch\/it\/","name":"alice.ch (Adult Learning Information Center) ist das Portal der Weiterbildung in der Schweiz.","description":"Schweizerischer Verband f\u00fcr Weiterbildung","publisher":{"@id":"https:\/\/alice.ch\/it\/#organization"},"potentialAction":[{"@type":"SearchAction","target":{"@type":"EntryPoint","urlTemplate":"https:\/\/alice.ch\/it\/?s={search_term_string}"},"query-input":{"@type":"PropertyValueSpecification","valueRequired":true,"valueName":"search_term_string"}}],"inLanguage":"it-IT"},{"@type":"Organization","@id":"https:\/\/alice.ch\/it\/#organization","name":"FSEA Federazione svizzera per la formazione continua","url":"https:\/\/alice.ch\/it\/","logo":{"@type":"ImageObject","inLanguage":"it-IT","@id":"https:\/\/alice.ch\/it\/#\/schema\/logo\/image\/","url":"https:\/\/alice.ch\/app\/uploads\/2022\/07\/logo-sveb.png","contentUrl":"https:\/\/alice.ch\/app\/uploads\/2022\/07\/logo-sveb.png","width":145,"height":64,"caption":"FSEA Federazione svizzera per la formazione continua"},"image":{"@id":"https:\/\/alice.ch\/it\/#\/schema\/logo\/image\/"},"sameAs":["https:\/\/www.linkedin.com\/company\/schweizerischer-verband-fr-weiterbildung-sveb\/"]}]}},"_links":{"self":[{"href":"https:\/\/alice.ch\/it\/wp-json\/wp\/v2\/pages\/17423","targetHints":{"allow":["GET"]}}],"collection":[{"href":"https:\/\/alice.ch\/it\/wp-json\/wp\/v2\/pages"}],"about":[{"href":"https:\/\/alice.ch\/it\/wp-json\/wp\/v2\/types\/page"}],"author":[{"embeddable":true,"href":"https:\/\/alice.ch\/it\/wp-json\/wp\/v2\/users\/2"}],"replies":[{"embeddable":true,"href":"https:\/\/alice.ch\/it\/wp-json\/wp\/v2\/comments?post=17423"}],"version-history":[{"count":21,"href":"https:\/\/alice.ch\/it\/wp-json\/wp\/v2\/pages\/17423\/revisions"}],"predecessor-version":[{"id":56571,"href":"https:\/\/alice.ch\/it\/wp-json\/wp\/v2\/pages\/17423\/revisions\/56571"}],"wp:featuredmedia":[{"embeddable":true,"href":"https:\/\/alice.ch\/it\/wp-json\/wp\/v2\/media\/20799"}],"wp:attachment":[{"href":"https:\/\/alice.ch\/it\/wp-json\/wp\/v2\/media?parent=17423"}],"curies":[{"name":"wp","href":"https:\/\/api.w.org\/{rel}","templated":true}]}}