{"id":17580,"date":"2022-08-16T17:33:44","date_gmt":"2022-08-16T15:33:44","guid":{"rendered":"https:\/\/projects.atxeit.ch\/sveb\/professionalisierung\/erwachsenenbildung-als-beruf\/"},"modified":"2023-12-11T13:11:51","modified_gmt":"2023-12-11T12:11:51","slug":"formare-adulti-come-professione","status":"publish","type":"page","link":"https:\/\/alice.ch\/it\/professionalizzazione\/formare-adulti-come-professione\/","title":{"rendered":"Formare adulti come professione"},"content":{"rendered":"\n<div class=\"wp-block-group is-style-reduced-width is-layout-flow wp-block-group-is-layout-flow\">\n<h1 class=\"wp-block-heading\">Formare adulti come professione<\/h1>\n\n\n\n<p class=\"is-style-lead\">Per poter trasmettere conoscenze specialistiche e know-how ad altre persone \u00e8 necessaria una specifica competenza professionale.<\/p>\n\n\n\n<p>Nel campo della formazione di base e continua degli adulti vi sono varie offerte: ad esempio certificati, attestati, diplomi e diversi titoli di studio inerenti alla formazione continua, conseguibili presso le scuole universitarie (CAS, DAS, MAS). Ogni offerta formativa ha un determinato orientamento. I vari percorsi si differenziano, ad esempio nel rapporto tra teoria e pratica. I diplomi FFA hanno sempre un forte legame con la pratica, mentre un CAS universitario sulla formazione per adulti pu\u00f2 avere meno riferimenti alla pratica ma fornire, per contro, pi\u00f9 conoscenze teoriche e gli strumenti per il lavoro accademico.&nbsp;<\/p>\n\n\n\n<p><strong>Ecco un esempio: dalla pratica all\u2019aula di formazione&nbsp;<\/strong><\/p>\n\n\n\n<p>A. \u00e8 infermiera di lunga esperienza, specializzata nell\u2019assistenza di persone affette da demenza. Ama il suo lavoro e trasmette volentieri le sue conoscenze alle colleghe pi\u00f9 giovani e ai familiari dei pazienti. Ha 40 anni e vorrebbe crescere professionalmente, le piacerebbe assumere il ruolo di formatrice nei corsi sulla cura dei pazienti affetti da demenza. Per poter trasmettere professionalmente le sue conoscenze consegue un titolo di studio che riguarda la didattica, ad esempio un <a href=\"https:\/\/alice.ch\/it\/professionalizzazione\/certificato-fsea-formatrice-formatore\/\">Certificato FSEA<\/a>. Diventa cos\u00ec formatrice, continuando per\u00f2 a esercitare la professione di infermiera.&nbsp;<\/p>\n\n\n\n<p>L\u2019attivit\u00e0 relativa alla formazione di base e continua degli adulti non \u00e8 la prima professione appresa, bens\u00ec un\u2019ulteriore qualificazione.&nbsp;<\/p>\n\n\n\n<h2 class=\"wp-block-heading\">FFA: Formazione per formatrici\/formatori di adulti&nbsp;<\/h2>\n\n\n\n<p class=\"is-style-default\">Da anni la FSEA si impegna per assicurare che le\/i formatrici\/formatori che si occupano della formazione di base e continua degli adulti lavorino in maniera professionale, mantenendo alta la qualit\u00e0 delle sessioni di apprendimento e delle offerte formative. Le formazioni incluse nel nostro sistema modulare FFA vanno dal livello di animazione di corsi e accompagnamento individuale a quello di responsabile di formazione. Tutti possono accedere alle formazioni, a prescindere dal settore professionale in cui insegnano.&nbsp;<\/p>\n\n\n\n<h2 class=\"wp-block-heading\">Ulteriori informazioni<\/h2>\n\n\n\n<div class=\"wp-block-buttons is-layout-flex wp-block-buttons-is-layout-flex\">\n<div class=\"wp-block-button has-custom-width wp-block-button__width-50 is-style-outline is-style-outline--1\"><a class=\"wp-block-button__link wp-element-button\" href=\"https:\/\/alice.ch\/it\/professionalizzazione\/il-sistema-modulare-ffa\/\">Sistema modulare FFA<\/a><\/div>\n<\/div>\n\n\n\n<div class=\"wp-block-buttons is-layout-flex wp-block-buttons-is-layout-flex\">\n<div class=\"wp-block-button has-custom-width wp-block-button__width-50 is-style-outline is-style-outline--2\"><a class=\"wp-block-button__link wp-element-button\" href=\"https:\/\/alice.ch\/it\/professionalizzazione\/istituzioni-riconosciute-ffa\/piattaforma-di-scambio-ffa\/\">Piattaforma di scambio FFA<\/a><\/div>\n<\/div>\n\n\n\n<div class=\"wp-block-buttons is-layout-flex wp-block-buttons-is-layout-flex\">\n<div class=\"wp-block-button has-custom-width wp-block-button__width-50 is-style-outline is-style-outline--3\"><a class=\"wp-block-button__link wp-element-button\" href=\"https:\/\/alice.ch\/it\/temi\/formazione-continua-svizzera\/\">Sapere specialistico sulla formazione continua in Svizzera<\/a><\/div>\n<\/div>\n\n\n\n<h2 class=\"wp-block-heading\">Contatto<\/h2>\n\n\n\n<div class=\"wp-block-columns is-layout-flex wp-container-core-columns-is-layout-28f84493 wp-block-columns-is-layout-flex\">\n<div class=\"wp-block-column is-layout-flow wp-block-column-is-layout-flow\" style=\"flex-basis:50%\"><div class=\"contact-persons\">\n\n\t\t\t\t\t<div class=\"contact-person\">\n\t\t\t\t\tSegretariato regionale FFA<br \/>\t\t\t\t\t\t\t\t\t\t<br \/>\n\t\t\t\t\t\t\t\t\t\t<a href=\"tel:+41 (0)91 950 84 16\">+41 (0)91 950 84 16<\/a><br \/>\t\t\t\t\t<a href=\"mailto:fseaticino@alice.ch\">fseaticino@alice.ch<\/a><br \/>\t\t\t\t\t<\/div>\n\t\t\t\t\t<\/div>\n<\/div>\n\n\n\n<div class=\"wp-block-column is-layout-flow wp-block-column-is-layout-flow\" style=\"flex-basis:50%\"><\/div>\n<\/div>\n<\/div>\n\n\n\n<p><a id=\"_msocom_1\"><\/a><\/p>\n","protected":false},"excerpt":{"rendered":"<p>Formare adulti come professione Per poter trasmettere conoscenze specialistiche e know-how ad altre persone \u00e8 necessaria una specifica competenza professionale. [&hellip;]<\/p>\n","protected":false},"author":2,"featured_media":20799,"parent":17416,"menu_order":435,"comment_status":"closed","ping_status":"closed","template":"","meta":{"_acf_changed":false,"inline_featured_image":false,"footnotes":""},"class_list":["post-17580","page","type-page","status-publish","has-post-thumbnail","hentry"],"acf":[],"yoast_head":"<!-- This site is optimized with the Yoast SEO plugin v27.3 - https:\/\/yoast.com\/product\/yoast-seo-wordpress\/ -->\n<title>Formare adulti come professione - FSEA<\/title>\n<meta name=\"description\" content=\"Il sistema modulare FFA offre corsi di formazione che vanno da direttore di corso a direttore di formazione.\" \/>\n<meta name=\"robots\" content=\"index, follow, max-snippet:-1, max-image-preview:large, max-video-preview:-1\" \/>\n<link rel=\"canonical\" href=\"https:\/\/alice.ch\/it\/professionalizzazione\/formare-adulti-come-professione\/\" \/>\n<meta property=\"og:locale\" content=\"it_IT\" \/>\n<meta property=\"og:type\" content=\"article\" \/>\n<meta property=\"og:title\" content=\"Formare adulti come professione - FSEA\" \/>\n<meta property=\"og:description\" content=\"Il sistema modulare FFA offre corsi di formazione che vanno da direttore di corso a direttore di formazione.\" \/>\n<meta property=\"og:url\" content=\"https:\/\/alice.ch\/it\/professionalizzazione\/formare-adulti-come-professione\/\" \/>\n<meta property=\"og:site_name\" content=\"SVEB\" \/>\n<meta property=\"article:modified_time\" content=\"2023-12-11T12:11:51+00:00\" \/>\n<meta name=\"twitter:card\" content=\"summary_large_image\" \/>\n<meta name=\"twitter:label1\" content=\"Tempo di lettura stimato\" \/>\n\t<meta name=\"twitter:data1\" content=\"2 minuti\" \/>\n<script type=\"application\/ld+json\" class=\"yoast-schema-graph\">{\"@context\":\"https:\\\/\\\/schema.org\",\"@graph\":[{\"@type\":\"WebPage\",\"@id\":\"https:\\\/\\\/alice.ch\\\/it\\\/professionalizzazione\\\/formare-adulti-come-professione\\\/\",\"url\":\"https:\\\/\\\/alice.ch\\\/it\\\/professionalizzazione\\\/formare-adulti-come-professione\\\/\",\"name\":\"Formare adulti come professione - FSEA\",\"isPartOf\":{\"@id\":\"https:\\\/\\\/alice.ch\\\/it\\\/#website\"},\"primaryImageOfPage\":{\"@id\":\"https:\\\/\\\/alice.ch\\\/it\\\/professionalizzazione\\\/formare-adulti-come-professione\\\/#primaryimage\"},\"image\":{\"@id\":\"https:\\\/\\\/alice.ch\\\/it\\\/professionalizzazione\\\/formare-adulti-come-professione\\\/#primaryimage\"},\"thumbnailUrl\":\"https:\\\/\\\/alice.ch\\\/app\\\/uploads\\\/2022\\\/11\\\/default.jpg\",\"datePublished\":\"2022-08-16T15:33:44+00:00\",\"dateModified\":\"2023-12-11T12:11:51+00:00\",\"description\":\"Il sistema modulare FFA offre corsi di formazione che vanno da direttore di corso a direttore di formazione.\",\"breadcrumb\":{\"@id\":\"https:\\\/\\\/alice.ch\\\/it\\\/professionalizzazione\\\/formare-adulti-come-professione\\\/#breadcrumb\"},\"inLanguage\":\"it-IT\",\"potentialAction\":[{\"@type\":\"ReadAction\",\"target\":[\"https:\\\/\\\/alice.ch\\\/it\\\/professionalizzazione\\\/formare-adulti-come-professione\\\/\"]}]},{\"@type\":\"ImageObject\",\"inLanguage\":\"it-IT\",\"@id\":\"https:\\\/\\\/alice.ch\\\/it\\\/professionalizzazione\\\/formare-adulti-come-professione\\\/#primaryimage\",\"url\":\"https:\\\/\\\/alice.ch\\\/app\\\/uploads\\\/2022\\\/11\\\/default.jpg\",\"contentUrl\":\"https:\\\/\\\/alice.ch\\\/app\\\/uploads\\\/2022\\\/11\\\/default.jpg\",\"width\":1600,\"height\":900},{\"@type\":\"BreadcrumbList\",\"@id\":\"https:\\\/\\\/alice.ch\\\/it\\\/professionalizzazione\\\/formare-adulti-come-professione\\\/#breadcrumb\",\"itemListElement\":[{\"@type\":\"ListItem\",\"position\":1,\"name\":\"Pagina iniziale\",\"item\":\"https:\\\/\\\/alice.ch\\\/it\\\/\"},{\"@type\":\"ListItem\",\"position\":2,\"name\":\"Professionalizzazione\",\"item\":\"https:\\\/\\\/alice.ch\\\/it\\\/professionalizzazione\\\/\"},{\"@type\":\"ListItem\",\"position\":3,\"name\":\"Formare adulti come professione\"}]},{\"@type\":\"WebSite\",\"@id\":\"https:\\\/\\\/alice.ch\\\/it\\\/#website\",\"url\":\"https:\\\/\\\/alice.ch\\\/it\\\/\",\"name\":\"alice.ch (Adult Learning Information Center) ist das Portal der Weiterbildung in der Schweiz.\",\"description\":\"Schweizerischer Verband f\u00fcr Weiterbildung\",\"publisher\":{\"@id\":\"https:\\\/\\\/alice.ch\\\/it\\\/#organization\"},\"potentialAction\":[{\"@type\":\"SearchAction\",\"target\":{\"@type\":\"EntryPoint\",\"urlTemplate\":\"https:\\\/\\\/alice.ch\\\/it\\\/?s={search_term_string}\"},\"query-input\":{\"@type\":\"PropertyValueSpecification\",\"valueRequired\":true,\"valueName\":\"search_term_string\"}}],\"inLanguage\":\"it-IT\"},{\"@type\":\"Organization\",\"@id\":\"https:\\\/\\\/alice.ch\\\/it\\\/#organization\",\"name\":\"FSEA Federazione svizzera per la formazione continua\",\"url\":\"https:\\\/\\\/alice.ch\\\/it\\\/\",\"logo\":{\"@type\":\"ImageObject\",\"inLanguage\":\"it-IT\",\"@id\":\"https:\\\/\\\/alice.ch\\\/it\\\/#\\\/schema\\\/logo\\\/image\\\/\",\"url\":\"https:\\\/\\\/alice.ch\\\/app\\\/uploads\\\/2022\\\/07\\\/logo-sveb.png\",\"contentUrl\":\"https:\\\/\\\/alice.ch\\\/app\\\/uploads\\\/2022\\\/07\\\/logo-sveb.png\",\"width\":145,\"height\":64,\"caption\":\"FSEA Federazione svizzera per la formazione continua\"},\"image\":{\"@id\":\"https:\\\/\\\/alice.ch\\\/it\\\/#\\\/schema\\\/logo\\\/image\\\/\"},\"sameAs\":[\"https:\\\/\\\/www.linkedin.com\\\/company\\\/schweizerischer-verband-fr-weiterbildung-sveb\\\/\"]}]}<\/script>\n<!-- \/ Yoast SEO plugin. -->","yoast_head_json":{"title":"Formare adulti come professione - FSEA","description":"Il sistema modulare FFA offre corsi di formazione che vanno da direttore di corso a direttore di formazione.","robots":{"index":"index","follow":"follow","max-snippet":"max-snippet:-1","max-image-preview":"max-image-preview:large","max-video-preview":"max-video-preview:-1"},"canonical":"https:\/\/alice.ch\/it\/professionalizzazione\/formare-adulti-come-professione\/","og_locale":"it_IT","og_type":"article","og_title":"Formare adulti come professione - FSEA","og_description":"Il sistema modulare FFA offre corsi di formazione che vanno da direttore di corso a direttore di formazione.","og_url":"https:\/\/alice.ch\/it\/professionalizzazione\/formare-adulti-come-professione\/","og_site_name":"SVEB","article_modified_time":"2023-12-11T12:11:51+00:00","twitter_card":"summary_large_image","twitter_misc":{"Tempo di lettura stimato":"2 minuti"},"schema":{"@context":"https:\/\/schema.org","@graph":[{"@type":"WebPage","@id":"https:\/\/alice.ch\/it\/professionalizzazione\/formare-adulti-come-professione\/","url":"https:\/\/alice.ch\/it\/professionalizzazione\/formare-adulti-come-professione\/","name":"Formare adulti come professione - FSEA","isPartOf":{"@id":"https:\/\/alice.ch\/it\/#website"},"primaryImageOfPage":{"@id":"https:\/\/alice.ch\/it\/professionalizzazione\/formare-adulti-come-professione\/#primaryimage"},"image":{"@id":"https:\/\/alice.ch\/it\/professionalizzazione\/formare-adulti-come-professione\/#primaryimage"},"thumbnailUrl":"https:\/\/alice.ch\/app\/uploads\/2022\/11\/default.jpg","datePublished":"2022-08-16T15:33:44+00:00","dateModified":"2023-12-11T12:11:51+00:00","description":"Il sistema modulare FFA offre corsi di formazione che vanno da direttore di corso a direttore di formazione.","breadcrumb":{"@id":"https:\/\/alice.ch\/it\/professionalizzazione\/formare-adulti-come-professione\/#breadcrumb"},"inLanguage":"it-IT","potentialAction":[{"@type":"ReadAction","target":["https:\/\/alice.ch\/it\/professionalizzazione\/formare-adulti-come-professione\/"]}]},{"@type":"ImageObject","inLanguage":"it-IT","@id":"https:\/\/alice.ch\/it\/professionalizzazione\/formare-adulti-come-professione\/#primaryimage","url":"https:\/\/alice.ch\/app\/uploads\/2022\/11\/default.jpg","contentUrl":"https:\/\/alice.ch\/app\/uploads\/2022\/11\/default.jpg","width":1600,"height":900},{"@type":"BreadcrumbList","@id":"https:\/\/alice.ch\/it\/professionalizzazione\/formare-adulti-come-professione\/#breadcrumb","itemListElement":[{"@type":"ListItem","position":1,"name":"Pagina iniziale","item":"https:\/\/alice.ch\/it\/"},{"@type":"ListItem","position":2,"name":"Professionalizzazione","item":"https:\/\/alice.ch\/it\/professionalizzazione\/"},{"@type":"ListItem","position":3,"name":"Formare adulti come professione"}]},{"@type":"WebSite","@id":"https:\/\/alice.ch\/it\/#website","url":"https:\/\/alice.ch\/it\/","name":"alice.ch (Adult Learning Information Center) ist das Portal der Weiterbildung in der Schweiz.","description":"Schweizerischer Verband f\u00fcr Weiterbildung","publisher":{"@id":"https:\/\/alice.ch\/it\/#organization"},"potentialAction":[{"@type":"SearchAction","target":{"@type":"EntryPoint","urlTemplate":"https:\/\/alice.ch\/it\/?s={search_term_string}"},"query-input":{"@type":"PropertyValueSpecification","valueRequired":true,"valueName":"search_term_string"}}],"inLanguage":"it-IT"},{"@type":"Organization","@id":"https:\/\/alice.ch\/it\/#organization","name":"FSEA Federazione svizzera per la formazione continua","url":"https:\/\/alice.ch\/it\/","logo":{"@type":"ImageObject","inLanguage":"it-IT","@id":"https:\/\/alice.ch\/it\/#\/schema\/logo\/image\/","url":"https:\/\/alice.ch\/app\/uploads\/2022\/07\/logo-sveb.png","contentUrl":"https:\/\/alice.ch\/app\/uploads\/2022\/07\/logo-sveb.png","width":145,"height":64,"caption":"FSEA Federazione svizzera per la formazione continua"},"image":{"@id":"https:\/\/alice.ch\/it\/#\/schema\/logo\/image\/"},"sameAs":["https:\/\/www.linkedin.com\/company\/schweizerischer-verband-fr-weiterbildung-sveb\/"]}]}},"_links":{"self":[{"href":"https:\/\/alice.ch\/it\/wp-json\/wp\/v2\/pages\/17580","targetHints":{"allow":["GET"]}}],"collection":[{"href":"https:\/\/alice.ch\/it\/wp-json\/wp\/v2\/pages"}],"about":[{"href":"https:\/\/alice.ch\/it\/wp-json\/wp\/v2\/types\/page"}],"author":[{"embeddable":true,"href":"https:\/\/alice.ch\/it\/wp-json\/wp\/v2\/users\/2"}],"replies":[{"embeddable":true,"href":"https:\/\/alice.ch\/it\/wp-json\/wp\/v2\/comments?post=17580"}],"version-history":[{"count":6,"href":"https:\/\/alice.ch\/it\/wp-json\/wp\/v2\/pages\/17580\/revisions"}],"predecessor-version":[{"id":50746,"href":"https:\/\/alice.ch\/it\/wp-json\/wp\/v2\/pages\/17580\/revisions\/50746"}],"up":[{"embeddable":true,"href":"https:\/\/alice.ch\/it\/wp-json\/wp\/v2\/pages\/17416"}],"wp:featuredmedia":[{"embeddable":true,"href":"https:\/\/alice.ch\/it\/wp-json\/wp\/v2\/media\/20799"}],"wp:attachment":[{"href":"https:\/\/alice.ch\/it\/wp-json\/wp\/v2\/media?parent=17580"}],"curies":[{"name":"wp","href":"https:\/\/api.w.org\/{rel}","templated":true}]}}