{"id":35086,"date":"2022-12-08T18:23:29","date_gmt":"2022-12-08T17:23:29","guid":{"rendered":"https:\/\/alice.ch\/?page_id=35086"},"modified":"2024-12-02T15:45:33","modified_gmt":"2024-12-02T14:45:33","slug":"avviare-la-trasformazione-digitale","status":"publish","type":"page","link":"https:\/\/alice.ch\/it\/temi\/digitalizzazione-e-formazione-continua\/trasformazione-digitale\/avviare-la-trasformazione-digitale\/","title":{"rendered":"Avviare la trasformazione digitale"},"content":{"rendered":"\n<div class=\"wp-block-group is-style-reduced-width is-layout-constrained wp-block-group-is-layout-constrained\">\n<h1 class=\"wp-block-heading\">Cinque raccomandazioni per sostenere la trasformazione digitale<\/h1>\n\n\n\n<p class=\"is-style-lead\">Negli ultimi anni, il fenomeno della digitalizzazione nel settore della formazione continua ha subito una forte accelerazione &#8211; e numerose organizzazioni sono oggi confrontate con un processo\u00a0di trasformazione digitale. Dalle loro esperienze a riguardo sono emerse le seguenti cinque raccomandazioni (si tratta di idee gi\u00e0 attuate nella pratica, non di modelli teorici).<\/p>\n\n\n\n<div class=\"wp-block-group is-layout-flow wp-block-group-is-layout-flow\">\n<div class=\"wp-block-columns is-style-accordion is-layout-flex wp-container-core-columns-is-layout-28f84493 wp-block-columns-is-layout-flex\" id=\"faq-element-1\">\n<div class=\"wp-block-column is-layout-flow wp-block-column-is-layout-flow\">\n<h2 class=\"wp-block-heading\">Creare&nbsp;un team pilota&nbsp;<\/h2>\n<\/div>\n\n\n\n<div class=\"wp-block-column is-layout-flow wp-block-column-is-layout-flow\">\n<p>I team pilota testano per primi nuove idee e metodi all&#8217;interno dell&#8217;organizzazione. Non tutto deve andare per forza bene: dichiarare il fallimento della prova \u00e8 esplicitamente consentito. I team pilota comunicano apertamente le loro esperienze e permettono cos\u00ec al resto dell&#8217;organizzazione di beneficiare di quanto hanno appreso.&nbsp;<\/p>\n<\/div>\n<\/div>\n\n\n\n<div class=\"wp-block-columns is-style-accordion is-layout-flex wp-container-core-columns-is-layout-28f84493 wp-block-columns-is-layout-flex\" id=\"faq-element-1\">\n<div class=\"wp-block-column is-layout-flow wp-block-column-is-layout-flow\">\n<h2 class=\"wp-block-heading\">Esercitarsi usando i feedback<\/h2>\n<\/div>\n\n\n\n<div class=\"wp-block-column is-layout-flow wp-block-column-is-layout-flow\">\n<p>L&#8217;organizzazione incoraggia i propri collaboratori a sperimentare nuovi modi di lavorare. Grazie alla cultura del feedback, i collaboratori sviluppano ulteriormente le proprie competenze o ne acquisiscono di nuove. In questo modo sia loro sia l&#8217;organizzazione hanno l&#8217;opportunit\u00e0 di apprendere dagli errori commessi.&nbsp;<\/p>\n<\/div>\n<\/div>\n\n\n\n<div class=\"wp-block-columns is-style-accordion is-layout-flex wp-container-core-columns-is-layout-28f84493 wp-block-columns-is-layout-flex\" id=\"faq-element-1\">\n<div class=\"wp-block-column is-layout-flow wp-block-column-is-layout-flow\">\n<h2 class=\"wp-block-heading\">Assumersi responsabilit\u00e0 specifiche<\/h2>\n<\/div>\n\n\n\n<div class=\"wp-block-column is-layout-flow wp-block-column-is-layout-flow\">\n<p>L&#8217;organizzazione incoraggia i propri collaboratori ad assumere la gestione\/responsabilit\u00e0 di determinati temi. Si intende cos\u00ec stimolare lo sviluppo di responsabilit\u00e0 tematiche all&#8217;interno dell&#8217;organizzazione. Per sostenere l\u2019assunzione di tali responsabilit\u00e0 \u00e8 importante la presenza di canali di comunicazione aperti tra i diversi settori strategici.&nbsp;<\/p>\n<\/div>\n<\/div>\n\n\n\n<div class=\"wp-block-columns is-style-accordion is-layout-flex wp-container-core-columns-is-layout-28f84493 wp-block-columns-is-layout-flex\" id=\"faq-element-1\">\n<div class=\"wp-block-column is-layout-flow wp-block-column-is-layout-flow\">\n<h2 class=\"wp-block-heading\">Proporre idee&nbsp;<\/h2>\n<\/div>\n\n\n\n<div class=\"wp-block-column is-layout-flow wp-block-column-is-layout-flow\">\n<p>L&#8217;organizzazione invita tutti i propri collaboratori e i partecipanti ai corsi di formazione continua a fornire idee per la trasformazione digitale. A questo scopo, la direzione prepara gli strumenti necessari quali: riunioni periodiche, uno spazio fisico o digitale nel quale depositare le proprie proposte. Le idee da realizzare vengono quindi selezionate dalla direzione o da un comitato.&nbsp;<\/p>\n<\/div>\n<\/div>\n\n\n\n<div class=\"wp-block-columns is-style-accordion is-layout-flex wp-container-core-columns-is-layout-28f84493 wp-block-columns-is-layout-flex\" id=\"faq-element-1\">\n<div class=\"wp-block-column is-layout-flow wp-block-column-is-layout-flow\">\n<h2 class=\"wp-block-heading\">Conoscere e riconoscere la visione dell&#8217;organizzazione&nbsp;<\/h2>\n<\/div>\n\n\n\n<div class=\"wp-block-column is-layout-flow wp-block-column-is-layout-flow\">\n<p>Un&#8217;organizzazione possiede una visione che definisce la sua cultura e i suoi valori. Ci\u00f2 comincia con un &#8220;perch\u00e9&#8221; e spiega quindi lo scopo che l&#8217;organizzazione persegue; viene poi un &#8220;come&#8221;, relativo ai processi e ai valori vissuti; c&#8217;\u00e8 infine un &#8220;cosa&#8221;, che mostra ci\u00f2 che deve essere fatto per concretizzare la visione. Tutti i collaboratori devono poter riconoscere la visione dell&#8217;organizzazione nel proprio lavoro quotidiano: la cultura e i valori devono cio\u00e8 essere costantemente visibili affinch\u00e9 possano essere davvero vissuti.&nbsp;<\/p>\n<\/div>\n<\/div>\n<\/div>\n\n\n\n<div class=\"wp-block-group is-layout-constrained wp-block-group-is-layout-constrained\">\n<h2 class=\"wp-block-heading\">Progetto pratico: Trasformazione digitale<\/h2>\n\n\n\n<p>La transformazione digitale a livello organizzativo costituisce una sfida per molti enti di formazione continua di piccole e medie dimensioni. Con questo progetto, la FSEA desidera quindi offrire un aiuto concreto agli enti di formazione. A questo scopo ha pubblicato uno strumento d\u2019analisi e ha organizzato un ciclo di eventi \u00abBest Practice Circle\u00bb.<\/p>\n\n\n\n<div class=\"wp-block-buttons is-layout-flex wp-block-buttons-is-layout-flex\">\n<div class=\"wp-block-button has-custom-width wp-block-button__width-50 is-style-outline is-style-outline--1\"><a class=\"wp-block-button__link wp-element-button\" href=\"https:\/\/alice.ch\/it\/temi\/digitalizzazione-e-formazione-continua\/trasformazione-digitale\/\">Trasformazione digitale nelle istituzioni di formazione continua<\/a><\/div>\n<\/div>\n<\/div>\n\n\n\n<div class=\"wp-block-group is-style-run-to-edge has-primary-background-color has-background is-layout-flow wp-block-group-is-layout-flow\">\n<h2 class=\"wp-block-heading\">Strumento di analisi<\/h2>\n\n\n\n<p>Lo strumento di analisi sviluppato dalla FSEA offre agli enti di formazione un supporto per l&#8217;autoriflessione sulla trasformazione digitale, concentrandosi sul livello organizzativo e sul chiarimento dei relativi fabbisogni. Lo strumento di analisi presenta i vari elementi che fanno parte di un processo di trasformazione. Sulla base di una serie di domande volte a stimolare l&#8217;autoriflessione, l&#8217;organizzazione potr\u00e0 identificare in quali punti esiste un potenziale per il processo di trasformazione.<\/p>\n\n\n\n<p>Lo strumento d\u2019analisi si basa sul modello europeo DigCompOrg.<\/p>\n<\/div>\n\n\n\n<div class=\"wp-block-columns is-layout-flex wp-container-core-columns-is-layout-28f84493 wp-block-columns-is-layout-flex\">\n<div class=\"wp-block-column is-layout-flow wp-block-column-is-layout-flow\" style=\"flex-basis:50%\">\n<div class=\"wp-block-file\"><a id=\"wp-block-file--media-eec9df04-5b29-4ed0-89c9-db8c1ad39e07\" href=\"https:\/\/alice.ch\/app\/uploads\/2022\/11\/IT_Analysetool_Digitale_Transformation.pdf\" target=\"_blank\" rel=\"noreferrer noopener\">Trasformazione digitale per le istituzioni di formazione continua<br \/>PDF &#8211; 839 KB<\/a><\/div>\n<\/div>\n\n\n\n<div class=\"wp-block-column is-layout-flow wp-block-column-is-layout-flow\" style=\"flex-basis:50%\"><\/div>\n<\/div>\n\n\n\n<h2 class=\"wp-block-heading\">Esperti del Best Practice Circle<\/h2>\n\n\n\n<p>Le raccomandzioni sopra riportate sono frutto del contributo di esperti partecipanti al&nbsp;best practice circle promosso dalla FSEA. Vengono di seguito menzionate esclusivamente le persone le cui idee sono state sviluppate:<\/p>\n\n\n\n<ul class=\"wp-block-list\">\n<li><strong>Dr. Annabell Bils<\/strong>, dell&#8217;<a href=\"https:\/\/www.fernuni-hagen.de\/\" target=\"_blank\" rel=\"noreferrer noopener\">Universit\u00e0 a distanza di Hagen<\/a>, ha partecipato al&nbsp;best practice circle del 16 agosto 2022 parlando della trasformazione digitale nell&#8217;insegnamento e illustrandone le connessioni con il livello organizzativo.<\/li>\n\n\n\n<li><strong>Eva Meirer<\/strong>, Capo sezione della Divisione Scuola del Liechtenstein e membro del direttivo di <a href=\"https:\/\/www.digital-liechtenstein.li\/\" target=\"_blank\" rel=\"noreferrer noopener\">digital-liechtenstein<\/a>, ha partecipato al&nbsp;Best Practice Circle del 23 agosto 2022 parlando della formazione in un mondo volatile, incerto, complesso e ambivalente.&nbsp;<\/li>\n\n\n\n<li><strong>Pamela Aeschlimann <\/strong>ha partecipato al&nbsp;Best Practice Circle del 6 settembre 2022 raccontando di come <a href=\"https:\/\/www.lernetz.ch\/home\" target=\"_blank\" rel=\"noreferrer noopener\">LerNetz<\/a> si stia organizzando per rendere possibili esperienze d\u2019apprendimento che facciano progredire le persone e l\u2019organizzazione.<\/li>\n\n\n\n<li><strong>Monika Manhart<\/strong>, co-titolare di <a href=\"https:\/\/moveyourmind.ch\/\" target=\"_blank\" rel=\"noreferrer noopener\">MoveYourMind AG<\/a>, ha partecipato al&nbsp;Best Practice Circle del 13 settembre 2022 parlando di alcune possibilit\u00e0 metodologiche per lo sviluppo culturale delle istituzioni formative.&nbsp;<\/li>\n<\/ul>\n\n\n\n<h2 class=\"wp-block-heading\">Ulteriori informazioni<\/h2>\n\n\n\n<div class=\"wp-block-buttons is-layout-flex wp-block-buttons-is-layout-flex\">\n<div class=\"wp-block-button has-custom-width wp-block-button__width-50 is-style-outline is-style-outline--2\"><a class=\"wp-block-button__link wp-element-button\" href=\"https:\/\/smart-check.ch\/\" target=\"_blank\" rel=\"noreferrer noopener\">WKS Berna e KV Business School (in tedesco)<\/a><\/div>\n<\/div>\n\n\n\n<div class=\"wp-block-buttons is-layout-flex wp-block-buttons-is-layout-flex\">\n<div class=\"wp-block-button has-custom-width wp-block-button__width-50 is-style-outline is-style-outline--3\"><a class=\"wp-block-button__link wp-element-button\" href=\"https:\/\/ruotadigitale.it\/\" target=\"_blank\" rel=\"noreferrer noopener\">La ruota delle competenze digitali<\/a><\/div>\n<\/div>\n\n\n\n<div class=\"wp-block-buttons is-layout-flex wp-block-buttons-is-layout-flex\">\n<div class=\"wp-block-button has-custom-width wp-block-button__width-50 is-style-outline is-style-outline--4\"><a class=\"wp-block-button__link wp-element-button\" href=\"https:\/\/www.sozialinfo.ch\/digitalisierung\/digitalcheck\" target=\"_blank\" rel=\"noreferrer noopener\">Check digitale di sozialinfo.ch (in tedesco)<\/a><\/div>\n<\/div>\n\n\n\n<h2 class=\"wp-block-heading\">Consigli bibliografici<\/h2>\n\n\n\n<ul class=\"wp-block-list\">\n<li>H\u00e4fele, Walter (2009): OE-Pozesse initiieren und gestalten&nbsp;<\/li>\n\n\n\n<li>Pircher, Richard (2018): Agilstabile Organisationen&nbsp;<\/li>\n<\/ul>\n\n\n\n<div class=\"wp-block-columns is-layout-flex wp-container-core-columns-is-layout-28f84493 wp-block-columns-is-layout-flex\">\n<div class=\"wp-block-column is-layout-flow wp-block-column-is-layout-flow\" style=\"flex-basis:50%\">\n<div class=\"wp-block-file\"><a id=\"wp-block-file--media-eec9df04-5b29-4ed0-89c9-db8c1ad39e07\" href=\"https:\/\/alice.ch\/app\/uploads\/2023\/02\/FSEA-sostenere-la-trasformazione-digitale.pdf\">Poster \u00abSostenere la trasformazione digitale\u00bb<br \/>PDF &#8211; 84 KB<\/a><\/div>\n<\/div>\n\n\n\n<div class=\"wp-block-column is-layout-flow wp-block-column-is-layout-flow\" style=\"flex-basis:50%\"><\/div>\n<\/div>\n\n\n\n<h2 class=\"wp-block-heading\">Contatto<\/h2>\n\n\n\n<div class=\"wp-block-columns is-layout-flex wp-container-core-columns-is-layout-28f84493 wp-block-columns-is-layout-flex\">\n<div class=\"wp-block-column is-layout-flow wp-block-column-is-layout-flow\" style=\"flex-basis:50%\"><div class=\"contact-persons\">\n\n\t\t\t\t\t<div class=\"contact-person\">\n\t\t\t\t\tIrena Sgier<br \/>\t\t\t\t\tDirettrice supplente, Responsabile Ricerca, Sviluppo e Innovazione<br \/>\t\t\t\t\t<br \/>\n\t\t\t\t\t\t\t\t\t\t<a href=\"tel:+41 (0)44 319 71 59\">+41 (0)44 319 71 59<\/a><br \/>\t\t\t\t\t<a href=\"mailto:irena.sgier@alice.ch\">irena.sgier@alice.ch<\/a><br \/>\t\t\t\t\t<\/div>\n\t\t\t\t\t<\/div>\n<\/div>\n\n\n\n<div class=\"wp-block-column is-layout-flow wp-block-column-is-layout-flow\" style=\"flex-basis:50%\"><\/div>\n<\/div>\n<\/div>\n","protected":false},"excerpt":{"rendered":"<p>Cinque raccomandazioni per sostenere la trasformazione digitale Negli ultimi anni, il fenomeno della digitalizzazione nel settore della formazione continua ha [&hellip;]<\/p>\n","protected":false},"author":2,"featured_media":20802,"parent":11175,"menu_order":98,"comment_status":"closed","ping_status":"closed","template":"","meta":{"_acf_changed":false,"inline_featured_image":false,"footnotes":""},"class_list":["post-35086","page","type-page","status-publish","has-post-thumbnail","hentry"],"acf":[],"yoast_head":"<!-- This site is optimized with the Yoast SEO plugin v27.3 - https:\/\/yoast.com\/product\/yoast-seo-wordpress\/ -->\n<title>Avviare la trasformazione digitale - FSEA<\/title>\n<meta name=\"robots\" content=\"index, follow, max-snippet:-1, max-image-preview:large, max-video-preview:-1\" \/>\n<link rel=\"canonical\" href=\"https:\/\/alice.ch\/it\/temi\/digitalizzazione-e-formazione-continua\/trasformazione-digitale\/avviare-la-trasformazione-digitale\/\" \/>\n<meta property=\"og:locale\" content=\"it_IT\" \/>\n<meta property=\"og:type\" content=\"article\" \/>\n<meta property=\"og:title\" content=\"Avviare la trasformazione digitale - FSEA\" \/>\n<meta property=\"og:description\" content=\"Cinque raccomandazioni per sostenere la trasformazione digitale Negli ultimi anni, il fenomeno della digitalizzazione nel settore della formazione continua ha [&hellip;]\" \/>\n<meta property=\"og:url\" content=\"https:\/\/alice.ch\/it\/temi\/digitalizzazione-e-formazione-continua\/trasformazione-digitale\/avviare-la-trasformazione-digitale\/\" \/>\n<meta property=\"og:site_name\" content=\"SVEB\" \/>\n<meta property=\"article:modified_time\" content=\"2024-12-02T14:45:33+00:00\" \/>\n<meta property=\"og:image\" content=\"https:\/\/alice.ch\/app\/uploads\/2022\/11\/default.jpg\" \/>\n\t<meta property=\"og:image:width\" content=\"1600\" \/>\n\t<meta property=\"og:image:height\" content=\"900\" \/>\n\t<meta property=\"og:image:type\" content=\"image\/jpeg\" \/>\n<meta name=\"twitter:card\" content=\"summary_large_image\" \/>\n<meta name=\"twitter:label1\" content=\"Tempo di lettura stimato\" \/>\n\t<meta name=\"twitter:data1\" content=\"4 minuti\" \/>\n<script type=\"application\/ld+json\" class=\"yoast-schema-graph\">{\"@context\":\"https:\\\/\\\/schema.org\",\"@graph\":[{\"@type\":\"WebPage\",\"@id\":\"https:\\\/\\\/alice.ch\\\/it\\\/temi\\\/digitalizzazione-e-formazione-continua\\\/trasformazione-digitale\\\/avviare-la-trasformazione-digitale\\\/\",\"url\":\"https:\\\/\\\/alice.ch\\\/it\\\/temi\\\/digitalizzazione-e-formazione-continua\\\/trasformazione-digitale\\\/avviare-la-trasformazione-digitale\\\/\",\"name\":\"Avviare la trasformazione digitale - FSEA\",\"isPartOf\":{\"@id\":\"https:\\\/\\\/alice.ch\\\/it\\\/#website\"},\"primaryImageOfPage\":{\"@id\":\"https:\\\/\\\/alice.ch\\\/it\\\/temi\\\/digitalizzazione-e-formazione-continua\\\/trasformazione-digitale\\\/avviare-la-trasformazione-digitale\\\/#primaryimage\"},\"image\":{\"@id\":\"https:\\\/\\\/alice.ch\\\/it\\\/temi\\\/digitalizzazione-e-formazione-continua\\\/trasformazione-digitale\\\/avviare-la-trasformazione-digitale\\\/#primaryimage\"},\"thumbnailUrl\":\"https:\\\/\\\/alice.ch\\\/app\\\/uploads\\\/2022\\\/11\\\/default.jpg\",\"datePublished\":\"2022-12-08T17:23:29+00:00\",\"dateModified\":\"2024-12-02T14:45:33+00:00\",\"breadcrumb\":{\"@id\":\"https:\\\/\\\/alice.ch\\\/it\\\/temi\\\/digitalizzazione-e-formazione-continua\\\/trasformazione-digitale\\\/avviare-la-trasformazione-digitale\\\/#breadcrumb\"},\"inLanguage\":\"it-IT\",\"potentialAction\":[{\"@type\":\"ReadAction\",\"target\":[\"https:\\\/\\\/alice.ch\\\/it\\\/temi\\\/digitalizzazione-e-formazione-continua\\\/trasformazione-digitale\\\/avviare-la-trasformazione-digitale\\\/\"]}]},{\"@type\":\"ImageObject\",\"inLanguage\":\"it-IT\",\"@id\":\"https:\\\/\\\/alice.ch\\\/it\\\/temi\\\/digitalizzazione-e-formazione-continua\\\/trasformazione-digitale\\\/avviare-la-trasformazione-digitale\\\/#primaryimage\",\"url\":\"https:\\\/\\\/alice.ch\\\/app\\\/uploads\\\/2022\\\/11\\\/default.jpg\",\"contentUrl\":\"https:\\\/\\\/alice.ch\\\/app\\\/uploads\\\/2022\\\/11\\\/default.jpg\",\"width\":1600,\"height\":900},{\"@type\":\"BreadcrumbList\",\"@id\":\"https:\\\/\\\/alice.ch\\\/it\\\/temi\\\/digitalizzazione-e-formazione-continua\\\/trasformazione-digitale\\\/avviare-la-trasformazione-digitale\\\/#breadcrumb\",\"itemListElement\":[{\"@type\":\"ListItem\",\"position\":1,\"name\":\"Pagina iniziale\",\"item\":\"https:\\\/\\\/alice.ch\\\/it\\\/\"},{\"@type\":\"ListItem\",\"position\":2,\"name\":\"Temi\",\"item\":\"https:\\\/\\\/alice.ch\\\/it\\\/temi\\\/\"},{\"@type\":\"ListItem\",\"position\":3,\"name\":\"Digitalizzazione e formazione continua\",\"item\":\"https:\\\/\\\/alice.ch\\\/it\\\/temi\\\/digitalizzazione-e-formazione-continua\\\/\"},{\"@type\":\"ListItem\",\"position\":4,\"name\":\"Trasformazione digitale\",\"item\":\"https:\\\/\\\/alice.ch\\\/it\\\/temi\\\/digitalizzazione-e-formazione-continua\\\/trasformazione-digitale\\\/\"},{\"@type\":\"ListItem\",\"position\":5,\"name\":\"Avviare la trasformazione digitale\"}]},{\"@type\":\"WebSite\",\"@id\":\"https:\\\/\\\/alice.ch\\\/it\\\/#website\",\"url\":\"https:\\\/\\\/alice.ch\\\/it\\\/\",\"name\":\"alice.ch (Adult Learning Information Center) ist das Portal der Weiterbildung in der Schweiz.\",\"description\":\"Schweizerischer Verband f\u00fcr Weiterbildung\",\"publisher\":{\"@id\":\"https:\\\/\\\/alice.ch\\\/it\\\/#organization\"},\"potentialAction\":[{\"@type\":\"SearchAction\",\"target\":{\"@type\":\"EntryPoint\",\"urlTemplate\":\"https:\\\/\\\/alice.ch\\\/it\\\/?s={search_term_string}\"},\"query-input\":{\"@type\":\"PropertyValueSpecification\",\"valueRequired\":true,\"valueName\":\"search_term_string\"}}],\"inLanguage\":\"it-IT\"},{\"@type\":\"Organization\",\"@id\":\"https:\\\/\\\/alice.ch\\\/it\\\/#organization\",\"name\":\"FSEA Federazione svizzera per la formazione continua\",\"url\":\"https:\\\/\\\/alice.ch\\\/it\\\/\",\"logo\":{\"@type\":\"ImageObject\",\"inLanguage\":\"it-IT\",\"@id\":\"https:\\\/\\\/alice.ch\\\/it\\\/#\\\/schema\\\/logo\\\/image\\\/\",\"url\":\"https:\\\/\\\/alice.ch\\\/app\\\/uploads\\\/2022\\\/07\\\/logo-sveb.png\",\"contentUrl\":\"https:\\\/\\\/alice.ch\\\/app\\\/uploads\\\/2022\\\/07\\\/logo-sveb.png\",\"width\":145,\"height\":64,\"caption\":\"FSEA Federazione svizzera per la formazione continua\"},\"image\":{\"@id\":\"https:\\\/\\\/alice.ch\\\/it\\\/#\\\/schema\\\/logo\\\/image\\\/\"},\"sameAs\":[\"https:\\\/\\\/www.linkedin.com\\\/company\\\/schweizerischer-verband-fr-weiterbildung-sveb\\\/\"]}]}<\/script>\n<!-- \/ Yoast SEO plugin. -->","yoast_head_json":{"title":"Avviare la trasformazione digitale - FSEA","robots":{"index":"index","follow":"follow","max-snippet":"max-snippet:-1","max-image-preview":"max-image-preview:large","max-video-preview":"max-video-preview:-1"},"canonical":"https:\/\/alice.ch\/it\/temi\/digitalizzazione-e-formazione-continua\/trasformazione-digitale\/avviare-la-trasformazione-digitale\/","og_locale":"it_IT","og_type":"article","og_title":"Avviare la trasformazione digitale - FSEA","og_description":"Cinque raccomandazioni per sostenere la trasformazione digitale Negli ultimi anni, il fenomeno della digitalizzazione nel settore della formazione continua ha [&hellip;]","og_url":"https:\/\/alice.ch\/it\/temi\/digitalizzazione-e-formazione-continua\/trasformazione-digitale\/avviare-la-trasformazione-digitale\/","og_site_name":"SVEB","article_modified_time":"2024-12-02T14:45:33+00:00","og_image":[{"width":1600,"height":900,"url":"https:\/\/alice.ch\/app\/uploads\/2022\/11\/default.jpg","type":"image\/jpeg"}],"twitter_card":"summary_large_image","twitter_misc":{"Tempo di lettura stimato":"4 minuti"},"schema":{"@context":"https:\/\/schema.org","@graph":[{"@type":"WebPage","@id":"https:\/\/alice.ch\/it\/temi\/digitalizzazione-e-formazione-continua\/trasformazione-digitale\/avviare-la-trasformazione-digitale\/","url":"https:\/\/alice.ch\/it\/temi\/digitalizzazione-e-formazione-continua\/trasformazione-digitale\/avviare-la-trasformazione-digitale\/","name":"Avviare la trasformazione digitale - FSEA","isPartOf":{"@id":"https:\/\/alice.ch\/it\/#website"},"primaryImageOfPage":{"@id":"https:\/\/alice.ch\/it\/temi\/digitalizzazione-e-formazione-continua\/trasformazione-digitale\/avviare-la-trasformazione-digitale\/#primaryimage"},"image":{"@id":"https:\/\/alice.ch\/it\/temi\/digitalizzazione-e-formazione-continua\/trasformazione-digitale\/avviare-la-trasformazione-digitale\/#primaryimage"},"thumbnailUrl":"https:\/\/alice.ch\/app\/uploads\/2022\/11\/default.jpg","datePublished":"2022-12-08T17:23:29+00:00","dateModified":"2024-12-02T14:45:33+00:00","breadcrumb":{"@id":"https:\/\/alice.ch\/it\/temi\/digitalizzazione-e-formazione-continua\/trasformazione-digitale\/avviare-la-trasformazione-digitale\/#breadcrumb"},"inLanguage":"it-IT","potentialAction":[{"@type":"ReadAction","target":["https:\/\/alice.ch\/it\/temi\/digitalizzazione-e-formazione-continua\/trasformazione-digitale\/avviare-la-trasformazione-digitale\/"]}]},{"@type":"ImageObject","inLanguage":"it-IT","@id":"https:\/\/alice.ch\/it\/temi\/digitalizzazione-e-formazione-continua\/trasformazione-digitale\/avviare-la-trasformazione-digitale\/#primaryimage","url":"https:\/\/alice.ch\/app\/uploads\/2022\/11\/default.jpg","contentUrl":"https:\/\/alice.ch\/app\/uploads\/2022\/11\/default.jpg","width":1600,"height":900},{"@type":"BreadcrumbList","@id":"https:\/\/alice.ch\/it\/temi\/digitalizzazione-e-formazione-continua\/trasformazione-digitale\/avviare-la-trasformazione-digitale\/#breadcrumb","itemListElement":[{"@type":"ListItem","position":1,"name":"Pagina iniziale","item":"https:\/\/alice.ch\/it\/"},{"@type":"ListItem","position":2,"name":"Temi","item":"https:\/\/alice.ch\/it\/temi\/"},{"@type":"ListItem","position":3,"name":"Digitalizzazione e formazione continua","item":"https:\/\/alice.ch\/it\/temi\/digitalizzazione-e-formazione-continua\/"},{"@type":"ListItem","position":4,"name":"Trasformazione digitale","item":"https:\/\/alice.ch\/it\/temi\/digitalizzazione-e-formazione-continua\/trasformazione-digitale\/"},{"@type":"ListItem","position":5,"name":"Avviare la trasformazione digitale"}]},{"@type":"WebSite","@id":"https:\/\/alice.ch\/it\/#website","url":"https:\/\/alice.ch\/it\/","name":"alice.ch (Adult Learning Information Center) ist das Portal der Weiterbildung in der Schweiz.","description":"Schweizerischer Verband f\u00fcr Weiterbildung","publisher":{"@id":"https:\/\/alice.ch\/it\/#organization"},"potentialAction":[{"@type":"SearchAction","target":{"@type":"EntryPoint","urlTemplate":"https:\/\/alice.ch\/it\/?s={search_term_string}"},"query-input":{"@type":"PropertyValueSpecification","valueRequired":true,"valueName":"search_term_string"}}],"inLanguage":"it-IT"},{"@type":"Organization","@id":"https:\/\/alice.ch\/it\/#organization","name":"FSEA Federazione svizzera per la formazione continua","url":"https:\/\/alice.ch\/it\/","logo":{"@type":"ImageObject","inLanguage":"it-IT","@id":"https:\/\/alice.ch\/it\/#\/schema\/logo\/image\/","url":"https:\/\/alice.ch\/app\/uploads\/2022\/07\/logo-sveb.png","contentUrl":"https:\/\/alice.ch\/app\/uploads\/2022\/07\/logo-sveb.png","width":145,"height":64,"caption":"FSEA Federazione svizzera per la formazione continua"},"image":{"@id":"https:\/\/alice.ch\/it\/#\/schema\/logo\/image\/"},"sameAs":["https:\/\/www.linkedin.com\/company\/schweizerischer-verband-fr-weiterbildung-sveb\/"]}]}},"_links":{"self":[{"href":"https:\/\/alice.ch\/it\/wp-json\/wp\/v2\/pages\/35086","targetHints":{"allow":["GET"]}}],"collection":[{"href":"https:\/\/alice.ch\/it\/wp-json\/wp\/v2\/pages"}],"about":[{"href":"https:\/\/alice.ch\/it\/wp-json\/wp\/v2\/types\/page"}],"author":[{"embeddable":true,"href":"https:\/\/alice.ch\/it\/wp-json\/wp\/v2\/users\/2"}],"replies":[{"embeddable":true,"href":"https:\/\/alice.ch\/it\/wp-json\/wp\/v2\/comments?post=35086"}],"version-history":[{"count":59,"href":"https:\/\/alice.ch\/it\/wp-json\/wp\/v2\/pages\/35086\/revisions"}],"predecessor-version":[{"id":64619,"href":"https:\/\/alice.ch\/it\/wp-json\/wp\/v2\/pages\/35086\/revisions\/64619"}],"up":[{"embeddable":true,"href":"https:\/\/alice.ch\/it\/wp-json\/wp\/v2\/pages\/11175"}],"wp:featuredmedia":[{"embeddable":true,"href":"https:\/\/alice.ch\/it\/wp-json\/wp\/v2\/media\/20802"}],"wp:attachment":[{"href":"https:\/\/alice.ch\/it\/wp-json\/wp\/v2\/media?parent=35086"}],"curies":[{"name":"wp","href":"https:\/\/api.w.org\/{rel}","templated":true}]}}