{"id":38115,"date":"2022-12-20T09:03:44","date_gmt":"2022-12-20T08:03:44","guid":{"rendered":"https:\/\/alice.ch\/?page_id=38115"},"modified":"2025-12-17T09:34:26","modified_gmt":"2025-12-17T08:34:26","slug":"strumenti-pratici","status":"publish","type":"page","link":"https:\/\/alice.ch\/it\/servizi\/pubblicazioni-e-prodotti\/strumenti-pratici\/","title":{"rendered":"Strumenti pratici"},"content":{"rendered":"\n<div class=\"wp-block-group is-style-reduced-width is-layout-flow wp-block-group-is-layout-flow\">\n<h1 class=\"wp-block-heading\">Strumenti pratici<\/h1>\n\n\n\n<p class=\"is-style-lead\">La FSEA sviluppa strumenti pratici per gli specialisti della formazione continua, che potete ordinare qui:<\/p>\n\n\n\n<div class=\"wp-block-query is-layout-flow wp-block-query-is-layout-flow\"><ul class=\"wp-block-post-template is-layout-flow wp-block-post-template-is-layout-flow\"><li class=\"wp-block-post post-54427 publication type-publication status-publish has-post-thumbnail hentry publication-category-strumenti-pratici\">\n\n<div class=\"publication-item\">\n\t<div class=\"image\">\n\t\t<img decoding=\"async\" width=\"1292\" height=\"1864\" src=\"https:\/\/alice.ch\/app\/uploads\/2023\/09\/panoramica-buoni-di-formazione-cover.png\" class=\"attachment-post-thumbnail size-post-thumbnail wp-post-image\" alt=\"\" srcset=\"https:\/\/alice.ch\/app\/uploads\/2023\/09\/panoramica-buoni-di-formazione-cover.png 1292w, https:\/\/alice.ch\/app\/uploads\/2023\/09\/panoramica-buoni-di-formazione-cover-208x300.png 208w, https:\/\/alice.ch\/app\/uploads\/2023\/09\/panoramica-buoni-di-formazione-cover-710x1024.png 710w, https:\/\/alice.ch\/app\/uploads\/2023\/09\/panoramica-buoni-di-formazione-cover-768x1108.png 768w, https:\/\/alice.ch\/app\/uploads\/2023\/09\/panoramica-buoni-di-formazione-cover-1065x1536.png 1065w\" sizes=\"(max-width: 1292px) 100vw, 1292px\" \/>\t<\/div>\n\n\t<div class=\"content\">\n\t\t<h3>Panoramica per la pianificazione di un progetto di buoni di formazione<\/h3>\n\t\t<div class=\"description\"><p>Il check rapido offre panoramica riassuntiva di tutte le principali misure necessarie a implementare con successo un progetto. Esso \u00e8 di particolare aiuto nel decidere in merito alla sua realizzazione.<\/p>\n<\/div>\n\n\t\t<div class=\"meta\">\n\t\t\t<ul>\n\t\t\t\t\t\t\t\t\t<li><strong>Prezzo:<\/strong> gratuito<\/li>\n\t\t\t\t\n\t\t\t\t\t\t\t\t\t<li><strong>Editore:<\/strong> FSEA<\/li>\n\t\t\t\t\n\t\t\t\t\t\t\t\t\t<li><strong>Autore:<\/strong> Sofie Gollob, Birte Theiler<\/li>\n\t\t\t\t\n\t\t\t\t\t\t\t\t\t<li><strong>Distribuzione:<\/strong> FSEA, 4 pages<\/li>\n\t\t\t\t\n\t\t\t\t\n\t\t\t\t\n\t\t\t\t\t\t\t<\/ul>\n\n\t\t\t<ul class=\"actions\">\n\t\t\t\t\t\t\t\t\t<li><a class=\"button\" href=\"https:\/\/alice.ch\/it\/download-it\/?pub-id=54427\">Scaricare<\/a><\/li>\n\t\t\t\t\n\t\t\t\t\t\t\t<\/ul>\n\t\t<\/div>\n\t<\/div>\n\n\n<\/div>\n\n<\/li><li class=\"wp-block-post post-36614 publication type-publication status-publish has-post-thumbnail hentry publication-category-strumenti-pratici publication-category-libretto-di-formazione\">\n\n<div class=\"publication-item\">\n\t<div class=\"image\">\n\t\t<img decoding=\"async\" width=\"426\" height=\"600\" src=\"https:\/\/alice.ch\/app\/uploads\/2022\/10\/Bildungspass-SVEB.jpeg\" class=\"attachment-post-thumbnail size-post-thumbnail wp-post-image\" alt=\"\" srcset=\"https:\/\/alice.ch\/app\/uploads\/2022\/10\/Bildungspass-SVEB.jpeg 426w, https:\/\/alice.ch\/app\/uploads\/2022\/10\/Bildungspass-SVEB-213x300.jpeg 213w\" sizes=\"(max-width: 426px) 100vw, 426px\" \/>\t<\/div>\n\n\t<div class=\"content\">\n\t\t<h3>Libretto di formazione<\/h3>\n\t\t<div class=\"description\"><div class=\"short-description\">\n<p>Il Libretto di formazione indica le formazione iniziali e continue, i corsi, gli stages e le attivit\u00e0 di volontariato.<\/p>\n<\/div>\n<div class=\"price-box\"><\/div>\n<div>\n<p>Il Libretto di formazione \u00e8 una atout per gestire la propria formazione continua. D\u00e0 una visione attuale e compatta sia agli impiegati sia ai datori di lavoro. Indica le formazione iniziali e continue, i corsi, gli stages e le attivit\u00e0 di volontariato. Al suo interno possono figurare anche i certificati, i diplomi e altri titoli acquisiti.<\/p>\n<p>Il Libretto della formazione resta in possesso del titolare. Pu\u00f2 essere usato presso tutti gli erogatori di formazione continua in Svizzera e all&#8217;estero. Il Libretto di formazione permette di dimostrare le svariate competenze in caso di cambiamento di lavoro, di promozione o reinserimento. Ad oggi sono circa 1&#8217;000&#8217;000 i Libretti venduti. Questo documento \u00e8 riconosciuto in tutta la Svizzera e ben accetto presso tutti gli erogatori di formazione. \u00c8 edito in tre lingue (i\/f\/t) e resta valido anche nel caso di cambiamento di regione linguistica.<\/p>\n<\/div>\n<\/div>\n\n\t\t<div class=\"meta\">\n\t\t\t<ul>\n\t\t\t\t\t\t\t\t\t<li><strong>Prezzo:<\/strong> 6.00 CHF (Prezzo al pezzo: 6.00 CHF)<\/li>\n\t\t\t\t\n\t\t\t\t\n\t\t\t\t\n\t\t\t\t\n\t\t\t\t\n\t\t\t\t\n\t\t\t\t\t\t\t<\/ul>\n\n\t\t\t<ul class=\"actions\">\n\t\t\t\t\n\t\t\t\t\t\t\t\t\t<li><a class=\"button\" href=\"https:\/\/alice.ch\/it\/order-it\/?pub-id=36614\">Ordinare la pubblicazione<\/a><\/li>\n\t\t\t\t\t\t\t<\/ul>\n\t\t<\/div>\n\t<\/div>\n\n\n<\/div>\n\n<\/li><li class=\"wp-block-post post-47939 publication type-publication status-publish has-post-thumbnail hentry publication-category-strumenti-pratici\">\n\n<div class=\"publication-item\">\n\t<div class=\"image\">\n\t\t<img decoding=\"async\" width=\"1000\" height=\"1457\" src=\"https:\/\/alice.ch\/app\/uploads\/2022\/12\/IT_Analysetool_Digitale_Transformation_cover.jpg\" class=\"attachment-post-thumbnail size-post-thumbnail wp-post-image\" alt=\"\" srcset=\"https:\/\/alice.ch\/app\/uploads\/2022\/12\/IT_Analysetool_Digitale_Transformation_cover.jpg 1000w, https:\/\/alice.ch\/app\/uploads\/2022\/12\/IT_Analysetool_Digitale_Transformation_cover-206x300.jpg 206w, https:\/\/alice.ch\/app\/uploads\/2022\/12\/IT_Analysetool_Digitale_Transformation_cover-703x1024.jpg 703w, https:\/\/alice.ch\/app\/uploads\/2022\/12\/IT_Analysetool_Digitale_Transformation_cover-768x1119.jpg 768w\" sizes=\"(max-width: 1000px) 100vw, 1000px\" \/>\t<\/div>\n\n\t<div class=\"content\">\n\t\t<h3>Tool di analisi per l\u2019implementazione della trasformazione digitale<\/h3>\n\t\t<div class=\"description\"><p>Il\u00a0tool di analisi\u00a0\u00e8 uno strumento di sostegno per la trasformazione digitale. Si basa sul modello europeo\u00a0<a href=\"https:\/\/joint-research-centre.ec.europa.eu\/european-framework-digitally-competent-educational-organisations-digcomporg_en\" target=\"_blank\" rel=\"noreferrer noopener\">DigCompOrg<\/a>\u00a0e mira soprattutto a incoraggiare la riflessione. Non raccomanda direttamente interventi, ma pu\u00f2 identificare fattori di supporto per guidare attivamente la trasformazione digitale nelle organizzazioni.<\/p>\n<\/div>\n\n\t\t<div class=\"meta\">\n\t\t\t<ul>\n\t\t\t\t\t\t\t\t\t<li><strong>Prezzo:<\/strong> gratuito<\/li>\n\t\t\t\t\n\t\t\t\t\t\t\t\t\t<li><strong>Editore:<\/strong> FSEA<\/li>\n\t\t\t\t\n\t\t\t\t\n\t\t\t\t\t\t\t\t\t<li><strong>Distribuzione:<\/strong> FSEA<\/li>\n\t\t\t\t\n\t\t\t\t\n\t\t\t\t\n\t\t\t\t\t\t\t<\/ul>\n\n\t\t\t<ul class=\"actions\">\n\t\t\t\t\t\t\t\t\t<li><a class=\"button\" href=\"https:\/\/alice.ch\/it\/download-it\/?pub-id=47939\">Scaricare<\/a><\/li>\n\t\t\t\t\n\t\t\t\t\t\t\t<\/ul>\n\t\t<\/div>\n\t<\/div>\n\n\n<\/div>\n\n<\/li><li class=\"wp-block-post post-47829 publication type-publication status-publish has-post-thumbnail hentry publication-category-strumenti-pratici\">\n\n<div class=\"publication-item\">\n\t<div class=\"image\">\n\t\t<img decoding=\"async\" width=\"898\" height=\"1280\" src=\"https:\/\/alice.ch\/app\/uploads\/2023\/03\/Cinque-raccomandazioni-per-sostenere-la-trasformazione-digitale.png\" class=\"attachment-post-thumbnail size-post-thumbnail wp-post-image\" alt=\"\" srcset=\"https:\/\/alice.ch\/app\/uploads\/2023\/03\/Cinque-raccomandazioni-per-sostenere-la-trasformazione-digitale.png 898w, https:\/\/alice.ch\/app\/uploads\/2023\/03\/Cinque-raccomandazioni-per-sostenere-la-trasformazione-digitale-210x300.png 210w, https:\/\/alice.ch\/app\/uploads\/2023\/03\/Cinque-raccomandazioni-per-sostenere-la-trasformazione-digitale-718x1024.png 718w, https:\/\/alice.ch\/app\/uploads\/2023\/03\/Cinque-raccomandazioni-per-sostenere-la-trasformazione-digitale-768x1095.png 768w\" sizes=\"(max-width: 898px) 100vw, 898px\" \/>\t<\/div>\n\n\t<div class=\"content\">\n\t\t<h3>Poster \u00abCinque raccomandazioni per sostenere la trasformazione digitale\u00bb<\/h3>\n\t\t<div class=\"description\"><p><span lang=\"IT-CH\">Il poster \u00e8 <\/span><span lang=\"IT-CH\">un<span class=\"apple-converted-space\">\u00a0<\/span><\/span><span lang=\"IT-CH\">risultato del progetto &#8220;Trasformazione digitale nelle organizzazioni di formazione continua&#8221;. Con questo progetto,<span class=\"apple-converted-space\">\u00a0<\/span><\/span><span lang=\"IT-CH\">la FSEA intende<span class=\"apple-converted-space\">\u00a0<\/span><\/span><span lang=\"IT-CH\">sostenere gli enti erogatori di formazione continua di piccole e medie dimensioni nella loro trasformazione digitale. La FSEA ha riassunto i contributi di vari esperti in cinque \u201cricette\u201d. Non si tratta di modelli teorici, ma di raccomandazioni derivanti dalla pratica.<\/span><\/p>\n<\/div>\n\n\t\t<div class=\"meta\">\n\t\t\t<ul>\n\t\t\t\t\t\t\t\t\t<li><strong>Prezzo:<\/strong> gratuito<\/li>\n\t\t\t\t\n\t\t\t\t\t\t\t\t\t<li><strong>Editore:<\/strong> FSEA<\/li>\n\t\t\t\t\n\t\t\t\t\n\t\t\t\t\t\t\t\t\t<li><strong>Distribuzione:<\/strong> FSEA<\/li>\n\t\t\t\t\n\t\t\t\t\n\t\t\t\t\n\t\t\t\t\t\t\t<\/ul>\n\n\t\t\t<ul class=\"actions\">\n\t\t\t\t\t\t\t\t\t<li><a class=\"button\" href=\"https:\/\/alice.ch\/it\/download-it\/?pub-id=47829\">Scaricare<\/a><\/li>\n\t\t\t\t\n\t\t\t\t\t\t\t\t\t<li><a class=\"button\" href=\"https:\/\/alice.ch\/it\/order-it\/?pub-id=47829\">Ordinare la pubblicazione<\/a><\/li>\n\t\t\t\t\t\t\t<\/ul>\n\t\t<\/div>\n\t<\/div>\n\n\n<\/div>\n\n<\/li><li class=\"wp-block-post post-36603 publication type-publication status-publish has-post-thumbnail hentry publication-category-strumenti-pratici\">\n\n<div class=\"publication-item\">\n\t<div class=\"image\">\n\t\t<img decoding=\"async\" width=\"671\" height=\"940\" src=\"https:\/\/alice.ch\/app\/uploads\/2022\/11\/GoTool.png\" class=\"attachment-post-thumbnail size-post-thumbnail wp-post-image\" alt=\"\" srcset=\"https:\/\/alice.ch\/app\/uploads\/2022\/11\/GoTool.png 671w, https:\/\/alice.ch\/app\/uploads\/2022\/11\/GoTool-214x300.png 214w\" sizes=\"(max-width: 671px) 100vw, 671px\" \/>\t<\/div>\n\n\t<div class=\"content\">\n\t\t<h3>GO Toolkit \u2013 Volume 1 e 2<\/h3>\n\t\t<div class=\"description\"><div class=\"short-description\">\n<p>Il Toolkit GO contiene strumenti sviluppati per la progettazione e l\u2019erogazione di misure formative orientate al lavoro. \u00c8 pensato per specialisti che in azienda adottano il modello GO. Il primo volume contiene le linee guida, mentre il secondo presenta i descrittori delle situazioni lavorative con le loro caratteristiche e le competenze di base necessarie.<\/p>\n<p>Il toolkit GO \u00e8 edito in tedesco.<\/p>\n<\/div>\n<\/div>\n\n\t\t<div class=\"meta\">\n\t\t\t<ul>\n\t\t\t\t\t\t\t\t\t<li><strong>Prezzo:<\/strong> 75.00 CHF (Prezzo al pezzo: 60.00 CHF)<\/li>\n\t\t\t\t\n\t\t\t\t\t\t\t\t\t<li><strong>Editore:<\/strong> FSEA: C\u00e4cilia M\u00e4rki e Bernhard Gr\u00e4miger<\/li>\n\t\t\t\t\n\t\t\t\t\t\t\t\t\t<li><strong>Autore:<\/strong> Margrit Hagenow, Hansruedi Kaiser, Andi Czech, Ruth Meyer<\/li>\n\t\t\t\t\n\t\t\t\t\t\t\t\t\t<li><strong>Distribuzione:<\/strong> FSEA<\/li>\n\t\t\t\t\n\t\t\t\t\n\t\t\t\t\n\t\t\t\t\t\t\t<\/ul>\n\n\t\t\t<ul class=\"actions\">\n\t\t\t\t\n\t\t\t\t\t\t\t\t\t<li><a class=\"button\" href=\"https:\/\/alice.ch\/it\/order-it\/?pub-id=36603\">Ordinare la pubblicazione<\/a><\/li>\n\t\t\t\t\t\t\t<\/ul>\n\t\t<\/div>\n\t<\/div>\n\n\n<\/div>\n\n<\/li><\/ul>\n\n<\/div>\n\n\n\n<h2 class=\"wp-block-heading\">Contatto<\/h2>\n\n\n\n<div class=\"wp-block-columns is-layout-flex wp-container-core-columns-is-layout-28f84493 wp-block-columns-is-layout-flex\">\n<div class=\"wp-block-column is-layout-flow wp-block-column-is-layout-flow\" style=\"flex-basis:50%\"><div class=\"contact-persons\">\n\n\t\t\t\t\t<div class=\"contact-person\">\n\t\t\t\t\tFSEA Federazione svizzera per la formazione continua<br \/>\t\t\t\t\tSegretariato nazionale<br \/>\t\t\t\t\t<br \/>\n\t\t\t\t\tHardstrasse 235<br \/>\r\n8005 Zurigo<br \/>\t\t\t\t\t<a href=\"tel:+41 (0)44 319 71 71\">+41 (0)44 319 71 71<\/a><br \/>\t\t\t\t\t<a href=\"mailto:info@alice.ch\">info@alice.ch<\/a><br \/>\t\t\t\t\t<\/div>\n\t\t\t\t\t<\/div>\n<\/div>\n\n\n\n<div class=\"wp-block-column is-layout-flow wp-block-column-is-layout-flow\" style=\"flex-basis:50%\"><\/div>\n<\/div>\n<\/div>\n","protected":false},"excerpt":{"rendered":"<p>Strumenti pratici La FSEA sviluppa strumenti pratici per gli specialisti della formazione continua, che potete ordinare qui: Contatto<\/p>\n","protected":false},"author":2,"featured_media":20802,"parent":11300,"menu_order":342,"comment_status":"closed","ping_status":"closed","template":"","meta":{"_acf_changed":false,"inline_featured_image":false,"footnotes":""},"class_list":["post-38115","page","type-page","status-publish","has-post-thumbnail","hentry"],"acf":[],"yoast_head":"<!-- This site is optimized with the Yoast SEO plugin v27.3 - https:\/\/yoast.com\/product\/yoast-seo-wordpress\/ -->\n<title>Strumenti pratici - FSEA<\/title>\n<meta name=\"description\" content=\"La FSEA sviluppa strumenti pratici per i professionisti della formazione continua, che potete ordinare qui.\" \/>\n<meta name=\"robots\" content=\"index, follow, max-snippet:-1, max-image-preview:large, max-video-preview:-1\" \/>\n<link rel=\"canonical\" href=\"https:\/\/alice.ch\/it\/servizi\/pubblicazioni-e-prodotti\/strumenti-pratici\/\" \/>\n<meta property=\"og:locale\" content=\"it_IT\" \/>\n<meta property=\"og:type\" content=\"article\" \/>\n<meta property=\"og:title\" content=\"Strumenti pratici - FSEA\" \/>\n<meta property=\"og:description\" content=\"La FSEA sviluppa strumenti pratici per i professionisti della formazione continua, che potete ordinare qui.\" \/>\n<meta property=\"og:url\" content=\"https:\/\/alice.ch\/it\/servizi\/pubblicazioni-e-prodotti\/strumenti-pratici\/\" \/>\n<meta property=\"og:site_name\" content=\"SVEB\" \/>\n<meta property=\"article:modified_time\" content=\"2025-12-17T08:34:26+00:00\" \/>\n<meta property=\"og:image\" content=\"https:\/\/alice.ch\/app\/uploads\/2022\/11\/default.jpg\" \/>\n\t<meta property=\"og:image:width\" content=\"1600\" \/>\n\t<meta property=\"og:image:height\" content=\"900\" \/>\n\t<meta property=\"og:image:type\" content=\"image\/jpeg\" \/>\n<meta name=\"twitter:card\" content=\"summary_large_image\" \/>\n<meta name=\"twitter:label1\" content=\"Tempo di lettura stimato\" \/>\n\t<meta name=\"twitter:data1\" content=\"1 minuto\" \/>\n<script type=\"application\/ld+json\" class=\"yoast-schema-graph\">{\"@context\":\"https:\\\/\\\/schema.org\",\"@graph\":[{\"@type\":\"WebPage\",\"@id\":\"https:\\\/\\\/alice.ch\\\/it\\\/servizi\\\/pubblicazioni-e-prodotti\\\/strumenti-pratici\\\/\",\"url\":\"https:\\\/\\\/alice.ch\\\/it\\\/servizi\\\/pubblicazioni-e-prodotti\\\/strumenti-pratici\\\/\",\"name\":\"Strumenti pratici - FSEA\",\"isPartOf\":{\"@id\":\"https:\\\/\\\/alice.ch\\\/it\\\/#website\"},\"primaryImageOfPage\":{\"@id\":\"https:\\\/\\\/alice.ch\\\/it\\\/servizi\\\/pubblicazioni-e-prodotti\\\/strumenti-pratici\\\/#primaryimage\"},\"image\":{\"@id\":\"https:\\\/\\\/alice.ch\\\/it\\\/servizi\\\/pubblicazioni-e-prodotti\\\/strumenti-pratici\\\/#primaryimage\"},\"thumbnailUrl\":\"https:\\\/\\\/alice.ch\\\/app\\\/uploads\\\/2022\\\/11\\\/default.jpg\",\"datePublished\":\"2022-12-20T08:03:44+00:00\",\"dateModified\":\"2025-12-17T08:34:26+00:00\",\"description\":\"La FSEA sviluppa strumenti pratici per i professionisti della formazione continua, che potete ordinare qui.\",\"breadcrumb\":{\"@id\":\"https:\\\/\\\/alice.ch\\\/it\\\/servizi\\\/pubblicazioni-e-prodotti\\\/strumenti-pratici\\\/#breadcrumb\"},\"inLanguage\":\"it-IT\",\"potentialAction\":[{\"@type\":\"ReadAction\",\"target\":[\"https:\\\/\\\/alice.ch\\\/it\\\/servizi\\\/pubblicazioni-e-prodotti\\\/strumenti-pratici\\\/\"]}]},{\"@type\":\"ImageObject\",\"inLanguage\":\"it-IT\",\"@id\":\"https:\\\/\\\/alice.ch\\\/it\\\/servizi\\\/pubblicazioni-e-prodotti\\\/strumenti-pratici\\\/#primaryimage\",\"url\":\"https:\\\/\\\/alice.ch\\\/app\\\/uploads\\\/2022\\\/11\\\/default.jpg\",\"contentUrl\":\"https:\\\/\\\/alice.ch\\\/app\\\/uploads\\\/2022\\\/11\\\/default.jpg\",\"width\":1600,\"height\":900},{\"@type\":\"BreadcrumbList\",\"@id\":\"https:\\\/\\\/alice.ch\\\/it\\\/servizi\\\/pubblicazioni-e-prodotti\\\/strumenti-pratici\\\/#breadcrumb\",\"itemListElement\":[{\"@type\":\"ListItem\",\"position\":1,\"name\":\"Pagina iniziale\",\"item\":\"https:\\\/\\\/alice.ch\\\/it\\\/\"},{\"@type\":\"ListItem\",\"position\":2,\"name\":\"Servizi\",\"item\":\"https:\\\/\\\/alice.ch\\\/it\\\/servizi\\\/\"},{\"@type\":\"ListItem\",\"position\":3,\"name\":\"Pubblicazioni e prodotti\",\"item\":\"https:\\\/\\\/alice.ch\\\/it\\\/servizi\\\/pubblicazioni-e-prodotti\\\/\"},{\"@type\":\"ListItem\",\"position\":4,\"name\":\"Strumenti pratici\"}]},{\"@type\":\"WebSite\",\"@id\":\"https:\\\/\\\/alice.ch\\\/it\\\/#website\",\"url\":\"https:\\\/\\\/alice.ch\\\/it\\\/\",\"name\":\"alice.ch (Adult Learning Information Center) ist das Portal der Weiterbildung in der Schweiz.\",\"description\":\"Schweizerischer Verband f\u00fcr Weiterbildung\",\"publisher\":{\"@id\":\"https:\\\/\\\/alice.ch\\\/it\\\/#organization\"},\"potentialAction\":[{\"@type\":\"SearchAction\",\"target\":{\"@type\":\"EntryPoint\",\"urlTemplate\":\"https:\\\/\\\/alice.ch\\\/it\\\/?s={search_term_string}\"},\"query-input\":{\"@type\":\"PropertyValueSpecification\",\"valueRequired\":true,\"valueName\":\"search_term_string\"}}],\"inLanguage\":\"it-IT\"},{\"@type\":\"Organization\",\"@id\":\"https:\\\/\\\/alice.ch\\\/it\\\/#organization\",\"name\":\"FSEA Federazione svizzera per la formazione continua\",\"url\":\"https:\\\/\\\/alice.ch\\\/it\\\/\",\"logo\":{\"@type\":\"ImageObject\",\"inLanguage\":\"it-IT\",\"@id\":\"https:\\\/\\\/alice.ch\\\/it\\\/#\\\/schema\\\/logo\\\/image\\\/\",\"url\":\"https:\\\/\\\/alice.ch\\\/app\\\/uploads\\\/2022\\\/07\\\/logo-sveb.png\",\"contentUrl\":\"https:\\\/\\\/alice.ch\\\/app\\\/uploads\\\/2022\\\/07\\\/logo-sveb.png\",\"width\":145,\"height\":64,\"caption\":\"FSEA Federazione svizzera per la formazione continua\"},\"image\":{\"@id\":\"https:\\\/\\\/alice.ch\\\/it\\\/#\\\/schema\\\/logo\\\/image\\\/\"},\"sameAs\":[\"https:\\\/\\\/www.linkedin.com\\\/company\\\/schweizerischer-verband-fr-weiterbildung-sveb\\\/\"]}]}<\/script>\n<!-- \/ Yoast SEO plugin. -->","yoast_head_json":{"title":"Strumenti pratici - FSEA","description":"La FSEA sviluppa strumenti pratici per i professionisti della formazione continua, che potete ordinare qui.","robots":{"index":"index","follow":"follow","max-snippet":"max-snippet:-1","max-image-preview":"max-image-preview:large","max-video-preview":"max-video-preview:-1"},"canonical":"https:\/\/alice.ch\/it\/servizi\/pubblicazioni-e-prodotti\/strumenti-pratici\/","og_locale":"it_IT","og_type":"article","og_title":"Strumenti pratici - FSEA","og_description":"La FSEA sviluppa strumenti pratici per i professionisti della formazione continua, che potete ordinare qui.","og_url":"https:\/\/alice.ch\/it\/servizi\/pubblicazioni-e-prodotti\/strumenti-pratici\/","og_site_name":"SVEB","article_modified_time":"2025-12-17T08:34:26+00:00","og_image":[{"width":1600,"height":900,"url":"https:\/\/alice.ch\/app\/uploads\/2022\/11\/default.jpg","type":"image\/jpeg"}],"twitter_card":"summary_large_image","twitter_misc":{"Tempo di lettura stimato":"1 minuto"},"schema":{"@context":"https:\/\/schema.org","@graph":[{"@type":"WebPage","@id":"https:\/\/alice.ch\/it\/servizi\/pubblicazioni-e-prodotti\/strumenti-pratici\/","url":"https:\/\/alice.ch\/it\/servizi\/pubblicazioni-e-prodotti\/strumenti-pratici\/","name":"Strumenti pratici - FSEA","isPartOf":{"@id":"https:\/\/alice.ch\/it\/#website"},"primaryImageOfPage":{"@id":"https:\/\/alice.ch\/it\/servizi\/pubblicazioni-e-prodotti\/strumenti-pratici\/#primaryimage"},"image":{"@id":"https:\/\/alice.ch\/it\/servizi\/pubblicazioni-e-prodotti\/strumenti-pratici\/#primaryimage"},"thumbnailUrl":"https:\/\/alice.ch\/app\/uploads\/2022\/11\/default.jpg","datePublished":"2022-12-20T08:03:44+00:00","dateModified":"2025-12-17T08:34:26+00:00","description":"La FSEA sviluppa strumenti pratici per i professionisti della formazione continua, che potete ordinare qui.","breadcrumb":{"@id":"https:\/\/alice.ch\/it\/servizi\/pubblicazioni-e-prodotti\/strumenti-pratici\/#breadcrumb"},"inLanguage":"it-IT","potentialAction":[{"@type":"ReadAction","target":["https:\/\/alice.ch\/it\/servizi\/pubblicazioni-e-prodotti\/strumenti-pratici\/"]}]},{"@type":"ImageObject","inLanguage":"it-IT","@id":"https:\/\/alice.ch\/it\/servizi\/pubblicazioni-e-prodotti\/strumenti-pratici\/#primaryimage","url":"https:\/\/alice.ch\/app\/uploads\/2022\/11\/default.jpg","contentUrl":"https:\/\/alice.ch\/app\/uploads\/2022\/11\/default.jpg","width":1600,"height":900},{"@type":"BreadcrumbList","@id":"https:\/\/alice.ch\/it\/servizi\/pubblicazioni-e-prodotti\/strumenti-pratici\/#breadcrumb","itemListElement":[{"@type":"ListItem","position":1,"name":"Pagina iniziale","item":"https:\/\/alice.ch\/it\/"},{"@type":"ListItem","position":2,"name":"Servizi","item":"https:\/\/alice.ch\/it\/servizi\/"},{"@type":"ListItem","position":3,"name":"Pubblicazioni e prodotti","item":"https:\/\/alice.ch\/it\/servizi\/pubblicazioni-e-prodotti\/"},{"@type":"ListItem","position":4,"name":"Strumenti pratici"}]},{"@type":"WebSite","@id":"https:\/\/alice.ch\/it\/#website","url":"https:\/\/alice.ch\/it\/","name":"alice.ch (Adult Learning Information Center) ist das Portal der Weiterbildung in der Schweiz.","description":"Schweizerischer Verband f\u00fcr Weiterbildung","publisher":{"@id":"https:\/\/alice.ch\/it\/#organization"},"potentialAction":[{"@type":"SearchAction","target":{"@type":"EntryPoint","urlTemplate":"https:\/\/alice.ch\/it\/?s={search_term_string}"},"query-input":{"@type":"PropertyValueSpecification","valueRequired":true,"valueName":"search_term_string"}}],"inLanguage":"it-IT"},{"@type":"Organization","@id":"https:\/\/alice.ch\/it\/#organization","name":"FSEA Federazione svizzera per la formazione continua","url":"https:\/\/alice.ch\/it\/","logo":{"@type":"ImageObject","inLanguage":"it-IT","@id":"https:\/\/alice.ch\/it\/#\/schema\/logo\/image\/","url":"https:\/\/alice.ch\/app\/uploads\/2022\/07\/logo-sveb.png","contentUrl":"https:\/\/alice.ch\/app\/uploads\/2022\/07\/logo-sveb.png","width":145,"height":64,"caption":"FSEA Federazione svizzera per la formazione continua"},"image":{"@id":"https:\/\/alice.ch\/it\/#\/schema\/logo\/image\/"},"sameAs":["https:\/\/www.linkedin.com\/company\/schweizerischer-verband-fr-weiterbildung-sveb\/"]}]}},"_links":{"self":[{"href":"https:\/\/alice.ch\/it\/wp-json\/wp\/v2\/pages\/38115","targetHints":{"allow":["GET"]}}],"collection":[{"href":"https:\/\/alice.ch\/it\/wp-json\/wp\/v2\/pages"}],"about":[{"href":"https:\/\/alice.ch\/it\/wp-json\/wp\/v2\/types\/page"}],"author":[{"embeddable":true,"href":"https:\/\/alice.ch\/it\/wp-json\/wp\/v2\/users\/2"}],"replies":[{"embeddable":true,"href":"https:\/\/alice.ch\/it\/wp-json\/wp\/v2\/comments?post=38115"}],"version-history":[{"count":10,"href":"https:\/\/alice.ch\/it\/wp-json\/wp\/v2\/pages\/38115\/revisions"}],"predecessor-version":[{"id":72622,"href":"https:\/\/alice.ch\/it\/wp-json\/wp\/v2\/pages\/38115\/revisions\/72622"}],"up":[{"embeddable":true,"href":"https:\/\/alice.ch\/it\/wp-json\/wp\/v2\/pages\/11300"}],"wp:featuredmedia":[{"embeddable":true,"href":"https:\/\/alice.ch\/it\/wp-json\/wp\/v2\/media\/20802"}],"wp:attachment":[{"href":"https:\/\/alice.ch\/it\/wp-json\/wp\/v2\/media?parent=38115"}],"curies":[{"name":"wp","href":"https:\/\/api.w.org\/{rel}","templated":true}]}}