{"id":52122,"date":"2023-06-25T17:46:32","date_gmt":"2023-06-25T15:46:32","guid":{"rendered":"https:\/\/alice.ch\/?page_id=52122"},"modified":"2024-03-11T17:06:58","modified_gmt":"2024-03-11T16:06:58","slug":"formazione-continua-per-uno-sviluppo-sostenibile","status":"publish","type":"page","link":"https:\/\/alice.ch\/it\/temi\/formazione-continua-per-uno-sviluppo-sostenibile\/","title":{"rendered":"Formazione continua per uno sviluppo sostenibile"},"content":{"rendered":"\n<h1 class=\"wp-block-heading\">Formazione continua per uno sviluppo sostenibile<\/h1>\n\n\n\n<p class=\"is-style-lead\">La FSEA ritiene necessario rafforzare il ruolo della formazione continua nel settore della sostenibilit\u00e0. Per affrontare sfide globali e nazionali come la crisi climatica, le disuguaglianze sociali e le incertezze politiche, \u00e8 importante che gli adulti svizzeri dispongano di adeguate competenze ambientali, economiche e sociali. La FSEA si impegna a promuovere le competenze degli adulti in materia di sostenibilit\u00e0, sia a livello nazionale che internazionale.\u00a0<\/p>\n\n\n\n<h2 class=\"wp-block-heading\">Focus sulla sostenibilit\u00e0<\/h2>\n\n\n\n<p>La FSEA si ispira alla definizione ufficiale di sviluppo sostenibile della Svizzera. Il termine sostenibilit\u00e0 si riferisce qui a responsabilit\u00e0 ecologica, solidariet\u00e0 sociale e capacit\u00e0 economica.<\/p>\n\n\n\n<p>La FSEA ritiene che sia necessario rafforzare il ruolo della formazione continua in merito al tema della sostenibilit\u00e0. Per far fronte a sfide globali e nazionali come la crisi climatica, la disuguaglianza sociale o le incertezze politiche, \u00e8 essenziale che la maggioranza della popolazione adulta svizzera disponga di competenze adeguate in materia di ecologia, economia e questioni sociali.<\/p>\n\n\n\n<h3 class=\"wp-block-heading\">Educazione allo sviluppo sostenibile<\/h3>\n\n\n\n<p>Per contribuire allo sviluppo sostenibile sono necessarie competenze adeguate. In diversi progetti nazionali e internazionali, la FSEA promuove le competenze degli adulti in materia di sostenibilit\u00e0, ad esempio in materia di clima.<\/p>\n\n\n\n<p>La FSEA attua i seguenti progetti per promuovere le competenze climatiche degli adulti:<\/p>\n\n\n\n<div class=\"wp-block-buttons is-layout-flex wp-block-buttons-is-layout-flex\">\n<div class=\"wp-block-button has-custom-width wp-block-button__width-100 is-style-minimal\"><a class=\"wp-block-button__link wp-element-button\" href=\"https:\/\/alice.ch\/it\/project\/ale4tt-advocacy-for-twin-transition\/\">ALE4TT<\/a><\/div>\n\n\n\n<div class=\"wp-block-button has-custom-width wp-block-button__width-100 is-style-minimal\"><a class=\"wp-block-button__link wp-element-button\" href=\"https:\/\/alice.ch\/it\/project\/klimabildung\/\">Formazione in materia climatica<\/a><\/div>\n\n\n\n<div class=\"wp-block-button has-custom-width wp-block-button__width-100 is-style-minimal\"><a class=\"wp-block-button__link wp-element-button\" href=\"https:\/\/alice.ch\/it\/project\/quid-pro-quo\/\">Calendar for Climate Change (C4CC)<\/a><\/div>\n<\/div>\n\n\n\n<p>L&#8217;approccio all&#8217;educazione trasformativa \u00e8 attualmente oggetto di grande attenzione nel contesto della sostenibilit\u00e0. La FSEA lavora sui processi di apprendimento trasformativo nell&#8217;ambito di due progetti:\u00a0<\/p>\n\n\n\n<div class=\"wp-block-buttons is-layout-flex wp-block-buttons-is-layout-flex\">\n<div class=\"wp-block-button has-custom-width wp-block-button__width-100 is-style-minimal\"><a class=\"wp-block-button__link wp-element-button\" href=\"https:\/\/alice.ch\/it\/project\/tale-transformative-adult-learning-for-green-transition\/\">TALE<\/a><\/div>\n<\/div>\n\n\n\n<h3 class=\"wp-block-heading\">Sostenibilit\u00e0 e organizzazioni di formazione continua<\/h3>\n\n\n\n<p>La FSEA sostiene le organizzazioni di formazione continua nella riflessione e nello sviluppo sostenibile delle proprie istituzioni. Le istituzioni di formazione continua devono diventare luoghi di apprendimento della sostenibilit\u00e0, non solo per i partecipanti, ma anche per i collaboratori. La FSEA promuove attualmente la sostenibilit\u00e0 negli istituti di formazione continua con i seguenti progetti:<\/p>\n\n\n\n<div class=\"wp-block-buttons is-layout-flex wp-block-buttons-is-layout-flex\">\n<div class=\"wp-block-button has-custom-width wp-block-button__width-100 is-style-minimal\"><a class=\"wp-block-button__link wp-element-button\" href=\"https:\/\/alice.ch\/it\/project\/klima-check\/\">Check climatico<\/a><\/div>\n\n\n\n<div class=\"wp-block-button has-custom-width wp-block-button__width-100 is-style-minimal\"><a class=\"wp-block-button__link wp-element-button\" href=\"https:\/\/alice.ch\/it\/project\/progetto-di-mobilita-competenze-climatiche\/\">Progetto di mobilit\u00e0 \u201cCompetenze climatiche\u201d<\/a><\/div>\n<\/div>\n\n\n\n<h3 class=\"wp-block-heading\">La sostenibilit\u00e0 nel contesto globale<\/h3>\n\n\n\n<p>A livello internazionale si sottolinea con forza l&#8217;importanza dell&#8217;educazione degli adulti per lo sviluppo sostenibile. Sia la nuova Agenda europea per l&#8217;educazione degli adulti dell&#8217;UE che la Conferenza internazionale sull&#8217;educazione degli adulti (CONFINTEA VII) pongono l&#8217;accento sulla sostenibilit\u00e0. L&#8217;obiettivo globale a livello internazionale \u00e8 quello di ancorare l&#8217;istruzione sostenibile all&#8217;istruzione non formale.<\/p>\n\n\n\n<div class=\"wp-block-buttons is-layout-flex wp-block-buttons-is-layout-flex\">\n<div class=\"wp-block-button has-custom-width wp-block-button__width-100 is-style-minimal\"><a class=\"wp-block-button__link wp-element-button\" href=\"https:\/\/alice.ch\/it\/temi\/formazione-continua-internazionale\/strategie-internazionali\/confintea-vii\/\">CONFINTEA VII<\/a><\/div>\n<\/div>\n","protected":false},"excerpt":{"rendered":"<p>Formazione continua per uno sviluppo sostenibile La FSEA ritiene necessario rafforzare il ruolo della formazione continua nel settore della sostenibilit\u00e0. [&hellip;]<\/p>\n","protected":false},"author":5,"featured_media":20799,"parent":14803,"menu_order":121,"comment_status":"closed","ping_status":"closed","template":"","meta":{"_acf_changed":false,"inline_featured_image":false,"footnotes":""},"class_list":["post-52122","page","type-page","status-publish","has-post-thumbnail","hentry"],"acf":[],"yoast_head":"<!-- This site is optimized with the Yoast SEO plugin v27.3 - https:\/\/yoast.com\/product\/yoast-seo-wordpress\/ -->\n<title>Formazione continua per uno sviluppo sostenibile - FSEA<\/title>\n<meta name=\"description\" content=\"Progetti per la promozione di competenze sostenibili nelle organizzazioni di formazione continua e in un contesto globale.\" \/>\n<meta name=\"robots\" content=\"index, follow, max-snippet:-1, max-image-preview:large, max-video-preview:-1\" \/>\n<link rel=\"canonical\" href=\"https:\/\/alice.ch\/it\/temi\/formazione-continua-per-uno-sviluppo-sostenibile\/\" \/>\n<meta property=\"og:locale\" content=\"it_IT\" \/>\n<meta property=\"og:type\" content=\"article\" \/>\n<meta property=\"og:title\" content=\"Formazione continua per uno sviluppo sostenibile - FSEA\" \/>\n<meta property=\"og:description\" content=\"Progetti per la promozione di competenze sostenibili nelle organizzazioni di formazione continua e in un contesto globale.\" \/>\n<meta property=\"og:url\" content=\"https:\/\/alice.ch\/it\/temi\/formazione-continua-per-uno-sviluppo-sostenibile\/\" \/>\n<meta property=\"og:site_name\" content=\"SVEB\" \/>\n<meta property=\"article:modified_time\" content=\"2024-03-11T16:06:58+00:00\" \/>\n<meta name=\"twitter:card\" content=\"summary_large_image\" \/>\n<meta name=\"twitter:label1\" content=\"Tempo di lettura stimato\" \/>\n\t<meta name=\"twitter:data1\" content=\"2 minuti\" \/>\n<script type=\"application\/ld+json\" class=\"yoast-schema-graph\">{\"@context\":\"https:\\\/\\\/schema.org\",\"@graph\":[{\"@type\":\"WebPage\",\"@id\":\"https:\\\/\\\/alice.ch\\\/it\\\/temi\\\/formazione-continua-per-uno-sviluppo-sostenibile\\\/\",\"url\":\"https:\\\/\\\/alice.ch\\\/it\\\/temi\\\/formazione-continua-per-uno-sviluppo-sostenibile\\\/\",\"name\":\"Formazione continua per uno sviluppo sostenibile - FSEA\",\"isPartOf\":{\"@id\":\"https:\\\/\\\/alice.ch\\\/it\\\/#website\"},\"primaryImageOfPage\":{\"@id\":\"https:\\\/\\\/alice.ch\\\/it\\\/temi\\\/formazione-continua-per-uno-sviluppo-sostenibile\\\/#primaryimage\"},\"image\":{\"@id\":\"https:\\\/\\\/alice.ch\\\/it\\\/temi\\\/formazione-continua-per-uno-sviluppo-sostenibile\\\/#primaryimage\"},\"thumbnailUrl\":\"https:\\\/\\\/alice.ch\\\/app\\\/uploads\\\/2022\\\/11\\\/default.jpg\",\"datePublished\":\"2023-06-25T15:46:32+00:00\",\"dateModified\":\"2024-03-11T16:06:58+00:00\",\"description\":\"Progetti per la promozione di competenze sostenibili nelle organizzazioni di formazione continua e in un contesto globale.\",\"breadcrumb\":{\"@id\":\"https:\\\/\\\/alice.ch\\\/it\\\/temi\\\/formazione-continua-per-uno-sviluppo-sostenibile\\\/#breadcrumb\"},\"inLanguage\":\"it-IT\",\"potentialAction\":[{\"@type\":\"ReadAction\",\"target\":[\"https:\\\/\\\/alice.ch\\\/it\\\/temi\\\/formazione-continua-per-uno-sviluppo-sostenibile\\\/\"]}]},{\"@type\":\"ImageObject\",\"inLanguage\":\"it-IT\",\"@id\":\"https:\\\/\\\/alice.ch\\\/it\\\/temi\\\/formazione-continua-per-uno-sviluppo-sostenibile\\\/#primaryimage\",\"url\":\"https:\\\/\\\/alice.ch\\\/app\\\/uploads\\\/2022\\\/11\\\/default.jpg\",\"contentUrl\":\"https:\\\/\\\/alice.ch\\\/app\\\/uploads\\\/2022\\\/11\\\/default.jpg\",\"width\":1600,\"height\":900},{\"@type\":\"BreadcrumbList\",\"@id\":\"https:\\\/\\\/alice.ch\\\/it\\\/temi\\\/formazione-continua-per-uno-sviluppo-sostenibile\\\/#breadcrumb\",\"itemListElement\":[{\"@type\":\"ListItem\",\"position\":1,\"name\":\"Pagina iniziale\",\"item\":\"https:\\\/\\\/alice.ch\\\/it\\\/\"},{\"@type\":\"ListItem\",\"position\":2,\"name\":\"Temi\",\"item\":\"https:\\\/\\\/alice.ch\\\/it\\\/temi\\\/\"},{\"@type\":\"ListItem\",\"position\":3,\"name\":\"Formazione continua per uno sviluppo sostenibile\"}]},{\"@type\":\"WebSite\",\"@id\":\"https:\\\/\\\/alice.ch\\\/it\\\/#website\",\"url\":\"https:\\\/\\\/alice.ch\\\/it\\\/\",\"name\":\"alice.ch (Adult Learning Information Center) ist das Portal der Weiterbildung in der Schweiz.\",\"description\":\"Schweizerischer Verband f\u00fcr Weiterbildung\",\"publisher\":{\"@id\":\"https:\\\/\\\/alice.ch\\\/it\\\/#organization\"},\"potentialAction\":[{\"@type\":\"SearchAction\",\"target\":{\"@type\":\"EntryPoint\",\"urlTemplate\":\"https:\\\/\\\/alice.ch\\\/it\\\/?s={search_term_string}\"},\"query-input\":{\"@type\":\"PropertyValueSpecification\",\"valueRequired\":true,\"valueName\":\"search_term_string\"}}],\"inLanguage\":\"it-IT\"},{\"@type\":\"Organization\",\"@id\":\"https:\\\/\\\/alice.ch\\\/it\\\/#organization\",\"name\":\"FSEA Federazione svizzera per la formazione continua\",\"url\":\"https:\\\/\\\/alice.ch\\\/it\\\/\",\"logo\":{\"@type\":\"ImageObject\",\"inLanguage\":\"it-IT\",\"@id\":\"https:\\\/\\\/alice.ch\\\/it\\\/#\\\/schema\\\/logo\\\/image\\\/\",\"url\":\"https:\\\/\\\/alice.ch\\\/app\\\/uploads\\\/2022\\\/07\\\/logo-sveb.png\",\"contentUrl\":\"https:\\\/\\\/alice.ch\\\/app\\\/uploads\\\/2022\\\/07\\\/logo-sveb.png\",\"width\":145,\"height\":64,\"caption\":\"FSEA Federazione svizzera per la formazione continua\"},\"image\":{\"@id\":\"https:\\\/\\\/alice.ch\\\/it\\\/#\\\/schema\\\/logo\\\/image\\\/\"},\"sameAs\":[\"https:\\\/\\\/www.linkedin.com\\\/company\\\/schweizerischer-verband-fr-weiterbildung-sveb\\\/\"]}]}<\/script>\n<!-- \/ Yoast SEO plugin. -->","yoast_head_json":{"title":"Formazione continua per uno sviluppo sostenibile - FSEA","description":"Progetti per la promozione di competenze sostenibili nelle organizzazioni di formazione continua e in un contesto globale.","robots":{"index":"index","follow":"follow","max-snippet":"max-snippet:-1","max-image-preview":"max-image-preview:large","max-video-preview":"max-video-preview:-1"},"canonical":"https:\/\/alice.ch\/it\/temi\/formazione-continua-per-uno-sviluppo-sostenibile\/","og_locale":"it_IT","og_type":"article","og_title":"Formazione continua per uno sviluppo sostenibile - FSEA","og_description":"Progetti per la promozione di competenze sostenibili nelle organizzazioni di formazione continua e in un contesto globale.","og_url":"https:\/\/alice.ch\/it\/temi\/formazione-continua-per-uno-sviluppo-sostenibile\/","og_site_name":"SVEB","article_modified_time":"2024-03-11T16:06:58+00:00","twitter_card":"summary_large_image","twitter_misc":{"Tempo di lettura stimato":"2 minuti"},"schema":{"@context":"https:\/\/schema.org","@graph":[{"@type":"WebPage","@id":"https:\/\/alice.ch\/it\/temi\/formazione-continua-per-uno-sviluppo-sostenibile\/","url":"https:\/\/alice.ch\/it\/temi\/formazione-continua-per-uno-sviluppo-sostenibile\/","name":"Formazione continua per uno sviluppo sostenibile - FSEA","isPartOf":{"@id":"https:\/\/alice.ch\/it\/#website"},"primaryImageOfPage":{"@id":"https:\/\/alice.ch\/it\/temi\/formazione-continua-per-uno-sviluppo-sostenibile\/#primaryimage"},"image":{"@id":"https:\/\/alice.ch\/it\/temi\/formazione-continua-per-uno-sviluppo-sostenibile\/#primaryimage"},"thumbnailUrl":"https:\/\/alice.ch\/app\/uploads\/2022\/11\/default.jpg","datePublished":"2023-06-25T15:46:32+00:00","dateModified":"2024-03-11T16:06:58+00:00","description":"Progetti per la promozione di competenze sostenibili nelle organizzazioni di formazione continua e in un contesto globale.","breadcrumb":{"@id":"https:\/\/alice.ch\/it\/temi\/formazione-continua-per-uno-sviluppo-sostenibile\/#breadcrumb"},"inLanguage":"it-IT","potentialAction":[{"@type":"ReadAction","target":["https:\/\/alice.ch\/it\/temi\/formazione-continua-per-uno-sviluppo-sostenibile\/"]}]},{"@type":"ImageObject","inLanguage":"it-IT","@id":"https:\/\/alice.ch\/it\/temi\/formazione-continua-per-uno-sviluppo-sostenibile\/#primaryimage","url":"https:\/\/alice.ch\/app\/uploads\/2022\/11\/default.jpg","contentUrl":"https:\/\/alice.ch\/app\/uploads\/2022\/11\/default.jpg","width":1600,"height":900},{"@type":"BreadcrumbList","@id":"https:\/\/alice.ch\/it\/temi\/formazione-continua-per-uno-sviluppo-sostenibile\/#breadcrumb","itemListElement":[{"@type":"ListItem","position":1,"name":"Pagina iniziale","item":"https:\/\/alice.ch\/it\/"},{"@type":"ListItem","position":2,"name":"Temi","item":"https:\/\/alice.ch\/it\/temi\/"},{"@type":"ListItem","position":3,"name":"Formazione continua per uno sviluppo sostenibile"}]},{"@type":"WebSite","@id":"https:\/\/alice.ch\/it\/#website","url":"https:\/\/alice.ch\/it\/","name":"alice.ch (Adult Learning Information Center) ist das Portal der Weiterbildung in der Schweiz.","description":"Schweizerischer Verband f\u00fcr Weiterbildung","publisher":{"@id":"https:\/\/alice.ch\/it\/#organization"},"potentialAction":[{"@type":"SearchAction","target":{"@type":"EntryPoint","urlTemplate":"https:\/\/alice.ch\/it\/?s={search_term_string}"},"query-input":{"@type":"PropertyValueSpecification","valueRequired":true,"valueName":"search_term_string"}}],"inLanguage":"it-IT"},{"@type":"Organization","@id":"https:\/\/alice.ch\/it\/#organization","name":"FSEA Federazione svizzera per la formazione continua","url":"https:\/\/alice.ch\/it\/","logo":{"@type":"ImageObject","inLanguage":"it-IT","@id":"https:\/\/alice.ch\/it\/#\/schema\/logo\/image\/","url":"https:\/\/alice.ch\/app\/uploads\/2022\/07\/logo-sveb.png","contentUrl":"https:\/\/alice.ch\/app\/uploads\/2022\/07\/logo-sveb.png","width":145,"height":64,"caption":"FSEA Federazione svizzera per la formazione continua"},"image":{"@id":"https:\/\/alice.ch\/it\/#\/schema\/logo\/image\/"},"sameAs":["https:\/\/www.linkedin.com\/company\/schweizerischer-verband-fr-weiterbildung-sveb\/"]}]}},"_links":{"self":[{"href":"https:\/\/alice.ch\/it\/wp-json\/wp\/v2\/pages\/52122","targetHints":{"allow":["GET"]}}],"collection":[{"href":"https:\/\/alice.ch\/it\/wp-json\/wp\/v2\/pages"}],"about":[{"href":"https:\/\/alice.ch\/it\/wp-json\/wp\/v2\/types\/page"}],"author":[{"embeddable":true,"href":"https:\/\/alice.ch\/it\/wp-json\/wp\/v2\/users\/5"}],"replies":[{"embeddable":true,"href":"https:\/\/alice.ch\/it\/wp-json\/wp\/v2\/comments?post=52122"}],"version-history":[{"count":3,"href":"https:\/\/alice.ch\/it\/wp-json\/wp\/v2\/pages\/52122\/revisions"}],"predecessor-version":[{"id":58220,"href":"https:\/\/alice.ch\/it\/wp-json\/wp\/v2\/pages\/52122\/revisions\/58220"}],"up":[{"embeddable":true,"href":"https:\/\/alice.ch\/it\/wp-json\/wp\/v2\/pages\/14803"}],"wp:featuredmedia":[{"embeddable":true,"href":"https:\/\/alice.ch\/it\/wp-json\/wp\/v2\/media\/20799"}],"wp:attachment":[{"href":"https:\/\/alice.ch\/it\/wp-json\/wp\/v2\/media?parent=52122"}],"curies":[{"name":"wp","href":"https:\/\/api.w.org\/{rel}","templated":true}]}}