{"id":54349,"date":"2023-09-13T23:05:54","date_gmt":"2023-09-13T21:05:54","guid":{"rendered":"https:\/\/alice.ch\/?page_id=54349"},"modified":"2023-12-11T08:59:16","modified_gmt":"2023-12-11T07:59:16","slug":"cantone-di-svitto","status":"publish","type":"page","link":"https:\/\/alice.ch\/it\/servizi\/progetti-di-buoni-fsea\/cantone-di-svitto\/","title":{"rendered":"Cantone di Svitto"},"content":{"rendered":"\n<div class=\"wp-block-group is-style-reduced-width is-layout-constrained wp-block-group-is-layout-constrained\">\n<h1 class=\"wp-block-heading\">Progetto di buoni di formazione nel Cantone di Svitto<\/h1>\n\n\n\n<h2 class=\"wp-block-heading\">Buoni di formazione per persone con fabbisogno di formazione nell&#8217;area delle competenze di base<\/h2>\n\n\n\n<p>Nel Cantone di Svitto, la formazione continua per persone con competenze di base insufficienti \u00e8 ora agevolata dall&#8217;impiego di buoni di formazione. Essi possono essere utilizzati in tre cantoni: oltre allo stesso Svitto, anche a Lucerna e Zugo &#8211; il che rende giustizia alla mobilit\u00e0 dei partecipanti e garantisce una pi\u00f9 ampia gamma di corsi. Il processo \u00e8 semplice e a bassa soglia. Le persone possono scaricare il buono di formazione continua online e riscattarlo al momento della prenotazione di un corso tramite la piattaforma <a href=\"https:\/\/www.meglio-adesso.ch\/kurssuche.cfm?page=kanton_landing&amp;kanton=19\">meglio-adesso.ch\/schwyz<\/a>. Qualsiasi persona disposta a effettuare un&#8217;autodichiarazione online e che soddisfi i criteri del progetto ha diritto a un buono.<\/p>\n\n\n\n<h2 class=\"wp-block-heading\">Descrizione del progetto<\/h2>\n\n\n\n<p>Il Cantone di Svitto sostiene le persone nel miglioramento delle loro capacit\u00e0 di lettura, scrittura, calcolo e utilizzo del computer. Per questo motivo assegna dei buoni per corsi di competenze di base. Un buono vale 500 franchi svizzeri. Chi ha frequentato almeno il 60% delle lezioni di un corso pu\u00f2 ottenere un secondo buono del valore di 500 franchi nello stesso anno.<\/p>\n\n\n\n<h2 class=\"wp-block-heading\">Piattaforma dei corsi<\/h2>\n\n\n\n<p>I buoni possono essere scaricati e stampati su\u00a0<a href=\"https:\/\/www.meglio-adesso.ch\/kurssuche.cfm?page=kanton_landing&amp;kanton=19\"><a href=\"https:\/\/www.meglio-adesso.ch\/kurssuche.cfm?page=kanton_landing&amp;kanton=19\">meglio-adesso.ch\/schwyz<\/a><\/a>. Lo stesso sito web elenca anche tutte le offerte di corsi per i quali il buono \u00e8 valido. Sono inclusi anche i corsi che si svolgono nei cantoni di Lucerna e di Zugo. La gestione dei buoni \u00e8 di competenza della FSEA: essa rimborsa gli enti erogatori per i buoni utilizzati e li fattura mensilmente al Cantone.<\/p>\n\n\n\n<h2 class=\"wp-block-heading\">Gruppo target<\/h2>\n\n\n\n<p>Il gruppo target \u00e8 costituito essenzialmente da persone che hanno bisogno di migliorare le proprie competenze di base. Si tratta di persone prive di una qualifica professionale oppure appartenenti a bassi segmenti salariali o non abituate all&#8217;impiego delle moderne tecnologie digitali, nonch\u00e9 di adulti con un background migratorio.<\/p>\n\n\n\n<p>Possono partecipare:<\/p>\n\n\n\n<ul class=\"wp-block-list\">\n<li>persone abili al lavoro di et\u00e0 compresa tra i 18 e i 65 anni,<\/li>\n\n\n\n<li>in grado di comunicare in tedesco (livello linguistico A2 o superiore),<\/li>\n\n\n\n<li>domiciliate nel Cantone di Svitto,<\/li>\n\n\n\n<li>non frequentanti alcuna formazione di livello secondario II (formazione professionale di base, offerta passerella).<\/li>\n<\/ul>\n\n\n\n<h2 class=\"wp-block-heading\">Partner<\/h2>\n\n\n\n<p>Il progetto \u00e8 stato sviluppato dal Cantone di Svitto in cooperazione con la\u00a0<a href=\"https:\/\/alice.ch\/it\/\">Federazione svizzera per la formazione continua FSEA<\/a>\u00a0e la <a href=\"https:\/\/www.leggere-scrivere-svizzera.ch\/index.cfm\">Federazione svizzera Leggere e Scrivere<\/a>. Tramite la pagina cantonale <a href=\"https:\/\/www.meglio-adesso.ch\/kurssuche.cfm?page=kurse_list&amp;kanton=19\"><a href=\"https:\/\/www.meglio-adesso.ch\/kurssuche.cfm?page=kanton_landing&amp;kanton=19\">meglio-adesso.ch\/schwyz<\/a><\/a> sono state realizzate sinergie con la campagna nazionale &#8220;<a href=\"https:\/\/www.meglio-adesso.ch\/index.cfm\">Meglio adesso! &#8230;Lettura, scrittura, matematica e informatica<\/a>&#8220;.<\/p>\n\n\n\n<h2 class=\"wp-block-heading\">Situazione di partenza<\/h2>\n\n\n\n<p>Secondo stime, nel Cantone di Svitto vivono circa 16.500 adulti con scarse competenze di base. Il cantone li aiuta con buoni di formazione. Per ampliare la gamma dei corsi, esso lavora altres\u00ec in stretta collaborazione con i cantoni di Lucerna e di Zugo. Ci\u00f2 significa che i buoni di studio del Cantone di Svitto possono essere utilizzati anche per corsi in questi altri due cantoni.<\/p>\n\n\n\n<h2 class=\"wp-block-heading\">Avvio del progetto<\/h2>\n\n\n\n<p>Da settembre 2023, il Canton Svitto emette buoni per corsi di formazione di base per migliorare le competenze sul mercato del lavoro del corrispondente gruppo target. Il concetto di employability, in questo contesto, \u00e8 inteso come essere in grado di integrarsi con successo nel mercato del lavoro e di tenere il passo con i suoi cambiamenti. Il cantone si affida pertanto a una misura positiva per promuovere le necessarie competenze<\/p>\n\n\n\n<h2 class=\"wp-block-heading\">Contatto<\/h2>\n\n\n<div class=\"contact-persons\">\n\n\t\t\t\t\t<div class=\"contact-person\">\n\t\t\t\t\tSimone Rizzi<br \/>\t\t\t\t\tResponsabile segretariato regionale, Membro della direzione FSEA<br \/>\t\t\t\t\t<br \/>\n\t\t\t\t\t\t\t\t\t\t<a href=\"tel:+41 (0)91 950 84 16\">+41 (0)91 950 84 16<\/a><br \/>\t\t\t\t\t<a href=\"mailto:simone.rizzi@alice.ch\">simone.rizzi@alice.ch<\/a><br \/>\t\t\t\t\t<\/div>\n\t\t\t\t\t<\/div>\n<\/div>\n","protected":false},"excerpt":{"rendered":"<p>Progetto di buoni di formazione nel Cantone di Svitto Buoni di formazione per persone con fabbisogno di formazione nell&#8217;area delle [&hellip;]<\/p>\n","protected":false},"author":5,"featured_media":20799,"parent":11313,"menu_order":195,"comment_status":"closed","ping_status":"closed","template":"","meta":{"_acf_changed":false,"inline_featured_image":false,"footnotes":""},"class_list":["post-54349","page","type-page","status-publish","has-post-thumbnail","hentry"],"acf":[],"yoast_head":"<!-- This site is optimized with the Yoast SEO plugin v27.3 - https:\/\/yoast.com\/product\/yoast-seo-wordpress\/ -->\n<title>Cantone di Svitto - FSEA<\/title>\n<meta name=\"description\" content=\"Scoprite qui chi ha diritto ai voucher per la formazione continua, qual \u00e8 il loro valore e dove si possono ottenere.\" \/>\n<meta name=\"robots\" content=\"index, follow, max-snippet:-1, max-image-preview:large, max-video-preview:-1\" \/>\n<link rel=\"canonical\" href=\"https:\/\/alice.ch\/it\/servizi\/progetti-di-buoni-fsea\/cantone-di-svitto\/\" \/>\n<meta property=\"og:locale\" content=\"it_IT\" \/>\n<meta property=\"og:type\" content=\"article\" \/>\n<meta property=\"og:title\" content=\"Cantone di Svitto - FSEA\" \/>\n<meta property=\"og:description\" content=\"Scoprite qui chi ha diritto ai voucher per la formazione continua, qual \u00e8 il loro valore e dove si possono ottenere.\" \/>\n<meta property=\"og:url\" content=\"https:\/\/alice.ch\/it\/servizi\/progetti-di-buoni-fsea\/cantone-di-svitto\/\" \/>\n<meta property=\"og:site_name\" content=\"SVEB\" \/>\n<meta property=\"article:modified_time\" content=\"2023-12-11T07:59:16+00:00\" \/>\n<meta name=\"twitter:card\" content=\"summary_large_image\" \/>\n<meta name=\"twitter:label1\" content=\"Tempo di lettura stimato\" \/>\n\t<meta name=\"twitter:data1\" content=\"3 minuti\" \/>\n<script type=\"application\/ld+json\" class=\"yoast-schema-graph\">{\"@context\":\"https:\\\/\\\/schema.org\",\"@graph\":[{\"@type\":\"WebPage\",\"@id\":\"https:\\\/\\\/alice.ch\\\/it\\\/servizi\\\/progetti-di-buoni-fsea\\\/cantone-di-svitto\\\/\",\"url\":\"https:\\\/\\\/alice.ch\\\/it\\\/servizi\\\/progetti-di-buoni-fsea\\\/cantone-di-svitto\\\/\",\"name\":\"Cantone di Svitto - FSEA\",\"isPartOf\":{\"@id\":\"https:\\\/\\\/alice.ch\\\/it\\\/#website\"},\"primaryImageOfPage\":{\"@id\":\"https:\\\/\\\/alice.ch\\\/it\\\/servizi\\\/progetti-di-buoni-fsea\\\/cantone-di-svitto\\\/#primaryimage\"},\"image\":{\"@id\":\"https:\\\/\\\/alice.ch\\\/it\\\/servizi\\\/progetti-di-buoni-fsea\\\/cantone-di-svitto\\\/#primaryimage\"},\"thumbnailUrl\":\"https:\\\/\\\/alice.ch\\\/app\\\/uploads\\\/2022\\\/11\\\/default.jpg\",\"datePublished\":\"2023-09-13T21:05:54+00:00\",\"dateModified\":\"2023-12-11T07:59:16+00:00\",\"description\":\"Scoprite qui chi ha diritto ai voucher per la formazione continua, qual \u00e8 il loro valore e dove si possono ottenere.\",\"breadcrumb\":{\"@id\":\"https:\\\/\\\/alice.ch\\\/it\\\/servizi\\\/progetti-di-buoni-fsea\\\/cantone-di-svitto\\\/#breadcrumb\"},\"inLanguage\":\"it-IT\",\"potentialAction\":[{\"@type\":\"ReadAction\",\"target\":[\"https:\\\/\\\/alice.ch\\\/it\\\/servizi\\\/progetti-di-buoni-fsea\\\/cantone-di-svitto\\\/\"]}]},{\"@type\":\"ImageObject\",\"inLanguage\":\"it-IT\",\"@id\":\"https:\\\/\\\/alice.ch\\\/it\\\/servizi\\\/progetti-di-buoni-fsea\\\/cantone-di-svitto\\\/#primaryimage\",\"url\":\"https:\\\/\\\/alice.ch\\\/app\\\/uploads\\\/2022\\\/11\\\/default.jpg\",\"contentUrl\":\"https:\\\/\\\/alice.ch\\\/app\\\/uploads\\\/2022\\\/11\\\/default.jpg\",\"width\":1600,\"height\":900},{\"@type\":\"BreadcrumbList\",\"@id\":\"https:\\\/\\\/alice.ch\\\/it\\\/servizi\\\/progetti-di-buoni-fsea\\\/cantone-di-svitto\\\/#breadcrumb\",\"itemListElement\":[{\"@type\":\"ListItem\",\"position\":1,\"name\":\"Pagina iniziale\",\"item\":\"https:\\\/\\\/alice.ch\\\/it\\\/\"},{\"@type\":\"ListItem\",\"position\":2,\"name\":\"Servizi\",\"item\":\"https:\\\/\\\/alice.ch\\\/it\\\/servizi\\\/\"},{\"@type\":\"ListItem\",\"position\":3,\"name\":\"Progetti di buoni FSEA\",\"item\":\"https:\\\/\\\/alice.ch\\\/it\\\/servizi\\\/progetti-di-buoni-fsea\\\/\"},{\"@type\":\"ListItem\",\"position\":4,\"name\":\"Cantone di Svitto\"}]},{\"@type\":\"WebSite\",\"@id\":\"https:\\\/\\\/alice.ch\\\/it\\\/#website\",\"url\":\"https:\\\/\\\/alice.ch\\\/it\\\/\",\"name\":\"alice.ch (Adult Learning Information Center) ist das Portal der Weiterbildung in der Schweiz.\",\"description\":\"Schweizerischer Verband f\u00fcr Weiterbildung\",\"publisher\":{\"@id\":\"https:\\\/\\\/alice.ch\\\/it\\\/#organization\"},\"potentialAction\":[{\"@type\":\"SearchAction\",\"target\":{\"@type\":\"EntryPoint\",\"urlTemplate\":\"https:\\\/\\\/alice.ch\\\/it\\\/?s={search_term_string}\"},\"query-input\":{\"@type\":\"PropertyValueSpecification\",\"valueRequired\":true,\"valueName\":\"search_term_string\"}}],\"inLanguage\":\"it-IT\"},{\"@type\":\"Organization\",\"@id\":\"https:\\\/\\\/alice.ch\\\/it\\\/#organization\",\"name\":\"FSEA Federazione svizzera per la formazione continua\",\"url\":\"https:\\\/\\\/alice.ch\\\/it\\\/\",\"logo\":{\"@type\":\"ImageObject\",\"inLanguage\":\"it-IT\",\"@id\":\"https:\\\/\\\/alice.ch\\\/it\\\/#\\\/schema\\\/logo\\\/image\\\/\",\"url\":\"https:\\\/\\\/alice.ch\\\/app\\\/uploads\\\/2022\\\/07\\\/logo-sveb.png\",\"contentUrl\":\"https:\\\/\\\/alice.ch\\\/app\\\/uploads\\\/2022\\\/07\\\/logo-sveb.png\",\"width\":145,\"height\":64,\"caption\":\"FSEA Federazione svizzera per la formazione continua\"},\"image\":{\"@id\":\"https:\\\/\\\/alice.ch\\\/it\\\/#\\\/schema\\\/logo\\\/image\\\/\"},\"sameAs\":[\"https:\\\/\\\/www.linkedin.com\\\/company\\\/schweizerischer-verband-fr-weiterbildung-sveb\\\/\"]}]}<\/script>\n<!-- \/ Yoast SEO plugin. -->","yoast_head_json":{"title":"Cantone di Svitto - FSEA","description":"Scoprite qui chi ha diritto ai voucher per la formazione continua, qual \u00e8 il loro valore e dove si possono ottenere.","robots":{"index":"index","follow":"follow","max-snippet":"max-snippet:-1","max-image-preview":"max-image-preview:large","max-video-preview":"max-video-preview:-1"},"canonical":"https:\/\/alice.ch\/it\/servizi\/progetti-di-buoni-fsea\/cantone-di-svitto\/","og_locale":"it_IT","og_type":"article","og_title":"Cantone di Svitto - FSEA","og_description":"Scoprite qui chi ha diritto ai voucher per la formazione continua, qual \u00e8 il loro valore e dove si possono ottenere.","og_url":"https:\/\/alice.ch\/it\/servizi\/progetti-di-buoni-fsea\/cantone-di-svitto\/","og_site_name":"SVEB","article_modified_time":"2023-12-11T07:59:16+00:00","twitter_card":"summary_large_image","twitter_misc":{"Tempo di lettura stimato":"3 minuti"},"schema":{"@context":"https:\/\/schema.org","@graph":[{"@type":"WebPage","@id":"https:\/\/alice.ch\/it\/servizi\/progetti-di-buoni-fsea\/cantone-di-svitto\/","url":"https:\/\/alice.ch\/it\/servizi\/progetti-di-buoni-fsea\/cantone-di-svitto\/","name":"Cantone di Svitto - FSEA","isPartOf":{"@id":"https:\/\/alice.ch\/it\/#website"},"primaryImageOfPage":{"@id":"https:\/\/alice.ch\/it\/servizi\/progetti-di-buoni-fsea\/cantone-di-svitto\/#primaryimage"},"image":{"@id":"https:\/\/alice.ch\/it\/servizi\/progetti-di-buoni-fsea\/cantone-di-svitto\/#primaryimage"},"thumbnailUrl":"https:\/\/alice.ch\/app\/uploads\/2022\/11\/default.jpg","datePublished":"2023-09-13T21:05:54+00:00","dateModified":"2023-12-11T07:59:16+00:00","description":"Scoprite qui chi ha diritto ai voucher per la formazione continua, qual \u00e8 il loro valore e dove si possono ottenere.","breadcrumb":{"@id":"https:\/\/alice.ch\/it\/servizi\/progetti-di-buoni-fsea\/cantone-di-svitto\/#breadcrumb"},"inLanguage":"it-IT","potentialAction":[{"@type":"ReadAction","target":["https:\/\/alice.ch\/it\/servizi\/progetti-di-buoni-fsea\/cantone-di-svitto\/"]}]},{"@type":"ImageObject","inLanguage":"it-IT","@id":"https:\/\/alice.ch\/it\/servizi\/progetti-di-buoni-fsea\/cantone-di-svitto\/#primaryimage","url":"https:\/\/alice.ch\/app\/uploads\/2022\/11\/default.jpg","contentUrl":"https:\/\/alice.ch\/app\/uploads\/2022\/11\/default.jpg","width":1600,"height":900},{"@type":"BreadcrumbList","@id":"https:\/\/alice.ch\/it\/servizi\/progetti-di-buoni-fsea\/cantone-di-svitto\/#breadcrumb","itemListElement":[{"@type":"ListItem","position":1,"name":"Pagina iniziale","item":"https:\/\/alice.ch\/it\/"},{"@type":"ListItem","position":2,"name":"Servizi","item":"https:\/\/alice.ch\/it\/servizi\/"},{"@type":"ListItem","position":3,"name":"Progetti di buoni FSEA","item":"https:\/\/alice.ch\/it\/servizi\/progetti-di-buoni-fsea\/"},{"@type":"ListItem","position":4,"name":"Cantone di Svitto"}]},{"@type":"WebSite","@id":"https:\/\/alice.ch\/it\/#website","url":"https:\/\/alice.ch\/it\/","name":"alice.ch (Adult Learning Information Center) ist das Portal der Weiterbildung in der Schweiz.","description":"Schweizerischer Verband f\u00fcr Weiterbildung","publisher":{"@id":"https:\/\/alice.ch\/it\/#organization"},"potentialAction":[{"@type":"SearchAction","target":{"@type":"EntryPoint","urlTemplate":"https:\/\/alice.ch\/it\/?s={search_term_string}"},"query-input":{"@type":"PropertyValueSpecification","valueRequired":true,"valueName":"search_term_string"}}],"inLanguage":"it-IT"},{"@type":"Organization","@id":"https:\/\/alice.ch\/it\/#organization","name":"FSEA Federazione svizzera per la formazione continua","url":"https:\/\/alice.ch\/it\/","logo":{"@type":"ImageObject","inLanguage":"it-IT","@id":"https:\/\/alice.ch\/it\/#\/schema\/logo\/image\/","url":"https:\/\/alice.ch\/app\/uploads\/2022\/07\/logo-sveb.png","contentUrl":"https:\/\/alice.ch\/app\/uploads\/2022\/07\/logo-sveb.png","width":145,"height":64,"caption":"FSEA Federazione svizzera per la formazione continua"},"image":{"@id":"https:\/\/alice.ch\/it\/#\/schema\/logo\/image\/"},"sameAs":["https:\/\/www.linkedin.com\/company\/schweizerischer-verband-fr-weiterbildung-sveb\/"]}]}},"_links":{"self":[{"href":"https:\/\/alice.ch\/it\/wp-json\/wp\/v2\/pages\/54349","targetHints":{"allow":["GET"]}}],"collection":[{"href":"https:\/\/alice.ch\/it\/wp-json\/wp\/v2\/pages"}],"about":[{"href":"https:\/\/alice.ch\/it\/wp-json\/wp\/v2\/types\/page"}],"author":[{"embeddable":true,"href":"https:\/\/alice.ch\/it\/wp-json\/wp\/v2\/users\/5"}],"replies":[{"embeddable":true,"href":"https:\/\/alice.ch\/it\/wp-json\/wp\/v2\/comments?post=54349"}],"version-history":[{"count":2,"href":"https:\/\/alice.ch\/it\/wp-json\/wp\/v2\/pages\/54349\/revisions"}],"predecessor-version":[{"id":54351,"href":"https:\/\/alice.ch\/it\/wp-json\/wp\/v2\/pages\/54349\/revisions\/54351"}],"up":[{"embeddable":true,"href":"https:\/\/alice.ch\/it\/wp-json\/wp\/v2\/pages\/11313"}],"wp:featuredmedia":[{"embeddable":true,"href":"https:\/\/alice.ch\/it\/wp-json\/wp\/v2\/media\/20799"}],"wp:attachment":[{"href":"https:\/\/alice.ch\/it\/wp-json\/wp\/v2\/media?parent=54349"}],"curies":[{"name":"wp","href":"https:\/\/api.w.org\/{rel}","templated":true}]}}