{"id":54361,"date":"2023-09-13T23:13:37","date_gmt":"2023-09-13T21:13:37","guid":{"rendered":"https:\/\/alice.ch\/?page_id=54361"},"modified":"2023-12-11T09:00:12","modified_gmt":"2023-12-11T08:00:12","slug":"canton-zugo","status":"publish","type":"page","link":"https:\/\/alice.ch\/it\/servizi\/progetti-di-buoni-fsea\/canton-zugo\/","title":{"rendered":"Canton Zugo"},"content":{"rendered":"\n<div class=\"wp-block-group is-style-reduced-width is-layout-constrained wp-block-group-is-layout-constrained\">\n<h1 class=\"wp-block-heading\">Progetto di buoni di formazione nel Canton Zugo<\/h1>\n\n\n\n<h2 class=\"wp-block-heading\">Buoni di formazione per persone con fabbisogno di formazione nell&#8217;area delle competenze di base<\/h2>\n\n\n\n<p>Nel Canton Zugo, la formazione continua per persone con competenze di base insufficienti \u00e8 ora agevolata dall&#8217;impiego di buoni di formazione. Essi possono essere utilizzati in tre cantoni: oltre allo stesso Zugo, anche a Lucerna e Svitto \u2013 il che rende giustizia alla mobilit\u00e0 dei partecipanti e garantisce una pi\u00f9 ampia gamma di corsi. Il processo \u00e8 semplice e a bassa soglia. Le persone possono scaricare il buono di formazione continua online e riscattarlo al momento della prenotazione di un corso tramite la piattaforma <a href=\"http:\/\/meglio-adesso.ch\/kurssuche.cfm?kurse_submit=Kurse+anzeigen&amp;kanton=25\" target=\"_blank\" rel=\"noreferrer noopener\">meglio-adesso.ch\/zug<\/a>. Qualsiasi persona disposta a effettuare un&#8217;autodichiarazione online e che soddisfi i criteri del progetto ha diritto a un buono.<\/p>\n\n\n\n<h3 class=\"wp-block-heading\">Descrizione del progetto<\/h3>\n\n\n\n<p>Il Canton Zugo sostiene le persone nel miglioramento delle loro capacit\u00e0 di lettura, scrittura, calcolo e utilizzo del computer. Per questo motivo assegna dei buoni per corsi di competenze di base. Un buono vale 500 franchi svizzeri. Da giugno 2021, chi ha frequentato almeno il 60% delle lezioni di un corso pu\u00f2 ottenere un secondo buono del valore di 500 franchi nello stesso anno.<\/p>\n\n\n\n<h3 class=\"wp-block-heading\">Piattaforma dei corsi<\/h3>\n\n\n\n<p>I buoni possono essere scaricati e stampati su&nbsp;<a href=\"http:\/\/meglio-adesso.ch\/kurssuche.cfm?kurse_submit=Kurse+anzeigen&amp;kanton=25\" target=\"_blank\" rel=\"noreferrer noopener\">meglio-adesso.ch\/zug<\/a> Lo stesso sito web elenca anche tutte le offerte di corsi per i quali il buono \u00e8 valido. La gestione dei buoni \u00e8 di competenza della FSEA: essa rimborsa gli enti erogatori per i buoni utilizzati e li fattura mensilmente al Canton Zugo.<\/p>\n\n\n\n<h3 class=\"wp-block-heading\">Gruppo target<\/h3>\n\n\n\n<p>Il gruppo target \u00e8 costituito essenzialmente da persone che hanno bisogno di migliorare le proprie competenze di base. Si tratta di persone prive di una qualifica professionale oppure appartenenti a bassi segmenti salariali o non abituate all&#8217;impiego delle moderne tecnologie digitali, nonch\u00e9 di adulti con un background migratorio.<\/p>\n\n\n\n<p>Possono partecipare:<\/p>\n\n\n\n<ul class=\"wp-block-list\">\n<li>persone abili al lavoro di et\u00e0 compresa tra i 18 e i 65 anni,<\/li>\n\n\n\n<li>se di lingua straniera, con un livello linguistico di almeno B1,<\/li>\n\n\n\n<li>domiciliate nel Canton Zugo,<\/li>\n\n\n\n<li>non frequentanti alcuna formazione di livello secondario II (formazione professionale di base, offerta passerella).<\/li>\n<\/ul>\n\n\n\n<h3 class=\"wp-block-heading\">Partner<\/h3>\n\n\n\n<p>Il progetto \u00e8 stato sviluppato dal Canton Svitto in cooperazione con la&nbsp;<a href=\"https:\/\/alice.ch\/it\/\">Federazione svizzera per la formazione continua FSEA<\/a>&nbsp;e la <a href=\"https:\/\/www.leggere-scrivere-svizzera.ch\/index.cfm\">Federazione svizzera Leggere e Scrivere<\/a>. Tramite la pagina cantonale&nbsp;<a href=\"http:\/\/meglio-adesso.ch\/kurssuche.cfm?kurse_submit=Kurse+anzeigen&amp;kanton=25\" target=\"_blank\" rel=\"noreferrer noopener\">meglio-adesso.ch\/zug<\/a>&nbsp;sono state realizzate sinergie con la campagna nazionale &#8220;<a href=\"https:\/\/www.meglio-adesso.ch\/index.cfm\">Meglio adesso! &#8230;Lettura, scrittura, matematica e informatica<\/a>&#8220;.<\/p>\n\n\n\n<h3 class=\"wp-block-heading\">Situazione di partenza<\/h3>\n\n\n\n<p>Secondo stime, nel Canton Svitto vivono circa 13.000 adulti con scarse competenze di base. Il cantone li aiuta con buoni di formazione. Per ampliare la gamma dei corsi, esso lavora altres\u00ec in stretta collaborazione con i cantoni di Lucerna e di Svitto. Ci\u00f2 significa che i buoni di studio del Canton Zugo possono essere utilizzati anche per corsi in questi altri due cantoni.<\/p>\n\n\n\n<h3 class=\"wp-block-heading\">Avvio del progetto<\/h3>\n\n\n\n<p>Da inizio settembre 2023, il Canton Zugo emette buoni per corsi di formazione di base per migliorare le competenze sul mercato del lavoro del corrispondente gruppo target. Il concetto di employability, in questo contesto, \u00e8 inteso come essere in grado di integrarsi con successo nel mercato del lavoro e di tenere il passo con i suoi cambiamenti. Il cantone si affida pertanto a una misura positiva per promuovere le necessarie competenze.<\/p>\n\n\n\n<div class=\"wp-block-columns is-layout-flex wp-container-core-columns-is-layout-28f84493 wp-block-columns-is-layout-flex\">\n<div class=\"wp-block-column is-layout-flow wp-block-column-is-layout-flow\" style=\"flex-basis:50%\">\n<div class=\"wp-block-buttons is-layout-flex wp-block-buttons-is-layout-flex\">\n<div class=\"wp-block-button has-custom-width wp-block-button__width-100 is-style-outline is-style-outline--1\"><a class=\"wp-block-button__link wp-element-button\" href=\"http:\/\/meglio-adesso.ch\/kurssuche.cfm?kurse_submit=Kurse+anzeigen&amp;kanton=25&amp;page=kanton_landing\" target=\"_blank\" rel=\"noreferrer noopener\">alla piattaforma<\/a><\/div>\n<\/div>\n<\/div>\n<\/div>\n\n\n\n<h2 class=\"wp-block-heading\">Contact<\/h2>\n\n\n\n<div class=\"wp-block-columns is-layout-flex wp-container-core-columns-is-layout-28f84493 wp-block-columns-is-layout-flex\">\n<div class=\"wp-block-column is-layout-flow wp-block-column-is-layout-flow\" style=\"flex-basis:50%\"><div class=\"contact-persons\">\n\n\t\t\t\t\t<div class=\"contact-person\">\n\t\t\t\t\tBirte Theiler<br \/>\t\t\t\t\tResponsabile del settore buoni di formazione<br \/>\t\t\t\t\t<br \/>\n\t\t\t\t\t\t\t\t\t\t<a href=\"tel:+41 (0)44 319 71 57\">+41 (0)44 319 71 57<\/a><br \/>\t\t\t\t\t<a href=\"mailto:birte.theiler@alice.ch\">birte.theiler@alice.ch<\/a><br \/>\t\t\t\t\t<\/div>\n\t\t\t\t\t<\/div>\n<\/div>\n\n\n\n<div class=\"wp-block-column is-layout-flow wp-block-column-is-layout-flow\" style=\"flex-basis:50%\"><\/div>\n<\/div>\n<\/div>\n","protected":false},"excerpt":{"rendered":"<p>Progetto di buoni di formazione nel Canton Zugo Buoni di formazione per persone con fabbisogno di formazione nell&#8217;area delle competenze [&hellip;]<\/p>\n","protected":false},"author":5,"featured_media":20799,"parent":11313,"menu_order":203,"comment_status":"closed","ping_status":"closed","template":"","meta":{"_acf_changed":false,"inline_featured_image":false,"footnotes":""},"class_list":["post-54361","page","type-page","status-publish","has-post-thumbnail","hentry"],"acf":[],"yoast_head":"<!-- This site is optimized with the Yoast SEO plugin v27.3 - https:\/\/yoast.com\/product\/yoast-seo-wordpress\/ -->\n<title>Canton Zugo - FSEA<\/title>\n<meta name=\"description\" content=\"Chi ha diritto ai voucher per la formazione continua, qual \u00e8 il loro valore e dove si possono ottenere? Le informazioni sono disponibili qui.\" \/>\n<meta name=\"robots\" content=\"index, follow, max-snippet:-1, max-image-preview:large, max-video-preview:-1\" \/>\n<link rel=\"canonical\" href=\"https:\/\/alice.ch\/it\/servizi\/progetti-di-buoni-fsea\/canton-zugo\/\" \/>\n<meta property=\"og:locale\" content=\"it_IT\" \/>\n<meta property=\"og:type\" content=\"article\" \/>\n<meta property=\"og:title\" content=\"Canton Zugo - FSEA\" \/>\n<meta property=\"og:description\" content=\"Chi ha diritto ai voucher per la formazione continua, qual \u00e8 il loro valore e dove si possono ottenere? Le informazioni sono disponibili qui.\" \/>\n<meta property=\"og:url\" content=\"https:\/\/alice.ch\/it\/servizi\/progetti-di-buoni-fsea\/canton-zugo\/\" \/>\n<meta property=\"og:site_name\" content=\"SVEB\" \/>\n<meta property=\"article:modified_time\" content=\"2023-12-11T08:00:12+00:00\" \/>\n<meta name=\"twitter:card\" content=\"summary_large_image\" \/>\n<meta name=\"twitter:label1\" content=\"Tempo di lettura stimato\" \/>\n\t<meta name=\"twitter:data1\" content=\"3 minuti\" \/>\n<script type=\"application\/ld+json\" class=\"yoast-schema-graph\">{\"@context\":\"https:\\\/\\\/schema.org\",\"@graph\":[{\"@type\":\"WebPage\",\"@id\":\"https:\\\/\\\/alice.ch\\\/it\\\/servizi\\\/progetti-di-buoni-fsea\\\/canton-zugo\\\/\",\"url\":\"https:\\\/\\\/alice.ch\\\/it\\\/servizi\\\/progetti-di-buoni-fsea\\\/canton-zugo\\\/\",\"name\":\"Canton Zugo - FSEA\",\"isPartOf\":{\"@id\":\"https:\\\/\\\/alice.ch\\\/it\\\/#website\"},\"primaryImageOfPage\":{\"@id\":\"https:\\\/\\\/alice.ch\\\/it\\\/servizi\\\/progetti-di-buoni-fsea\\\/canton-zugo\\\/#primaryimage\"},\"image\":{\"@id\":\"https:\\\/\\\/alice.ch\\\/it\\\/servizi\\\/progetti-di-buoni-fsea\\\/canton-zugo\\\/#primaryimage\"},\"thumbnailUrl\":\"https:\\\/\\\/alice.ch\\\/app\\\/uploads\\\/2022\\\/11\\\/default.jpg\",\"datePublished\":\"2023-09-13T21:13:37+00:00\",\"dateModified\":\"2023-12-11T08:00:12+00:00\",\"description\":\"Chi ha diritto ai voucher per la formazione continua, qual \u00e8 il loro valore e dove si possono ottenere? Le informazioni sono disponibili qui.\",\"breadcrumb\":{\"@id\":\"https:\\\/\\\/alice.ch\\\/it\\\/servizi\\\/progetti-di-buoni-fsea\\\/canton-zugo\\\/#breadcrumb\"},\"inLanguage\":\"it-IT\",\"potentialAction\":[{\"@type\":\"ReadAction\",\"target\":[\"https:\\\/\\\/alice.ch\\\/it\\\/servizi\\\/progetti-di-buoni-fsea\\\/canton-zugo\\\/\"]}]},{\"@type\":\"ImageObject\",\"inLanguage\":\"it-IT\",\"@id\":\"https:\\\/\\\/alice.ch\\\/it\\\/servizi\\\/progetti-di-buoni-fsea\\\/canton-zugo\\\/#primaryimage\",\"url\":\"https:\\\/\\\/alice.ch\\\/app\\\/uploads\\\/2022\\\/11\\\/default.jpg\",\"contentUrl\":\"https:\\\/\\\/alice.ch\\\/app\\\/uploads\\\/2022\\\/11\\\/default.jpg\",\"width\":1600,\"height\":900},{\"@type\":\"BreadcrumbList\",\"@id\":\"https:\\\/\\\/alice.ch\\\/it\\\/servizi\\\/progetti-di-buoni-fsea\\\/canton-zugo\\\/#breadcrumb\",\"itemListElement\":[{\"@type\":\"ListItem\",\"position\":1,\"name\":\"Pagina iniziale\",\"item\":\"https:\\\/\\\/alice.ch\\\/it\\\/\"},{\"@type\":\"ListItem\",\"position\":2,\"name\":\"Servizi\",\"item\":\"https:\\\/\\\/alice.ch\\\/it\\\/servizi\\\/\"},{\"@type\":\"ListItem\",\"position\":3,\"name\":\"Progetti di buoni FSEA\",\"item\":\"https:\\\/\\\/alice.ch\\\/it\\\/servizi\\\/progetti-di-buoni-fsea\\\/\"},{\"@type\":\"ListItem\",\"position\":4,\"name\":\"Canton Zugo\"}]},{\"@type\":\"WebSite\",\"@id\":\"https:\\\/\\\/alice.ch\\\/it\\\/#website\",\"url\":\"https:\\\/\\\/alice.ch\\\/it\\\/\",\"name\":\"alice.ch (Adult Learning Information Center) ist das Portal der Weiterbildung in der Schweiz.\",\"description\":\"Schweizerischer Verband f\u00fcr Weiterbildung\",\"publisher\":{\"@id\":\"https:\\\/\\\/alice.ch\\\/it\\\/#organization\"},\"potentialAction\":[{\"@type\":\"SearchAction\",\"target\":{\"@type\":\"EntryPoint\",\"urlTemplate\":\"https:\\\/\\\/alice.ch\\\/it\\\/?s={search_term_string}\"},\"query-input\":{\"@type\":\"PropertyValueSpecification\",\"valueRequired\":true,\"valueName\":\"search_term_string\"}}],\"inLanguage\":\"it-IT\"},{\"@type\":\"Organization\",\"@id\":\"https:\\\/\\\/alice.ch\\\/it\\\/#organization\",\"name\":\"FSEA Federazione svizzera per la formazione continua\",\"url\":\"https:\\\/\\\/alice.ch\\\/it\\\/\",\"logo\":{\"@type\":\"ImageObject\",\"inLanguage\":\"it-IT\",\"@id\":\"https:\\\/\\\/alice.ch\\\/it\\\/#\\\/schema\\\/logo\\\/image\\\/\",\"url\":\"https:\\\/\\\/alice.ch\\\/app\\\/uploads\\\/2022\\\/07\\\/logo-sveb.png\",\"contentUrl\":\"https:\\\/\\\/alice.ch\\\/app\\\/uploads\\\/2022\\\/07\\\/logo-sveb.png\",\"width\":145,\"height\":64,\"caption\":\"FSEA Federazione svizzera per la formazione continua\"},\"image\":{\"@id\":\"https:\\\/\\\/alice.ch\\\/it\\\/#\\\/schema\\\/logo\\\/image\\\/\"},\"sameAs\":[\"https:\\\/\\\/www.linkedin.com\\\/company\\\/schweizerischer-verband-fr-weiterbildung-sveb\\\/\"]}]}<\/script>\n<!-- \/ Yoast SEO plugin. -->","yoast_head_json":{"title":"Canton Zugo - FSEA","description":"Chi ha diritto ai voucher per la formazione continua, qual \u00e8 il loro valore e dove si possono ottenere? Le informazioni sono disponibili qui.","robots":{"index":"index","follow":"follow","max-snippet":"max-snippet:-1","max-image-preview":"max-image-preview:large","max-video-preview":"max-video-preview:-1"},"canonical":"https:\/\/alice.ch\/it\/servizi\/progetti-di-buoni-fsea\/canton-zugo\/","og_locale":"it_IT","og_type":"article","og_title":"Canton Zugo - FSEA","og_description":"Chi ha diritto ai voucher per la formazione continua, qual \u00e8 il loro valore e dove si possono ottenere? Le informazioni sono disponibili qui.","og_url":"https:\/\/alice.ch\/it\/servizi\/progetti-di-buoni-fsea\/canton-zugo\/","og_site_name":"SVEB","article_modified_time":"2023-12-11T08:00:12+00:00","twitter_card":"summary_large_image","twitter_misc":{"Tempo di lettura stimato":"3 minuti"},"schema":{"@context":"https:\/\/schema.org","@graph":[{"@type":"WebPage","@id":"https:\/\/alice.ch\/it\/servizi\/progetti-di-buoni-fsea\/canton-zugo\/","url":"https:\/\/alice.ch\/it\/servizi\/progetti-di-buoni-fsea\/canton-zugo\/","name":"Canton Zugo - FSEA","isPartOf":{"@id":"https:\/\/alice.ch\/it\/#website"},"primaryImageOfPage":{"@id":"https:\/\/alice.ch\/it\/servizi\/progetti-di-buoni-fsea\/canton-zugo\/#primaryimage"},"image":{"@id":"https:\/\/alice.ch\/it\/servizi\/progetti-di-buoni-fsea\/canton-zugo\/#primaryimage"},"thumbnailUrl":"https:\/\/alice.ch\/app\/uploads\/2022\/11\/default.jpg","datePublished":"2023-09-13T21:13:37+00:00","dateModified":"2023-12-11T08:00:12+00:00","description":"Chi ha diritto ai voucher per la formazione continua, qual \u00e8 il loro valore e dove si possono ottenere? Le informazioni sono disponibili qui.","breadcrumb":{"@id":"https:\/\/alice.ch\/it\/servizi\/progetti-di-buoni-fsea\/canton-zugo\/#breadcrumb"},"inLanguage":"it-IT","potentialAction":[{"@type":"ReadAction","target":["https:\/\/alice.ch\/it\/servizi\/progetti-di-buoni-fsea\/canton-zugo\/"]}]},{"@type":"ImageObject","inLanguage":"it-IT","@id":"https:\/\/alice.ch\/it\/servizi\/progetti-di-buoni-fsea\/canton-zugo\/#primaryimage","url":"https:\/\/alice.ch\/app\/uploads\/2022\/11\/default.jpg","contentUrl":"https:\/\/alice.ch\/app\/uploads\/2022\/11\/default.jpg","width":1600,"height":900},{"@type":"BreadcrumbList","@id":"https:\/\/alice.ch\/it\/servizi\/progetti-di-buoni-fsea\/canton-zugo\/#breadcrumb","itemListElement":[{"@type":"ListItem","position":1,"name":"Pagina iniziale","item":"https:\/\/alice.ch\/it\/"},{"@type":"ListItem","position":2,"name":"Servizi","item":"https:\/\/alice.ch\/it\/servizi\/"},{"@type":"ListItem","position":3,"name":"Progetti di buoni FSEA","item":"https:\/\/alice.ch\/it\/servizi\/progetti-di-buoni-fsea\/"},{"@type":"ListItem","position":4,"name":"Canton Zugo"}]},{"@type":"WebSite","@id":"https:\/\/alice.ch\/it\/#website","url":"https:\/\/alice.ch\/it\/","name":"alice.ch (Adult Learning Information Center) ist das Portal der Weiterbildung in der Schweiz.","description":"Schweizerischer Verband f\u00fcr Weiterbildung","publisher":{"@id":"https:\/\/alice.ch\/it\/#organization"},"potentialAction":[{"@type":"SearchAction","target":{"@type":"EntryPoint","urlTemplate":"https:\/\/alice.ch\/it\/?s={search_term_string}"},"query-input":{"@type":"PropertyValueSpecification","valueRequired":true,"valueName":"search_term_string"}}],"inLanguage":"it-IT"},{"@type":"Organization","@id":"https:\/\/alice.ch\/it\/#organization","name":"FSEA Federazione svizzera per la formazione continua","url":"https:\/\/alice.ch\/it\/","logo":{"@type":"ImageObject","inLanguage":"it-IT","@id":"https:\/\/alice.ch\/it\/#\/schema\/logo\/image\/","url":"https:\/\/alice.ch\/app\/uploads\/2022\/07\/logo-sveb.png","contentUrl":"https:\/\/alice.ch\/app\/uploads\/2022\/07\/logo-sveb.png","width":145,"height":64,"caption":"FSEA Federazione svizzera per la formazione continua"},"image":{"@id":"https:\/\/alice.ch\/it\/#\/schema\/logo\/image\/"},"sameAs":["https:\/\/www.linkedin.com\/company\/schweizerischer-verband-fr-weiterbildung-sveb\/"]}]}},"_links":{"self":[{"href":"https:\/\/alice.ch\/it\/wp-json\/wp\/v2\/pages\/54361","targetHints":{"allow":["GET"]}}],"collection":[{"href":"https:\/\/alice.ch\/it\/wp-json\/wp\/v2\/pages"}],"about":[{"href":"https:\/\/alice.ch\/it\/wp-json\/wp\/v2\/types\/page"}],"author":[{"embeddable":true,"href":"https:\/\/alice.ch\/it\/wp-json\/wp\/v2\/users\/5"}],"replies":[{"embeddable":true,"href":"https:\/\/alice.ch\/it\/wp-json\/wp\/v2\/comments?post=54361"}],"version-history":[{"count":5,"href":"https:\/\/alice.ch\/it\/wp-json\/wp\/v2\/pages\/54361\/revisions"}],"predecessor-version":[{"id":56685,"href":"https:\/\/alice.ch\/it\/wp-json\/wp\/v2\/pages\/54361\/revisions\/56685"}],"up":[{"embeddable":true,"href":"https:\/\/alice.ch\/it\/wp-json\/wp\/v2\/pages\/11313"}],"wp:featuredmedia":[{"embeddable":true,"href":"https:\/\/alice.ch\/it\/wp-json\/wp\/v2\/media\/20799"}],"wp:attachment":[{"href":"https:\/\/alice.ch\/it\/wp-json\/wp\/v2\/media?parent=54361"}],"curies":[{"name":"wp","href":"https:\/\/api.w.org\/{rel}","templated":true}]}}