{"id":70882,"date":"2025-10-17T14:45:55","date_gmt":"2025-10-17T12:45:55","guid":{"rendered":"https:\/\/alice.ch\/?page_id=70882"},"modified":"2025-11-15T16:18:00","modified_gmt":"2025-11-15T15:18:00","slug":"modulo-di-consolidamento","status":"publish","type":"page","link":"https:\/\/alice.ch\/it\/professionalizzazione\/attestato-professionale-federale-di-formatrice-formatore\/modulo-di-consolidamento\/","title":{"rendered":"Modulo di consolidamento"},"content":{"rendered":"\n<div class=\"wp-block-group is-style-reduced-width is-layout-constrained wp-block-group-is-layout-constrained\">\n<h1 class=\"wp-block-heading\">Dare forma e consentire il trasferimento dell&#8217;apprendimento&nbsp;<\/h1>\n\n\n\n<p class=\"is-style-lead\">Il modulo di consolidamento &#8220;Dare forma e consentire il trasferimento dell\u2019apprendimento&#8221; (FFA APF-MCS) tratta il tema del trasferimento dell\u2019apprendimento. Formatrici e formatori imparano a strutturare i processi d\u2019apprendimento di persone adulte nel proprio ambito disciplinare orientandoli al soggetto e a supportare il trasferimento dell\u2019apprendimento nel contesto professionale.<\/p>\n\n\n\n<p class=\"is-style-default\">Competenza operativa generale: nella propria disciplina, progettare secondo elementi soggettivi i processi di apprendimento di persone adulte e supportare il trasferimento nel campo professionale.<\/p>\n\n\n\n<div class=\"wp-block-columns is-layout-flex wp-container-core-columns-is-layout-28f84493 wp-block-columns-is-layout-flex\">\n<div class=\"wp-block-column is-layout-flow wp-block-column-is-layout-flow\" style=\"flex-basis:66.66%\">\n<figure class=\"wp-block-image size-full is-style-no-border\"><img decoding=\"async\" src=\"https:\/\/alice.ch\/app\/uploads\/2025\/09\/modulo-consolidamento.svg\" alt=\"\" class=\"wp-image-70998\"\/><\/figure>\n<\/div>\n\n\n\n<div class=\"wp-block-column is-layout-flow wp-block-column-is-layout-flow\" style=\"flex-basis:33.33%\"><\/div>\n<\/div>\n\n\n\n<p><\/p>\n\n\n\n<p>L\u2019elemento centrale del modulo di consolidamento \u00e8 il trasferimento dell\u2019apprendimento. Le partecipanti e i partecipanti approfondiscono e mettono in relazione tra loro le competenze disciplinari e trasversali acquisite nei moduli precedenti. Trasferiscono nella propria pratica professionale gli apprendimenti derivati dall\u2019autoriflessione. In questo processo, consolidano il proprio ruolo e il proprio atteggiamento nell\u2019attivit\u00e0 formativa professionale.<\/p>\n\n\n\n<div class=\"wp-block-columns is-style-accordion is-layout-flex wp-container-core-columns-is-layout-28f84493 wp-block-columns-is-layout-flex\" id=\"faq-element-1\">\n<div class=\"wp-block-column is-layout-flow wp-block-column-is-layout-flow\">\n<h3 class=\"wp-block-heading\">Competenze parzialmente sviluppate e verificate nel modulo<\/h3>\n<\/div>\n\n\n\n<div class=\"wp-block-column is-layout-flow wp-block-column-is-layout-flow\">\n<ul class=\"wp-block-list\">\n<li>Pianificare il trasferimento tramite concetti e metodi adeguati<\/li>\n\n\n\n<li>Impiegare metodi e procedure appropriate per il trasferimento e la verifica dei risultati dell\u2019apprendimento<\/li>\n\n\n\n<li>Sviluppare un concetto di trasferimento per un\u2019unit\u00e0 di formazione<\/li>\n\n\n\n<li>Ideare sessioni d\u2019insegnamento e d\u2019apprendimento orientate al soggetto e a elementi biografici<\/li>\n\n\n\n<li>Anticipare e considerare elementi di instabilit\u00e0, incertezza, contraddizione e complessit\u00e0 nella propria condotta didattica<\/li>\n\n\n\n<li>Promuovere e rendere possibile l\u2019apprendimento permanente<\/li>\n\n\n\n<li>Essere consapevoli e sfruttare in modo costruttivo la diversit\u00e0, l\u2019interculturalit\u00e0, la multiculturalit\u00e0 e la transculturalit\u00e0<\/li>\n<\/ul>\n<\/div>\n<\/div>\n\n\n\n<div class=\"wp-block-columns is-style-accordion is-layout-flex wp-container-core-columns-is-layout-28f84493 wp-block-columns-is-layout-flex\" id=\"faq-element-1\">\n<div class=\"wp-block-column is-layout-flow wp-block-column-is-layout-flow\">\n<h3 class=\"wp-block-heading\">Verifica delle competenze acquisite e requisiti<\/h3>\n<\/div>\n\n\n\n<div class=\"wp-block-column is-layout-flow wp-block-column-is-layout-flow\">\n<p>La verifica delle competenze acquisite di questo modulo consiste in un progetto pratico documentato e nella sua presentazione in un colloquio con l\u2019intero gruppo d\u2019apprendimento o di parti di esso.<\/p>\n\n\n\n<p>Per ottenere il certificato di modulo \u00e8 necessario soddisfare i seguenti requisiti:<\/p>\n\n\n\n<ul class=\"wp-block-list\">\n<li>Partecipazione attiva durante il tempo d\u2019apprendimento a contatto (almeno l\u201980%)<\/li>\n\n\n\n<li>Verifica delle competenze acquisite valutata come \u201csuperata\u201d dalla\/dal docente del modulo<\/li>\n\n\n\n<li>Sviluppo o ulteriore sviluppo del portfolio di competenze<\/li>\n<\/ul>\n<\/div>\n<\/div>\n\n\n\n<p><\/p>\n\n\n\n<h2 class=\"wp-block-heading\">Descrittivo di modulo&nbsp;<\/h2>\n\n\n\n<div class=\"wp-block-columns is-layout-flex wp-container-core-columns-is-layout-28f84493 wp-block-columns-is-layout-flex\">\n<div class=\"wp-block-column is-layout-flow wp-block-column-is-layout-flow\">\n<div class=\"wp-block-file\"><a id=\"wp-block-file--media-8e4ab803-50e7-4320-80c0-e6f2890fb216\" href=\"https:\/\/alice.ch\/app\/uploads\/2023\/06\/APF-MCS_IT.pdf\">Modulo di consolidamento \u201cDare forma e consentire il trasferimento dell\u2019apprendimento\u201d (FFA APF-MCS)<br \/>PDF &#8211; 298 KB<\/a><a href=\"https:\/\/alice.ch\/app\/uploads\/2023\/06\/APF-MCS_IT.pdf\" class=\"wp-block-file__button wp-element-button\" download aria-describedby=\"wp-block-file--media-8e4ab803-50e7-4320-80c0-e6f2890fb216\">Herunterladen<br \/>PDF &#8211; 298 KB<\/a><\/div>\n<\/div>\n\n\n\n<div class=\"wp-block-column is-layout-flow wp-block-column-is-layout-flow\"><\/div>\n<\/div>\n\n\n\n<h2 class=\"wp-block-heading\">Corsi FFA riconosciuti<\/h2>\n\n\n\n<p>Nella banca dati dei corsi trovate le istituzioni che offrono i corsi per il modulo di consolidamento &#8220;Dare forma e consentire il trasferimento dell\u2019apprendimento&#8221; (FFA APF-MCS).<\/p>\n\n\n\n<div class=\"wp-block-buttons is-layout-flex wp-block-buttons-is-layout-flex\">\n<div class=\"wp-block-button has-custom-width wp-block-button__width-50 is-style-outline is-style-outline--1\"><a class=\"wp-block-button__link wp-element-button\" href=\"https:\/\/alice.ch\/it\/professionalizzazione\/il-sistema-modulare-ffa\/corsi-ffa\/?modul=25\">Modulo &#8220;Dare forma e consentire il trasferimento dell\u2019apprendimento&#8221; (FFA APF-MCS)<\/a><\/div>\n<\/div>\n\n\n\n<h2 class=\"wp-block-heading\">Contatto<\/h2>\n\n\n\n<div class=\"wp-block-columns is-layout-flex wp-container-core-columns-is-layout-28f84493 wp-block-columns-is-layout-flex\">\n<div class=\"wp-block-column is-layout-flow wp-block-column-is-layout-flow\" style=\"flex-basis:50%\"><div class=\"contact-persons\">\n\n\t\t\t\t\t<div class=\"contact-person\">\n\t\t\t\t\tFSEA Federazione svizzera per la formazione continua<br \/>\t\t\t\t\tSegretariato nazionale<br \/>\t\t\t\t\t<br \/>\n\t\t\t\t\tHardstrasse 235<br \/>\r\n8005 Zurigo<br \/>\t\t\t\t\t<a href=\"tel:+41 (0)44 319 71 71\">+41 (0)44 319 71 71<\/a><br \/>\t\t\t\t\t<a href=\"mailto:info@alice.ch\">info@alice.ch<\/a><br \/>\t\t\t\t\t<\/div>\n\t\t\t\t\t<\/div>\n<\/div>\n\n\n\n<div class=\"wp-block-column is-layout-flow wp-block-column-is-layout-flow\" style=\"flex-basis:50%\"><\/div>\n<\/div>\n\n\n\n<p><\/p>\n<\/div>\n","protected":false},"excerpt":{"rendered":"<p>Dare forma e consentire il trasferimento dell&#8217;apprendimento&nbsp; Il modulo di consolidamento &#8220;Dare forma e consentire il trasferimento dell\u2019apprendimento&#8221; (FFA APF-MCS) [&hellip;]<\/p>\n","protected":false},"author":5,"featured_media":20799,"parent":17661,"menu_order":416,"comment_status":"closed","ping_status":"closed","template":"","meta":{"_acf_changed":false,"inline_featured_image":false,"footnotes":""},"class_list":["post-70882","page","type-page","status-publish","has-post-thumbnail","hentry"],"acf":[],"yoast_head":"<!-- This site is optimized with the Yoast SEO plugin v27.3 - https:\/\/yoast.com\/product\/yoast-seo-wordpress\/ -->\n<title>Modulo di consolidamento - FSEA<\/title>\n<meta name=\"description\" content=\"Modulo di consolidamento (FFA APF-MCS) si impara a dare forma e consentire il trasferimento dell&#039;apprendimento\" \/>\n<meta name=\"robots\" content=\"index, follow, max-snippet:-1, max-image-preview:large, max-video-preview:-1\" \/>\n<link rel=\"canonical\" href=\"https:\/\/alice.ch\/it\/professionalizzazione\/attestato-professionale-federale-di-formatrice-formatore\/modulo-di-consolidamento\/\" \/>\n<meta property=\"og:locale\" content=\"it_IT\" \/>\n<meta property=\"og:type\" content=\"article\" \/>\n<meta property=\"og:title\" content=\"Modulo di consolidamento - FSEA\" \/>\n<meta property=\"og:description\" content=\"Modulo di consolidamento (FFA APF-MCS) si impara a dare forma e consentire il trasferimento dell&#039;apprendimento\" \/>\n<meta property=\"og:url\" content=\"https:\/\/alice.ch\/it\/professionalizzazione\/attestato-professionale-federale-di-formatrice-formatore\/modulo-di-consolidamento\/\" \/>\n<meta property=\"og:site_name\" content=\"SVEB\" \/>\n<meta property=\"article:modified_time\" content=\"2025-11-15T15:18:00+00:00\" \/>\n<meta name=\"twitter:card\" content=\"summary_large_image\" \/>\n<meta name=\"twitter:label1\" content=\"Tempo di lettura stimato\" \/>\n\t<meta name=\"twitter:data1\" content=\"2 minuti\" \/>\n<script type=\"application\/ld+json\" class=\"yoast-schema-graph\">{\"@context\":\"https:\\\/\\\/schema.org\",\"@graph\":[{\"@type\":\"WebPage\",\"@id\":\"https:\\\/\\\/alice.ch\\\/it\\\/professionalizzazione\\\/attestato-professionale-federale-di-formatrice-formatore\\\/modulo-di-consolidamento\\\/\",\"url\":\"https:\\\/\\\/alice.ch\\\/it\\\/professionalizzazione\\\/attestato-professionale-federale-di-formatrice-formatore\\\/modulo-di-consolidamento\\\/\",\"name\":\"Modulo di consolidamento - FSEA\",\"isPartOf\":{\"@id\":\"https:\\\/\\\/alice.ch\\\/it\\\/#website\"},\"primaryImageOfPage\":{\"@id\":\"https:\\\/\\\/alice.ch\\\/it\\\/professionalizzazione\\\/attestato-professionale-federale-di-formatrice-formatore\\\/modulo-di-consolidamento\\\/#primaryimage\"},\"image\":{\"@id\":\"https:\\\/\\\/alice.ch\\\/it\\\/professionalizzazione\\\/attestato-professionale-federale-di-formatrice-formatore\\\/modulo-di-consolidamento\\\/#primaryimage\"},\"thumbnailUrl\":\"https:\\\/\\\/alice.ch\\\/app\\\/uploads\\\/2022\\\/11\\\/default.jpg\",\"datePublished\":\"2025-10-17T12:45:55+00:00\",\"dateModified\":\"2025-11-15T15:18:00+00:00\",\"description\":\"Modulo di consolidamento (FFA APF-MCS) si impara a dare forma e consentire il trasferimento dell'apprendimento\",\"breadcrumb\":{\"@id\":\"https:\\\/\\\/alice.ch\\\/it\\\/professionalizzazione\\\/attestato-professionale-federale-di-formatrice-formatore\\\/modulo-di-consolidamento\\\/#breadcrumb\"},\"inLanguage\":\"it-IT\",\"potentialAction\":[{\"@type\":\"ReadAction\",\"target\":[\"https:\\\/\\\/alice.ch\\\/it\\\/professionalizzazione\\\/attestato-professionale-federale-di-formatrice-formatore\\\/modulo-di-consolidamento\\\/\"]}]},{\"@type\":\"ImageObject\",\"inLanguage\":\"it-IT\",\"@id\":\"https:\\\/\\\/alice.ch\\\/it\\\/professionalizzazione\\\/attestato-professionale-federale-di-formatrice-formatore\\\/modulo-di-consolidamento\\\/#primaryimage\",\"url\":\"https:\\\/\\\/alice.ch\\\/app\\\/uploads\\\/2022\\\/11\\\/default.jpg\",\"contentUrl\":\"https:\\\/\\\/alice.ch\\\/app\\\/uploads\\\/2022\\\/11\\\/default.jpg\",\"width\":1600,\"height\":900},{\"@type\":\"BreadcrumbList\",\"@id\":\"https:\\\/\\\/alice.ch\\\/it\\\/professionalizzazione\\\/attestato-professionale-federale-di-formatrice-formatore\\\/modulo-di-consolidamento\\\/#breadcrumb\",\"itemListElement\":[{\"@type\":\"ListItem\",\"position\":1,\"name\":\"Pagina iniziale\",\"item\":\"https:\\\/\\\/alice.ch\\\/it\\\/\"},{\"@type\":\"ListItem\",\"position\":2,\"name\":\"Professionalizzazione\",\"item\":\"https:\\\/\\\/alice.ch\\\/it\\\/professionalizzazione\\\/\"},{\"@type\":\"ListItem\",\"position\":3,\"name\":\"Attestato professionale federale di formatrice\\\/formatore\",\"item\":\"https:\\\/\\\/alice.ch\\\/it\\\/professionalizzazione\\\/attestato-professionale-federale-di-formatrice-formatore\\\/\"},{\"@type\":\"ListItem\",\"position\":4,\"name\":\"Modulo di consolidamento\"}]},{\"@type\":\"WebSite\",\"@id\":\"https:\\\/\\\/alice.ch\\\/it\\\/#website\",\"url\":\"https:\\\/\\\/alice.ch\\\/it\\\/\",\"name\":\"alice.ch (Adult Learning Information Center) ist das Portal der Weiterbildung in der Schweiz.\",\"description\":\"Schweizerischer Verband f\u00fcr Weiterbildung\",\"publisher\":{\"@id\":\"https:\\\/\\\/alice.ch\\\/it\\\/#organization\"},\"potentialAction\":[{\"@type\":\"SearchAction\",\"target\":{\"@type\":\"EntryPoint\",\"urlTemplate\":\"https:\\\/\\\/alice.ch\\\/it\\\/?s={search_term_string}\"},\"query-input\":{\"@type\":\"PropertyValueSpecification\",\"valueRequired\":true,\"valueName\":\"search_term_string\"}}],\"inLanguage\":\"it-IT\"},{\"@type\":\"Organization\",\"@id\":\"https:\\\/\\\/alice.ch\\\/it\\\/#organization\",\"name\":\"FSEA Federazione svizzera per la formazione continua\",\"url\":\"https:\\\/\\\/alice.ch\\\/it\\\/\",\"logo\":{\"@type\":\"ImageObject\",\"inLanguage\":\"it-IT\",\"@id\":\"https:\\\/\\\/alice.ch\\\/it\\\/#\\\/schema\\\/logo\\\/image\\\/\",\"url\":\"https:\\\/\\\/alice.ch\\\/app\\\/uploads\\\/2022\\\/07\\\/logo-sveb.png\",\"contentUrl\":\"https:\\\/\\\/alice.ch\\\/app\\\/uploads\\\/2022\\\/07\\\/logo-sveb.png\",\"width\":145,\"height\":64,\"caption\":\"FSEA Federazione svizzera per la formazione continua\"},\"image\":{\"@id\":\"https:\\\/\\\/alice.ch\\\/it\\\/#\\\/schema\\\/logo\\\/image\\\/\"},\"sameAs\":[\"https:\\\/\\\/www.linkedin.com\\\/company\\\/schweizerischer-verband-fr-weiterbildung-sveb\\\/\"]}]}<\/script>\n<!-- \/ Yoast SEO plugin. -->","yoast_head_json":{"title":"Modulo di consolidamento - FSEA","description":"Modulo di consolidamento (FFA APF-MCS) si impara a dare forma e consentire il trasferimento dell'apprendimento","robots":{"index":"index","follow":"follow","max-snippet":"max-snippet:-1","max-image-preview":"max-image-preview:large","max-video-preview":"max-video-preview:-1"},"canonical":"https:\/\/alice.ch\/it\/professionalizzazione\/attestato-professionale-federale-di-formatrice-formatore\/modulo-di-consolidamento\/","og_locale":"it_IT","og_type":"article","og_title":"Modulo di consolidamento - FSEA","og_description":"Modulo di consolidamento (FFA APF-MCS) si impara a dare forma e consentire il trasferimento dell'apprendimento","og_url":"https:\/\/alice.ch\/it\/professionalizzazione\/attestato-professionale-federale-di-formatrice-formatore\/modulo-di-consolidamento\/","og_site_name":"SVEB","article_modified_time":"2025-11-15T15:18:00+00:00","twitter_card":"summary_large_image","twitter_misc":{"Tempo di lettura stimato":"2 minuti"},"schema":{"@context":"https:\/\/schema.org","@graph":[{"@type":"WebPage","@id":"https:\/\/alice.ch\/it\/professionalizzazione\/attestato-professionale-federale-di-formatrice-formatore\/modulo-di-consolidamento\/","url":"https:\/\/alice.ch\/it\/professionalizzazione\/attestato-professionale-federale-di-formatrice-formatore\/modulo-di-consolidamento\/","name":"Modulo di consolidamento - FSEA","isPartOf":{"@id":"https:\/\/alice.ch\/it\/#website"},"primaryImageOfPage":{"@id":"https:\/\/alice.ch\/it\/professionalizzazione\/attestato-professionale-federale-di-formatrice-formatore\/modulo-di-consolidamento\/#primaryimage"},"image":{"@id":"https:\/\/alice.ch\/it\/professionalizzazione\/attestato-professionale-federale-di-formatrice-formatore\/modulo-di-consolidamento\/#primaryimage"},"thumbnailUrl":"https:\/\/alice.ch\/app\/uploads\/2022\/11\/default.jpg","datePublished":"2025-10-17T12:45:55+00:00","dateModified":"2025-11-15T15:18:00+00:00","description":"Modulo di consolidamento (FFA APF-MCS) si impara a dare forma e consentire il trasferimento dell'apprendimento","breadcrumb":{"@id":"https:\/\/alice.ch\/it\/professionalizzazione\/attestato-professionale-federale-di-formatrice-formatore\/modulo-di-consolidamento\/#breadcrumb"},"inLanguage":"it-IT","potentialAction":[{"@type":"ReadAction","target":["https:\/\/alice.ch\/it\/professionalizzazione\/attestato-professionale-federale-di-formatrice-formatore\/modulo-di-consolidamento\/"]}]},{"@type":"ImageObject","inLanguage":"it-IT","@id":"https:\/\/alice.ch\/it\/professionalizzazione\/attestato-professionale-federale-di-formatrice-formatore\/modulo-di-consolidamento\/#primaryimage","url":"https:\/\/alice.ch\/app\/uploads\/2022\/11\/default.jpg","contentUrl":"https:\/\/alice.ch\/app\/uploads\/2022\/11\/default.jpg","width":1600,"height":900},{"@type":"BreadcrumbList","@id":"https:\/\/alice.ch\/it\/professionalizzazione\/attestato-professionale-federale-di-formatrice-formatore\/modulo-di-consolidamento\/#breadcrumb","itemListElement":[{"@type":"ListItem","position":1,"name":"Pagina iniziale","item":"https:\/\/alice.ch\/it\/"},{"@type":"ListItem","position":2,"name":"Professionalizzazione","item":"https:\/\/alice.ch\/it\/professionalizzazione\/"},{"@type":"ListItem","position":3,"name":"Attestato professionale federale di formatrice\/formatore","item":"https:\/\/alice.ch\/it\/professionalizzazione\/attestato-professionale-federale-di-formatrice-formatore\/"},{"@type":"ListItem","position":4,"name":"Modulo di consolidamento"}]},{"@type":"WebSite","@id":"https:\/\/alice.ch\/it\/#website","url":"https:\/\/alice.ch\/it\/","name":"alice.ch (Adult Learning Information Center) ist das Portal der Weiterbildung in der Schweiz.","description":"Schweizerischer Verband f\u00fcr Weiterbildung","publisher":{"@id":"https:\/\/alice.ch\/it\/#organization"},"potentialAction":[{"@type":"SearchAction","target":{"@type":"EntryPoint","urlTemplate":"https:\/\/alice.ch\/it\/?s={search_term_string}"},"query-input":{"@type":"PropertyValueSpecification","valueRequired":true,"valueName":"search_term_string"}}],"inLanguage":"it-IT"},{"@type":"Organization","@id":"https:\/\/alice.ch\/it\/#organization","name":"FSEA Federazione svizzera per la formazione continua","url":"https:\/\/alice.ch\/it\/","logo":{"@type":"ImageObject","inLanguage":"it-IT","@id":"https:\/\/alice.ch\/it\/#\/schema\/logo\/image\/","url":"https:\/\/alice.ch\/app\/uploads\/2022\/07\/logo-sveb.png","contentUrl":"https:\/\/alice.ch\/app\/uploads\/2022\/07\/logo-sveb.png","width":145,"height":64,"caption":"FSEA Federazione svizzera per la formazione continua"},"image":{"@id":"https:\/\/alice.ch\/it\/#\/schema\/logo\/image\/"},"sameAs":["https:\/\/www.linkedin.com\/company\/schweizerischer-verband-fr-weiterbildung-sveb\/"]}]}},"_links":{"self":[{"href":"https:\/\/alice.ch\/it\/wp-json\/wp\/v2\/pages\/70882","targetHints":{"allow":["GET"]}}],"collection":[{"href":"https:\/\/alice.ch\/it\/wp-json\/wp\/v2\/pages"}],"about":[{"href":"https:\/\/alice.ch\/it\/wp-json\/wp\/v2\/types\/page"}],"author":[{"embeddable":true,"href":"https:\/\/alice.ch\/it\/wp-json\/wp\/v2\/users\/5"}],"replies":[{"embeddable":true,"href":"https:\/\/alice.ch\/it\/wp-json\/wp\/v2\/comments?post=70882"}],"version-history":[{"count":4,"href":"https:\/\/alice.ch\/it\/wp-json\/wp\/v2\/pages\/70882\/revisions"}],"predecessor-version":[{"id":72016,"href":"https:\/\/alice.ch\/it\/wp-json\/wp\/v2\/pages\/70882\/revisions\/72016"}],"up":[{"embeddable":true,"href":"https:\/\/alice.ch\/it\/wp-json\/wp\/v2\/pages\/17661"}],"wp:featuredmedia":[{"embeddable":true,"href":"https:\/\/alice.ch\/it\/wp-json\/wp\/v2\/media\/20799"}],"wp:attachment":[{"href":"https:\/\/alice.ch\/it\/wp-json\/wp\/v2\/media?parent=70882"}],"curies":[{"name":"wp","href":"https:\/\/api.w.org\/{rel}","templated":true}]}}